{"id":23957,"date":"2021-03-16T14:06:05","date_gmt":"2021-03-16T14:06:05","guid":{"rendered":"https:\/\/www.camioliba.cat\/oliba-houses\/"},"modified":"2025-10-09T17:45:28","modified_gmt":"2025-10-09T17:45:28","slug":"les-maisons-oliba","status":"publish","type":"page","link":"https:\/\/www.camioliba.cat\/fr\/les-maisons-oliba\/","title":{"rendered":"Maisons d&rsquo;Oliba"},"content":{"rendered":"<div class=\"wpb-content-wrapper\"><p>[vc_row][vc_column][vc_empty_space][vc_tta_accordion style=\u00a0\u00bbflat\u00a0\u00bb active_section=\u00a0\u00bb1&Prime;][vc_tta_section title=\u00a0\u00bbCases d&rsquo;Oliba\u00a0\u00bb tab_id=\u00a0\u00bb1490698921453-53d2b4bd-21a9&Prime;][vc_row_inner][vc_column_inner width=\u00a0\u00bb2\/3&Prime;][vc_column_text css=\u00a0\u00bb\u00a0\u00bb]Les \u00ab\u00a0Cases d&rsquo;Oliba\u00a0\u00bb sont un projet qui rassemble les principaux sites du patrimoine religieux du dioc\u00e8se de Vic, tous impr\u00e9gn\u00e9s d&rsquo;histoire mill\u00e9naire et marqu\u00e9s par l&#8217;empreinte de l&rsquo;\u00e9v\u00eaque et abb\u00e9 Oliba (971-1046), figure historique fondamentale du pays.<\/p>\n<p>&nbsp;<\/p>\n<p>Promu par le dioc\u00e8se de Vic, le projet \u00ab\u00a0Cases d&rsquo;Oliba\u00a0\u00bb vise \u00e0 faciliter et \u00e0 agr\u00e9menter la visite d&rsquo;une s\u00e9rie d&rsquo;\u00e9glises m\u00e9di\u00e9vales des r\u00e9gions du Ripoll\u00e8s, d&rsquo;Osona, du Bages, du Moian\u00e8s et de l&rsquo;Anoia. Car au-del\u00e0 de leur fonction de lieux de culte, les \u00ab\u00a0Cases d&rsquo;Oliba\u00a0\u00bb sont d&rsquo;authentiques tr\u00e9sors patrimoniaux\u00a0: elles conservent les plus beaux exemples de l&rsquo;art de chaque \u00e9poque, t\u00e9moignent de l&rsquo;exp\u00e9rience spirituelle des peuples et des communaut\u00e9s \u00e0 travers les si\u00e8cles, et constituent d&rsquo;agr\u00e9ables lieux de repos et de silence.<\/p>\n<p>&nbsp;<\/p>\n<p>Bien que Cases d\u2019Oliba puisse inclure n\u2019importe quelle \u00e9glise de notre territoire, les \u00e9glises essentielles du projet sont Sant Joan de les Abadesses, Santa Maria de Ripoll, la cath\u00e9drale Sant Pere de Vic, le Mus\u00e9e \u00e9piscopal de Vic, Santa Maria de l\u2019Estany et la cath\u00e9drale de Manresa. Sant Pere de Casserres, un site appartenant au Conseil r\u00e9gional d\u2019Osona, en fait \u00e9galement partie. Tous ont \u00e9t\u00e9 d\u00e9clar\u00e9s Biens culturels d\u2019int\u00e9r\u00eat national (BCIN).<\/p>\n<p>&nbsp;<\/p>\n<p>L\u2019initiative propose diff\u00e9rents types de billets combin\u00e9s pour visiter ces grands monuments \u00e0 des prix tr\u00e8s avantageux (vente en ligne. Lien ici\u00a0: https:\/\/www.casesdoliba.cat). Elle programme \u00e9galement des activit\u00e9s culturelles et touristiques et diffuse ses actions sur les r\u00e9seaux sociaux afin de favoriser la connaissance et la diffusion de ce patrimoine et de ses activit\u00e9s.<\/p>\n<p>&nbsp;<\/p>\n<p>Le projet est men\u00e9 via le portail web <a href=\"http:\/\/www.casesdoliba.cat\/\">www.casesdoliba.cat<\/a>.[\/vc_column_text][\/vc_column_inner][vc_column_inner width=\u00a0\u00bb1\/3&Prime;][vc_single_image image=\u00a0\u00bb20243&Prime; img_size=\u00a0\u00bb800 \u00d7 421&Prime;][vc_empty_space height=\u00a0\u00bb8px\u00a0\u00bb][vc_single_image image=\u00a0\u00bb20247&Prime; img_size=\u00a0\u00bb800 \u00d7 527&Prime;][vc_empty_space height=\u00a0\u00bb8px\u00a0\u00bb][vc_single_image image=\u00a0\u00bb20251&Prime; img_size=\u00a0\u00bb800 \u00d7 527&Prime;][\/vc_column_inner][\/vc_row_inner][\/vc_tta_section][vc_tta_section title=\u00a0\u00bbLes Cases d&rsquo;Oliba de la Muntanya\u00a0\u00bb tab_id=\u00a0\u00bb1490699243227-023256ea-39ab\u00a0\u00bb][vc_row_inner][vc_column_inner width=\u00a0\u00bb2\/3&Prime;][vc_column_text css=\u00a0\u00bb\u00a0\u00bb]Le billet comprend l&rsquo;acc\u00e8s au monast\u00e8re de Sant Joan de les Abadesses, au monast\u00e8re de Santa Maria de Ripoll, au Mus\u00e9e \u00e9piscopal de Vic, \u00e0 la cath\u00e9drale de Sant Pere de Vic et au monast\u00e8re de Sant Pere de Casserres.<\/p>\n<p>La visite est gratuite et le billet est valable un mois \u00e0 compter de son achat.<\/p>\n<p><a href=\"https:\/\/www.casesdoliba.cat\/les-cases-de-la-muntanya\/\">+ d&rsquo;infos ici<\/a>[\/vc_column_text][\/vc_column_inner][vc_column_inner width=\u00a0\u00bb1\/3&Prime;][vc_single_image image=\u00a0\u00bb20239&Prime; img_size=\u00a0\u00bb800 \u00d7 1058&Prime;][\/vc_column_inner][\/vc_row_inner][\/vc_tta_section][vc_tta_section title=\u00a0\u00bbLes Cases d&rsquo;Oliba de la Plana\u00a0\u00bb tab_id=\u00a0\u00bb1490699274907-454ca3e4-4510&Prime;][vc_row_inner][vc_column_inner width=\u00a0\u00bb2\/3&Prime;][vc_column_text css=\u00a0\u00bb\u00a0\u00bb]Le billet comprend l&rsquo;acc\u00e8s au Mus\u00e9e \u00e9piscopal de Vic, \u00e0 la cath\u00e9drale Sant Pere de Vic, au monast\u00e8re Sant Pere de Casserres, au monast\u00e8re Santa Maria de l\u2019Estany et \u00e0 la basilique de la cath\u00e9drale de Manresa.<\/p>\n<p>La visite est gratuite et le billet est valable un mois \u00e0 compter de son achat.<\/p>\n<p><a href=\"https:\/\/www.casesdoliba.cat\/les-cases-de-la-plana\/\">+ d&rsquo;infos ici<\/a>[\/vc_column_text][\/vc_column_inner][vc_column_inner width=\u00a0\u00bb1\/3&Prime;][vc_single_image image=\u00a0\u00bb20235&Prime; img_size=\u00a0\u00bb800 \u00d7 534&Prime;][\/vc_column_inner][\/vc_row_inner][\/vc_tta_section][\/vc_tta_accordion][\/vc_column][\/vc_row]<\/p>\n<\/div>","protected":false},"excerpt":{"rendered":"<p>[vc_row][vc_column][vc_empty_space][vc_tta_accordion style=\u00a0\u00bbflat\u00a0\u00bb active_section=\u00a0\u00bb1&Prime;][vc_tta_section title=\u00a0\u00bbCases d&rsquo;Oliba\u00a0\u00bb tab_id=\u00a0\u00bb1490698921453-53d2b4bd-21a9&Prime;][vc_row_inner][vc_column_inner width=\u00a0\u00bb2\/3&Prime;][vc_column_text css=\u00a0\u00bb\u00a0\u00bb]Les \u00ab\u00a0Cases d&rsquo;Oliba\u00a0\u00bb sont un projet qui rassemble les principaux sites du patrimoine religieux du dioc\u00e8se de Vic, tous impr\u00e9gn\u00e9s d&rsquo;histoire mill\u00e9naire et marqu\u00e9s par l&#8217;empreinte de l&rsquo;\u00e9v\u00eaque et abb\u00e9 Oliba (971-1046), figure historique fondamentale du pays. &nbsp; Promu par le dioc\u00e8se de Vic, le projet \u00ab\u00a0Cases d&rsquo;Oliba\u00a0\u00bb&hellip;<\/p>\n","protected":false},"author":2,"featured_media":0,"parent":0,"menu_order":0,"comment_status":"closed","ping_status":"closed","template":"template-full-width.php","meta":{"_acf_changed":false,"footnotes":""},"class_list":["post-23957","page","type-page","status-publish","hentry"],"acf":[],"_links":{"self":[{"href":"https:\/\/www.camioliba.cat\/fr\/wp-json\/wp\/v2\/pages\/23957","targetHints":{"allow":["GET"]}}],"collection":[{"href":"https:\/\/www.camioliba.cat\/fr\/wp-json\/wp\/v2\/pages"}],"about":[{"href":"https:\/\/www.camioliba.cat\/fr\/wp-json\/wp\/v2\/types\/page"}],"author":[{"embeddable":true,"href":"https:\/\/www.camioliba.cat\/fr\/wp-json\/wp\/v2\/users\/2"}],"replies":[{"embeddable":true,"href":"https:\/\/www.camioliba.cat\/fr\/wp-json\/wp\/v2\/comments?post=23957"}],"version-history":[{"count":5,"href":"https:\/\/www.camioliba.cat\/fr\/wp-json\/wp\/v2\/pages\/23957\/revisions"}],"predecessor-version":[{"id":23962,"href":"https:\/\/www.camioliba.cat\/fr\/wp-json\/wp\/v2\/pages\/23957\/revisions\/23962"}],"wp:attachment":[{"href":"https:\/\/www.camioliba.cat\/fr\/wp-json\/wp\/v2\/media?parent=23957"}],"curies":[{"name":"wp","href":"https:\/\/api.w.org\/{rel}","templated":true}]}}