{"id":21095,"date":"2023-01-13T09:56:40","date_gmt":"2023-01-13T09:56:40","guid":{"rendered":"https:\/\/www.camioliba.cat\/trasllats\/"},"modified":"2023-05-18T21:46:21","modified_gmt":"2023-05-18T21:46:21","slug":"trasllats","status":"publish","type":"page","link":"https:\/\/www.camioliba.cat\/fr\/trasllats\/","title":{"rendered":"Transferts"},"content":{"rendered":"<div class=\"wpb-content-wrapper\"><p>[vc_row][vc_column][vc_empty_space][\/vc_column][\/vc_row][vc_row][vc_column width=\u00a0\u00bb1\/4&Prime;][vc_single_image image=\u00a0\u00bb15426&Prime; img_size=\u00a0\u00bb800 per 534 p\u00edxels\u00a0\u00bb][vc_empty_space][\/vc_column][vc_column width=\u00a0\u00bb3\/4&Prime;][vc_column_text]<\/p>\n<h4>ANIGAMI EXPERI\u00c8NCIES<\/h4>\n<p>Transfert de passagers, bagages et\/ou VTT avec des v\u00e9hicules 4\u00d74 8 places.<br \/>\nR\u00e9servations : Anigami Office : de 10h \u00e0 18h en semaine &#8211; 937447295 \u2013 info@anigami.cat<br \/>\nUrgences sans r\u00e9servation : 629770408 (disponibilit\u00e9 variable)<br \/>\nContact: Tel. +34937447295 |\u00a0 <a href=\"mailto:info@anigami.cat\">info@anigami.cat<\/a> | <a href=\"http:\/\/www.anigami.cat\">www.anigami.cat<\/a>[\/vc_column_text][vc_empty_space][\/vc_column][\/vc_row][vc_row][vc_column width=\u00a0\u00bb1\/4&Prime;][vc_single_image image=\u00a0\u00bb15431&Prime; img_size=\u00a0\u00bb800 per 534 p\u00edxels\u00a0\u00bb][vc_empty_space][\/vc_column][vc_column width=\u00a0\u00bb3\/4&Prime;][vc_column_text]<\/p>\n<h4>TRACKS TOUR<\/h4>\n<p>En tant qu&rsquo;agence de voyage, nous proposons, entre autres, un service de transfert des bagages entre les h\u00e9bergements et\/ou la prise en charge et le retour du point d&rsquo;arriv\u00e9e au point de d\u00e9part du parcours. \u00c9galement service de collecte en cas d&rsquo;abandon.<\/p>\n<p>Contact: Tel.\u00a0 +34657518191 |\u00a0 <a href=\"mailto:info@trackstour.com\">info@trackstour.com |\u00a0<\/a> \u00a0<a href=\"http:\/\/www.trackstour.com\">www.trackstour.com<\/a>[\/vc_column_text][vc_empty_space][\/vc_column][\/vc_row][vc_row][vc_column width=\u00a0\u00bb1\/4&Prime;][vc_single_image image=\u00a0\u00bb15468&Prime; img_size=\u00a0\u00bb800 per 534 p\u00edxels\u00a0\u00bb][vc_empty_space][\/vc_column][vc_column width=\u00a0\u00bb3\/4&Prime;][vc_column_text]<\/p>\n<h4>RUTES S\u00cdLVIA ROVIRA<br \/>\nNous organisons tout pour vous : l&rsquo;h\u00e9bergement, le transport des sacs, le transfert au d\u00e9part ou \u00e0 la fin du parcours, le transport des v\u00e9los, si vous le faites \u00e0 v\u00e9lo. Nous avons aussi des v\u00e9los \u00e0 louer, VTT ou \u00e9lectriques, nous vous proposons une assurance.<\/h4>\n<p>Vous aurez notre soutien, vous ne serez pas seul.<\/p>\n<p>Contact: Tel. +34 636 257 282 | <a href=\"mailto:silviarovira@rutes.es\">silviarovira@rutes.es<\/a> | <a href=\"http:\/\/www.rutessilviarovira.com\">www.rutessilviarovira.com<\/a>[\/vc_column_text][vc_empty_space][\/vc_column][\/vc_row][vc_row][vc_column width=\u00a0\u00bb1\/4&Prime;][vc_single_image image=\u00a0\u00bb15650&Prime; img_size=\u00a0\u00bb800 per 534 p\u00edxels\u00a0\u00bb][vc_empty_space][\/vc_column][vc_column width=\u00a0\u00bb3\/4&Prime;][vc_column_text]<\/p>\n<h4>INSPIRABIKE<br \/>\nLocation de v\u00e9los \u00e9lectriques<\/h4>\n<p>Location de v\u00e9los \u00e9lectriques avec livraison et collecte l\u00e0 o\u00f9 le client le souhaite. Vous pouvez parcourir l&rsquo;int\u00e9gralit\u00e9 du parcours par \u00e9tapes ou choisir la section qui correspond le mieux \u00e0 vos besoins. Vous aurez la possibilit\u00e9 de voyager avec des sacoches ou de faire porter vos bagages.<\/p>\n<p>Contact: \u00a0Tel. +34 616850349 | <a href=\"mailto:info@inspirabike.es\">info@inspirabike.es<\/a>\u00a0|\u00a0<a href=\"http:\/\/www.inspirabike.es\/\">www.inspirabike.es<\/a>[\/vc_column_text][vc_empty_space][\/vc_column][\/vc_row][vc_row][vc_column][vc_empty_space][\/vc_column][\/vc_row]<\/p>\n<\/div>","protected":false},"excerpt":{"rendered":"<p>[vc_row][vc_column][vc_empty_space][\/vc_column][\/vc_row][vc_row][vc_column width=\u00a0\u00bb1\/4&Prime;][vc_single_image image=\u00a0\u00bb15426&Prime; img_size=\u00a0\u00bb800 per 534 p\u00edxels\u00a0\u00bb][vc_empty_space][\/vc_column][vc_column width=\u00a0\u00bb3\/4&Prime;][vc_column_text] ANIGAMI EXPERI\u00c8NCIES Transfert de passagers, bagages et\/ou VTT avec des v\u00e9hicules 4\u00d74 8 places. R\u00e9servations : Anigami Office : de 10h \u00e0 18h en semaine &#8211; 937447295 \u2013 info@anigami.cat Urgences sans r\u00e9servation : 629770408 (disponibilit\u00e9 variable) Contact: Tel. +34937447295 |\u00a0 info@anigami.cat | www.anigami.cat[\/vc_column_text][vc_empty_space][\/vc_column][\/vc_row][vc_row][vc_column width=\u00a0\u00bb1\/4&Prime;][vc_single_image image=\u00a0\u00bb15431&Prime; img_size=\u00a0\u00bb800 per&hellip;<\/p>\n","protected":false},"author":2,"featured_media":0,"parent":0,"menu_order":0,"comment_status":"closed","ping_status":"closed","template":"template-full-width.php","meta":{"_acf_changed":false,"footnotes":""},"class_list":["post-21095","page","type-page","status-publish","hentry"],"acf":[],"_links":{"self":[{"href":"https:\/\/www.camioliba.cat\/fr\/wp-json\/wp\/v2\/pages\/21095","targetHints":{"allow":["GET"]}}],"collection":[{"href":"https:\/\/www.camioliba.cat\/fr\/wp-json\/wp\/v2\/pages"}],"about":[{"href":"https:\/\/www.camioliba.cat\/fr\/wp-json\/wp\/v2\/types\/page"}],"author":[{"embeddable":true,"href":"https:\/\/www.camioliba.cat\/fr\/wp-json\/wp\/v2\/users\/2"}],"replies":[{"embeddable":true,"href":"https:\/\/www.camioliba.cat\/fr\/wp-json\/wp\/v2\/comments?post=21095"}],"version-history":[{"count":7,"href":"https:\/\/www.camioliba.cat\/fr\/wp-json\/wp\/v2\/pages\/21095\/revisions"}],"predecessor-version":[{"id":21477,"href":"https:\/\/www.camioliba.cat\/fr\/wp-json\/wp\/v2\/pages\/21095\/revisions\/21477"}],"wp:attachment":[{"href":"https:\/\/www.camioliba.cat\/fr\/wp-json\/wp\/v2\/media?parent=21095"}],"curies":[{"name":"wp","href":"https:\/\/api.w.org\/{rel}","templated":true}]}}