{"id":15592,"date":"2019-12-13T17:43:21","date_gmt":"2019-12-13T17:43:21","guid":{"rendered":"http:\/\/www.camioliba.cat\/guiatge\/"},"modified":"2025-05-01T13:49:49","modified_gmt":"2025-05-01T13:49:49","slug":"tours-guides","status":"publish","type":"page","link":"https:\/\/www.camioliba.cat\/fr\/tours-guides\/","title":{"rendered":"Tours guid\u00e9s"},"content":{"rendered":"<div class=\"wpb-content-wrapper\"><p>[vc_row][vc_column][vc_empty_space][\/vc_column][\/vc_row][vc_row][vc_column width=\u00a0\u00bb1\/4&Prime;][vc_single_image image=\u00a0\u00bb23497&Prime; img_size=\u00a0\u00bb800 per 534 p\u00edxels\u00a0\u00bb css=\u00a0\u00bb\u00a0\u00bb][vc_empty_space][\/vc_column][vc_column width=\u00a0\u00bb3\/4&Prime;][vc_column_text css=\u00a0\u00bb\u00a0\u00bb]<\/p>\n<h4><em>MUNTANYES DE LLUM<\/em><\/h4>\n<p class=\"\" data-start=\"54\" data-end=\"415\">Guide de montagne \u2013 nous organisons des randonn\u00e9es p\u00e9destres et sommes sp\u00e9cialis\u00e9es dans l\u2019\u00e9limination des obstacles. Nous disposons d\u2019outils et de formations pour rendre accessibles les itin\u00e9raires du Cam\u00ed Oliba.<br data-start=\"279\" data-end=\"282\" \/>Entreprise certifi\u00e9e Biosphere<br data-start=\"316\" data-end=\"319\" \/><strong data-start=\"319\" data-end=\"339\">Marta Presseguer | <\/strong>650 529 091 | <a href=\"info@muntanyesdellum.com\" rel=\"noopener\" data-start=\"362\" data-end=\"386\">info@muntanyesdellum.com |\u00a0<\/a><a class=\"\" href=\"http:\/\/www.muntanyesdellum.com\" target=\"_new\" rel=\"noopener\" data-start=\"392\" data-end=\"415\">www.muntanyesdellum.com<\/a><\/p>\n<p>\u00a0[\/vc_column_text][vc_empty_space][\/vc_column][\/vc_row][vc_row][vc_column width=\u00a0\u00bb1\/4&Prime;][vc_single_image image=\u00a0\u00bb15401&Prime; img_size=\u00a0\u00bb800 per 534 p\u00edxels\u00a0\u00bb][vc_empty_space][\/vc_column][vc_column width=\u00a0\u00bb3\/4&Prime;][vc_column_text]<\/p>\n<h4><em>ASSOCIACI\u00d3 CENTRE D&rsquo;EDUCACI\u00d3 AMBIENTAL ALT TER (CEA Alt Ter)<\/em><\/h4>\n<p>Tours guid\u00e9s \u00e0 pied au long de la r\u00e9gion norte du Chemin Oliba avec des explications sur l&rsquo;environnement naturel et les \u00e9l\u00e9ments culturels qui se trouvent au cours de l&rsquo;itin\u00e9raire.<br \/>\nContacte: Tel.+34 972721317 &#8211; +34 686113344 |\u00a0 <a href=\"mailto:info@alt-ter.org\">info@alt-ter.org\u00a0<\/a> | <a href=\"http:\/\/www.alt-ter.org\">www.alt-ter.org<\/a>[\/vc_column_text][vc_empty_space][\/vc_column][\/vc_row][vc_row][vc_column width=\u00a0\u00bb1\/4&Prime;][vc_single_image image=\u00a0\u00bb15549&Prime; img_size=\u00a0\u00bb800 per 534 p\u00edxels\u00a0\u00bb][vc_empty_space][\/vc_column][vc_column width=\u00a0\u00bb3\/4&Prime;][vc_column_text]<\/p>\n<h4><em>AQUATERRA CLUB<\/em><\/h4>\n<p>Routes guid\u00e9es \u00e0 pied pour la Vall\u00e9e de Sau et la r\u00e9gion d&rsquo;Osona \u00e0 travers des tron\u00e7ons du Chemin Oliba. Tron\u00e7on du chemin en Kayak dans le r\u00e9servoir de Sau. Transfer en barque afin de traverser le r\u00e9servoir et transport de bagages. On offre aussi la possibilit\u00e9 de faire quelques tron\u00e7ons du chemin en segway, parmi les r\u00e9gions d&rsquo;Osona et Moian\u00e8s.<br \/>\nAutres services compl\u00e9mentaires et diff\u00e9rentes activit\u00e9s du r\u00e9servoir d Sau.<\/p>\n<p>Contacte: Tel.+34 620762432 |\u00a0 <a href=\"mailto:info@aquaterraclub.es\">info@aquaterraclub.es<\/a> | <a href=\"http:\/\/www.aquaterraclub.es\">www.aquaterraclub.es<\/a>[\/vc_column_text][vc_empty_space][\/vc_column][\/vc_row][vc_row][vc_column width=\u00a0\u00bb1\/4&Prime;][vc_single_image image=\u00a0\u00bb15426&Prime; img_size=\u00a0\u00bb800 per 534 p\u00edxels\u00a0\u00bb][vc_empty_space][\/vc_column][vc_column width=\u00a0\u00bb3\/4&Prime;][vc_column_text]<\/p>\n<h4>ANIGAMI EXPERI\u00c8NCIES<\/h4>\n<p>Routes guid\u00e9es \u00e0 pied et en VTT, en catalan, espagnol, fran\u00e7ais et angl\u00e8s au long du Chemin Oliba, avec des guides exp\u00e9riment\u00e9s et assurance personnelle inclut . Aussi service de transport 4&#215;4 de passagers et bagages. On doit r\u00e9server \u00e0 l&rsquo;avance<\/p>\n<p>Contacte: Tel. +34 937447295 |\u00a0 <a href=\"mailto:info@anigami.cat\">info@anigami.cat<\/a> | <a href=\"http:\/\/www.anigami.cat\">www.anigami.cat<\/a>[\/vc_column_text][vc_empty_space][\/vc_column][\/vc_row][vc_row][vc_column width=\u00a0\u00bb1\/4&Prime;][vc_single_image image=\u00a0\u00bb15431&Prime; img_size=\u00a0\u00bb800 per 534 p\u00edxels\u00a0\u00bb][vc_empty_space][\/vc_column][vc_column width=\u00a0\u00bb3\/4&Prime;][vc_column_text]<\/p>\n<h4>TRACKS TOUR<\/h4>\n<p>Agence de voyage leader dans le secteur du cyclisme et du trekking, tout en offrant des packages adapt\u00e9s aux n\u00e9cessit\u00e9s de chaque personne.<br \/>\n&#8211; R\u00e9servations de logements<br \/>\n&#8211; Transfert de bagages parmi les logements<br \/>\n&#8211; Collecte et retour du point final au point d\u00e9but de la route<br \/>\n&#8211; Briefing de chaque tron\u00e7on<br \/>\n&#8211; Service de r\u00e9paration des v\u00e9los.<br \/>\n&#8211; Service de collecte en cas d&rsquo;abandonament<br \/>\n&#8211; V\u00e9los et e-bikes \u00e0 louer<br \/>\n&#8211; Guides professionnels<br \/>\n&#8211; GPS \u00e0 louer<br \/>\n&#8211; Assurances d&rsquo;accident et de sauvetage<\/p>\n<p>Contacte: Tel.\u00a0 +34 657518191 |\u00a0 <a href=\"mailto:info@trackstour.com\">info@trackstour.com |\u00a0<\/a> \u00a0<a href=\"http:\/\/www.trackstour.com\">www.trackstour.com<\/a>[\/vc_column_text][vc_empty_space][\/vc_column][\/vc_row][vc_row][vc_column width=\u00a0\u00bb1\/4&Prime;][vc_single_image image=\u00a0\u00bb15468&Prime; img_size=\u00a0\u00bb800 per 534 p\u00edxels\u00a0\u00bb][vc_empty_space][\/vc_column][vc_column width=\u00a0\u00bb3\/4&Prime;][vc_column_text]<\/p>\n<h4>RUTES S\u00cdLVIA ROVIRA<br \/>\nPar S\u00edlvia Rovira, Championne d&rsquo;Espagne et vice-championne d&rsquo;Europe de VTT<\/h4>\n<p>Pour ceux qui ne me connaissent pas, j&rsquo;ai \u00e9t\u00e9 sportiste professionnelle de VTT pendant beaucoup d&rsquo;ann\u00e9es. J&rsquo;ai entra\u00een\u00e9 pour des routes et, surtout, pour des chemins de montagne, alors je connais chaque coin. Maintenant comme guide de VTT et de montagne, on vous offre les mieux parcours d\u00e9sign\u00e9s par S\u00edlvia Rovira et aussi les routes les plus embl\u00e9matiques,\u00a0 comme celle du Chemin Oliba, \u00e0 pied o\u00f9 en VTT.<\/p>\n<p>On vous offre tous les services de r\u00e9servations de logement, transport de bagages, conseils du parcours, briefing de chaque tron\u00e7on&#8230;vous pouvez les faire seul\/e ou avec S\u00edlvia Rovira. Vous ne serez sol!<\/p>\n<p>Contacte: Tel. +34 636 257 282 | <a href=\"mailto:silviarovira@rutes.es\">silviarovira@rutes.es<\/a> | <a href=\"http:\/\/www.rutessilviarovira.com\">www.rutessilviarovira.com<\/a>[\/vc_column_text][vc_empty_space][\/vc_column][\/vc_row][vc_row][vc_column width=\u00a0\u00bb1\/4&Prime;][vc_single_image image=\u00a0\u00bb15463&Prime; img_size=\u00a0\u00bb800 per 534 p\u00edxels\u00a0\u00bb][vc_empty_space][\/vc_column][vc_column width=\u00a0\u00bb3\/4&Prime;][vc_column_text]<\/p>\n<h4>PHOTOTREKKING<\/h4>\n<p>On vous offre faire une route dans laquelle, avec la cam\u00e9ra, on va d\u00e9couvrir des lieux uniques de\u00a0 Sant Joan de les Abadesses \u00e0 photographier. On va apprendre comment configurer la cam\u00e9ra et \u00e0 obtenir des photos singuli\u00e8res de cette partie du Chemin Oliba.<\/p>\n<p>Contacte: Tel. +34 675 601 476 | <a href=\"info@phototrekking.cat\">info@phototrekking.cat<\/a>\u00a0| <a href=\"http:\/\/www.phototrekking.cat\">www.phototrekking.cat<\/a>[\/vc_column_text][vc_empty_space][\/vc_column][\/vc_row][vc_row][vc_column width=\u00a0\u00bb1\/4&Prime;][vc_single_image image=\u00a0\u00bb15498&Prime; img_size=\u00a0\u00bb800 per 534 p\u00edxels\u00a0\u00bb][vc_empty_space][\/vc_column][vc_column width=\u00a0\u00bb3\/4&Prime;][vc_column_text]<\/p>\n<h4>TORNASOL AVENTURA &amp; EVENTS<\/h4>\n<p>Activit\u00e9s pour des groupes corporatifs et d&rsquo;entreprise: routes \u00e0 pied et en v\u00e9lo avec des guides, assistance et transport et tous les services n\u00e9cessaires&#8230;au long du Chemin Oliba.<\/p>\n<p>Contacte: Tel. +34 934145448\u00a0 et +34 608431245| <a href=\"tornasol@tornasol.com\">tornasol@tornasol.com<\/a>\u00a0| <a href=\"http:\/\/www.tornasol.com\">www.tornasol.com<\/a>[\/vc_column_text][vc_empty_space][\/vc_column][\/vc_row][vc_row][vc_column width=\u00a0\u00bb1\/4&Prime;][vc_single_image image=\u00a0\u00bb15526&Prime; img_size=\u00a0\u00bb800 per 534 p\u00edxels\u00a0\u00bb][vc_empty_space][\/vc_column][vc_column width=\u00a0\u00bb3\/4&Prime;][vc_column_text]<\/p>\n<h4>MUNTANYA I NATURA<\/h4>\n<p>Route guid\u00e9e \u00e0 pied en catalan, espagnol et anglais, a travers des tron\u00e7ons du Chemin Oliba. Sp\u00e9cialiste en flore et interpr\u00e9tation du paysage. Aussi routes compl\u00e9mentaires pr\u00e8s du Chemin Oliba. Guide AEGM et TD2 de montagne moyenne, assurance d&rsquo;accidents et responsabilit\u00e9 civile.<\/p>\n<p>Contacte: Alba Rovira | Tel. +34 628911619| <a href=\"mailto:muntanyainatura@gmail.com\">muntanyainatura@gmail.com<\/a>| <a href=\"http:\/\/www.muntanyainatura.org\">www.muntanyainatura.org<\/a>[\/vc_column_text][vc_empty_space][\/vc_column][\/vc_row][vc_row][vc_column width=\u00a0\u00bb1\/4&Prime;][vc_single_image image=\u00a0\u00bb15586&Prime; img_size=\u00a0\u00bb800 per 534 p\u00edxels\u00a0\u00bb][vc_empty_space][\/vc_column][vc_column width=\u00a0\u00bb3\/4&Prime;][vc_column_text]<\/p>\n<h4>DINAMIC GUIDES DE MONTAGNE<\/h4>\n<p>On travaille dans tout le territoire catalan et, en especial la r\u00e9gion du Bages, o\u00f9 on a de la connaissance de la r\u00e9gion \u00e0 niveau g\u00e9ographique, g\u00e9ologique, culturel et religieux.\u00a0 Nos guides accompagnent des groupes et des familles, tout en faisant des petites promenades d&rsquo;une demie journ\u00e9e ou une journ\u00e9e compl\u00e8te, ainsi comme un weekend ou plus de jours.<\/p>\n<p>Contacte: Tel. +34 667878925 (\u00d2scar Parra) et +34 649 729 925 (Albert Marsinyac)| \u00a0<a href=\"mailto:info@dinamicguies.com\">info@dinamicguies.com<\/a>| <a href=\"http:\/\/www.dinamicguies.com\/\">www.dinamicguies.com\u00a0<\/a>[\/vc_column_text][vc_empty_space][\/vc_column][\/vc_row][vc_row][vc_column width=\u00a0\u00bb1\/4&Prime;][vc_single_image image=\u00a0\u00bb15650&Prime; img_size=\u00a0\u00bb800 per 534 p\u00edxels\u00a0\u00bb][vc_empty_space][\/vc_column][vc_column width=\u00a0\u00bb3\/4&Prime;][vc_column_text]<\/p>\n<div class=\"wpb_column vc_column_container vc_col-sm-3\">\n<div class=\"vc_column-inner \">\n<div class=\"wpb_wrapper\">\n<div class=\"vc_empty_space\"><strong>GAIA GUIES<\/strong><\/div>\n<\/div>\n<\/div>\n<\/div>\n<div class=\"wpb_column vc_column_container vc_col-sm-9\">\n<div class=\"vc_column-inner \">\n<div class=\"wpb_wrapper\">\n<div class=\"wpb_text_column wpb_content_element \">\n<div class=\"wpb_wrapper\">\n<p>On organize des tours guid\u00e9s \u00e0 pied \u00e0 travers du Chemin Oliba (les tro\u00e7os de d\u00e9but et au milieu de la route, basiquement). Au long de la route on faire des commentaires de nature et histoire des monuments qu&rsquo;on se trouve.<\/p>\n<p>Contacte: Tel. +34 938300542\u00a0 | <a href=\"mailto:montseca@gaiamoia.com\">montseca@gaiamoia.com<\/a>\u00a0|\u00a0<a href=\"http:\/\/www.gaiamoia.com\/\">www.gaiamoia.com<\/a><\/p>\n<\/div>\n<\/div>\n<\/div>\n<\/div>\n<\/div>\n<p>[\/vc_column_text][vc_empty_space][\/vc_column][\/vc_row][vc_row][vc_column][vc_empty_space][\/vc_column][\/vc_row]<\/p>\n<\/div>","protected":false},"excerpt":{"rendered":"<p>[vc_row][vc_column][vc_empty_space][\/vc_column][\/vc_row][vc_row][vc_column width=\u00a0\u00bb1\/4&Prime;][vc_single_image image=\u00a0\u00bb23497&Prime; img_size=\u00a0\u00bb800 per 534 p\u00edxels\u00a0\u00bb css=\u00a0\u00bb\u00a0\u00bb][vc_empty_space][\/vc_column][vc_column width=\u00a0\u00bb3\/4&Prime;][vc_column_text css=\u00a0\u00bb\u00a0\u00bb] MUNTANYES DE LLUM Guide de montagne \u2013 nous organisons des randonn\u00e9es p\u00e9destres et sommes sp\u00e9cialis\u00e9es dans l\u2019\u00e9limination des obstacles. Nous disposons d\u2019outils et de formations pour rendre accessibles les itin\u00e9raires du Cam\u00ed Oliba.Entreprise certifi\u00e9e BiosphereMarta Presseguer | 650 529 091 | info@muntanyesdellum.com |\u00a0www.muntanyesdellum.com \u00a0[\/vc_column_text][vc_empty_space][\/vc_column][\/vc_row][vc_row][vc_column width=\u00a0\u00bb1\/4&Prime;][vc_single_image&hellip;<\/p>\n","protected":false},"author":2,"featured_media":0,"parent":0,"menu_order":0,"comment_status":"closed","ping_status":"closed","template":"template-full-width.php","meta":{"_acf_changed":false,"footnotes":""},"class_list":["post-15592","page","type-page","status-publish","hentry"],"acf":[],"_links":{"self":[{"href":"https:\/\/www.camioliba.cat\/fr\/wp-json\/wp\/v2\/pages\/15592","targetHints":{"allow":["GET"]}}],"collection":[{"href":"https:\/\/www.camioliba.cat\/fr\/wp-json\/wp\/v2\/pages"}],"about":[{"href":"https:\/\/www.camioliba.cat\/fr\/wp-json\/wp\/v2\/types\/page"}],"author":[{"embeddable":true,"href":"https:\/\/www.camioliba.cat\/fr\/wp-json\/wp\/v2\/users\/2"}],"replies":[{"embeddable":true,"href":"https:\/\/www.camioliba.cat\/fr\/wp-json\/wp\/v2\/comments?post=15592"}],"version-history":[{"count":7,"href":"https:\/\/www.camioliba.cat\/fr\/wp-json\/wp\/v2\/pages\/15592\/revisions"}],"predecessor-version":[{"id":23509,"href":"https:\/\/www.camioliba.cat\/fr\/wp-json\/wp\/v2\/pages\/15592\/revisions\/23509"}],"wp:attachment":[{"href":"https:\/\/www.camioliba.cat\/fr\/wp-json\/wp\/v2\/media?parent=15592"}],"curies":[{"name":"wp","href":"https:\/\/api.w.org\/{rel}","templated":true}]}}