{"id":15086,"date":"2019-06-21T09:08:38","date_gmt":"2019-06-21T09:08:38","guid":{"rendered":"http:\/\/www.camioliba.cat\/carnet-de-ruta\/"},"modified":"2023-04-24T16:06:21","modified_gmt":"2023-04-24T16:06:21","slug":"carte-de-route","status":"publish","type":"page","link":"https:\/\/www.camioliba.cat\/fr\/carte-de-route\/","title":{"rendered":"La carte de route"},"content":{"rendered":"<div class=\"wpb-content-wrapper\"><p>[vc_row][vc_column width=\u00a0\u00bb1\/3&Prime;][vc_empty_space height=\u00a0\u00bb82px\u00a0\u00bb][vc_single_image image=\u00a0\u00bb14192&Prime; img_size=\u00a0\u00bbfull\u00a0\u00bb][vc_empty_space height=\u00a0\u00bb52px\u00a0\u00bb][vc_column_text el_class=\u00a0\u00bbmenu-carnet\u00a0\u00bb]<\/p>\n<ul>\n<li><a href=\"https:\/\/www.camioliba.cat\/pdf\/carnet-aconseguir.pdf\" target=\"_blank\" rel=\"noopener noreferrer\">Points o\u00f9 obtenir la carte (lien vers pdf)<\/a><\/li>\n<li><a href=\"https:\/\/www.camioliba.cat\/pdf\/carnet-segellatge.pdf\" target=\"_blank\" rel=\"noopener noreferrer\">Point o\u00f9 faire tamponner la carte (lien vers pdf)<\/a><\/li>\n<li><a href=\"https:\/\/www.camioliba.cat\/wp-content\/uploads\/2021\/02\/relacio-avantatges-i-descomptes-carnet-de-ruta.pdf\">Avantages (lien vers pdf)<\/a><\/li>\n<\/ul>\n<p>[\/vc_column_text][\/vc_column][vc_column width=\u00a0\u00bb2\/3&Prime; css=\u00a0\u00bb.vc_custom_1561126437522{padding-left: 30px !important;}\u00a0\u00bb][vc_empty_space height=\u00a0\u00bb52px\u00a0\u00bb][vc_column_text]<\/p>\n<h3>De quoi s\u2019agit-il et o\u00f9 puis-je l\u2019obtenir\u00a0?<\/h3>\n<p>Il s&rsquo;agit d\u2019une carte personnelle et non transf\u00e9rable que vous pouvez obtenir gratuitement dans les principaux offices de tourisme (et \u00e9tablissements touristiques\u00a0?) se trouvant tout au long du chemin Oliba.[\/vc_column_text][vc_empty_space][vc_btn title=\u00a0\u00bbPoints o\u00f9 obtenir la carte\u00a0\u00bb color=\u00a0\u00bbdanger\u00a0\u00bb align=\u00a0\u00bbleft\u00a0\u00bb link=\u00a0\u00bburl:http%3A%2F%2Fwww.camioliba.cat%2Fpdf%2Fcarnet-aconseguir.pdf|target:%20_blank|\u00a0\u00bb][vc_empty_space height=\u00a0\u00bb30px\u00a0\u00bb][vc_column_text]<\/p>\n<h3>O\u00f9 puis-je la faire tamponner et comment cela fonctionne\u00a0?<\/h3>\n<p>Il faudra la faire tamponner dans minimum cinq villages de chaque \u00e9tape, hormis dans la derni\u00e8re, o\u00f9 il n\u2019y en a que trois.[\/vc_column_text][vc_empty_space][vc_btn title=\u00a0\u00bbPoints pour obtenir les tampons\u00a0\u00bb color=\u00a0\u00bbdanger\u00a0\u00bb align=\u00a0\u00bbleft\u00a0\u00bb link=\u00a0\u00bburl:http%3A%2F%2Fwww.camioliba.cat%2Fpdf%2Fcarnet-segellatge.pdf|target:%20_blank|\u00a0\u00bb][vc_empty_space height=\u00a0\u00bb30px\u00a0\u00bb][vc_column_text]<\/p>\n<h3>Quels sont les b\u00e9n\u00e9fices\u00a0?<\/h3>\n<p>En faisant tamponner votre carte, vous pourrez obtenir un dipl\u00f4me certifiant que vous avez parcouru le chemin Oliba. Il suffit de nous faire parvenir la copie num\u00e9ris\u00e9e par e-mail \u00e0 l\u2019adresse camioliba@gmail.com une fois le chemin termin\u00e9 et nous vous enverrons le dipl\u00f4me ainsi qu\u2019un petit cadeau. Vous participerez en outre \u00e0 un tirage au sort pour tenter de remporter un week-end que nous organiserons sur l\u2019un des points de cet itin\u00e9raire.<\/p>\n<p>Vous pourrez \u00e9galement profiter de nombreux avantages et de remises dans diff\u00e9rents services disponibles tout au long de l\u2019itin\u00e9raire\u00a0: visites guid\u00e9es, h\u00e9bergements, restauration, activit\u00e9s en pleine nature\u2026[\/vc_column_text][vc_empty_space][vc_btn title=\u00a0\u00bbAvantages\u00a0\u00bb color=\u00a0\u00bbdanger\u00a0\u00bb align=\u00a0\u00bbleft\u00a0\u00bb link=\u00a0\u00bburl:http%3A%2F%2Fwww.camioliba.cat%2Fpdf%2Fcarnet-avantatges.pdf|target:%20_blank|\u00a0\u00bb][vc_empty_space height=\u00a0\u00bb30px\u00a0\u00bb][vc_column_text]<\/p>\n<h4>Cette ann\u00e9e, d\u00e9cidez-vous et parcourez le chemin Oliba\u00a0!<\/h4>\n<p>[\/vc_column_text][\/vc_column][\/vc_row][vc_row][vc_column][vc_empty_space height=\u00a0\u00bb52px\u00a0\u00bb][\/vc_column][\/vc_row][vc_row][vc_column][\/vc_column][\/vc_row]<\/p>\n<\/div>","protected":false},"excerpt":{"rendered":"<p>[vc_row][vc_column width=\u00a0\u00bb1\/3&Prime;][vc_empty_space height=\u00a0\u00bb82px\u00a0\u00bb][vc_single_image image=\u00a0\u00bb14192&Prime; img_size=\u00a0\u00bbfull\u00a0\u00bb][vc_empty_space height=\u00a0\u00bb52px\u00a0\u00bb][vc_column_text el_class=\u00a0\u00bbmenu-carnet\u00a0\u00bb] Points o\u00f9 obtenir la carte (lien vers pdf) Point o\u00f9 faire tamponner la carte (lien vers pdf) Avantages (lien vers pdf) [\/vc_column_text][\/vc_column][vc_column width=\u00a0\u00bb2\/3&Prime; css=\u00a0\u00bb.vc_custom_1561126437522{padding-left: 30px !important;}\u00a0\u00bb][vc_empty_space height=\u00a0\u00bb52px\u00a0\u00bb][vc_column_text] De quoi s\u2019agit-il et o\u00f9 puis-je l\u2019obtenir\u00a0? Il s&rsquo;agit d\u2019une carte personnelle et non transf\u00e9rable que vous pouvez obtenir gratuitement dans&hellip;<\/p>\n","protected":false},"author":2,"featured_media":0,"parent":0,"menu_order":0,"comment_status":"closed","ping_status":"closed","template":"template-full-width.php","meta":{"_acf_changed":false,"footnotes":""},"class_list":["post-15086","page","type-page","status-publish","hentry"],"acf":[],"_links":{"self":[{"href":"https:\/\/www.camioliba.cat\/fr\/wp-json\/wp\/v2\/pages\/15086","targetHints":{"allow":["GET"]}}],"collection":[{"href":"https:\/\/www.camioliba.cat\/fr\/wp-json\/wp\/v2\/pages"}],"about":[{"href":"https:\/\/www.camioliba.cat\/fr\/wp-json\/wp\/v2\/types\/page"}],"author":[{"embeddable":true,"href":"https:\/\/www.camioliba.cat\/fr\/wp-json\/wp\/v2\/users\/2"}],"replies":[{"embeddable":true,"href":"https:\/\/www.camioliba.cat\/fr\/wp-json\/wp\/v2\/comments?post=15086"}],"version-history":[{"count":9,"href":"https:\/\/www.camioliba.cat\/fr\/wp-json\/wp\/v2\/pages\/15086\/revisions"}],"predecessor-version":[{"id":21363,"href":"https:\/\/www.camioliba.cat\/fr\/wp-json\/wp\/v2\/pages\/15086\/revisions\/21363"}],"wp:attachment":[{"href":"https:\/\/www.camioliba.cat\/fr\/wp-json\/wp\/v2\/media?parent=15086"}],"curies":[{"name":"wp","href":"https:\/\/api.w.org\/{rel}","templated":true}]}}