{"id":14710,"date":"2019-11-15T17:56:58","date_gmt":"2019-11-15T17:56:58","guid":{"rendered":"http:\/\/www.camioliba.cat\/en-bicicleta\/etapa4\/"},"modified":"2020-01-30T22:52:59","modified_gmt":"2020-01-30T22:52:59","slug":"etape4","status":"publish","type":"page","link":"https:\/\/www.camioliba.cat\/fr\/en-bicicleta\/etape4\/","title":{"rendered":"\u00c9tape 4"},"content":{"rendered":"<div class=\"wpb-content-wrapper\"><p>[vc_row][vc_column][vc_empty_space height=\u00a0\u00bb52px\u00a0\u00bb][\/vc_column][\/vc_row][vc_row][vc_column width=\u00a0\u00bb1\/4&Prime;][vc_empty_space][vc_column_text]<\/p>\n<h3>EN V\u00c9LO<\/h3>\n<p>[\/vc_column_text][vc_wp_custommenu nav_menu=\u00a0\u00bb92&Prime;][\/vc_column][vc_column width=\u00a0\u00bb3\/4&Prime;][vc_row_inner css=\u00a0\u00bb.vc_custom_1487588772808{border-top-width: 1px !important;border-right-width: 1px !important;border-bottom-width: 1px !important;border-left-width: 1px !important;padding-top: 0px !important;padding-right: 15px !important;padding-bottom: 15px !important;padding-left: 15px !important;border-left-color: #b5b5b5 !important;border-left-style: solid !important;border-right-color: #b5b5b5 !important;border-right-style: solid !important;border-top-color: #b5b5b5 !important;border-top-style: solid !important;border-bottom-color: #b5b5b5 !important;border-bottom-style: solid !important;}\u00a0\u00bb][vc_column_inner width=\u00a0\u00bb1\/2&Prime;][vc_column_text]<\/p>\n<h3>R\u00c9SUM\u00c9E DE L&rsquo;\u00c9TAPE<\/h3>\n<p><b>Distance parcourue:<\/b>\u00a042 km<br \/>\n<b>Hauteur maximale:<\/b>\u00a01.084m<br \/>\n<b>Ascencion accumul\u00e9e:<\/b>\u00a01150m<\/p>\n<h3><\/h3>\n<p>[\/vc_column_text][\/vc_column_inner][vc_column_inner width=\u00a0\u00bb1\/2&Prime;][vc_column_text]<\/p>\n<h3>FICHE TECHNIQUE<\/h3>\n<ul>\n<li><a href=\"https:\/\/www.camioliba.cat\/tracks\/etapa1\/T1Montserrat-Manresa.gpx\" target=\"_blank\" rel=\"noopener noreferrer\">T\u00e9l\u00e9chargez la piste<\/a><\/li>\n<\/ul>\n<h3><\/h3>\n<p>[\/vc_column_text][\/vc_column_inner][\/vc_row_inner][vc_empty_space][vc_column_text]<\/p>\n<h3 class=\"titol2\">DESCRIPTION G\u00c9N\u00c9RALE<\/h3>\n<div id=\"descripcio\">\n<p>Sortie de Rupit\u00a0: suivre des pistes et sentiers menant jusqu\u2019\u00e0 la piste ciment\u00e9e longeant les falaises de L\u2019Avenc jusqu\u2019\u00e0 arriver \u00e0 Tavertet. Une fois l\u00e0-bas, suivre un chemin de terre jusqu\u2019\u00e0 Cantonigr\u00f2s, continuer pendant 2\u00a0km sur la route en descente pour rejoindre une piste longeant Cabrera et passant par Sant Juli\u00e0 de Cabrera. Emprunter enfin une piste descendant jusqu\u2019\u00e0 Sant Vicen\u00e7 de Torell\u00f3, puis prendre un joli sentier pour arriver \u00e0 Torell\u00f3.<\/p>\n<\/div>\n<h2 class=\"titol2\"><\/h2>\n<p>[\/vc_column_text][vc_row_inner][vc_column_inner width=\u00a0\u00bb1\/2&Prime;][vc_column_text]<\/p>\n<h3 class=\"titol2\">PARCOURS<\/h3>\n<div id=\"descripcio\"><\/div>\n<p>[\/vc_column_text][vc_gmaps link=\u00a0\u00bb#E-8_JTNDaWZyYW1lJTIwc3JjJTNEJTIyaHR0cHMlM0ElMkYlMkZ3d3cuZ29vZ2xlLmNvbSUyRm1hcHMlMkZkJTJGZW1iZWQlM0ZtaWQlM0QxQThZbGdRLWZBeWpOZ0gwVWVManFpSFBHZzVpcGg1QlclMjIlMjB3aWR0aCUzRCUyMjY0MCUyMiUyMGhlaWdodCUzRCUyMjQ4MCUyMiUzRSUzQyUyRmlmcmFtZSUzRQ==\u00a0\u00bb][\/vc_column_inner][vc_column_inner width=\u00a0\u00bb1\/2&Prime;][vc_column_text]<\/p>\n<h3 class=\"titol2\">PROFIL<\/h3>\n<div id=\"descripcio\"><\/div>\n<p>[\/vc_column_text][vc_single_image image=\u00a0\u00bb10400&Prime; img_size=\u00a0\u00bb907 \u00d7 529&Prime; onclick=\u00a0\u00bblink_image\u00a0\u00bb][\/vc_column_inner][\/vc_row_inner][vc_separator][vc_empty_space][vc_column_text]<\/p>\n<h3 class=\"titol2\">GALERIE D&rsquo;IMAGES<\/h3>\n<p>[\/vc_column_text][vc_gallery type=\u00a0\u00bbimage_grid\u00a0\u00bb images=\u00a0\u00bb10424,10426,10427,10428,10429,10430,10431,10432,10433,10434,10435&Prime; img_size=\u00a0\u00bb100X100&Prime;][\/vc_column][\/vc_row]<\/p>\n<\/div>","protected":false},"excerpt":{"rendered":"<p>[vc_row][vc_column][vc_empty_space height=\u00a0\u00bb52px\u00a0\u00bb][\/vc_column][\/vc_row][vc_row][vc_column width=\u00a0\u00bb1\/4&Prime;][vc_empty_space][vc_column_text] EN V\u00c9LO [\/vc_column_text][vc_wp_custommenu nav_menu=\u00a0\u00bb92&Prime;][\/vc_column][vc_column width=\u00a0\u00bb3\/4&Prime;][vc_row_inner css=\u00a0\u00bb.vc_custom_1487588772808{border-top-width: 1px !important;border-right-width: 1px !important;border-bottom-width: 1px !important;border-left-width: 1px !important;padding-top: 0px !important;padding-right: 15px !important;padding-bottom: 15px !important;padding-left: 15px !important;border-left-color: #b5b5b5 !important;border-left-style: solid !important;border-right-color: #b5b5b5 !important;border-right-style: solid !important;border-top-color: #b5b5b5 !important;border-top-style: solid !important;border-bottom-color: #b5b5b5 !important;border-bottom-style: solid !important;}\u00a0\u00bb][vc_column_inner width=\u00a0\u00bb1\/2&Prime;][vc_column_text] R\u00c9SUM\u00c9E DE L&rsquo;\u00c9TAPE Distance parcourue:\u00a042 km Hauteur maximale:\u00a01.084m Ascencion accumul\u00e9e:\u00a01150m [\/vc_column_text][\/vc_column_inner][vc_column_inner width=\u00a0\u00bb1\/2&Prime;][vc_column_text] FICHE&hellip;<\/p>\n","protected":false},"author":2,"featured_media":0,"parent":14611,"menu_order":0,"comment_status":"closed","ping_status":"closed","template":"template-full-width.php","meta":{"_acf_changed":false,"footnotes":""},"class_list":["post-14710","page","type-page","status-publish","hentry"],"acf":[],"_links":{"self":[{"href":"https:\/\/www.camioliba.cat\/fr\/wp-json\/wp\/v2\/pages\/14710","targetHints":{"allow":["GET"]}}],"collection":[{"href":"https:\/\/www.camioliba.cat\/fr\/wp-json\/wp\/v2\/pages"}],"about":[{"href":"https:\/\/www.camioliba.cat\/fr\/wp-json\/wp\/v2\/types\/page"}],"author":[{"embeddable":true,"href":"https:\/\/www.camioliba.cat\/fr\/wp-json\/wp\/v2\/users\/2"}],"replies":[{"embeddable":true,"href":"https:\/\/www.camioliba.cat\/fr\/wp-json\/wp\/v2\/comments?post=14710"}],"version-history":[{"count":2,"href":"https:\/\/www.camioliba.cat\/fr\/wp-json\/wp\/v2\/pages\/14710\/revisions"}],"predecessor-version":[{"id":15385,"href":"https:\/\/www.camioliba.cat\/fr\/wp-json\/wp\/v2\/pages\/14710\/revisions\/15385"}],"up":[{"embeddable":true,"href":"https:\/\/www.camioliba.cat\/fr\/wp-json\/wp\/v2\/pages\/14611"}],"wp:attachment":[{"href":"https:\/\/www.camioliba.cat\/fr\/wp-json\/wp\/v2\/media?parent=14710"}],"curies":[{"name":"wp","href":"https:\/\/api.w.org\/{rel}","templated":true}]}}