{"id":14605,"date":"2019-11-03T15:29:47","date_gmt":"2019-11-03T15:29:47","guid":{"rendered":"http:\/\/www.camioliba.cat\/en-cotxe\/etapa3\/"},"modified":"2020-01-14T23:09:44","modified_gmt":"2020-01-14T23:09:44","slug":"etape3","status":"publish","type":"page","link":"https:\/\/www.camioliba.cat\/fr\/en-voiture\/etape3\/","title":{"rendered":"\u00c9tape 3"},"content":{"rendered":"<div class=\"wpb-content-wrapper\"><p>[vc_row][vc_column width=\u00a0\u00bb1\/6&Prime;][vc_empty_space][vc_wp_custommenu nav_menu=\u00a0\u00bb90&Prime;][vc_empty_space][\/vc_column][vc_column width=\u00a0\u00bb5\/6&Prime;][vc_empty_space][vc_single_image image=\u00a0\u00bb10465&Prime; img_size=\u00a0\u00bbfull\u00a0\u00bb][vc_empty_space][vc_column_text]<strong>Distance et dur\u00e9e:<\/strong>\u00a0Sant Joan de les Abadesses-Camprodon (15,7km-18min) | Camprodon-Moll\u00f3 (7,5km \u2013 10min)[\/vc_column_text][vc_empty_space][\/vc_column][\/vc_row][vc_row][vc_column width=\u00a0\u00bb1\/6&Prime;][\/vc_column][vc_column width=\u00a0\u00bb5\/6&Prime;][vc_row_inner][vc_column_inner width=\u00a0\u00bb2\/3&Prime;][vc_column_text]<\/p>\n<h2><strong>MONAST\u00c8RE DE SANT JOAN DE LES ABADESSES<\/strong><\/h2>\n<p>[\/vc_column_text][vc_empty_space][vc_column_text]<\/p>\n<ul>\n<li><strong>Adresse:<\/strong> Pl. de l\u2019Abadia, s\/n \u2013 17860 Sant Joan de les Abadesses, Girona<\/li>\n<li><strong>Contact:<\/strong> 972 722 353 | <a href=\"mailto:info@monestirsantjoanabadesses.cat\">info@monestirsantjoanabadesses.cat<\/a> | <a href=\"http:\/\/www.monestirsantjoanabadesses.cat\">www.monestirsantjoanabadesses.cat<\/a><\/li>\n<li><strong>Coordonn\u00e9es GPS: <\/strong>N 42\u00ba 13\u2019 57.591\u201d\u00a0\u00a0 E 2\u00ba 17\u2019 9.941\u201d<\/li>\n<\/ul>\n<p>[\/vc_column_text][\/vc_column_inner][vc_column_inner width=\u00a0\u00bb1\/3&Prime;][vc_single_image image=\u00a0\u00bb13162&Prime; img_size=\u00a0\u00bb500 \u00d7 332&Prime;][\/vc_column_inner][\/vc_row_inner][vc_tta_tabs][vc_tta_section title=\u00a0\u00bbDescription\u00a0\u00bb tab_id=\u00a0\u00bb1572867300050-ecf084b9-c62e44da-aebc\u00a0\u00bb][vc_row_inner][vc_column_inner][vc_column_text]Son \u00e9glise est l\u2019une des p\u00e9pites de l\u2019art roman catalan, et le Tr\u00e8s Saint Myst\u00e8re, un motif historique de p\u00e8lerinage. Fond\u00e9 en 885 par Guifred le Velu et dirig\u00e9 par sa propre fille, Emma, l\u2019abb\u00e9 Oliba joua de son influence pour que le monast\u00e8re ne soit plus f\u00e9minin en accusant les religieuses de mener une vie ind\u00e9cente.[\/vc_column_text][\/vc_column_inner][\/vc_row_inner][\/vc_tta_section][vc_tta_section title=\u00a0\u00bbInformations pratiques\u00a0\u00bb tab_id=\u00a0\u00bb1572867300194-5c57fed2-49d544da-aebc\u00a0\u00bb][vc_row_inner][vc_column_inner][vc_column_text]<u>Parking\u00a0:<\/u> parking gratuit.<\/p>\n<p><u>Services \u00e0 proximit\u00e9\u00a0<\/u>: le monast\u00e8re se situe au centre du village, vous pourrez donc trouver des h\u00e9bergements, restaurants et commerces \u00e0 proximit\u00e9 de l\u2019itin\u00e9raire.<\/p>\n<p><u>Prix de l\u2019entr\u00e9e\u00a0:<\/u><\/p>\n<p>Plein tarif\u00a0: 3\u00a0\u20ac<\/p>\n<p>Tarif r\u00e9duit (groupes, \u00e9l\u00e8ves ou retrait\u00e9s)\u00a0: 2\u00a0\u20ac<\/p>\n<p>Entr\u00e9e gratuite pour les moins de 12\u00a0ans.<\/p>\n<p><u>Horaires\u00a0<\/u>:<\/p>\n<p>Novembre, d\u00e9cembre, janvier et f\u00e9vrier Jours ouvr\u00e9s de 10\u00a0h \u00e0 14\u00a0h. Samedis et jours f\u00e9ri\u00e9s de 10\u00a0h \u00e0 14\u00a0h et de 16\u00a0h \u00e0 18\u00a0h<br \/>\nmars, avril et octobre\u00a0: Jours ouvr\u00e9s, samedis et jours f\u00e9ri\u00e9s de 10\u00a0h \u00e0 14\u00a0h et de 16\u00a0h \u00e0 18\u00a0h<br \/>\nmai, juin et septembre Jours ouvr\u00e9s, samedis et jours f\u00e9ri\u00e9s de 10\u00a0h \u00e0 14\u00a0h et de 16\u00a0h \u00e0 19\u00a0h<br \/>\njuillet et ao\u00fbt\u00a0: Jours ouvr\u00e9s, samedis et jours f\u00e9ri\u00e9s de 10\u00a0h \u00e0 19\u00a0h.<\/p>\n<p><u>Autres\u00a0:<\/u><\/p>\n<p>Vous pourrez d\u00e9couvrir, entre autres, le Palau de l\u2019Abadia, le Gorg de Malatosca, \u00e0 Sant Joan de les Abadesses. Pour plus d\u2019informations sur les visites <a href=\"http:\/\/www.santjoandelesabadesses.cat\">www.santjoandelesabadesses.cat<\/a>[\/vc_column_text][vc_empty_space height=\u00a0\u00bb16px\u00a0\u00bb][\/vc_column_inner][\/vc_row_inner][\/vc_tta_section][\/vc_tta_tabs][vc_empty_space][\/vc_column][\/vc_row][vc_row][vc_column width=\u00a0\u00bb1\/6&Prime;][\/vc_column][vc_column width=\u00a0\u00bb5\/6&Prime;][vc_row_inner][vc_column_inner width=\u00a0\u00bb2\/3&Prime;][vc_column_text]<\/p>\n<h2><strong>MONAST\u00c8RE DE SANT PERE DE CAMPRODON<\/strong><\/h2>\n<p>[\/vc_column_text][vc_empty_space][vc_column_text]<\/p>\n<ul>\n<li><strong>Adresse:<\/strong> Carrer Monestir, 2, 17867 Camprodon, Girona<\/li>\n<li><strong>Contact:<\/strong> <a href=\"http:\/\/www.valldecamprodon.cat\">www.valldecamprodon.cat<\/a><\/li>\n<li><strong>Coordonn\u00e9es GPS: <\/strong>N 42\u00ba 18\u2019 52.637\u201d\u00a0\u00a0 E 2\u00ba 22\u2019 3.941\u201d<\/li>\n<\/ul>\n<p>[\/vc_column_text][\/vc_column_inner][vc_column_inner width=\u00a0\u00bb1\/3&Prime;][vc_single_image image=\u00a0\u00bb14572&Prime; img_size=\u00a0\u00bb500 \u00d7 332&Prime;][\/vc_column_inner][\/vc_row_inner][vc_tta_tabs][vc_tta_section title=\u00a0\u00bbDescription\u00a0\u00bb tab_id=\u00a0\u00bb1572951629893-38b807e6-a08f44da-aebc\u00a0\u00bb][vc_row_inner][vc_column_inner][vc_column_text]Il fut un monast\u00e8re b\u00e9n\u00e9dictin actif du X<sup>e<\/sup>\u00a0si\u00e8cle \u00e0 1835. Il repr\u00e9sentait alors le centre religieux le plus influent de la Vall de Camprodon, et l\u2019un des plus actifs des Pyr\u00e9n\u00e9es de G\u00e9rone.<\/p>\n<p>Il a \u00e9t\u00e9 d\u00e9clar\u00e9 Bien culturel d&rsquo;int\u00e9r\u00eat national (BCIN), r\u00e9pertori\u00e9 dans l\u2019Inventaire du patrimoine architectural catalan.[\/vc_column_text][\/vc_column_inner][\/vc_row_inner][\/vc_tta_section][vc_tta_section title=\u00a0\u00bbInformations pratiques\u00a0\u00bb tab_id=\u00a0\u00bb1572951630020-9ad99fa4-4b6744da-aebc\u00a0\u00bb][vc_row_inner][vc_column_inner][vc_column_text]<u>Parking\u00a0:<\/u> parking gratuit \u00e0 proximit\u00e9.<\/p>\n<p><u>Services \u00e0 proximit\u00e9\u00a0<\/u>:<\/p>\n<p><u>Horaires\u00a0<\/u>:<\/p>\n<p>L\u2019\u00e9glise est ferm\u00e9e au public.[\/vc_column_text][vc_empty_space height=\u00a0\u00bb16px\u00a0\u00bb][\/vc_column_inner][\/vc_row_inner][\/vc_tta_section][\/vc_tta_tabs][vc_empty_space][\/vc_column][\/vc_row][vc_row][vc_column width=\u00a0\u00bb1\/6&Prime;][\/vc_column][vc_column width=\u00a0\u00bb5\/6&Prime;][vc_row_inner][vc_column_inner width=\u00a0\u00bb2\/3&Prime;][vc_column_text]<\/p>\n<h2><strong>\u00c9GLISE DE SANTA CEC\u00cdLIA DE MOLL\u00d3<\/strong><\/h2>\n<p>[\/vc_column_text][vc_empty_space][vc_column_text]<\/p>\n<ul>\n<li><strong>Adresse:<\/strong> Carrer de l&rsquo;Esgl\u00e9sia, 9, 17868 Moll\u00f3, Girona<\/li>\n<li><strong>Contact:<\/strong> +34 649 563 321<\/li>\n<li><strong>Coordonn\u00e9es GPS: <\/strong>N 42\u00ba 20\u2019 55.458\u201d\u00a0\u00a0 E 2\u00ba 24\u2019 10.661\u201d<\/li>\n<\/ul>\n<p>[\/vc_column_text][\/vc_column_inner][vc_column_inner width=\u00a0\u00bb1\/3&Prime;][vc_single_image image=\u00a0\u00bb14576&Prime; img_size=\u00a0\u00bb500 \u00d7 332&Prime;][\/vc_column_inner][\/vc_row_inner][vc_tta_tabs][vc_tta_section title=\u00a0\u00bbDescription\u00a0\u00bb tab_id=\u00a0\u00bb1572951628084-49e4e48b-3bc044da-aebc\u00a0\u00bb][vc_row_inner][vc_column_inner][vc_column_text]L\u2019\u00e9glise est document\u00e9e depuis le X<sup>e<\/sup>\u00a0si\u00e8cle. Il est important de mettre en \u00e9vidence la porte d\u2019entr\u00e9e de l\u2019\u00e9glise, ainsi que le portail dont le style provient de l&rsquo;\u00e9cole roussillonnaise.[\/vc_column_text][\/vc_column_inner][\/vc_row_inner][\/vc_tta_section][vc_tta_section title=\u00a0\u00bbInformations pratiques\u00a0\u00bb tab_id=\u00a0\u00bb1572951628185-f9c1d810-a01944da-aebc\u00a0\u00bb][vc_row_inner][vc_column_inner][vc_column_text]<u>Parking\u00a0:<\/u> parking gratuit \u00e0 proximit\u00e9.<\/p>\n<p><u>Services \u00e0 proximit\u00e9\u00a0<\/u>: le monast\u00e8re se situe au centre du village, vous pourrez donc trouver des h\u00e9bergements, restaurants et commerces \u00e0 proximit\u00e9 de l\u2019itin\u00e9raire.[\/vc_column_text][vc_empty_space height=\u00a0\u00bb16px\u00a0\u00bb][\/vc_column_inner][\/vc_row_inner][\/vc_tta_section][\/vc_tta_tabs][vc_empty_space][\/vc_column][\/vc_row]<\/p>\n<\/div>","protected":false},"excerpt":{"rendered":"<p>[vc_row][vc_column width=\u00a0\u00bb1\/6&Prime;][vc_empty_space][vc_wp_custommenu nav_menu=\u00a0\u00bb90&Prime;][vc_empty_space][\/vc_column][vc_column width=\u00a0\u00bb5\/6&Prime;][vc_empty_space][vc_single_image image=\u00a0\u00bb10465&Prime; img_size=\u00a0\u00bbfull\u00a0\u00bb][vc_empty_space][vc_column_text]Distance et dur\u00e9e:\u00a0Sant Joan de les Abadesses-Camprodon (15,7km-18min) | Camprodon-Moll\u00f3 (7,5km \u2013 10min)[\/vc_column_text][vc_empty_space][\/vc_column][\/vc_row][vc_row][vc_column width=\u00a0\u00bb1\/6&Prime;][\/vc_column][vc_column width=\u00a0\u00bb5\/6&Prime;][vc_row_inner][vc_column_inner width=\u00a0\u00bb2\/3&Prime;][vc_column_text] MONAST\u00c8RE DE SANT JOAN DE LES ABADESSES [\/vc_column_text][vc_empty_space][vc_column_text] Adresse: Pl. de l\u2019Abadia, s\/n \u2013 17860 Sant Joan de les Abadesses, Girona Contact: 972 722 353 | info@monestirsantjoanabadesses.cat | www.monestirsantjoanabadesses.cat Coordonn\u00e9es GPS: N 42\u00ba 13\u2019&hellip;<\/p>\n","protected":false},"author":2,"featured_media":0,"parent":14593,"menu_order":0,"comment_status":"closed","ping_status":"closed","template":"template-full-width.php","meta":{"_acf_changed":false,"footnotes":""},"class_list":["post-14605","page","type-page","status-publish","hentry"],"acf":[],"_links":{"self":[{"href":"https:\/\/www.camioliba.cat\/fr\/wp-json\/wp\/v2\/pages\/14605","targetHints":{"allow":["GET"]}}],"collection":[{"href":"https:\/\/www.camioliba.cat\/fr\/wp-json\/wp\/v2\/pages"}],"about":[{"href":"https:\/\/www.camioliba.cat\/fr\/wp-json\/wp\/v2\/types\/page"}],"author":[{"embeddable":true,"href":"https:\/\/www.camioliba.cat\/fr\/wp-json\/wp\/v2\/users\/2"}],"replies":[{"embeddable":true,"href":"https:\/\/www.camioliba.cat\/fr\/wp-json\/wp\/v2\/comments?post=14605"}],"version-history":[{"count":3,"href":"https:\/\/www.camioliba.cat\/fr\/wp-json\/wp\/v2\/pages\/14605\/revisions"}],"predecessor-version":[{"id":15080,"href":"https:\/\/www.camioliba.cat\/fr\/wp-json\/wp\/v2\/pages\/14605\/revisions\/15080"}],"up":[{"embeddable":true,"href":"https:\/\/www.camioliba.cat\/fr\/wp-json\/wp\/v2\/pages\/14593"}],"wp:attachment":[{"href":"https:\/\/www.camioliba.cat\/fr\/wp-json\/wp\/v2\/media?parent=14605"}],"curies":[{"name":"wp","href":"https:\/\/api.w.org\/{rel}","templated":true}]}}