{"id":14593,"date":"2019-11-01T11:26:56","date_gmt":"2019-11-01T11:26:56","guid":{"rendered":"http:\/\/www.camioliba.cat\/en-cotxe\/"},"modified":"2020-02-27T21:48:50","modified_gmt":"2020-02-27T21:48:50","slug":"en-voiture","status":"publish","type":"page","link":"https:\/\/www.camioliba.cat\/fr\/en-voiture\/","title":{"rendered":"En voiture"},"content":{"rendered":"<div class=\"wpb-content-wrapper\"><p>[vc_row][vc_column][vc_empty_space height=\u00a0\u00bb42px\u00a0\u00bb][vc_column_text]Parcourez le chemin Oliba en voiture et d\u00e9couvrez les principales \u0153uvres du patrimoine roman du territoire o\u00f9 l\u2019\u00e9v\u00eaque-abb\u00e9 Oliba a laiss\u00e9 une empreinte profonde.[\/vc_column_text][\/vc_column][\/vc_row][vc_row][vc_column width=\u00a0\u00bb1\/4&Prime;][vc_column_text el_class=\u00a0\u00bbenllacos\u00a0\u00bb]<\/p>\n<div class=\"titol-p\"><a href=\"https:\/\/www.camioliba.cat\/fr\/en-voiture\/etape1\/\">\u00c9TAPE 1<\/a><\/div>\n<div class=\"subtitol-p\"><a href=\"https:\/\/www.camioliba.cat\/fr\/en-voiture\/etape1\/\">MONTSERRAT (BAGES) \u2013 VIC (OSONA)<\/a><\/div>\n<p>[\/vc_column_text][vc_empty_space height=\u00a0\u00bb35px\u00a0\u00bb][vc_single_image image=\u00a0\u00bb11230&Prime; img_size=\u00a0\u00bbfull\u00a0\u00bb][vc_empty_space height=\u00a0\u00bb12px\u00a0\u00bb][vc_column_text]<\/p>\n<div class=\"desc\">\n<p><em>86 Km \/ 1.791 m positius \/ 2.051 m negatius \/ 3 jornades<br \/>\n<\/em><br \/>\nCoincideix amb el cam\u00ed de Sant Jaume i est\u00e0 plantejat en cinc etapes de mitja jornada. S\u2019inicia a Manresa i posteriorment ermet deixar el cam\u00ed per endinsar-se fins a la Seu de Manresa. Al reprendre al cam\u00ed es continua cap a Navarcles i es creua per la vinya del Pla de Bages ?ns arribar a municipis com Art\u00e9s i l\u2019Estany. L\u2019etapa culmina amb l\u2019arribada a Vic, una ciutat que t\u00e9 una estructura medieval i conserva diversos testimonis d\u2019aquesta \u00e8poca.<\/p>\n<\/div>\n<p>[\/vc_column_text][\/vc_column][vc_column width=\u00a0\u00bb1\/4&Prime;][vc_column_text el_class=\u00a0\u00bbenllacos\u00a0\u00bb]<\/p>\n<div class=\"titol-p\"><a href=\"https:\/\/www.camioliba.cat\/fr\/en-voiture\/etape2\/\">\u00c9TAPE 2<\/a><\/div>\n<div class=\"subtitol-p\"><a href=\"https:\/\/www.camioliba.cat\/fr\/en-voiture\/etape2\/\">VIC (OSONA) \u2013 ST JOAN DE LES ABADESSES (RIPOLL\u00c8S)<\/a><\/div>\n<p>[\/vc_column_text][vc_empty_space height=\u00a0\u00bb12px\u00a0\u00bb][vc_single_image image=\u00a0\u00bb11231&Prime; img_size=\u00a0\u00bbfull\u00a0\u00bb][vc_empty_space height=\u00a0\u00bb12px\u00a0\u00bb][vc_column_text]<em>16 Km \/ 5.011 m positius \/ 4.701 m negatius \/ 5 jornades<br \/>\n<\/em><br \/>\n\u00c9s el tram m\u00e9s llarg i exigent del Cam\u00ed Oliba, dividit en 10 etapes de mig dia. Travessa Folgueroles, poble de Verdaguer, abans d\u2019arribar a l\u2019emblem\u00e0tic monestir de Sant Pere de Casserres. Continua ? ns als monestirs de Santa Maria de Ripoll i Sant Joan de les Abadesses en un itinerari de mitja muntanya amb for\u00e7a desnivell, per\u00f2 amb vistes privilegiades: Collsacabra, el Montseny, el pant\u00e0 de Sau, les Guilleries, el Castell de Montesquiu, els cingles de Tavertet i una llista inacabable.[\/vc_column_text][\/vc_column][vc_column width=\u00a0\u00bb1\/4&Prime;][vc_column_text el_class=\u00a0\u00bbenllacos\u00a0\u00bb]<\/p>\n<div class=\"titol-p\"><a href=\"https:\/\/www.camioliba.cat\/fr\/en-voiture\/etape3\/\">\u00c9TAPE 3<\/a><\/div>\n<div class=\"subtitol-p\"><a href=\"https:\/\/www.camioliba.cat\/fr\/en-voiture\/etape3\/\">RIPOLL (RIPOLL\u00c9S) \u2013SANT MIQUEL DE CUIX\u00c0 (FRAN\u00c7A)<\/a><\/div>\n<p>[\/vc_column_text][vc_empty_space height=\u00a0\u00bb12px\u00a0\u00bb][vc_single_image image=\u00a0\u00bb11246&Prime; img_size=\u00a0\u00bbfull\u00a0\u00bb][vc_empty_space height=\u00a0\u00bb12px\u00a0\u00bb][vc_column_text]<em>39,5 Km \/ 1.912 m positius \/ 1.042 m negatius \/ 2 jornades<\/em><\/p>\n<p>Concebut en tres etapes de mig dia, aquest tram passa per municipis de muntanya com Camprodon i Moll\u00f3 i arriba a les basses de Puig Sec, un regal de la natura al mirador del Canig\u00f3, a la frontera amb Fran\u00e7a. Est\u00e0 projectat allargar el Cam\u00ed Oliba uns 50 Km ?ns al monestir de Sant Miquel de Cuix\u00e0 i, posteriorment, ?ns a Toluges (on Oliba hi va celebrar la primera assemblea de Pau i Treva).[\/vc_column_text][\/vc_column][vc_column width=\u00a0\u00bb1\/4&Prime;][vc_column_text el_class=\u00a0\u00bbenllacos\u00a0\u00bb]<\/p>\n<div class=\"titol-p\"><a href=\"https:\/\/www.camioliba.cat\/fr\/en-voiture\/etape-4-alternative\/\">\u00c9TAPE 4<\/a><\/div>\n<div class=\"titol-p2\"><a href=\"https:\/\/www.camioliba.cat\/fr\/en-voiture\/etape-4-alternative\/\">ITIN\u00c9RAIRE VARIABLE<\/a><\/div>\n<div class=\"subtitol-p\"><a href=\"https:\/\/www.camioliba.cat\/fr\/en-voiture\/etape-4-alternative\/\">GR-151-1<\/a><\/div>\n<p>[\/vc_column_text][vc_empty_space height=\u00a0\u00bb12px\u00a0\u00bb][vc_single_image image=\u00a0\u00bb11235&Prime; img_size=\u00a0\u00bbfull\u00a0\u00bb][vc_empty_space height=\u00a0\u00bb12px\u00a0\u00bb][vc_column_text]<em>54 Km \/ 1.870 m positius \/ 1.970 m negatius \/ 3 jornades<\/em><\/p>\n<p>\u00c9s una alternativa m\u00e9s assequible al segon tram a partir de Tavertet. De Rupit, un dels pobles de major bellesa del pa\u00eds, s\u2019encamina a Vidr\u00e0 passant pel Coll de Bracons, va cap a Vallfogona del Ripoll\u00e8s i es troba amb el cam\u00ed principal (GR151) a Sant Joan de les Abadesses.[\/vc_column_text][\/vc_column][\/vc_row][vc_row][vc_column][vc_empty_space][\/vc_column][\/vc_row]<\/p>\n<\/div>","protected":false},"excerpt":{"rendered":"<p>[vc_row][vc_column][vc_empty_space height=\u00a0\u00bb42px\u00a0\u00bb][vc_column_text]Parcourez le chemin Oliba en voiture et d\u00e9couvrez les principales \u0153uvres du patrimoine roman du territoire o\u00f9 l\u2019\u00e9v\u00eaque-abb\u00e9 Oliba a laiss\u00e9 une empreinte profonde.[\/vc_column_text][\/vc_column][\/vc_row][vc_row][vc_column width=\u00a0\u00bb1\/4&Prime;][vc_column_text el_class=\u00a0\u00bbenllacos\u00a0\u00bb] \u00c9TAPE 1 MONTSERRAT (BAGES) \u2013 VIC (OSONA) [\/vc_column_text][vc_empty_space height=\u00a0\u00bb35px\u00a0\u00bb][vc_single_image image=\u00a0\u00bb11230&Prime; img_size=\u00a0\u00bbfull\u00a0\u00bb][vc_empty_space height=\u00a0\u00bb12px\u00a0\u00bb][vc_column_text] 86 Km \/ 1.791 m positius \/ 2.051 m negatius \/ 3 jornades Coincideix amb el&hellip;<\/p>\n","protected":false},"author":2,"featured_media":0,"parent":0,"menu_order":0,"comment_status":"closed","ping_status":"closed","template":"template-full-width.php","meta":{"_acf_changed":false,"footnotes":""},"class_list":["post-14593","page","type-page","status-publish","hentry"],"acf":[],"_links":{"self":[{"href":"https:\/\/www.camioliba.cat\/fr\/wp-json\/wp\/v2\/pages\/14593","targetHints":{"allow":["GET"]}}],"collection":[{"href":"https:\/\/www.camioliba.cat\/fr\/wp-json\/wp\/v2\/pages"}],"about":[{"href":"https:\/\/www.camioliba.cat\/fr\/wp-json\/wp\/v2\/types\/page"}],"author":[{"embeddable":true,"href":"https:\/\/www.camioliba.cat\/fr\/wp-json\/wp\/v2\/users\/2"}],"replies":[{"embeddable":true,"href":"https:\/\/www.camioliba.cat\/fr\/wp-json\/wp\/v2\/comments?post=14593"}],"version-history":[{"count":7,"href":"https:\/\/www.camioliba.cat\/fr\/wp-json\/wp\/v2\/pages\/14593\/revisions"}],"predecessor-version":[{"id":15681,"href":"https:\/\/www.camioliba.cat\/fr\/wp-json\/wp\/v2\/pages\/14593\/revisions\/15681"}],"wp:attachment":[{"href":"https:\/\/www.camioliba.cat\/fr\/wp-json\/wp\/v2\/media?parent=14593"}],"curies":[{"name":"wp","href":"https:\/\/api.w.org\/{rel}","templated":true}]}}