{"id":14588,"date":"2019-11-01T11:02:00","date_gmt":"2019-11-01T11:02:00","guid":{"rendered":"http:\/\/www.camioliba.cat\/a-peu\/"},"modified":"2025-09-28T15:00:41","modified_gmt":"2025-09-28T15:00:41","slug":"a-pied","status":"publish","type":"page","link":"https:\/\/www.camioliba.cat\/fr\/a-pied\/","title":{"rendered":"\u00c0 pied"},"content":{"rendered":"<div class=\"wpb-content-wrapper\"><p>[vc_row][vc_column][vc_empty_space height=\u00a0\u00bb42px\u00a0\u00bb][vc_column_text]L\u2019itin\u00e9raire a \u00e9t\u00e9 mis au point de fa\u00e7on \u00e0 ce que la majorit\u00e9 des visiteurs puissent y acc\u00e9der. Aussi, nous vous proposons un double itin\u00e9raire. L\u2019itin\u00e9raire principal traverse plus de centres-villes, par cons\u00e9quent, , les \u00e9tapes sont plus courtes et on peut y trouve davantage de services. Une bifurcation est propos\u00e9e aux personnes les plus exp\u00e9riment\u00e9es \u00e0 un certain point de cet itin\u00e9raire pour rejoindre un tron\u00e7on de l\u2019itin\u00e9raire secondaire, longeant un superbe paysage.<\/p>\n<p>T\u00e9l\u00e9chargez des renseignements\u00a0<a href=\"https:\/\/www.camioliba.cat\/wp-content\/uploads\/2020\/06\/Cami-Oliba-a-peu-FR-baixaressolucio.pdf\">ICI<\/a>[\/vc_column_text][\/vc_column][\/vc_row][vc_row][vc_column width=\u00a0\u00bb1\/3&Prime;][vc_column_text css=\u00a0\u00bb\u00a0\u00bb el_class=\u00a0\u00bbenllacos\u00a0\u00bb]<\/p>\n<div class=\"titol-p\">\u00c9TAPE 1<\/div>\n<div class=\"subtitol-p\">MONTSERRAT (BAGES) MANRESA (BAGES) &#8211; L&rsquo;ESTANY (MOIAN\u00c8S) \u2013VIC (OSONA)<\/div>\n<p>[\/vc_column_text][vc_empty_space height=\u00a0\u00bb12px\u00a0\u00bb][vc_single_image image=\u00a0\u00bb11230&Prime; img_size=\u00a0\u00bbfull\u00a0\u00bb][vc_empty_space height=\u00a0\u00bb12px\u00a0\u00bb][vc_column_text el_class=\u00a0\u00bbenllacos\u00a0\u00bb]<a href=\"https:\/\/www.camioliba.cat\/fr\/du-monastere-de-montserrat-a-manresa\/\">1. Du Monasti\u00e8re de Montserrat \u00e0 Manresa<\/a><br \/>\n<a href=\"https:\/\/www.camioliba.cat\/fr\/du-manresa-a-navarcles\/\">2. De Manresa \u00e0 Navarcles<\/a><br \/>\n<a href=\"https:\/\/www.camioliba.cat\/fr\/du-navarcles-a-artes\/\">3. De Navarcles \u00e0 Art\u00e9s<\/a><br \/>\n<a href=\"https:\/\/www.camioliba.cat\/fr\/du-artes-a-lestany\/\">4. D&rsquo;Art\u00e9s \u00e0\u00a0 l&rsquo;Estany<\/a><br \/>\n<a href=\"https:\/\/www.camioliba.cat\/fr\/du-lestany-a-vic\/\">5. De l&rsquo;Estany \u00e0 Vic<\/a>[\/vc_column_text][\/vc_column][vc_column width=\u00a0\u00bb1\/3&Prime;][vc_column_text el_class=\u00a0\u00bbenllacos\u00a0\u00bb]<\/p>\n<div class=\"titol-p\">\u00c9TAPE 2<\/div>\n<div class=\"subtitol-p\">VIC (OSONA) \u2013 ST JOAN DE LES ABADESSES (RIPOLL\u00c8S)<\/div>\n<p>[\/vc_column_text][vc_empty_space height=\u00a0\u00bb12px\u00a0\u00bb][vc_single_image image=\u00a0\u00bb11231&Prime; img_size=\u00a0\u00bbfull\u00a0\u00bb][vc_empty_space height=\u00a0\u00bb12px\u00a0\u00bb][vc_column_text el_class=\u00a0\u00bbenllacos\u00a0\u00bb]<a href=\"https:\/\/www.camioliba.cat\/fr\/du-vic-a-folgueroles\/\">1. De Vic \u00e0 Folgueroles<\/a><br \/>\n<a href=\"https:\/\/www.camioliba.cat\/fr\/du-folgueroles-a-casserres\/\">2. De Folgueroles \u00e0 Casserres<\/a><br \/>\n<a href=\"https:\/\/www.camioliba.cat\/fr\/du-casserres-a-vilanova-de-sau\/\">3. De Casserres \u00e0 Vilanova de Sau<\/a><br \/>\n<a href=\"https:\/\/www.camioliba.cat\/fr\/du-vilanova-de-sau-a-tavertet\/\">4. De Vilanova de Sau \u00e0 Tavertet<\/a><br \/>\n<a href=\"https:\/\/www.camioliba.cat\/fr\/du-tavertet-a-lesquirol-relie-a-litineraire\/\">5. De Tavertet a l\u2019Esquirol (connection avec la route alternative)<\/a><br \/>\n<a href=\"https:\/\/www.camioliba.cat\/fr\/du-lesquirol-a-sant-pere-de-torello\/\">6. De l\u2019Esquirol \u00e0 Sant Pere de Torell\u00f3<\/a><br \/>\n<a href=\"https:\/\/www.camioliba.cat\/fr\/du-sant-pere-de-torello-a-santa-maria-de-besora\/\">7. De Sant Pere de Torell\u00f3 \u00e0 Santa Maria de Besora<\/a><br \/>\n<a href=\"https:\/\/www.camioliba.cat\/fr\/du-santa-maria-de-besora-a-la-farga-de-bebie\/\">8. De Santa Maria de Besora \u00e0 La Farga de Bebi\u00e9<\/a><br \/>\n<a href=\"https:\/\/www.camioliba.cat\/fr\/du-la-farga-de-bebie-a-ripoll\/\">9. De la Farga de Bebi\u00e9 \u00e0 Ripoll<\/a><br \/>\n<a href=\"https:\/\/www.camioliba.cat\/fr\/du-ripoll-a-sant-joan-de-les-abadesses\/\">10. De Ripoll \u00e0 Sant Joan de les Abadesses<\/a>[\/vc_column_text][\/vc_column][vc_column width=\u00a0\u00bb1\/3&Prime;][vc_column_text el_class=\u00a0\u00bbenllacos\u00a0\u00bb]<\/p>\n<div class=\"titol-p\">\u00c9TAPE 3<\/div>\n<div class=\"subtitol-p\">RIPOLL (RIPOLL\u00c8S) \u2013SANT MIQUEL DE CUIX\u00c0 (FRAN\u00c7A)<\/div>\n<p>[\/vc_column_text][vc_empty_space height=\u00a0\u00bb12px\u00a0\u00bb][vc_single_image image=\u00a0\u00bb11246&Prime; img_size=\u00a0\u00bbfull\u00a0\u00bb][vc_empty_space height=\u00a0\u00bb12px\u00a0\u00bb][vc_column_text el_class=\u00a0\u00bbenllacos\u00a0\u00bb]<a href=\"https:\/\/www.camioliba.cat\/fr\/du-sant-joan-de-les-abadesses-a-camprodon\/\">1. De Sant Joan de les Abadesses \u00e0 Camprodon<\/a><br \/>\n<a href=\"https:\/\/www.camioliba.cat\/fr\/du-camprodon-a-mollo\/\">2. De Camprodon \u00e0 Moll\u00f3<\/a><br \/>\n<a href=\"https:\/\/www.camioliba.cat\/fr\/du-mollo-a-les-basses-de-puigsec\/\">3. De Moll\u00f3 aux Basses de Puigsec<\/a>[\/vc_column_text][\/vc_column][\/vc_row][vc_row][vc_column width=\u00a0\u00bb1\/3&Prime;][vc_column_text css=\u00a0\u00bb\u00a0\u00bb el_class=\u00a0\u00bbenllacos\u00a0\u00bb]<\/p>\n<div class=\"titol-p\">\u00c9TAPE VARIANTE<\/div>\n<div class=\"subtitol-p\">TAVERTET (OSONA) &#8211; SANT JOAN DE LES ABADESSES (RIPOLL\u00c8S)<\/div>\n<p>[\/vc_column_text][vc_empty_space height=\u00a0\u00bb12px\u00a0\u00bb][vc_single_image image=\u00a0\u00bb23745&Prime; img_size=\u00a0\u00bbfull\u00a0\u00bb css=\u00a0\u00bb\u00a0\u00bb][vc_empty_space height=\u00a0\u00bb12px\u00a0\u00bb][vc_column_text css=\u00a0\u00bb\u00a0\u00bb el_class=\u00a0\u00bbenllacos\u00a0\u00bb]<a href=\"https:\/\/www.camioliba.cat\/fr\/du-tavertet-a-rupit-des-etape-5\/\">V1. De Tavertet \u00e0 Rupit (d\u00e8s l&rsquo;\u00e9tape 5)<\/a><br \/>\n<a href=\"https:\/\/www.camioliba.cat\/fr\/du-rupit-au-col-de-bracons\/\">V2. De Rupit \u00e0 la Collada de Bracons<\/a><br \/>\n<a href=\"https:\/\/www.camioliba.cat\/fr\/du-col-de-bracons-a-vidra\/\">V3. De la Collada de Bracons \u00e0 Vidr\u00e0<\/a><br \/>\n<a href=\"https:\/\/www.camioliba.cat\/fr\/du-vidra-a-vallfogona-de-ripolles\/\">V4. De Vidr\u00e0 \u00e0 Vallfogona de Ripoll\u00e8s<\/a><br \/>\n<a href=\"https:\/\/www.camioliba.cat\/fr\/du-vallfogona-de-ripolles-a-sant-joan-de-les-abadesses\/\">V5. De Vallfogona \u00e0 Sant Joan de les Abadesses<\/a>[\/vc_column_text][\/vc_column][vc_column width=\u00a0\u00bb1\/3&Prime;][vc_column_text css=\u00a0\u00bb\u00a0\u00bb el_class=\u00a0\u00bbenllacos\u00a0\u00bb]<\/p>\n<div class=\"titol-p\">\u00c9TAPE 4<\/div>\n<div class=\"subtitol-p\">PRATS-DE-MOLL\u00d3 \u2013 ABBAYE SANT-MIQUEL-DE-CUIX\u00c0<\/div>\n<p>[\/vc_column_text][vc_empty_space height=\u00a0\u00bb12px\u00a0\u00bb][vc_single_image image=\u00a0\u00bb23753&Prime; img_size=\u00a0\u00bbfull\u00a0\u00bb css=\u00a0\u00bb\u00a0\u00bb][vc_empty_space height=\u00a0\u00bb12px\u00a0\u00bb][vc_column_text css=\u00a0\u00bb\u00a0\u00bb el_class=\u00a0\u00bbenllacos\u00a0\u00bb]19. Prats-de-Moll\u00f3 \u2013\u00a0 Refuge de Sant Guillem<br \/>\n20. Refuge de Sant Guillem \u2013 Refuge de Batera<br \/>\n21. Refuge de Batera \u2013 Vallest\u00e0via<br \/>\n22. Vallest\u00e0via \u2013 Sant Miquel de Cuix\u00e0[\/vc_column_text][\/vc_column][vc_column width=\u00a0\u00bb1\/3&Prime;][vc_column_text css=\u00a0\u00bb\u00a0\u00bb el_class=\u00a0\u00bbenllacos\u00a0\u00bb]<\/p>\n<div class=\"titol-p\">\u00c9TAPE VARIANTE<\/div>\n<div class=\"subtitol-p\">SANT GUILLEM \u2013 SANT MART\u00cd DEL CANIG\u00d3 \u2013 SANT MIQUEL DE CUIX\u00c0<\/div>\n<p>[\/vc_column_text][vc_empty_space height=\u00a0\u00bb12px\u00a0\u00bb][vc_single_image image=\u00a0\u00bb23761&Prime; img_size=\u00a0\u00bbfull\u00a0\u00bb css=\u00a0\u00bb\u00a0\u00bb][vc_empty_space height=\u00a0\u00bb12px\u00a0\u00bb][vc_column_text css=\u00a0\u00bb\u00a0\u00bb el_class=\u00a0\u00bbenllacos\u00a0\u00bb]V1. Refugi de Sant Guillem \u2013 Refugi de Marialles<br \/>\nV2. Refugi de Marialles \u2013 Sant Miquel de Cuix\u00e0[\/vc_column_text][\/vc_column][\/vc_row][vc_row][vc_column][vc_empty_space][\/vc_column][\/vc_row]<\/p>\n<\/div>","protected":false},"excerpt":{"rendered":"<p>[vc_row][vc_column][vc_empty_space height=\u00a0\u00bb42px\u00a0\u00bb][vc_column_text]L\u2019itin\u00e9raire a \u00e9t\u00e9 mis au point de fa\u00e7on \u00e0 ce que la majorit\u00e9 des visiteurs puissent y acc\u00e9der. Aussi, nous vous proposons un double itin\u00e9raire. L\u2019itin\u00e9raire principal traverse plus de centres-villes, par cons\u00e9quent, , les \u00e9tapes sont plus courtes et on peut y trouve davantage de services. Une bifurcation est propos\u00e9e aux personnes les&hellip;<\/p>\n","protected":false},"author":2,"featured_media":0,"parent":0,"menu_order":0,"comment_status":"closed","ping_status":"closed","template":"template-full-width.php","meta":{"_acf_changed":false,"footnotes":""},"class_list":["post-14588","page","type-page","status-publish","hentry"],"acf":[],"_links":{"self":[{"href":"https:\/\/www.camioliba.cat\/fr\/wp-json\/wp\/v2\/pages\/14588","targetHints":{"allow":["GET"]}}],"collection":[{"href":"https:\/\/www.camioliba.cat\/fr\/wp-json\/wp\/v2\/pages"}],"about":[{"href":"https:\/\/www.camioliba.cat\/fr\/wp-json\/wp\/v2\/types\/page"}],"author":[{"embeddable":true,"href":"https:\/\/www.camioliba.cat\/fr\/wp-json\/wp\/v2\/users\/2"}],"replies":[{"embeddable":true,"href":"https:\/\/www.camioliba.cat\/fr\/wp-json\/wp\/v2\/comments?post=14588"}],"version-history":[{"count":17,"href":"https:\/\/www.camioliba.cat\/fr\/wp-json\/wp\/v2\/pages\/14588\/revisions"}],"predecessor-version":[{"id":23782,"href":"https:\/\/www.camioliba.cat\/fr\/wp-json\/wp\/v2\/pages\/14588\/revisions\/23782"}],"wp:attachment":[{"href":"https:\/\/www.camioliba.cat\/fr\/wp-json\/wp\/v2\/media?parent=14588"}],"curies":[{"name":"wp","href":"https:\/\/api.w.org\/{rel}","templated":true}]}}