{"id":14269,"date":"2019-06-21T16:52:45","date_gmt":"2019-06-21T16:52:45","guid":{"rendered":"http:\/\/www.camioliba.cat\/inici\/"},"modified":"2025-09-28T15:38:31","modified_gmt":"2025-09-28T15:38:31","slug":"inici","status":"publish","type":"page","link":"https:\/\/www.camioliba.cat\/fr\/","title":{"rendered":"Inici"},"content":{"rendered":"<div class=\"wpb-content-wrapper\"><p>[vc_row full_width=\u00a0\u00bbstretch_row_content_no_spaces\u00a0\u00bb][vc_column][rev_slider_vc alias=\u00a0\u00bbfrances\u00a0\u00bb][vc_empty_space][\/vc_column][\/vc_row][vc_row][vc_column width=\u00a0\u00bb1\/3&Prime;][vc_single_image image=\u00a0\u00bb14844&Prime; img_size=\u00a0\u00bb463 per 322 p\u00edxels\u00a0\u00bb onclick=\u00a0\u00bbcustom_link\u00a0\u00bb link=\u00a0\u00bbhttps:\/\/www.camioliba.cat\/fr\/a-peu\/\u00a0\u00bb][vc_column_text]<\/p>\n<h3><a href=\"https:\/\/www.camioliba.cat\/fr\/a-peu\/\">\u00c0 pied<\/a><\/h3>\n<p>[\/vc_column_text][\/vc_column][vc_column width=\u00a0\u00bb1\/3&Prime;][vc_single_image image=\u00a0\u00bb14848&Prime; img_size=\u00a0\u00bb463 per 322 p\u00edxels\u00a0\u00bb onclick=\u00a0\u00bbcustom_link\u00a0\u00bb link=\u00a0\u00bbhttps:\/\/www.camioliba.cat\/fr\/en-bicicleta\/etape1\/\u00a0\u00bb][vc_column_text]<\/p>\n<h3><a href=\"https:\/\/www.camioliba.cat\/fr\/en-bicicleta\/etape1\/\">En v\u00e9lo<\/a><\/h3>\n<p>[\/vc_column_text][\/vc_column][vc_column width=\u00a0\u00bb1\/3&Prime;][vc_single_image image=\u00a0\u00bb14852&Prime; img_size=\u00a0\u00bb463 per 322 p\u00edxels\u00a0\u00bb onclick=\u00a0\u00bbcustom_link\u00a0\u00bb link=\u00a0\u00bbhttps:\/\/www.camioliba.cat\/fr\/en-cotxe\u00a0\u00bb][vc_column_text]<\/p>\n<h3><a href=\"https:\/\/www.camioliba.cat\/fr\/en-cotxe\">En voiture<\/a><\/h3>\n<p>[\/vc_column_text][\/vc_column][\/vc_row][vc_row full_width=\u00a0\u00bbstretch_row_content_no_spaces\u00a0\u00bb][vc_column][vc_empty_space][\/vc_column][\/vc_row][vc_row][vc_column width=\u00a0\u00bb1\/2&Prime;][vc_single_image image=\u00a0\u00bb14218&Prime; img_size=\u00a0\u00bb613 per 277 p\u00edxels\u00a0\u00bb onclick=\u00a0\u00bbcustom_link\u00a0\u00bb link=\u00a0\u00bbhttps:\/\/www.camioliba.cat\/fr\/carnet-de-ruta\/\u00a0\u00bb][vc_column_text css=\u00a0\u00bb\u00a0\u00bb]<\/p>\n<h3><a href=\"https:\/\/www.camioliba.cat\/fr\/carte-de-route\/\">La carte de route<\/a><\/h3>\n<p id=\"tw-target-text\" class=\"tw-data-text tw-text-large tw-ta\" dir=\"ltr\" data-placeholder=\"Traducci\u00f3\" data-ved=\"2ahUKEwjnqoza372LAxXgVaQEHWcAA4MQ3ewLegQIBhAV\" aria-label=\"Text tradu\u00eft: Parcourez les chemins de Mgr Abad Oliba et b\u00e9n\u00e9ficiez de tous les avantages de cette carte.\"><span class=\"Y2IQFc\" lang=\"fr\">Parcourez les chemins de Mgr Abad Oliba et b\u00e9n\u00e9ficiez de tous les avantages de cette carte.<\/span><\/p>\n<p>[\/vc_column_text][\/vc_column][vc_column width=\u00a0\u00bb1\/2&Prime;][vc_single_image image=\u00a0\u00bb22721&Prime; img_size=\u00a0\u00bb613 per 277 p\u00edxels\u00a0\u00bb onclick=\u00a0\u00bbcustom_link\u00a0\u00bb css=\u00a0\u00bb\u00a0\u00bb link=\u00a0\u00bbhttps:\/\/www.camioliba.cat\/fr\/decalogue-du-bon-randonneur\/\u00a0\u00bb][vc_column_text css=\u00a0\u00bb\u00a0\u00bb]<\/p>\n<h3><a href=\"https:\/\/www.camioliba.cat\/fr\/decalogue-du-bon-randonneur\/\">Guide des Bonnes Pratiques sur le Chemin Oliba<\/a><\/h3>\n<p id=\"tw-target-text\" class=\"tw-data-text tw-text-large tw-ta\" dir=\"ltr\" data-placeholder=\"Traducci\u00f3\" data-ved=\"2ahUKEwjnqoza372LAxXgVaQEHWcAA4MQ3ewLegQIBhAV\" aria-label=\"Text tradu\u00eft: Rejoignez-nous pour faire l'Oliba Trail de mani\u00e8re durable et respectueuse. Nous vous attendons !\"><span class=\"Y2IQFc\" lang=\"fr\">Rejoignez-nous pour faire l&rsquo;Oliba Trail de mani\u00e8re durable et respectueuse. Nous vous attendons !<\/span><\/p>\n<p>[\/vc_column_text][\/vc_column][\/vc_row][vc_row full_width=\u00a0\u00bbstretch_row_content_no_spaces\u00a0\u00bb][vc_column][vc_empty_space][\/vc_column][\/vc_row][vc_row css=\u00a0\u00bb.vc_custom_1579612185083{background-image: url(https:\/\/www.camioliba.cat\/wp-content\/uploads\/2020\/01\/tram12.jpg?id=15319) !important;}\u00a0\u00bb][vc_column][vc_empty_space height=\u00a0\u00bb180px\u00a0\u00bb][\/vc_column][\/vc_row][vc_row][vc_column width=\u00a0\u00bb1\/2&Prime;][vc_empty_space height=\u00a0\u00bb82px\u00a0\u00bb][vc_empty_space][vc_column_text]<strong>Le chemin Oliba<\/strong> est un itin\u00e9raire de l&rsquo;art roman reliant les comarques du Bages,\u00a0d\u2019Osona et du Ripoll\u00e8s et utilisant comme fil conducteur l\u2019\u00e9v\u00eaque-abb\u00e9 Oliba.L\u2019art roman est sans aucun doute la tendance architecturale et artistique la plus r\u00e9pandue, de toutes celles qui ont exist\u00e9 jusqu\u2019\u00e0 nos jours. Les comarques du Bages,\u00a0d\u2019Osona et du Ripoll\u00e8s repr\u00e9sentent l\u2019\u00e9chantillon le plus fid\u00e8le de ce riche patrimoine. Tous les villages et toutes les villes de nos comarques poss\u00e8dent ou ont poss\u00e9d\u00e9 une \u00e9glise ou un b\u00e2timent construit dans ce style. L\u2019art roman nous unit et donne son sens \u00e0 ce projet.<\/p>\n<p>L\u2019art roman se pr\u00e9sente donc comme une partie int\u00e9grante de la Catalogne Centrale et constitue un bon argument pour encourager le r\u00e9\u00e9quilibre territorial et faire conna\u00eetre le paysage, la gastronomie, la tradition et tout ce que propose l\u2019int\u00e9rieur de la Catalogne d\u2019un point de vue touristique.[\/vc_column_text][vc_empty_space height=\u00a0\u00bb62px\u00a0\u00bb][\/vc_column][vc_column width=\u00a0\u00bb1\/2&Prime;][vc_empty_space height=\u00a0\u00bb112px\u00a0\u00bb][vc_video link=\u00a0\u00bbhttps:\/\/youtu.be\/hyyGqmiXgwc\u00a0\u00bb][vc_empty_space][\/vc_column][\/vc_row][vc_row css=\u00a0\u00bb.vc_custom_1485256355659{padding-top: 100px !important;padding-bottom: 100px !important;background-image: url(https:\/\/www.camioliba.cat\/wp-content\/uploads\/2016\/11\/fons.jpg?id=10138) !important;background-position: center !important;background-repeat: no-repeat !important;background-size: cover !important;}\u00a0\u00bb][vc_column][vc_column_text]<\/p>\n<h3 style=\"text-align: center;\"><span style=\"color: #ffffff;\">Le Cam\u00ed Oliba est un mus\u00e9e authentique au milieu de la nature. Il est art, culture et histoire dans son essence qui permet la visite des beaux parages naturels, des villages charmants ou des cit\u00e9s qui ont un h\u00e9ritage incroyable.<\/span><\/h3>\n<p>[\/vc_column_text][vc_empty_space][\/vc_column][\/vc_row][vc_row css=\u00a0\u00bb.vc_custom_1480318387944{padding-top: 100px !important;padding-bottom: 100px !important;background-image: url(http:\/\/creative-wp.com\/demos\/amwal\/wp-content\/uploads\/2016\/11\/home-7-about-bg.jpg?id=9536) !important;background-position: center !important;background-repeat: no-repeat !important;background-size: cover !important;}\u00a0\u00bb][vc_column][vc_column_text css=\u00a0\u00bb\u00a0\u00bb]<div class=\"section-title title-block title-style-1 light-skin text-center\"><span class=\"top-title\"><\/span><h2 class=\"title\">Le sentier<\/h2><div class=\"sub-title\">Des diff\u00e9rentes options<\/div><span class=\"bottom-title\"><\/span><div class=\"desc\"><p>L\u2019itin\u00e9raire a \u00e9t\u00e9 mis au point de fa\u00e7on \u00e0 ce que la majorit\u00e9 des visiteurs puissent y acc\u00e9der. Aussi, nous vous proposons un double itin\u00e9raire. L\u2019itin\u00e9raire principal traverse plus de centres-villes, par cons\u00e9quent, , les \u00e9tapes sont plus courtes et on peut y trouve davantage de services. Une bifurcation est propos\u00e9e aux personnes les plus exp\u00e9riment\u00e9es \u00e0 un certain point de cet itin\u00e9raire pour rejoindre un tron\u00e7on de l\u2019itin\u00e9raire secondaire, longeant un superbe paysage.<\/p>\n<p>[\/vc_column_text][\/vc_column][\/vc_row][vc_row][vc_column width=\u00a0\u00bb1\/3&Prime;][vc_single_image image=\u00a0\u00bb23733&Prime; img_size=\u00a0\u00bb463 per 322 p\u00edxels\u00a0\u00bb onclick=\u00a0\u00bbcustom_link\u00a0\u00bb css=\u00a0\u00bb\u00a0\u00bb link=\u00a0\u00bbhttps:\/\/www.camioliba.cat\/fr\/a-peu\/\u00a0\u00bb][vc_column_text css=\u00a0\u00bb\u00a0\u00bb]<\/p>\n<div class=\"title\">\n<h3><b>Montserrat-Manresa-L\u2019Estany-Vic<\/b><\/h3>\n<p>&nbsp;<\/p>\n<\/div>\n<div class=\"desc\">\n<p><em>86km \/ 1.791m d\u00e9nivel\u00e9 positif \/ 2.051m d\u00e9nivel\u00e9 n\u00e9gatif \/ 3 jours<\/em><\/p>\n<p>Le chemin de Saint-Jacques se parcourt en cinq \u00e9tapes d\u2019une demi-journ\u00e9e. Il commence \u00e0 Manresa, o\u00f9 l\u2019on peut entrer dans la Seu, puis continue vers Navarcles. Il traverse les vignes du Pl\u00e0 del Bages et rejoint Art\u00e9s et l\u2019Estany. Le parcours s\u2019ach\u00e8ve \u00e0 Vic, ville m\u00e9di\u00e9vale aux nombreuses b\u00e2tisses d\u2019\u00e9poque, offrant un voyage entre nature, culture et patrimoine.<\/p>\n<\/div>\n<p>[\/vc_column_text][\/vc_column][vc_column width=\u00a0\u00bb1\/3&Prime;][vc_single_image image=\u00a0\u00bb23737&Prime; img_size=\u00a0\u00bb463 per 322 p\u00edxels\u00a0\u00bb onclick=\u00a0\u00bbcustom_link\u00a0\u00bb css=\u00a0\u00bb\u00a0\u00bb link=\u00a0\u00bbhttps:\/\/www.camioliba.cat\/fr\/en-bicicleta\/etape1\/\u00a0\u00bb][vc_column_text css=\u00a0\u00bb\u00a0\u00bb]<\/p>\n<div class=\"title\">\n<h3><b>Vic-Ripoll-Sant Joan de les Abadesses<\/b><\/h3>\n<p>&nbsp;<\/p>\n<\/div>\n<div class=\"desc\">\n<p><em>116 Km | 5.011 m positifs \/ 4.701 m negatifs | 10 \u00e9tapes<\/em><\/p>\n<p>Le chemin de Saint-Jacques se parcourt en cinq \u00e9tapes d\u2019une demi-journ\u00e9e. Il commence \u00e0 Manresa, o\u00f9 l\u2019on peut entrer dans la Seu, puis continue vers Navarcles. Le trajet traverse les vignes du Pl\u00e0 del Bages et rejoint Art\u00e9s et l\u2019Estany. L\u2019itin\u00e9raire s\u2019ach\u00e8ve \u00e0 Vic, ville m\u00e9di\u00e9vale riche en patrimoine, avec de nombreuses b\u00e2tisses d\u2019\u00e9poque \u00e0 d\u00e9couvrir.<\/p>\n<\/div>\n<p>[\/vc_column_text][\/vc_column][vc_column width=\u00a0\u00bb1\/3&Prime;][vc_single_image image=\u00a0\u00bb23741&Prime; img_size=\u00a0\u00bb463 per 322 p\u00edxels\u00a0\u00bb onclick=\u00a0\u00bbcustom_link\u00a0\u00bb css=\u00a0\u00bb\u00a0\u00bb link=\u00a0\u00bbhttps:\/\/www.camioliba.cat\/fr\/en-cotxe\u00a0\u00bb][vc_column_text css=\u00a0\u00bb\u00a0\u00bb]<\/p>\n<div class=\"title\">\n<h3><b>Tavertet-Sant Joan de les Abadesses (variante)<\/b><\/h3>\n<p>&nbsp;<\/p>\n<\/div>\n<div class=\"desc\">\n<p><strong>54 Km | 1.870 m positifs &#8211; 1.970 m negatifs | 3 \u00e9tapes<\/strong><\/p>\n<p>Pr\u00e9vu en trois \u00e9tapes d\u2019une demi-journ\u00e9e, ce tron\u00e7on traverse Camprodon et Moll\u00f3, puis les \u00e9tangs de Puig Sec, joyau naturel \u00e0 admirer depuis le mirador du Canigou, \u00e0 la fronti\u00e8re fran\u00e7aise. Le chemin Oliba sera prolong\u00e9 de 50 km jusqu\u2019au monast\u00e8re de Sant Miquel de Cuix\u00e0, puis \u00e0 Toulouges, lieu o\u00f9 Oliba c\u00e9l\u00e9bra la premi\u00e8re assembl\u00e9e \u00ab Pau i Treva \u00bb.<\/p>\n<\/div>\n<p>[\/vc_column_text][\/vc_column][\/vc_row][vc_row][vc_column width=\u00a0\u00bb1\/3&Prime;][vc_single_image image=\u00a0\u00bb23749&Prime; img_size=\u00a0\u00bb463 per 322 p\u00edxels\u00a0\u00bb onclick=\u00a0\u00bbcustom_link\u00a0\u00bb css=\u00a0\u00bb\u00a0\u00bb link=\u00a0\u00bbhttps:\/\/www.camioliba.cat\/fr\/a-peu\/\u00a0\u00bb][vc_column_text css=\u00a0\u00bb\u00a0\u00bb]<\/p>\n<div class=\"title\">\n<h3><b>Sant Joan de les Abadesses \u2013 Prats-de-Moll\u00f3<\/b><\/h3>\n<p>&nbsp;<\/p>\n<\/div>\n<div class=\"desc\">\n<p><em>39,5 Km | 1.912 m positifs \u2013 1.042 m negatifs | 3 \u00e9tapes<\/em><\/p>\n<p>Con\u00e7u en trois \u00e9tapes d\u2019une demi-journ\u00e9e, ce tron\u00e7on traverse Camprodon et Moll\u00f3, franchit les bassins de Puig Sec et rejoint Prats-de-Mollo en France. L\u2019itin\u00e9raire permet aussi de profiter du belv\u00e9d\u00e8re naturel du Canig\u00f3, offrant des vues spectaculaires qui soulignent le caract\u00e8re transfrontalier et pyr\u00e9n\u00e9en de ce parcours unique.<\/p>\n<\/div>\n<p>[\/vc_column_text][\/vc_column][vc_column width=\u00a0\u00bb1\/3&Prime;][vc_single_image image=\u00a0\u00bb23753&Prime; img_size=\u00a0\u00bb463 per 322 p\u00edxels\u00a0\u00bb onclick=\u00a0\u00bbcustom_link\u00a0\u00bb css=\u00a0\u00bb\u00a0\u00bb link=\u00a0\u00bbhttps:\/\/www.camioliba.cat\/fr\/en-bicicleta\/etape1\/\u00a0\u00bb][vc_column_text css=\u00a0\u00bb\u00a0\u00bb]<\/p>\n<div class=\"title\">\n<h3><b>Sant Joan de les Abadesses \u2013 Abadia Sant-Miquel-de-Cuix\u00e0<\/b><\/h3>\n<p>&nbsp;<\/p>\n<\/div>\n<div class=\"desc\">\n<p>62,6 Km | 4273 m positifs -4995 m negatifs | 4 \u00e9tapes<\/p>\n<p>Cette derni\u00e8re \u00e9tape relie Prats-de-Mollo \u00e0 l\u2019abbaye de Sant Miquel de Cuix\u00e0 \u00e0 travers le massif du Canig\u00f3, au c\u0153ur de paysages sauvages et embl\u00e9matiques. Le parcours passe par le refuge de Sant Guillem, l\u2019ermitage roman et le refuge de Batera, avec vues sur le Canig\u00f3 et la M\u00e9diterran\u00e9e. La Pinosa, ancienne cit\u00e9 mini\u00e8re, pr\u00e9c\u00e8de Cuix\u00e0, joyau roman catalan.<\/p>\n<\/div>\n<p>[\/vc_column_text][\/vc_column][vc_column width=\u00a0\u00bb1\/3&Prime;][vc_single_image image=\u00a0\u00bb23757&Prime; img_size=\u00a0\u00bb463 per 322 p\u00edxels\u00a0\u00bb onclick=\u00a0\u00bbcustom_link\u00a0\u00bb css=\u00a0\u00bb\u00a0\u00bb link=\u00a0\u00bbhttps:\/\/www.camioliba.cat\/fr\/en-cotxe\u00a0\u00bb][vc_column_text css=\u00a0\u00bb\u00a0\u00bb]<\/p>\n<div class=\"title\">\n<h3><b>St.Guillem-St.Mart\u00ed del Canig\u00f3-St.Miquel de Cuix\u00e0 (tron\u00e7on variant)<\/b><\/h3>\n<p>&nbsp;<\/p>\n<\/div>\n<div class=\"desc\">\n<p><em>41,35km | 1154 m positifs \u2013 1599 m negatifs | 2 \u00e9tapes<\/em><\/p>\n<p>Cette variante de l\u2019\u00e9tape finale relie le refuge de Sant Guillem \u00e0 l\u2019abbaye de Saint-Michel de Cuix\u00e0 en passant par l\u2019inoubliable Sant Mart\u00ed du Canig\u00f3. Le chemin descend \u00e0 travers for\u00eats et falaises vers ce monast\u00e8re roman, puis suit d\u2019anciens sentiers aux vues larges sur le Pla Guillem et le Conflent, avant d\u2019atteindre Cuix\u00e0, o\u00f9 patrimoine et nature s\u2019unissent.<\/p>\n<\/div>\n<p>[\/vc_column_text][\/vc_column][\/vc_row][vc_row][vc_column][vc_empty_space height=\u00a0\u00bb62px\u00a0\u00bb][vc_empty_space height=\u00a0\u00bb62px\u00a0\u00bb][\/vc_column][\/vc_row][vc_row css=\u00a0\u00bb.vc_custom_1485260626612{padding-top: 100px !important;padding-bottom: 100px !important;background-image: url(https:\/\/www.camioliba.cat\/wp-content\/uploads\/2016\/11\/fons3-1.jpg?id=10187) !important;background-position: center !important;background-repeat: no-repeat !important;background-size: cover !important;}\u00a0\u00bb][vc_column][vc_column_text]<div class=\"section-title title-block title-style-1 text-center\"><span class=\"top-title\"><\/span><h2 class=\"title\">Logements et services<\/h2><div class=\"sub-title\">Au long du chemin on peut trouver des resaurants, des logement et des autres services.<\/div><span class=\"bottom-title\"><\/span><\/div>\n<\/div><\/div>[vc_empty_space][vc_empty_space][vc_btn title=\u00a0\u00bbPlus renseignement\u00a0\u00bb style=\u00a0\u00bbclassic\u00a0\u00bb color=\u00a0\u00bbwhite\u00a0\u00bb align=\u00a0\u00bbcenter\u00a0\u00bb][\/vc_column_text][\/vc_column][\/vc_row][vc_row][vc_column][vc_empty_space height=\u00a0\u00bb62px\u00a0\u00bb][vc_empty_space height=\u00a0\u00bb62px\u00a0\u00bb][\/vc_column][\/vc_row][vc_row][vc_column][vc_empty_space][vc_row_inner][vc_column_inner width=\u00a0\u00bb1\/4&Prime;][\/vc_column_inner][vc_column_inner width=\u00a0\u00bb1\/2&Prime;][vc_empty_space][vc_raw_html]JTNDZGl2JTIwYWxpZ24lM0QlMjJjZW50ZXIlMjIlM0UlM0NpZnJhbWUlMjBzcmMlM0QlMjJodHRwcyUzQSUyRiUyRnN0YXRpYy1tLm1ldGVvLmNhdCUyRmdpbnlzJTJGbWFwYVByZWRpY2NpbyUzRmxhbmd1YWdlJTNEY2ElMjZjb2xvciUzRDJjM2U1MCUyNnRhcmdldCUzRF9ibGFuayUyMiUyMHRpdGxlJTNEJTIyUHJlZGljY2klQzMlQjMlMjBnZW5lcmFsJTIwZGUlMjBDYXRhbHVueWElMjIlMjBmcmFtZWJvcmRlciUzRCUyMjAlMjIlMjBzdHlsZSUzRCUyMmJvcmRlciUzQTAlMjIlMjBzY3JvbGxpbmclM0QlMjJubyUyMiUyMHdpZHRoJTNEJTIyNTY1JTIyJTIwaGVpZ2h0JTNEJTIyMzg4JTIyJTNFJTNDJTJGaWZyYW1lJTNFJTNDJTJGZGl2JTNF[\/vc_raw_html][vc_empty_space][\/vc_column_inner][vc_column_inner width=\u00a0\u00bb1\/4&Prime;][\/vc_column_inner][\/vc_row_inner][\/vc_column][\/vc_row]<\/p>\n<\/div>","protected":false},"excerpt":{"rendered":"<p>[vc_row full_width=\u00a0\u00bbstretch_row_content_no_spaces\u00a0\u00bb][vc_column][rev_slider_vc alias=\u00a0\u00bbfrances\u00a0\u00bb][vc_empty_space][\/vc_column][\/vc_row][vc_row][vc_column width=\u00a0\u00bb1\/3&Prime;][vc_single_image image=\u00a0\u00bb14844&Prime; img_size=\u00a0\u00bb463 per 322 p\u00edxels\u00a0\u00bb onclick=\u00a0\u00bbcustom_link\u00a0\u00bb link=\u00a0\u00bbhttps:\/\/www.camioliba.cat\/fr\/a-peu\/\u00a0\u00bb][vc_column_text] \u00c0 pied [\/vc_column_text][\/vc_column][vc_column width=\u00a0\u00bb1\/3&Prime;][vc_single_image image=\u00a0\u00bb14848&Prime; img_size=\u00a0\u00bb463 per 322 p\u00edxels\u00a0\u00bb onclick=\u00a0\u00bbcustom_link\u00a0\u00bb link=\u00a0\u00bbhttps:\/\/www.camioliba.cat\/fr\/en-bicicleta\/etape1\/\u00a0\u00bb][vc_column_text] En v\u00e9lo [\/vc_column_text][\/vc_column][vc_column width=\u00a0\u00bb1\/3&Prime;][vc_single_image image=\u00a0\u00bb14852&Prime; img_size=\u00a0\u00bb463 per 322 p\u00edxels\u00a0\u00bb onclick=\u00a0\u00bbcustom_link\u00a0\u00bb link=\u00a0\u00bbhttps:\/\/www.camioliba.cat\/fr\/en-cotxe\u00a0\u00bb][vc_column_text] En voiture [\/vc_column_text][\/vc_column][\/vc_row][vc_row full_width=\u00a0\u00bbstretch_row_content_no_spaces\u00a0\u00bb][vc_column][vc_empty_space][\/vc_column][\/vc_row][vc_row][vc_column width=\u00a0\u00bb1\/2&Prime;][vc_single_image image=\u00a0\u00bb14218&Prime; img_size=\u00a0\u00bb613 per 277 p\u00edxels\u00a0\u00bb onclick=\u00a0\u00bbcustom_link\u00a0\u00bb link=\u00a0\u00bbhttps:\/\/www.camioliba.cat\/fr\/carnet-de-ruta\/\u00a0\u00bb][vc_column_text css=\u00a0\u00bb\u00a0\u00bb] La carte de route Parcourez les chemins de Mgr&hellip;<\/p>\n","protected":false},"author":2,"featured_media":0,"parent":0,"menu_order":0,"comment_status":"closed","ping_status":"closed","template":"template-full-width.php","meta":{"_acf_changed":false,"footnotes":""},"class_list":["post-14269","page","type-page","status-publish","hentry"],"acf":[],"_links":{"self":[{"href":"https:\/\/www.camioliba.cat\/fr\/wp-json\/wp\/v2\/pages\/14269","targetHints":{"allow":["GET"]}}],"collection":[{"href":"https:\/\/www.camioliba.cat\/fr\/wp-json\/wp\/v2\/pages"}],"about":[{"href":"https:\/\/www.camioliba.cat\/fr\/wp-json\/wp\/v2\/types\/page"}],"author":[{"embeddable":true,"href":"https:\/\/www.camioliba.cat\/fr\/wp-json\/wp\/v2\/users\/2"}],"replies":[{"embeddable":true,"href":"https:\/\/www.camioliba.cat\/fr\/wp-json\/wp\/v2\/comments?post=14269"}],"version-history":[{"count":27,"href":"https:\/\/www.camioliba.cat\/fr\/wp-json\/wp\/v2\/pages\/14269\/revisions"}],"predecessor-version":[{"id":23784,"href":"https:\/\/www.camioliba.cat\/fr\/wp-json\/wp\/v2\/pages\/14269\/revisions\/23784"}],"wp:attachment":[{"href":"https:\/\/www.camioliba.cat\/fr\/wp-json\/wp\/v2\/media?parent=14269"}],"curies":[{"name":"wp","href":"https:\/\/api.w.org\/{rel}","templated":true}]}}