{"id":13748,"date":"2019-02-06T08:53:36","date_gmt":"2019-02-06T08:53:36","guid":{"rendered":"http:\/\/www.camioliba.cat\/mil-lenari-oliba-2018\/"},"modified":"2019-02-06T08:53:36","modified_gmt":"2019-02-06T08:53:36","slug":"mil-lenari-oliba-2018","status":"publish","type":"page","link":"https:\/\/www.camioliba.cat\/fr\/mil-lenari-oliba-2018\/","title":{"rendered":"Mil.lenari Oliba 2018"},"content":{"rendered":"<div class=\"wpb-content-wrapper\"><p>[vc_row][vc_column][vc_column_text]<\/p>\n<h2><strong>OLIBA EPISCOPUS: CAMINS.<\/strong><br \/>\nMil\u00b7lenari d&rsquo;Oliba, bisbe de Vic.<br \/>\nEspectacles art\u00edstics als escenaris hist\u00f2rics del Bisbe Oliba<\/h2>\n<h3>Descarrega&rsquo;t tota la informaci\u00f3 a continuaci\u00f3:<br \/>\n<a href=\"https:\/\/www.camioliba.cat\/wp-content\/uploads\/2018\/02\/diptic_camioliba_web_DEF.pdf\">fullet\u00f3 Oliba Episcopus<\/a><br \/>\n<a href=\"https:\/\/www.camioliba.cat\/wp-content\/uploads\/2018\/02\/cartell-Oliba-pdf.pdf\">cartell Oliba<\/a><\/h3>\n<p>Enguany es celebra el mil.lenari del nomenament d&rsquo;Oliba com a bisbe de Vic. A continuaci\u00f3 trobareu detallades diferents propostes que s&rsquo;organitzen als diferents municipis que es troben al llarg de la ruta es porten a terme activitats relacionades amb la seva figura:visit3es teatralitzades, visites guiades en espais amb un gran component rom\u00e0nic, exposicions&#8230;.Aquest any, descobreix Oliba!<\/p>\n<p>7 juliol | 22:00h | Seu de Manresa<br \/>\n<strong>Homo Faber: Oliba Constructor<\/strong><br \/>\nLa ciutat de Manresa va ser destru\u00efda al 1003 i, despr\u00e9s d&rsquo;anys de romandre deshabitada, Oliba bast\u00ed de nou la Seu i reorganitz\u00e0 la vida urbana. Per\u00f2 tamb\u00e9 introdu\u00ed el rom\u00e0nic llombard a Catalunya i promogu\u00e9 la construcci\u00f3 de monestirs, esgl\u00e9sies i catedrals arreu del territori.<\/p>\n<p>18 d\u2019agost | 22hores | Monestir de Santa Maria de l\u2019Estany<br \/>\n<strong>Camins. L\u2019Estany<br \/>\n<\/strong>Els camins europeus de l\u2019any 1000 recorreguts pel bisbe, des dels comtats catalans als viatges a Roma, per\u00f2 tamb\u00e9 els camins del saber; imaginar a Oliba carregat de c\u00f2dexs en els seus viatges, veritables tresors a l\u2019\u00e8poca, tr\u00e0nsit d\u2019idees, i via de l\u2019aprenentatge espiritual. Activitat organitzada en el marc del Festival Stagnum<\/p>\n<p>No et perdis l\u2019activitat complement\u00e0ria organitzada en el marc del Mil.lenari Oliba<\/p>\n<ul>\n<li>\u00a0<strong>On \u00e9s l\u2019estany de l\u2019Estany?<\/strong>\u00a0Visita guiada al Centre de Visitants i Mina de desgu\u00e0s.<br \/>\nL\u2019activitat t\u00e9 una durada d\u20191 hora i mitja. Consisteix en una visita guiada al Centre de visitants, un espai d\u2019interpretaci\u00f3 del territori, el relat del qual gira entorn de l\u2019estany que va donar nom al municipi i ofereix les claus per comprendre la cont\u00ednua transformaci\u00f3 del paisatge cultural del poble de l\u2019Estany. A continuaci\u00f3, es fa una passejada fins al prat que ocupava l\u2019antic estany i es visita la mina de desgu\u00e0s de pedra seca (radial de l\u2019Ecomuseu del Moian\u00e8s), una gran obra d\u2019enginyeria del segle XVIII que segueix fent la funci\u00f3 de mantenir drenat el pla de l\u2019estany.19 d\u2019agost |10h del mat\u00ed |Centre de visitants (pla\u00e7a del Monestir, 4)<br \/>\nPreu: 2\u00a0\u20ac per persona, menors de 17 anys gratu\u00eft. Reserves al tel\u00e8fon\u00a093.830.30.00 o al mail:\u00a0<a href=\"mailto:estany.dinamitza@estany.cat\">estany.dinamitza@estany.cat<\/a><\/li>\n<\/ul>\n<p>&nbsp;<\/p>\n<p>29 de setembre | 21:30hores | Monestir de Sant Joan de les Abadesses i Palau de l\u2019Abadia<br \/>\n<strong>Mil anys d\u2019abs\u00e8ncia<\/strong><br \/>\nL\u2019ambici\u00f3 de Tallaferro, germ\u00e0 d\u2019Oliba, troba un escull en el convent de monges de Sant Joan. El relat de la vida de luxe i plaers de les abadesses acaba viatjant a Roma, on el papa mateix decreta la fi del monestir femen\u00ed.<\/p>\n<p>&nbsp;<\/p>\n<p>27 d&rsquo;octubre | 20:00hores | Claustre de la Catedral de Vic<br \/>\n<strong>Pau i Treva<\/strong><br \/>\nEl bisbe Oliba \u00e9s l\u2019impulsor de les Assemblees de Pau i Treva a Catalunya. Enfront dels abusos dels nobles contra pagesos i comerciants, la Pau i Treva esdev\u00e9 una llavor que facilitar\u00e0 el comer\u00e7, l\u2019economia productiva, i acabar\u00e0 creant els fonaments pol\u00edtics de Catalunya.<\/p>\n<p>Els espais del claustre de la catedral de Vic, Seu del bisbe, seran l\u2019escenari de la darrera acci\u00f3 art\u00edstica, que aprofundir\u00e0 en el llegat del bisbe. Una instal\u00b7laci\u00f3 art\u00edstica, m\u00fasica contempor\u00e0nia, i tamb\u00e9 cants escrits i copiats a Vic i Ripoll, permetran als visitants de submergir-se en l\u2019esperit que devia acompanyar els pensaments d\u2019Oliba.<\/p>\n<p>No et perdis l&rsquo;activitat complement\u00e0ria organitzada en el marc del Mil.lenari Oliba<\/p>\n<ul>\n<li>\u00a0<strong>\u00ab\u00a0Descobreix el naixement del poble medieval de Tona: abans, durant i despr\u00e9s dels temps del Bisbe Oliba\u201d.<\/strong>Visita de la col\u00b7lecci\u00f3 d\u2019arqueologia medieval del Centre d\u2019Interpretaci\u00f3 del Camp de les Lloses, Visita al nucli del Barri (esgl\u00e9sia de Santa Maria del Barri, actual santuari de Lourdes, Mas el Barri i Mas Riambau), visita al Pla del Castell (la tonda, l\u2019esgl\u00e9sia de Sant Andreu, la torre de guaita del Castell ).<br \/>\nVisita guiada gratu\u00efta. Dia 29 de setembre d&rsquo;11h a 13:00h. Sortida des del Centre d&rsquo;Interpretaci\u00f3 del Camp de les Lloses, a Tona.<br \/>\nPer a m\u00e9s informaci\u00f3: 938 125 234 al mail: <a href=\"campdeleslloses@e-tona.net\">campdeleslloses@e-tona.net<\/a><\/li>\n<\/ul>\n<p>&nbsp;<\/p>\n<p>Si vols complementar la teva estada al territori, consulta <a href=\"https:\/\/www.camioliba.cat\/activitats\/\">aqu\u00ed<\/a> altres activitats que es fan al territori al llarg de l&rsquo;any.<\/p>\n<p><strong>\u00a0<\/strong><\/p>\n<p>[\/vc_column_text][\/vc_column][\/vc_row]<\/p>\n<\/div>","protected":false},"excerpt":{"rendered":"<p>[vc_row][vc_column][vc_column_text] OLIBA EPISCOPUS: CAMINS. Mil\u00b7lenari d&rsquo;Oliba, bisbe de Vic. Espectacles art\u00edstics als escenaris hist\u00f2rics del Bisbe Oliba Descarrega&rsquo;t tota la informaci\u00f3 a continuaci\u00f3: fullet\u00f3 Oliba Episcopus cartell Oliba Enguany es celebra el mil.lenari del nomenament d&rsquo;Oliba com a bisbe de Vic. A continuaci\u00f3 trobareu detallades diferents propostes que s&rsquo;organitzen als diferents municipis que es troben&hellip;<\/p>\n","protected":false},"author":2,"featured_media":0,"parent":0,"menu_order":0,"comment_status":"closed","ping_status":"closed","template":"template-full-width.php","meta":{"_acf_changed":false,"footnotes":""},"class_list":["post-13748","page","type-page","status-publish","hentry"],"acf":[],"_links":{"self":[{"href":"https:\/\/www.camioliba.cat\/fr\/wp-json\/wp\/v2\/pages\/13748","targetHints":{"allow":["GET"]}}],"collection":[{"href":"https:\/\/www.camioliba.cat\/fr\/wp-json\/wp\/v2\/pages"}],"about":[{"href":"https:\/\/www.camioliba.cat\/fr\/wp-json\/wp\/v2\/types\/page"}],"author":[{"embeddable":true,"href":"https:\/\/www.camioliba.cat\/fr\/wp-json\/wp\/v2\/users\/2"}],"replies":[{"embeddable":true,"href":"https:\/\/www.camioliba.cat\/fr\/wp-json\/wp\/v2\/comments?post=13748"}],"version-history":[{"count":0,"href":"https:\/\/www.camioliba.cat\/fr\/wp-json\/wp\/v2\/pages\/13748\/revisions"}],"wp:attachment":[{"href":"https:\/\/www.camioliba.cat\/fr\/wp-json\/wp\/v2\/media?parent=13748"}],"curies":[{"name":"wp","href":"https:\/\/api.w.org\/{rel}","templated":true}]}}