{"id":12489,"date":"2017-03-28T15:25:05","date_gmt":"2017-03-28T15:25:05","guid":{"rendered":"http:\/\/www.camioliba.cat\/com-arribar\/"},"modified":"2017-09-05T20:15:21","modified_gmt":"2017-09-05T20:15:21","slug":"comment-arriver","status":"publish","type":"page","link":"https:\/\/www.camioliba.cat\/fr\/comment-arriver\/","title":{"rendered":"Comment arriver"},"content":{"rendered":"<div class=\"wpb-content-wrapper\"><p>[vc_row][vc_column][vc_empty_space height=\u00a0\u00bb62px\u00a0\u00bb][vc_column_text]<\/p>\n<h2 class=\"titol2\">Manresa<\/h2>\n<p>[\/vc_column_text][vc_row_inner][vc_column_inner width=\u00a0\u00bb1\/2&Prime;]<div class=\"amwal-icon-box  box-style-2\">\n\t\t\t\t <span class=\"b-icon lnr-car\"><\/span><h4 class=\"title\">Route<\/h4><div class=\"desc\"><p>D\u00e8s Berga C-16<br \/>\nD\u00e8s Vic C-25<br \/>\nD\u00e8s Lleida C-25<br \/>\nD\u00e8sBarcelona C-16<br \/>\nD\u00e8s Igualada C-37 (Eix Diagonal)<\/p>\n<\/div>\n\t\t\t<\/div>[\/vc_column_inner][vc_column_inner width=\u00a0\u00bb1\/2&Prime;]<div class=\"amwal-icon-box  box-style-2\">\n\t\t\t\t <span class=\"b-icon lnr-bus\"><\/span><h4 class=\"title\">Bus<\/h4><div class=\"desc\"><p>Autocars Juli\u00e0 &#8211; <a href=\"http:\/\/www.autocaresjulia.es\/\">www.autocaresjulia.es<\/a><br \/>\nEix Bus &#8211; <a href=\"http:\/\/www.teisa-bus.com\/\">www.teisa-bus.com<\/a><br \/>\nTransports Castell\u00e0<\/p>\n<\/div>\n\t\t\t<\/div>[\/vc_column_inner][\/vc_row_inner][vc_empty_space height=\u00a0\u00bb22px\u00a0\u00bb][vc_row_inner][vc_column_inner width=\u00a0\u00bb1\/2&Prime;]<div class=\"amwal-icon-box  box-style-2\">\n\t\t\t\t <span class=\"b-icon lnr-train\"><\/span><h4 class=\"title\">Train<\/h4><div class=\"desc\"><p>RENFE &#8211; <a href=\"http:\/\/www.renfe.es\/\">www.renfe.es<\/a><br \/>\nFGC &#8211; <a href=\"http:\/\/www.fgc.net\/\">www.fgc.net<\/a><\/p>\n<\/div>\n\t\t\t<\/div>[\/vc_column_inner][vc_column_inner width=\u00a0\u00bb1\/2&Prime;][\/vc_column_inner][\/vc_row_inner][\/vc_column][\/vc_row][vc_row][vc_column][vc_empty_space height=\u00a0\u00bb62px\u00a0\u00bb][vc_column_text]<\/p>\n<h2 class=\"titol2\">Vic<\/h2>\n<p>[\/vc_column_text][vc_row_inner][vc_column_inner width=\u00a0\u00bb1\/2&Prime;]<div class=\"amwal-icon-box  box-style-2\">\n\t\t\t\t <span class=\"b-icon lnr-car\"><\/span><h4 class=\"title\">Route<\/h4><div class=\"desc\"><p>C-17 (Puigcerd\u00e0-Barcelona)<br \/>\nEix Transversal C-25 (Girona-Lleida), connecte avec l&rsquo;autorroute\u00a0A-7 vers la France<\/p>\n<\/div>\n\t\t\t<\/div>[\/vc_column_inner][vc_column_inner width=\u00a0\u00bb1\/2&Prime;]<div class=\"amwal-icon-box  box-style-2\">\n\t\t\t\t <span class=\"b-icon lnr-bus\"><\/span><h4 class=\"title\">Bus<\/h4><div class=\"desc\"><p>Sagal\u00e9s: service d\u00e8s Barcelona, place Catalunya-Vic<br \/>\nTeisa: service d\u00e8s Olot \u00e0 Vic<br \/>\nEixbus Lleida-Girona<\/p>\n<\/div>\n\t\t\t<\/div>[\/vc_column_inner][\/vc_row_inner][vc_empty_space height=\u00a0\u00bb22px\u00a0\u00bb][vc_row_inner][vc_column_inner width=\u00a0\u00bb1\/2&Prime;]<div class=\"amwal-icon-box  box-style-2\">\n\t\t\t\t <span class=\"b-icon lnr-train\"><\/span><h4 class=\"title\">Train<\/h4><div class=\"desc\"><p>D\u00e8s Barcelona direcci\u00f3 Vic, Ripoll, Puigcerd\u00e0, la Tour de Carol<br \/>\nD\u00e8s la Tour de Carol direction Vic-l&rsquo;Hospitalet<\/p>\n<\/div>\n\t\t\t<\/div>[\/vc_column_inner][vc_column_inner width=\u00a0\u00bb1\/2&Prime;]<div class=\"amwal-icon-box  box-style-2\">\n\t\t\t\t <span class=\"b-icon fa fa-plane\"><\/span><h4 class=\"title\">Avion<\/h4><div class=\"desc\"><p>A\u00e9roport El Prat (Barcelona) \u00e0\u00a070 km<br \/>\nA\u00e9roport de Girona-Costa Brava \u00e0 60 km<\/p>\n<\/div>\n\t\t\t<\/div>[\/vc_column_inner][\/vc_row_inner][\/vc_column][\/vc_row][vc_row][vc_column][vc_empty_space height=\u00a0\u00bb62px\u00a0\u00bb][vc_column_text]<\/p>\n<h2 class=\"titol2\">Ripoll<\/h2>\n<p>[\/vc_column_text][vc_row_inner][vc_column_inner width=\u00a0\u00bb1\/2&Prime;]<div class=\"amwal-icon-box  box-style-2\">\n\t\t\t\t <span class=\"b-icon lnr-car\"><\/span><h4 class=\"title\">Route<\/h4><div class=\"desc\"><p>D\u00e8s Barcelona: Vic-Ripoll ( C-17)<br \/>\nD\u00e8s\u00a0Girona:<br \/>\n\u00e0 travers du tunel\u00a0Collab\u00f3s ( c-26) \u2013recommand\u00e9-<br \/>\nroute\u00a0de Vallfogona, \u00e0 travers du Coll de Canes (N-260a).<br \/>\nPar\u00a0l&rsquo;Eix Tranversal de Girona jusqu&rsquo;\u00e0 Vic (C-25) &#8211; Ripoll (C-17).<br \/>\nD\u00e8s\u00a0Puigcerd\u00e0, Andorra: par la\u00a0Collada de Toses &#8211;<br \/>\nRibes de Freser -Campdev\u00e0nol &#8211; Ripoll (N-152).<br \/>\nD\u00e8sLleida: par l&rsquo;Eix Tranversal jusqu&rsquo;\u00e0 Vic (C-25)-Ripoll (C-17)<\/p>\n<\/div>\n\t\t\t<\/div>[\/vc_column_inner][vc_column_inner width=\u00a0\u00bb1\/2&Prime;]<div class=\"amwal-icon-box  box-style-2\">\n\t\t\t\t <span class=\"b-icon lnr-bus\"><\/span><h4 class=\"title\">Bus<\/h4><div class=\"desc\"><p>Transports TEISA, d\u00e8s Barcelona, d\u00e8sGirona et d\u00e8s\u00a0Olot.<\/p>\n<\/div>\n\t\t\t<\/div>[\/vc_column_inner][\/vc_row_inner][vc_empty_space height=\u00a0\u00bb22px\u00a0\u00bb][vc_row_inner][vc_column_inner width=\u00a0\u00bb1\/2&Prime;]<div class=\"amwal-icon-box  box-style-2\">\n\t\t\t\t <span class=\"b-icon lnr-train\"><\/span><h4 class=\"title\">Train<\/h4><div class=\"desc\"><p>RENFE: Ligne Barcelona-Ripoll-Puigcerd\u00e0 (trains r\u00e9gionaux quotidiens)<\/p>\n<\/div>\n\t\t\t<\/div>[\/vc_column_inner][vc_column_inner width=\u00a0\u00bb1\/2&Prime;]<div class=\"amwal-icon-box  box-style-2\">\n\t\t\t\t <span class=\"b-icon fa fa-plane\"><\/span><h4 class=\"title\">Avion<\/h4><div class=\"desc\"><p>A\u00e9roport International El\u00a0Prat de Llobregat-Barcelona<br \/>\nA\u00e9roport\u00a0Internacional de Girona<br \/>\nA\u00e9roport de Perpiny\u00e0 (France)<\/p>\n<\/div>\n\t\t\t<\/div>[\/vc_column_inner][\/vc_row_inner][\/vc_column][\/vc_row][vc_row][vc_column][vc_empty_space height=\u00a0\u00bb62px\u00a0\u00bb][vc_column_text]<\/p>\n<h2 class=\"titol2\">Sant Joan de les Abadesses<\/h2>\n<p>[\/vc_column_text][vc_row_inner][vc_column_inner width=\u00a0\u00bb1\/2&Prime;]<div class=\"amwal-icon-box  box-style-2\">\n\t\t\t\t <span class=\"b-icon lnr-car\"><\/span><h4 class=\"title\">Route<\/h4><div class=\"desc\"><p>D\u00e8s\u00a0Barcelona: Vic &#8211; Ripoll (c-17) \u2013 Sant Joan (c-26)<br \/>\nD\u00e8s\u00a0 Girona:<br \/>\nPar le tunnel de\u00a0Collab\u00f3s (c-26)<br \/>\nPar l&rsquo;Eix Tranversal de Girona jusqu&rsquo;\u00e0\u00a0Vic (c-25) &#8211; Ripoll (c-17)<br \/>\nSant Joan (c-26)<br \/>\nD\u00e8s\u00a0Lleida: par l&rsquo;Eix Tranversal jusqu&rsquo;\u00e0 Vic (c-25)-Ripoll (c-17)<br \/>\nD\u00e8s Puigcerd\u00e0, Andorra: par la Collada de Toses &#8211; Ribes de Freser-Campdev\u00e0nol &#8211; Ripoll (N-152) &#8211; Sant Joan (c-26)<\/p>\n<\/div>\n\t\t\t<\/div>[\/vc_column_inner][vc_column_inner width=\u00a0\u00bb1\/2&Prime;]<div class=\"amwal-icon-box  box-style-2\">\n\t\t\t\t <span class=\"b-icon lnr-bus\"><\/span><h4 class=\"title\">Bus<\/h4><div class=\"desc\"><p>Transports TEISA, d\u00e8s Barcelona, d\u00e8s\u00a0Girona, d\u00e8s\u00a0Ripoll et d\u00e8s Olot.<\/p>\n<\/div>\n\t\t\t<\/div>[\/vc_column_inner][\/vc_row_inner][vc_empty_space height=\u00a0\u00bb22px\u00a0\u00bb][vc_row_inner][vc_column_inner width=\u00a0\u00bb1\/2&Prime;]<div class=\"amwal-icon-box  box-style-2\">\n\t\t\t\t <span class=\"b-icon lnr-train\"><\/span><h4 class=\"title\">Train<\/h4><div class=\"desc\"><p>RENFE: Ligne\u00a0Barcelona-Ripoll-Puigcerd\u00e0 (trains r\u00e9gionaux quotidiens)<\/p>\n<\/div>\n\t\t\t<\/div>[\/vc_column_inner][vc_column_inner width=\u00a0\u00bb1\/2&Prime;]<div class=\"amwal-icon-box  box-style-2\">\n\t\t\t\t <span class=\"b-icon fa fa-plane\"><\/span><h4 class=\"title\">Avion<\/h4><div class=\"desc\"><p>A\u00e9roport International El\u00a0Prat de Llobregat-Barcelona<br \/>\nA\u00e9roport International de Girona<br \/>\nA\u00e9roport de Perpiny\u00e0 (France)<\/p>\n<\/div>\n\t\t\t<\/div>[\/vc_column_inner][\/vc_row_inner][vc_empty_space height=\u00a0\u00bb62px\u00a0\u00bb][\/vc_column][\/vc_row]<\/p>\n<\/div>","protected":false},"excerpt":{"rendered":"<p>[vc_row][vc_column][vc_empty_space height=\u00a0\u00bb62px\u00a0\u00bb][vc_column_text] Manresa [\/vc_column_text][vc_row_inner][vc_column_inner width=\u00a0\u00bb1\/2&Prime;][\/vc_column_inner][vc_column_inner width=\u00a0\u00bb1\/2&Prime;][\/vc_column_inner][\/vc_row_inner][vc_empty_space height=\u00a0\u00bb22px\u00a0\u00bb][vc_row_inner][vc_column_inner width=\u00a0\u00bb1\/2&Prime;][\/vc_column_inner][vc_column_inner width=\u00a0\u00bb1\/2&Prime;][\/vc_column_inner][\/vc_row_inner][\/vc_column][\/vc_row][vc_row][vc_column][vc_empty_space height=\u00a0\u00bb62px\u00a0\u00bb][vc_column_text] Vic [\/vc_column_text][vc_row_inner][vc_column_inner width=\u00a0\u00bb1\/2&Prime;][\/vc_column_inner][vc_column_inner width=\u00a0\u00bb1\/2&Prime;][\/vc_column_inner][\/vc_row_inner][vc_empty_space height=\u00a0\u00bb22px\u00a0\u00bb][vc_row_inner][vc_column_inner width=\u00a0\u00bb1\/2&Prime;][\/vc_column_inner][vc_column_inner width=\u00a0\u00bb1\/2&Prime;][\/vc_column_inner][\/vc_row_inner][\/vc_column][\/vc_row][vc_row][vc_column][vc_empty_space height=\u00a0\u00bb62px\u00a0\u00bb][vc_column_text] Ripoll [\/vc_column_text][vc_row_inner][vc_column_inner width=\u00a0\u00bb1\/2&Prime;][\/vc_column_inner][vc_column_inner width=\u00a0\u00bb1\/2&Prime;][\/vc_column_inner][\/vc_row_inner][vc_empty_space height=\u00a0\u00bb22px\u00a0\u00bb][vc_row_inner][vc_column_inner width=\u00a0\u00bb1\/2&Prime;][\/vc_column_inner][vc_column_inner width=\u00a0\u00bb1\/2&Prime;][\/vc_column_inner][\/vc_row_inner][\/vc_column][\/vc_row][vc_row][vc_column][vc_empty_space height=\u00a0\u00bb62px\u00a0\u00bb][vc_column_text] Sant Joan de les Abadesses [\/vc_column_text][vc_row_inner][vc_column_inner width=\u00a0\u00bb1\/2&Prime;][\/vc_column_inner][vc_column_inner width=\u00a0\u00bb1\/2&Prime;][\/vc_column_inner][\/vc_row_inner][vc_empty_space height=\u00a0\u00bb22px\u00a0\u00bb][vc_row_inner][vc_column_inner width=\u00a0\u00bb1\/2&Prime;][\/vc_column_inner][vc_column_inner width=\u00a0\u00bb1\/2&Prime;][\/vc_column_inner][\/vc_row_inner][vc_empty_space height=\u00a0\u00bb62px\u00a0\u00bb][\/vc_column][\/vc_row]<\/p>\n","protected":false},"author":2,"featured_media":0,"parent":0,"menu_order":0,"comment_status":"closed","ping_status":"closed","template":"template-full-width.php","meta":{"_acf_changed":false,"footnotes":""},"class_list":["post-12489","page","type-page","status-publish","hentry"],"acf":[],"_links":{"self":[{"href":"https:\/\/www.camioliba.cat\/fr\/wp-json\/wp\/v2\/pages\/12489","targetHints":{"allow":["GET"]}}],"collection":[{"href":"https:\/\/www.camioliba.cat\/fr\/wp-json\/wp\/v2\/pages"}],"about":[{"href":"https:\/\/www.camioliba.cat\/fr\/wp-json\/wp\/v2\/types\/page"}],"author":[{"embeddable":true,"href":"https:\/\/www.camioliba.cat\/fr\/wp-json\/wp\/v2\/users\/2"}],"replies":[{"embeddable":true,"href":"https:\/\/www.camioliba.cat\/fr\/wp-json\/wp\/v2\/comments?post=12489"}],"version-history":[{"count":1,"href":"https:\/\/www.camioliba.cat\/fr\/wp-json\/wp\/v2\/pages\/12489\/revisions"}],"predecessor-version":[{"id":12632,"href":"https:\/\/www.camioliba.cat\/fr\/wp-json\/wp\/v2\/pages\/12489\/revisions\/12632"}],"wp:attachment":[{"href":"https:\/\/www.camioliba.cat\/fr\/wp-json\/wp\/v2\/media?parent=12489"}],"curies":[{"name":"wp","href":"https:\/\/api.w.org\/{rel}","templated":true}]}}