{"id":12298,"date":"2017-02-10T10:47:28","date_gmt":"2017-02-10T10:47:28","guid":{"rendered":"http:\/\/www.camioliba.cat\/vic-osona-st-joan-de-les-abadesses-ripolles\/variant-de-la-collada-de-bracons-a-vidra\/"},"modified":"2018-03-20T22:37:22","modified_gmt":"2018-03-20T22:37:22","slug":"de-la-collada-de-bracons-a-vidra","status":"publish","type":"page","link":"https:\/\/www.camioliba.cat\/fr\/vic-sant-joan-de-les-abadesses\/de-la-collada-de-bracons-a-vidra\/","title":{"rendered":"Variant: De la Collada de Bracons \u00e0 Vidr\u00e0"},"content":{"rendered":"<div class=\"wpb-content-wrapper\"><p>[vc_row el_class=\u00a0\u00bbdetall\u00a0\u00bb][vc_column el_class=\u00a0\u00bbcolumna\u00a0\u00bb][vc_row_inner css=\u00a0\u00bb.vc_custom_1487588772808{border-top-width: 1px !important;border-right-width: 1px !important;border-bottom-width: 1px !important;border-left-width: 1px !important;padding-top: 0px !important;padding-right: 15px !important;padding-bottom: 15px !important;padding-left: 15px !important;border-left-color: #b5b5b5 !important;border-left-style: solid !important;border-right-color: #b5b5b5 !important;border-right-style: solid !important;border-top-color: #b5b5b5 !important;border-top-style: solid !important;border-bottom-color: #b5b5b5 !important;border-bottom-style: solid !important;}\u00a0\u00bb][vc_column_inner width=\u00a0\u00bb1\/2&Prime;][vc_column_text]<\/p>\n<h3>R\u00c9SUM\u00c9 DE L\u2019\u00c9TAPE<\/h3>\n<p><b>Distance parcourue:<\/b> 10.220m<b><br \/>\nHauteur maximale: <\/b>1.328m<b><br \/>\nHauteur minimale: <\/b>880m<b><br \/>\nAscension accumul\u00e9e: <\/b>527m<b><br \/>\nD\u00e9nivellation sortie-arriv\u00e9e: <\/b>-152m[\/vc_column_text][\/vc_column_inner][vc_column_inner width=\u00a0\u00bb1\/2&Prime;][vc_column_text]<\/p>\n<h3>FICHE TECHNIQUE<\/h3>\n<ul>\n<li><a href=\"https:\/\/www.camioliba.cat\/tracks\/variant\/V3ColladaBracons-Vidra.gpx\" target=\"_blank\" rel=\"noopener noreferrer\">D\u00e9charge-toi le\u00a0track<\/a><\/li>\n<li><a href=\"https:\/\/www.camioliba.cat\/guies-ruta\/variant\/variant3-fr.pdf\" target=\"_blank\" rel=\"noopener noreferrer\">D\u00e9charge-toi le guide de rute<\/a><\/li>\n<\/ul>\n<h3><\/h3>\n<p>[\/vc_column_text][\/vc_column_inner][\/vc_row_inner][vc_empty_space][vc_column_text]<\/p>\n<h3>DESCRIPTION G\u00c9N\u00c9RAL<\/h3>\n<div id=\"descripcio\">\n<div id=\"descripcio\">\n<p>C\u2019est une \u00e9tape mod\u00e9r\u00e9e caract\u00e9ris\u00e9e par la descente. Le court tron\u00e7on de mont\u00e9e jusqu\u2019au col de Sant Bartomeu et la remont\u00e9e de Ges \u00e0 Vidr\u00e0, ce sont les seules ascensions maintenues, le reste est pratiquement une descente de la montagne de Curull et de Llancers, jusqu\u2019aux vall\u00e9es de Ges. Le charme de Vidr\u00e0, apr\u00e8s une \u00e9tape de pure montagne, nous invite \u00e0 go\u00fbter sa viande et \u00e0 nous promener un peu. A Vidr\u00e0 vous trouverez de tout, mais surtout un accueil chaleureux.<\/p>\n<\/div>\n<\/div>\n<p>[\/vc_column_text][vc_separator][vc_empty_space][\/vc_column][\/vc_row][vc_row][vc_column width=\u00a0\u00bb1\/2&Prime;][vc_column_text]<\/p>\n<h3>ITIN\u00c9RAIRE<\/h3>\n<div id=\"descripcio\"><\/div>\n<p>[\/vc_column_text][vc_gmaps link=\u00a0\u00bb#E-8_JTNDaWZyYW1lJTIwc3JjJTNEJTIyaHR0cHMlM0ElMkYlMkZ3d3cuZ29vZ2xlLmNvbSUyRm1hcHMlMkZkJTJGZW1iZWQlM0ZtaWQlM0QxajZtY2pSYlR5ZVowZFVHelpOVHBSWXJ0ZlpMb284eW4lMjIlMjB3aWR0aCUzRCUyMjY0MCUyMiUyMGhlaWdodCUzRCUyMjQ4MCUyMiUzRSUzQyUyRmlmcmFtZSUzRQ==\u00a0\u00bb][\/vc_column][vc_column width=\u00a0\u00bb1\/2&Prime;][vc_column_text]<\/p>\n<h3>D\u00c9NIVELLATION<\/h3>\n<div id=\"descripcio\"><\/div>\n<p>[\/vc_column_text][vc_single_image image=\u00a0\u00bb10566&Prime; img_size=\u00a0\u00bb907 \u00d7 529&Prime; onclick=\u00a0\u00bblink_image\u00a0\u00bb][\/vc_column][\/vc_row][vc_row][vc_column][vc_empty_space][vc_separator][vc_empty_space][vc_column_text]<\/p>\n<h3>IMAGES DE L\u2019\u00c9TAPE<\/h3>\n<div id=\"descripcio\"><\/div>\n<p>[\/vc_column_text][vc_gallery type=\u00a0\u00bbimage_grid\u00a0\u00bb images=\u00a0\u00bb10585&Prime; img_size=\u00a0\u00bb100X100&Prime;][\/vc_column][\/vc_row]<\/p>\n<\/div>","protected":false},"excerpt":{"rendered":"<p>[vc_row el_class=\u00a0\u00bbdetall\u00a0\u00bb][vc_column el_class=\u00a0\u00bbcolumna\u00a0\u00bb][vc_row_inner css=\u00a0\u00bb.vc_custom_1487588772808{border-top-width: 1px !important;border-right-width: 1px !important;border-bottom-width: 1px !important;border-left-width: 1px !important;padding-top: 0px !important;padding-right: 15px !important;padding-bottom: 15px !important;padding-left: 15px !important;border-left-color: #b5b5b5 !important;border-left-style: solid !important;border-right-color: #b5b5b5 !important;border-right-style: solid !important;border-top-color: #b5b5b5 !important;border-top-style: solid !important;border-bottom-color: #b5b5b5 !important;border-bottom-style: solid !important;}\u00a0\u00bb][vc_column_inner width=\u00a0\u00bb1\/2&Prime;][vc_column_text] R\u00c9SUM\u00c9 DE L\u2019\u00c9TAPE Distance parcourue: 10.220m Hauteur maximale: 1.328m Hauteur minimale: 880m Ascension accumul\u00e9e: 527m D\u00e9nivellation sortie-arriv\u00e9e: -152m[\/vc_column_text][\/vc_column_inner][vc_column_inner&hellip;<\/p>\n","protected":false},"author":2,"featured_media":0,"parent":12219,"menu_order":0,"comment_status":"closed","ping_status":"closed","template":"ruta2.php","meta":{"_acf_changed":false,"footnotes":""},"class_list":["post-12298","page","type-page","status-publish","hentry"],"acf":[],"_links":{"self":[{"href":"https:\/\/www.camioliba.cat\/fr\/wp-json\/wp\/v2\/pages\/12298","targetHints":{"allow":["GET"]}}],"collection":[{"href":"https:\/\/www.camioliba.cat\/fr\/wp-json\/wp\/v2\/pages"}],"about":[{"href":"https:\/\/www.camioliba.cat\/fr\/wp-json\/wp\/v2\/types\/page"}],"author":[{"embeddable":true,"href":"https:\/\/www.camioliba.cat\/fr\/wp-json\/wp\/v2\/users\/2"}],"replies":[{"embeddable":true,"href":"https:\/\/www.camioliba.cat\/fr\/wp-json\/wp\/v2\/comments?post=12298"}],"version-history":[{"count":5,"href":"https:\/\/www.camioliba.cat\/fr\/wp-json\/wp\/v2\/pages\/12298\/revisions"}],"predecessor-version":[{"id":13128,"href":"https:\/\/www.camioliba.cat\/fr\/wp-json\/wp\/v2\/pages\/12298\/revisions\/13128"}],"up":[{"embeddable":true,"href":"https:\/\/www.camioliba.cat\/fr\/wp-json\/wp\/v2\/pages\/12219"}],"wp:attachment":[{"href":"https:\/\/www.camioliba.cat\/fr\/wp-json\/wp\/v2\/media?parent=12298"}],"curies":[{"name":"wp","href":"https:\/\/api.w.org\/{rel}","templated":true}]}}