{"id":12263,"date":"2017-02-10T10:21:31","date_gmt":"2017-02-10T10:21:31","guid":{"rendered":"http:\/\/www.camioliba.cat\/vic-osona-st-joan-de-les-abadesses-ripolles\/de-sant-pere-de-torello-a-santa-maria-de-besora\/"},"modified":"2018-03-20T22:22:45","modified_gmt":"2018-03-20T22:22:45","slug":"de-sant-pere-de-torello-a-santa-maria-de-besora","status":"publish","type":"page","link":"https:\/\/www.camioliba.cat\/fr\/vic-sant-joan-de-les-abadesses\/de-sant-pere-de-torello-a-santa-maria-de-besora\/","title":{"rendered":"De Sant Pere de Torell\u00f3 \u00e0 Santa Maria de Besora"},"content":{"rendered":"<div class=\"wpb-content-wrapper\"><p>[vc_row el_class=\u00a0\u00bbdetall\u00a0\u00bb][vc_column el_class=\u00a0\u00bbcolumna\u00a0\u00bb][vc_row_inner css=\u00a0\u00bb.vc_custom_1487588772808{border-top-width: 1px !important;border-right-width: 1px !important;border-bottom-width: 1px !important;border-left-width: 1px !important;padding-top: 0px !important;padding-right: 15px !important;padding-bottom: 15px !important;padding-left: 15px !important;border-left-color: #b5b5b5 !important;border-left-style: solid !important;border-right-color: #b5b5b5 !important;border-right-style: solid !important;border-top-color: #b5b5b5 !important;border-top-style: solid !important;border-bottom-color: #b5b5b5 !important;border-bottom-style: solid !important;}\u00a0\u00bb][vc_column_inner width=\u00a0\u00bb1\/2&Prime;][vc_column_text]<\/p>\n<h3>R\u00c9SUM\u00c9 DE L\u2019\u00c9TAPE<\/h3>\n<p><b>Distance parcourue:<\/b> 11.513m<br \/>\n<b>Hauteur maximale:<\/b> 1.212m<br \/>\n<b>Hauteur minimale:<\/b> 610m<br \/>\n<b>Ascension accumul\u00e9e:<\/b> 842m<br \/>\n<b>D\u00e9nivellation sortie-arriv\u00e9e:<\/b> 251m<\/p>\n<p>[\/vc_column_text][\/vc_column_inner][vc_column_inner width=\u00a0\u00bb1\/2&Prime;][vc_column_text]<\/p>\n<h3>FICHE TECHNIQUE<\/h3>\n<ul>\n<li><a href=\"https:\/\/www.camioliba.cat\/tracks\/etapa2\/T12St.PereTorello-Sta.MariaBesora.gpx\" target=\"_blank\" rel=\"noopener noreferrer\">D\u00e9charge-toi le track<\/a><\/li>\n<li><a href=\"https:\/\/www.camioliba.cat\/guies-ruta\/etapa2\/etapa2-7-fr.pdf\" target=\"_blank\" rel=\"noopener noreferrer\">D\u00e9charge-toi le guide de rute<\/a><\/li>\n<\/ul>\n<h3><\/h3>\n<p>[\/vc_column_text][\/vc_column_inner][\/vc_row_inner][vc_empty_space][vc_column_text]<\/p>\n<h3>DESCRIPTION G\u00c9N\u00c9RAL<\/h3>\n<div id=\"descripcio\">\n<p>Cette \u00e9tape est plus montagneuse, \u00e0 forte d\u00e9nivellation d\u2019ascension et de descente. L\u2019ascension au Sanctuaire de Bellmunt est une route classique, par la beaut\u00e9 du paysage et par le sentier\u00a0 qui passe entre cr\u00eates et ascensions. Les vues, ici, sont absolument privil\u00e9gi\u00e9es, Montserrat, Tur\u00f3 de l\u2019home, Puigmal, la plaine de Vic sous une mer de brouillard en hiver.<\/p>\n<p>La descente vers Bisaura, un territoire tr\u00e8s particulier, c\u2019est une formidable zone ombrienne avec une belle chute d\u2019eau \u00e0 la fin du parcours. Que peut-on attendre d\u2019autre\u00a0?<\/p>\n<\/div>\n<p>[\/vc_column_text][vc_separator][vc_empty_space][\/vc_column][\/vc_row][vc_row][vc_column width=\u00a0\u00bb1\/2&Prime;][vc_column_text]<\/p>\n<h3>ITIN\u00c9RAIRE<\/h3>\n<p>[\/vc_column_text][vc_gmaps link=\u00a0\u00bb#E-8_JTNDaWZyYW1lJTIwc3JjJTNEJTIyaHR0cHMlM0ElMkYlMkZ3d3cuZ29vZ2xlLmNvbSUyRm1hcHMlMkZkJTJGZW1iZWQlM0ZtaWQlM0QxbUhaOWctYU80WTVsMzZvaTY5NFpYQUlNMktMTElQazAlMjIlMjB3aWR0aCUzRCUyMjY0MCUyMiUyMGhlaWdodCUzRCUyMjQ4MCUyMiUzRSUzQyUyRmlmcmFtZSUzRQ==\u00a0\u00bb][\/vc_column][vc_column width=\u00a0\u00bb1\/2&Prime;][vc_column_text]<\/p>\n<h3>D\u00c9NIVELLATION<\/h3>\n<div id=\"descripcio\"><\/div>\n<p>[\/vc_column_text][vc_single_image image=\u00a0\u00bb10502&Prime; img_size=\u00a0\u00bb907 \u00d7 529&Prime; onclick=\u00a0\u00bblink_image\u00a0\u00bb][\/vc_column][\/vc_row][vc_row][vc_column][vc_empty_space][vc_separator][vc_empty_space][vc_column_text]<\/p>\n<h3>IMAGES DE L\u2019\u00c9TAPE<\/h3>\n<div id=\"descripcio\"><\/div>\n<p>[\/vc_column_text][vc_gallery type=\u00a0\u00bbimage_grid\u00a0\u00bb images=\u00a0\u00bb10535,10534&Prime; img_size=\u00a0\u00bb100X100&Prime;][\/vc_column][\/vc_row]<\/p>\n<\/div>","protected":false},"excerpt":{"rendered":"<p>[vc_row el_class=\u00a0\u00bbdetall\u00a0\u00bb][vc_column el_class=\u00a0\u00bbcolumna\u00a0\u00bb][vc_row_inner css=\u00a0\u00bb.vc_custom_1487588772808{border-top-width: 1px !important;border-right-width: 1px !important;border-bottom-width: 1px !important;border-left-width: 1px !important;padding-top: 0px !important;padding-right: 15px !important;padding-bottom: 15px !important;padding-left: 15px !important;border-left-color: #b5b5b5 !important;border-left-style: solid !important;border-right-color: #b5b5b5 !important;border-right-style: solid !important;border-top-color: #b5b5b5 !important;border-top-style: solid !important;border-bottom-color: #b5b5b5 !important;border-bottom-style: solid !important;}\u00a0\u00bb][vc_column_inner width=\u00a0\u00bb1\/2&Prime;][vc_column_text] R\u00c9SUM\u00c9 DE L\u2019\u00c9TAPE Distance parcourue: 11.513m Hauteur maximale: 1.212m Hauteur minimale: 610m Ascension accumul\u00e9e: 842m D\u00e9nivellation sortie-arriv\u00e9e: 251m&hellip;<\/p>\n","protected":false},"author":2,"featured_media":0,"parent":12219,"menu_order":0,"comment_status":"closed","ping_status":"closed","template":"ruta2.php","meta":{"_acf_changed":false,"footnotes":""},"class_list":["post-12263","page","type-page","status-publish","hentry"],"acf":[],"_links":{"self":[{"href":"https:\/\/www.camioliba.cat\/fr\/wp-json\/wp\/v2\/pages\/12263","targetHints":{"allow":["GET"]}}],"collection":[{"href":"https:\/\/www.camioliba.cat\/fr\/wp-json\/wp\/v2\/pages"}],"about":[{"href":"https:\/\/www.camioliba.cat\/fr\/wp-json\/wp\/v2\/types\/page"}],"author":[{"embeddable":true,"href":"https:\/\/www.camioliba.cat\/fr\/wp-json\/wp\/v2\/users\/2"}],"replies":[{"embeddable":true,"href":"https:\/\/www.camioliba.cat\/fr\/wp-json\/wp\/v2\/comments?post=12263"}],"version-history":[{"count":6,"href":"https:\/\/www.camioliba.cat\/fr\/wp-json\/wp\/v2\/pages\/12263\/revisions"}],"predecessor-version":[{"id":13116,"href":"https:\/\/www.camioliba.cat\/fr\/wp-json\/wp\/v2\/pages\/12263\/revisions\/13116"}],"up":[{"embeddable":true,"href":"https:\/\/www.camioliba.cat\/fr\/wp-json\/wp\/v2\/pages\/12219"}],"wp:attachment":[{"href":"https:\/\/www.camioliba.cat\/fr\/wp-json\/wp\/v2\/media?parent=12263"}],"curies":[{"name":"wp","href":"https:\/\/api.w.org\/{rel}","templated":true}]}}