{"id":12233,"date":"2017-02-10T10:22:07","date_gmt":"2017-02-10T10:22:07","guid":{"rendered":"http:\/\/www.camioliba.cat\/vic-osona-st-joan-de-les-abadesses-ripolles\/de-la-farga-de-bebie-a-ripoll\/"},"modified":"2018-03-20T22:11:49","modified_gmt":"2018-03-20T22:11:49","slug":"de-la-farga-de-bebie-a-ripoll","status":"publish","type":"page","link":"https:\/\/www.camioliba.cat\/fr\/vic-sant-joan-de-les-abadesses\/de-la-farga-de-bebie-a-ripoll\/","title":{"rendered":"De la Farga de Bebi\u00e9 \u00e0 Ripoll"},"content":{"rendered":"<div class=\"wpb-content-wrapper\"><p>[vc_row el_class=\u00a0\u00bbdetall\u00a0\u00bb][vc_column el_class=\u00a0\u00bbcolumna\u00a0\u00bb][vc_row_inner css=\u00a0\u00bb.vc_custom_1487588772808{border-top-width: 1px !important;border-right-width: 1px !important;border-bottom-width: 1px !important;border-left-width: 1px !important;padding-top: 0px !important;padding-right: 15px !important;padding-bottom: 15px !important;padding-left: 15px !important;border-left-color: #b5b5b5 !important;border-left-style: solid !important;border-right-color: #b5b5b5 !important;border-right-style: solid !important;border-top-color: #b5b5b5 !important;border-top-style: solid !important;border-bottom-color: #b5b5b5 !important;border-bottom-style: solid !important;}\u00a0\u00bb][vc_column_inner width=\u00a0\u00bb1\/2&Prime;][vc_column_text]<\/p>\n<h3>R\u00c9SUM\u00c9 DE L&rsquo;\u00c9TAPE<\/h3>\n<p><b>Distance parcourue:<\/b> 16.510m<br \/>\n<b>Hauteur maximale:<\/b> 856m<br \/>\n<b>Hauteur minimale:<\/b> 604m<br \/>\n<b>Ascension accumul\u00e9e:<\/b> 859m<br \/>\n<b>D\u00e9nivellation sortie-arriv\u00e9e:<\/b> 81m<\/p>\n<h3><\/h3>\n<p>[\/vc_column_text][\/vc_column_inner][vc_column_inner width=\u00a0\u00bb1\/2&Prime;][vc_column_text]<\/p>\n<h3>FICHE TECHNIQUE<\/h3>\n<ul>\n<li><a href=\"https:\/\/www.camioliba.cat\/tracks\/etapa2\/T14FargaBebie-Ripoll.gpx\" target=\"_blank\" rel=\"noopener noreferrer\">T\u00e9l\u00e9chargez le track<\/a><\/li>\n<li><a href=\"https:\/\/www.camioliba.cat\/guies-ruta\/etapa2\/etapa2-9-fr.pdf\" target=\"_blank\" rel=\"noopener noreferrer\">T\u00e9l\u00e9chargez la guida de la route<\/a><\/li>\n<\/ul>\n<h3><\/h3>\n<p>[\/vc_column_text][\/vc_column_inner][\/vc_row_inner][vc_empty_space][vc_column_text]<\/p>\n<h3 class=\"titol2\">DESCRIPTION G\u00c9N\u00c9RALE<\/h3>\n<div id=\"descripcio\">\n<p>De la colonie textile de la Farga de Bebi\u00e9 \u00e0 la Comtal Vila de Ripoll, berceau de la Catalogne int\u00e9rieure. Un chemin sans entonnoirs qui unit deux r\u00e9gions voisines jumel\u00e9es par la rivi\u00e8re du Ter.\u00a0 A son passage, elle ouvre le chemin par la montagne des Bufadors et celle de Sovelles, deux paysages de lactaires, encore \u00e0 forte tradition paysanne. Une randonn\u00e9e compl\u00e8te qui nous offre une fin d\u2019\u00e9tape fabuleuse, le monast\u00e8re de Santa Maria de Ripoll.<\/p>\n<\/div>\n<p>[\/vc_column_text][vc_separator][vc_empty_space][\/vc_column][\/vc_row][vc_row][vc_column width=\u00a0\u00bb1\/2&Prime;][vc_column_text]<\/p>\n<h3 class=\"titol2\">ITIN\u00c9RAIRE<\/h3>\n<div id=\"descripcio\"><\/div>\n<p>[\/vc_column_text][vc_gmaps link=\u00a0\u00bb#E-8_JTNDaWZyYW1lJTIwc3JjJTNEJTIyaHR0cHMlM0ElMkYlMkZ3d3cuZ29vZ2xlLmNvbSUyRm1hcHMlMkZkJTJGZW1iZWQlM0ZtaWQlM0QxMXhoT0lMcmJDejZpazdjRWVwYjZQU2JhZi1IUEplVXElMjZobCUzRGNhJTIyJTIwd2lkdGglM0QlMjI2NDAlMjIlMjBoZWlnaHQlM0QlMjI0ODAlMjIlM0UlM0MlMkZpZnJhbWUlM0U=\u00a0\u00bb][\/vc_column][vc_column width=\u00a0\u00bb1\/2&Prime;][vc_column_text]<\/p>\n<h3 class=\"titol2\">D\u00c9NIVELLATION<\/h3>\n<div id=\"descripcio\"><\/div>\n<p>[\/vc_column_text][vc_single_image image=\u00a0\u00bb11251&Prime; img_size=\u00a0\u00bb959 \u00d7 516&Prime; onclick=\u00a0\u00bblink_image\u00a0\u00bb][\/vc_column][\/vc_row][vc_row][vc_column][vc_empty_space][vc_separator][vc_empty_space][vc_column_text]<\/p>\n<h3 class=\"titol2\">IMATGES DE L&rsquo;ETAPA<\/h3>\n<div id=\"descripcio\"><\/div>\n<p>[\/vc_column_text][vc_gallery type=\u00a0\u00bbimage_grid\u00a0\u00bb images=\u00a0\u00bb10545,10546,10547,10548,10549&Prime; img_size=\u00a0\u00bb100X100&Prime;][\/vc_column][\/vc_row]<\/p>\n<\/div>","protected":false},"excerpt":{"rendered":"<p>[vc_row el_class=\u00a0\u00bbdetall\u00a0\u00bb][vc_column el_class=\u00a0\u00bbcolumna\u00a0\u00bb][vc_row_inner css=\u00a0\u00bb.vc_custom_1487588772808{border-top-width: 1px !important;border-right-width: 1px !important;border-bottom-width: 1px !important;border-left-width: 1px !important;padding-top: 0px !important;padding-right: 15px !important;padding-bottom: 15px !important;padding-left: 15px !important;border-left-color: #b5b5b5 !important;border-left-style: solid !important;border-right-color: #b5b5b5 !important;border-right-style: solid !important;border-top-color: #b5b5b5 !important;border-top-style: solid !important;border-bottom-color: #b5b5b5 !important;border-bottom-style: solid !important;}\u00a0\u00bb][vc_column_inner width=\u00a0\u00bb1\/2&Prime;][vc_column_text] R\u00c9SUM\u00c9 DE L&rsquo;\u00c9TAPE Distance parcourue: 16.510m Hauteur maximale: 856m Hauteur minimale: 604m Ascension accumul\u00e9e: 859m D\u00e9nivellation sortie-arriv\u00e9e: 81m&hellip;<\/p>\n","protected":false},"author":2,"featured_media":0,"parent":12219,"menu_order":0,"comment_status":"closed","ping_status":"closed","template":"ruta2.php","meta":{"_acf_changed":false,"footnotes":""},"class_list":["post-12233","page","type-page","status-publish","hentry"],"acf":[],"_links":{"self":[{"href":"https:\/\/www.camioliba.cat\/fr\/wp-json\/wp\/v2\/pages\/12233","targetHints":{"allow":["GET"]}}],"collection":[{"href":"https:\/\/www.camioliba.cat\/fr\/wp-json\/wp\/v2\/pages"}],"about":[{"href":"https:\/\/www.camioliba.cat\/fr\/wp-json\/wp\/v2\/types\/page"}],"author":[{"embeddable":true,"href":"https:\/\/www.camioliba.cat\/fr\/wp-json\/wp\/v2\/users\/2"}],"replies":[{"embeddable":true,"href":"https:\/\/www.camioliba.cat\/fr\/wp-json\/wp\/v2\/comments?post=12233"}],"version-history":[{"count":4,"href":"https:\/\/www.camioliba.cat\/fr\/wp-json\/wp\/v2\/pages\/12233\/revisions"}],"predecessor-version":[{"id":13108,"href":"https:\/\/www.camioliba.cat\/fr\/wp-json\/wp\/v2\/pages\/12233\/revisions\/13108"}],"up":[{"embeddable":true,"href":"https:\/\/www.camioliba.cat\/fr\/wp-json\/wp\/v2\/pages\/12219"}],"wp:attachment":[{"href":"https:\/\/www.camioliba.cat\/fr\/wp-json\/wp\/v2\/media?parent=12233"}],"curies":[{"name":"wp","href":"https:\/\/api.w.org\/{rel}","templated":true}]}}