{"id":12212,"date":"2017-04-12T15:32:25","date_gmt":"2017-04-12T15:32:25","guid":{"rendered":"http:\/\/www.camioliba.cat\/rutes-complementaries-al-ripolles\/"},"modified":"2017-09-07T15:03:43","modified_gmt":"2017-09-07T15:03:43","slug":"itineraires-complementaires-au-ripolles","status":"publish","type":"page","link":"https:\/\/www.camioliba.cat\/fr\/itineraires-complementaires-au-ripolles\/","title":{"rendered":"Itin\u00e9raires compl\u00e9mentaires au Ripoll\u00e8s"},"content":{"rendered":"<div class=\"wpb-content-wrapper\"><p>[vc_row][vc_column width=\u00a0\u00bb1\/3&Prime;][vc_empty_space][vc_wp_custommenu nav_menu=\u00a0\u00bb36&Prime;][vc_empty_space][\/vc_column][vc_column width=\u00a0\u00bb2\/3&Prime;][vc_empty_space][vc_column_text]<strong>Sentier des 4 ermitages. PRC-60:<\/strong><br \/>\nCet itin\u00e9raire, au trac\u00e9 circulaire, permet de conna\u00eetre les quatre ermitages pr\u00e9sents dans la circonscription municipale de Sant Joan de les Abadesses.<\/p>\n<p><span class=\"colortaronja\">Sant Antoni de P\u00e0dua<\/span>, situ\u00e9 en haut d\u2019une colline (1040 m) avec de magnifiques vues sur la vall\u00e9e de Sant Joan de les Abadesses. L\u2019ermitage actuel fut construit en 1852 mais il est mentionn\u00e9 d\u00e8s 1635.<\/p>\n<p><span class=\"colortaronja\">Santa Ll\u00facia de Puigmal<\/span>, \u00e9glise romane mentionn\u00e9e en 913. \u00c0 quelques minutes de l\u2019ermitage, \u00e0 gauche du sentier, on trouve les Gorges de Santa Llucia, petit coin charmant pour se rafra\u00eechir.<\/p>\n<p><span class=\"colortaronja\">Sant Pon\u00e7 d\u2019Aulina<\/span>, peut-\u00eatre du XIIe si\u00e8cle, m\u00eame s\u2019il a subi des modifications ult\u00e9rieures, se trouve en haut d\u2019une colline entour\u00e9e des montagnes du Capsacosta, les cr\u00eates de Collab\u00f3s et la Sierra de Cambres.<\/p>\n<p><span class=\"colortaronja\">Santa Magdalena de Perella<\/span>, ermitage en haut d\u2019une colline, \u00e0 c\u00f4t\u00e9 de la maison de Perella. Du haut de la colline, on peut jouir d\u2019une belle vue sur toute la Vall\u00e9e du Ter. L\u2019ermitage date du XIIe si\u00e8cle.[\/vc_column_text][vc_empty_space][\/vc_column][\/vc_row]<\/p>\n<\/div>","protected":false},"excerpt":{"rendered":"<p>[vc_row][vc_column width=\u00a0\u00bb1\/3&Prime;][vc_empty_space][vc_wp_custommenu nav_menu=\u00a0\u00bb36&Prime;][vc_empty_space][\/vc_column][vc_column width=\u00a0\u00bb2\/3&Prime;][vc_empty_space][vc_column_text]Sentier des 4 ermitages. PRC-60: Cet itin\u00e9raire, au trac\u00e9 circulaire, permet de conna\u00eetre les quatre ermitages pr\u00e9sents dans la circonscription municipale de Sant Joan de les Abadesses. Sant Antoni de P\u00e0dua, situ\u00e9 en haut d\u2019une colline (1040 m) avec de magnifiques vues sur la vall\u00e9e de Sant Joan de les Abadesses. L\u2019ermitage&hellip;<\/p>\n","protected":false},"author":2,"featured_media":0,"parent":0,"menu_order":0,"comment_status":"closed","ping_status":"closed","template":"template-full-width.php","meta":{"_acf_changed":false,"footnotes":""},"class_list":["post-12212","page","type-page","status-publish","hentry"],"acf":[],"_links":{"self":[{"href":"https:\/\/www.camioliba.cat\/fr\/wp-json\/wp\/v2\/pages\/12212","targetHints":{"allow":["GET"]}}],"collection":[{"href":"https:\/\/www.camioliba.cat\/fr\/wp-json\/wp\/v2\/pages"}],"about":[{"href":"https:\/\/www.camioliba.cat\/fr\/wp-json\/wp\/v2\/types\/page"}],"author":[{"embeddable":true,"href":"https:\/\/www.camioliba.cat\/fr\/wp-json\/wp\/v2\/users\/2"}],"replies":[{"embeddable":true,"href":"https:\/\/www.camioliba.cat\/fr\/wp-json\/wp\/v2\/comments?post=12212"}],"version-history":[{"count":1,"href":"https:\/\/www.camioliba.cat\/fr\/wp-json\/wp\/v2\/pages\/12212\/revisions"}],"predecessor-version":[{"id":12214,"href":"https:\/\/www.camioliba.cat\/fr\/wp-json\/wp\/v2\/pages\/12212\/revisions\/12214"}],"wp:attachment":[{"href":"https:\/\/www.camioliba.cat\/fr\/wp-json\/wp\/v2\/media?parent=12212"}],"curies":[{"name":"wp","href":"https:\/\/api.w.org\/{rel}","templated":true}]}}