{"id":12204,"date":"2017-04-12T15:31:58","date_gmt":"2017-04-12T15:31:58","guid":{"rendered":"http:\/\/www.camioliba.cat\/rutes-complementaries-al-moianes\/"},"modified":"2017-09-07T15:01:00","modified_gmt":"2017-09-07T15:01:00","slug":"itineraires-complementaires-au-moianes","status":"publish","type":"page","link":"https:\/\/www.camioliba.cat\/fr\/itineraires-complementaires-au-moianes\/","title":{"rendered":"Itin\u00e9raires compl\u00e9mentaires au Moian\u00e8s"},"content":{"rendered":"<div class=\"wpb-content-wrapper\"><p>[vc_row][vc_column width=\u00a0\u00bb1\/3&Prime;][vc_empty_space][vc_wp_custommenu nav_menu=\u00a0\u00bb36&Prime;][\/vc_column][vc_column width=\u00a0\u00bb2\/3&Prime;][vc_empty_space][vc_row_inner][vc_column_inner width=\u00a0\u00bb2\/3&Prime;][vc_column_text]<\/p>\n<div id=\"columnaesq\">\n<div id=\"menuopcions\"><strong>Le Moian\u00e8s<\/strong><br \/>\nEntre les vall\u00e9es, en remontant vers le Moianes, nous d\u00e9couvrons Santa Eugenia del Gomar, petite \u00e9glise pr\u00e9romane qui nous permet de d\u00e9couvrir comment \u00e9taient ces b\u00e2timents tout simples autour de l\u2019an mil.<br \/>\n<strong>Entre les vall\u00e9es d\u2019Ol\u00f3 et la Gavarresa<\/strong><br \/>\nAutour de Santa Maria d\u2019Olo, les petits temples romans de Sant Vicen\u00e7 de Vilarasau, Santa Maria d\u2019Art\u00e9s, et Santa Creu de la Plana forment un riche patrimoine m\u00e9di\u00e9val entre les deux vall\u00e9es fluviales.<br \/>\n<strong>L\u2019Estany<\/strong><br \/>\nLe monast\u00e8re de Santa Maria de l\u2019Estany pr\u00e9sente un riche travail sculptorique sur les chapiteaux du clo\u00eetre. Non loin, Sant Jaume de Vilanova et Sant Feliu de Terrassola offrent au visiteur d\u2019agr\u00e9ables surprises \u00e0 d\u00e9couvrir.<\/div>\n<\/div>\n<div id=\"seccio\"><\/div>\n<p>[\/vc_column_text][\/vc_column_inner][vc_column_inner width=\u00a0\u00bb1\/3&Prime;][vc_empty_space][vc_single_image image=\u00a0\u00bb11177&Prime; img_size=\u00a0\u00bb800&#215;532&Prime;][vc_column_text]L&rsquo;Estany[\/vc_column_text][\/vc_column_inner][\/vc_row_inner][vc_empty_space][\/vc_column][\/vc_row]<\/p>\n<\/div>","protected":false},"excerpt":{"rendered":"<p>[vc_row][vc_column width=\u00a0\u00bb1\/3&Prime;][vc_empty_space][vc_wp_custommenu nav_menu=\u00a0\u00bb36&Prime;][\/vc_column][vc_column width=\u00a0\u00bb2\/3&Prime;][vc_empty_space][vc_row_inner][vc_column_inner width=\u00a0\u00bb2\/3&Prime;][vc_column_text] Le Moian\u00e8s Entre les vall\u00e9es, en remontant vers le Moianes, nous d\u00e9couvrons Santa Eugenia del Gomar, petite \u00e9glise pr\u00e9romane qui nous permet de d\u00e9couvrir comment \u00e9taient ces b\u00e2timents tout simples autour de l\u2019an mil. Entre les vall\u00e9es d\u2019Ol\u00f3 et la Gavarresa Autour de Santa Maria d\u2019Olo, les petits temples romans&hellip;<\/p>\n","protected":false},"author":2,"featured_media":0,"parent":0,"menu_order":0,"comment_status":"closed","ping_status":"closed","template":"template-full-width.php","meta":{"_acf_changed":false,"footnotes":""},"class_list":["post-12204","page","type-page","status-publish","hentry"],"acf":[],"_links":{"self":[{"href":"https:\/\/www.camioliba.cat\/fr\/wp-json\/wp\/v2\/pages\/12204","targetHints":{"allow":["GET"]}}],"collection":[{"href":"https:\/\/www.camioliba.cat\/fr\/wp-json\/wp\/v2\/pages"}],"about":[{"href":"https:\/\/www.camioliba.cat\/fr\/wp-json\/wp\/v2\/types\/page"}],"author":[{"embeddable":true,"href":"https:\/\/www.camioliba.cat\/fr\/wp-json\/wp\/v2\/users\/2"}],"replies":[{"embeddable":true,"href":"https:\/\/www.camioliba.cat\/fr\/wp-json\/wp\/v2\/comments?post=12204"}],"version-history":[{"count":1,"href":"https:\/\/www.camioliba.cat\/fr\/wp-json\/wp\/v2\/pages\/12204\/revisions"}],"predecessor-version":[{"id":12210,"href":"https:\/\/www.camioliba.cat\/fr\/wp-json\/wp\/v2\/pages\/12204\/revisions\/12210"}],"wp:attachment":[{"href":"https:\/\/www.camioliba.cat\/fr\/wp-json\/wp\/v2\/media?parent=12204"}],"curies":[{"name":"wp","href":"https:\/\/api.w.org\/{rel}","templated":true}]}}