{"id":12193,"date":"2017-04-12T15:31:47","date_gmt":"2017-04-12T15:31:47","guid":{"rendered":"http:\/\/www.camioliba.cat\/rutes-complementaries-al-bages\/"},"modified":"2017-09-07T14:59:23","modified_gmt":"2017-09-07T14:59:23","slug":"itineraries-complementaires-au-bages","status":"publish","type":"page","link":"https:\/\/www.camioliba.cat\/fr\/itineraries-complementaires-au-bages\/","title":{"rendered":"Itin\u00e9raries compl\u00e9mentaires au Bages"},"content":{"rendered":"<div class=\"wpb-content-wrapper\"><p>[vc_row][vc_column width=\u00a0\u00bb1\/3&Prime;][vc_empty_space][vc_wp_custommenu nav_menu=\u00a0\u00bb36&Prime;][\/vc_column][vc_column width=\u00a0\u00bb2\/3&Prime;][vc_empty_space][vc_row_inner][vc_column_inner width=\u00a0\u00bb2\/3&Prime;][vc_column_text]<u><strong>ITIN\u00c9RAIRES DU ROMAN DANS LE CANTON DU BAGES<\/strong><\/u><\/p>\n<p>14 Les itin\u00e9raires balis\u00e9s permettent de d\u00e9couvrir des \u00e9l\u00e9ments romans dans le centre du canton.<\/p>\n<p>1- L\u2019ancienne circonscription m\u00e9di\u00e9vale de Manresa<\/p>\n<p>Dans l\u2019ancienne circonscription de la Manresa m\u00e9di\u00e9vale, la ville monumentale permet au visiteur de d\u00e9couvrir le Mus\u00e9e de la R\u00e9gion et la Seu de Manresa. Le long du Cardener se trouvent les monuments importants de Matadars, Sant Pere de Vallhonesta, les Comdals et l\u2019ensemble de Castellet.<br \/>\n2- En faisant le tour de Montserrat<br \/>\nChemin de Manresa \u00e0 Montserrat par le col du Bruc. On peut visiter les petites \u00e9glises romanes de Sant Pere del Brunet et la chapelle de la Mare de Deu de Gracia, Sant Jaume de Marganell&#8230;<br \/>\n3- Montserrat<br \/>\nOutre l\u2019attrait spirituel du monast\u00e8re et la valeur du paysage du Parc Naturel de la montagne de Montserrat, le massif abrite l\u2019ancien monast\u00e8re de Santa Cecilia de Montserrat et l\u2019ancien ermitage de Sant Iscle i Victoria.<br \/>\n4- Sant Benet de Bages<br \/>\nSant Benet de Bages, joyau de l\u2019art roman catalan, conserve dans le clo\u00eetre des chapiteaux d\u2019une grande richesse sculptorique. Les d\u00e9pendances et les espaces incluent des vestiges de l\u2019\u00e9poque romaine, pr\u00e9romane, romane, gothique et d\u2019\u00e9poques post\u00e9rieures.<br \/>\n5- De la Plaine du Bages \u00e0 Castellnou<br \/>\nCet itin\u00e9raire permet de visiter Sant Andreu de Castellnou de Bages, ensemble roman de plan basilical le mieux construit dans ce style et le mieux conserv\u00e9 dans le Bages, les petites chapelles de Santa Maria de Claret et Sant Iscle i Santa Vict\u00f2ria de Bages, et le portail roman de ma\u00eetre Cadell \u00e0 Sant Pere d\u2019Or.<br \/>\n6- De Nav\u00e0s \u00e0 Sallent par les cr\u00eates<br \/>\nItin\u00e9raire vari\u00e9 qui permet de conna\u00eetre l\u2019\u00e9glise de forme ronde de Sant Esteve del Castell de Sallent et Santa Maria de Cornet, l\u2019une des plus belles constructions romanes de l\u2019int\u00e9rieur du canton.<br \/>\n7- Les Vall\u00e9es du Montcau<br \/>\nL\u2019\u00e9glise de Sant Marti de Mura permet une \u00e9tude didactique de l\u2019\u00e9volution d\u2019un b\u00e2timent roman. Les \u00e9glises de Santa Maria de Talamanca, Sta. Maria de Rocafort, St. Esteve de Vila-rasa, et Santa Creu de Palou compl\u00e8tent cet int\u00e9ressant itin\u00e9raire qui passe par le versant du Bages du Parc Naturel de St Lloren\u00e7 del Munt et par la sierra de l\u2019Obac.<br \/>\n8- De chemin vers la Catalunya Nova<br \/>\nLes tours de Fals poss\u00e8dent un c\u00f4t\u00e9 m\u00e9di\u00e9val qui impressionnera tr\u00e8s certainement le visiteur. Aux alentours, entre les bois et les collines, Sant Aman\u00e7 de Vilades et Santa Maria del Grau conservent des vestiges de style pr\u00e9roman. Situ\u00e9 en haut d\u2019une colline, l\u2019ensemble du ch\u00e2teau gothique de Castellar.<br \/>\n9- Castellfollit del Boix<br \/>\nL\u2019ensemble monumental de Sant Pere de Castellfollit est le principal objectif de cet itin\u00e9raire. Les ruines du petit prieur\u00e9 de Sant Pere del Mont et Sant Miquel de Grevalosa compl\u00e8tent la visite.<br \/>\n10-\u00a0 El Cardener<br \/>\nEn suivant le Cardener, nous arrivons \u00e0 Santa Maria de Cererols, le vieux village de Suria, la tour de d\u00e9fense de la Pobla et l\u2019\u00e9glise de Sant Salvador del Quer.<br \/>\n11- Entre Balsareny et Gai\u00e0<br \/>\nCet itin\u00e9raire nous permet d\u2019admirer Santa Maria de Ferrans, qui poss\u00e8de deux nefs, ce qui est exceptionnel dans l\u2019art roman du canton, l\u2019ensemble du Ch\u00e2teau de Balsareny et la petite chapelle de Sant Iscle et Santa Victoria. Non loin de l\u00e0 commence l\u2019\u00e9norme travail d\u2019ing\u00e9nierie m\u00e9di\u00e9vale de la Sequia de Manresa.<\/p>\n<p>12- Sant Cugat del Rac\u00f3<br \/>\nSur cet itin\u00e9raire on remarque tout particuli\u00e8rement le joyau roman du canton du Bages : l\u2019\u00e9glise de Santa Cugat del Raco, la seule \u00e9glise en forme de croix grecque qui soit enti\u00e8re en Catalogne, avec de nombreuses d\u00e9corations lombardes et une coupole circulaire audacieuse, qui s\u2019\u00e9l\u00e8ve \u00e0 partir d\u2019une forme carr\u00e9e.<br \/>\n13- Sant Mateu de Bages<br \/>\nSur des terres d\u2019anciens ch\u00e2teaux, cet itin\u00e9raire traverse la circonscription municipale la plus grande du Bages et l\u2019une des plus grandes de Catalogne qui, de plus, compte le plus grand nombre d\u2019\u00e9glises romanes par municipalit\u00e9.<\/p>\n<p>14- Sur les terres des seigneurs de Cardona<br \/>\nSant Vicen\u00e7 de Cardona est l\u2019objectif indiscutable de cet itin\u00e9raire. Il s\u2019agit d\u2019une \u00e9norme coll\u00e9giale, la premi\u00e8re grande \u00e9glise consacr\u00e9e en Catalogne par l\u2019abb\u00e9 Oliba. Nous visiterons \u00e9galement la tour exceptionnelle et l\u2019\u00e9glise de Sant Julia de Coaner.<\/p>\n<p>&nbsp;<\/p>\n<p>Pour obtenir plus d\u2019informations et de renseignements sur les visites guid\u00e9es, contactez:<br \/>\nOficina de Turisme de Manresa<br \/>\nVia de Sant Ignasi, 40 baixos<br \/>\n08241 Manresa<br \/>\nTel. 93 878\u00a040 90<br \/>\n<a href=\"mailto:turisme@ajmanresa.org\"><span class=\"colortaronja\">turisme@ajmanresa.org<\/span><\/a><br \/>\n<a href=\"http:\/\/www.manresaturisme.cat\/\"><span class=\"colortaronja\">www.manresaturisme.cat<\/span><\/a>[\/vc_column_text][\/vc_column_inner][vc_column_inner width=\u00a0\u00bb1\/3&Prime;][vc_empty_space height=\u00a0\u00bb52px\u00a0\u00bb][vc_single_image image=\u00a0\u00bb11171&Prime; img_size=\u00a0\u00bb800&#215;532&Prime;][vc_column_text]Canal de la S\u00e8quia (Manresa)[\/vc_column_text][vc_empty_space][vc_single_image image=\u00a0\u00bb11172&Prime; img_size=\u00a0\u00bb800&#215;532&Prime;][vc_column_text]Grote\u00a0de St Ignasi (Manresa)[\/vc_column_text][vc_empty_space][vc_single_image image=\u00a0\u00bb11173&Prime; img_size=\u00a0\u00bb800&#215;532&Prime;][vc_column_text]Montserrat[\/vc_column_text][\/vc_column_inner][\/vc_row_inner][vc_column_text]<\/p>\n<h1 class=\"titol1\">Itin\u00e9raires dans la ville de Manresa<\/h1>\n<p><strong>ITIN\u00c9RAIRE M\u00c9DI\u00c9VAL<\/strong><\/p>\n<p>P\u00e9n\u00e9trer dans le vieux quartier de la ville en suivant les traces m\u00e9di\u00e9vales.<br \/>\nD\u00e9couvrir la trame urbaine m\u00e9di\u00e9vale comme exemple de configuration de villes fortifi\u00e9es ; visite de la Seu de Manresa, l\u2019un des meilleurs exemples du gothique catalan et de la rue du Bal\u00e7, rue semi-souterraine recouverte de porches et qui conserve une atmosph\u00e8re m\u00e9di\u00e9vale.<\/p>\n<p><strong>VISITES GUID\u00c9ES<\/strong><\/p>\n<p>La Manresa m\u00e9di\u00e9vale : ville d\u2019\u00e9glises et d\u2019artisans.<br \/>\nP\u00e9n\u00e9trez dans le vieux quartier de la ville en suivant les traces m\u00e9d\u00e9viales.<br \/>\nSuivez la trame urbaine m\u00e9di\u00e9vale comme exemple de configuration de villes fortifi\u00e9es.<br \/>\nVisitez la Seu de Manresa, l\u2019un des meilleurs exemples du gothique catalan et la Tour de Sobrerroca, la seule des huit tours de garde situ\u00e9es aux entr\u00e9es de la ville \u00e0 avoir surv\u00e9cu au temps.<\/p>\n<p>Convient \u00e0 tout public<\/p>\n<p><strong>Dur\u00e9e:<\/strong> 1H30<\/p>\n<p>&nbsp;<\/p>\n<p><u><strong>PARC DE LA S\u00c8QUIA. Magie d\u2019un canal m\u00e9di\u00e9val<\/strong><\/u><\/p>\n<p>La S\u00e8quia de Manresa est un canal construit au XIVe si\u00e8cle qui conduit l\u2019eau du Llobregat de Balsareny \u00e0 la capitale du Bages. Tout le long de son parcours, la Sequia traverse la plaine de Bages et traverse bois, champs de cultures s\u00e8ches et irrigables, espaces naturels et lieux historiques de grand int\u00e9r\u00eat. Le Parc de la Sequia na\u00eet de la volont\u00e9 de convertir cette richesse unique en un grand espace de loisirs, de culture et de tourisme. Il veut \u00eatre une fa\u00e7on diff\u00e9rente de d\u00e9couvrir un territoire ayant un riche patrimoine et des traditions l\u00e9gendaires associ\u00e9es \u00e0 ce canal m\u00e9di\u00e9val. C\u2019est pour cela qu\u2019ont \u00e9t\u00e9 install\u00e9s tout le long du canal les \u00e9quipements n\u00e9cessaires pour rendre la visite plus facile et pour interpr\u00e9ter les lieux les plus int\u00e9ressants. En m\u00eame temps, on est en train de cr\u00e9er un suivi d\u2019activit\u00e9s ludiques autour de la Sequia.<br \/>\nUn chemin longe la Sequia d\u2019un bout \u00e0 l\u2019autre. Il est parfait pour se promener, en particulier l\u00e0 o\u00f9 le paysage est tr\u00e8s int\u00e9ressant comme \u00e0 Sant Iscle de Bages, les bois de la Sala de Sant Pon\u00e7 ou la for\u00eat ripicole de la zone de la Resclosa dels Manresans. Le Parc de l\u2019Agulla, l\u2019un des endroits les plus visit\u00e9s du Bages, est tr\u00e8s recommand\u00e9 pour passer la journ\u00e9e dans un environnement tr\u00e8s tranquille, avec des vues sur Montserrat, \u00e0 c\u00f4t\u00e9 de l\u2019\u00e9tang qui recueille les eaux de la Sequia. On peut aussi visiter dans les environs de la Sequia le ch\u00e2teau de Balsareny, le village ib\u00e9rique du Cogullo et un groupe d\u2019\u00e9glises et d\u2019autres \u00e9l\u00e9ments d\u2019un patrimoine mill\u00e9naire comme les aqueducs de la Sequia. Pour compl\u00e9ter la journ\u00e9e, diff\u00e9rentes activit\u00e9s ludiques sont possibles, comme par exemple l\u2019un des meilleurs circuits de kart de Catalogne, dans la zone de Sala.<\/p>\n<p>Vous trouverez plus d\u2019informations et un plan de l\u2019itin\u00e9raire sur: <a href=\"http:\/\/www.parcdelasequia.cat\/\"><span class=\"colortaronja\">www.parcdelasequia.cat<\/span><\/a>[\/vc_column_text][vc_empty_space][\/vc_column][\/vc_row]<\/p>\n<\/div>","protected":false},"excerpt":{"rendered":"<p>[vc_row][vc_column width=\u00a0\u00bb1\/3&Prime;][vc_empty_space][vc_wp_custommenu nav_menu=\u00a0\u00bb36&Prime;][\/vc_column][vc_column width=\u00a0\u00bb2\/3&Prime;][vc_empty_space][vc_row_inner][vc_column_inner width=\u00a0\u00bb2\/3&Prime;][vc_column_text]ITIN\u00c9RAIRES DU ROMAN DANS LE CANTON DU BAGES 14 Les itin\u00e9raires balis\u00e9s permettent de d\u00e9couvrir des \u00e9l\u00e9ments romans dans le centre du canton. 1- L\u2019ancienne circonscription m\u00e9di\u00e9vale de Manresa Dans l\u2019ancienne circonscription de la Manresa m\u00e9di\u00e9vale, la ville monumentale permet au visiteur de d\u00e9couvrir le Mus\u00e9e de la R\u00e9gion et la&hellip;<\/p>\n","protected":false},"author":2,"featured_media":0,"parent":0,"menu_order":0,"comment_status":"closed","ping_status":"closed","template":"template-full-width.php","meta":{"_acf_changed":false,"footnotes":""},"class_list":["post-12193","page","type-page","status-publish","hentry"],"acf":[],"_links":{"self":[{"href":"https:\/\/www.camioliba.cat\/fr\/wp-json\/wp\/v2\/pages\/12193","targetHints":{"allow":["GET"]}}],"collection":[{"href":"https:\/\/www.camioliba.cat\/fr\/wp-json\/wp\/v2\/pages"}],"about":[{"href":"https:\/\/www.camioliba.cat\/fr\/wp-json\/wp\/v2\/types\/page"}],"author":[{"embeddable":true,"href":"https:\/\/www.camioliba.cat\/fr\/wp-json\/wp\/v2\/users\/2"}],"replies":[{"embeddable":true,"href":"https:\/\/www.camioliba.cat\/fr\/wp-json\/wp\/v2\/comments?post=12193"}],"version-history":[{"count":2,"href":"https:\/\/www.camioliba.cat\/fr\/wp-json\/wp\/v2\/pages\/12193\/revisions"}],"predecessor-version":[{"id":12202,"href":"https:\/\/www.camioliba.cat\/fr\/wp-json\/wp\/v2\/pages\/12193\/revisions\/12202"}],"wp:attachment":[{"href":"https:\/\/www.camioliba.cat\/fr\/wp-json\/wp\/v2\/media?parent=12193"}],"curies":[{"name":"wp","href":"https:\/\/api.w.org\/{rel}","templated":true}]}}