{"id":12179,"date":"2017-04-12T15:31:05","date_gmt":"2017-04-12T15:31:05","guid":{"rendered":"http:\/\/www.camioliba.cat\/rutes-complementaries\/"},"modified":"2017-06-09T19:51:04","modified_gmt":"2017-06-09T19:51:04","slug":"rutes-complementaries","status":"publish","type":"page","link":"https:\/\/www.camioliba.cat\/fr\/rutes-complementaries\/","title":{"rendered":"Itin\u00e9raires compl\u00e9mentaires"},"content":{"rendered":"<div class=\"wpb-content-wrapper\"><p>[vc_row][vc_column width=\u00a0\u00bb1\/3&Prime;][vc_empty_space][vc_wp_custommenu nav_menu=\u00a0\u00bb36&Prime;][vc_empty_space][\/vc_column][vc_column width=\u00a0\u00bb2\/3&Prime;][vc_empty_space][vc_column_text]La \u00ab\u00a0Route\u00a0Oliba\u00a0\u00bb est un grand itin\u00e9raire qui permet d\u2019emprunter des chemins o\u00f9 l\u2019on peut trouver diff\u00e9rents exemples d\u2019art roman ; le sentier passe \u00e9galement par des cantons o\u00f9 l\u2019on peut trouver d\u2019autres itin\u00e9raires li\u00e9s \u00e0 ce style architectonique.[\/vc_column_text][\/vc_column][\/vc_row]<\/p>\n<\/div>","protected":false},"excerpt":{"rendered":"<p>[vc_row][vc_column width=\u00a0\u00bb1\/3&Prime;][vc_empty_space][vc_wp_custommenu nav_menu=\u00a0\u00bb36&Prime;][vc_empty_space][\/vc_column][vc_column width=\u00a0\u00bb2\/3&Prime;][vc_empty_space][vc_column_text]La \u00ab\u00a0Route\u00a0Oliba\u00a0\u00bb est un grand itin\u00e9raire qui permet d\u2019emprunter des chemins o\u00f9 l\u2019on peut trouver diff\u00e9rents exemples d\u2019art roman ; le sentier passe \u00e9galement par des cantons o\u00f9 l\u2019on peut trouver d\u2019autres itin\u00e9raires li\u00e9s \u00e0 ce style architectonique.[\/vc_column_text][\/vc_column][\/vc_row]<\/p>\n","protected":false},"author":2,"featured_media":0,"parent":0,"menu_order":0,"comment_status":"closed","ping_status":"closed","template":"template-full-width.php","meta":{"_acf_changed":false,"footnotes":""},"class_list":["post-12179","page","type-page","status-publish","hentry"],"acf":[],"_links":{"self":[{"href":"https:\/\/www.camioliba.cat\/fr\/wp-json\/wp\/v2\/pages\/12179","targetHints":{"allow":["GET"]}}],"collection":[{"href":"https:\/\/www.camioliba.cat\/fr\/wp-json\/wp\/v2\/pages"}],"about":[{"href":"https:\/\/www.camioliba.cat\/fr\/wp-json\/wp\/v2\/types\/page"}],"author":[{"embeddable":true,"href":"https:\/\/www.camioliba.cat\/fr\/wp-json\/wp\/v2\/users\/2"}],"replies":[{"embeddable":true,"href":"https:\/\/www.camioliba.cat\/fr\/wp-json\/wp\/v2\/comments?post=12179"}],"version-history":[{"count":2,"href":"https:\/\/www.camioliba.cat\/fr\/wp-json\/wp\/v2\/pages\/12179\/revisions"}],"predecessor-version":[{"id":12184,"href":"https:\/\/www.camioliba.cat\/fr\/wp-json\/wp\/v2\/pages\/12179\/revisions\/12184"}],"wp:attachment":[{"href":"https:\/\/www.camioliba.cat\/fr\/wp-json\/wp\/v2\/media?parent=12179"}],"curies":[{"name":"wp","href":"https:\/\/api.w.org\/{rel}","templated":true}]}}