{"id":11944,"date":"2017-02-10T10:20:46","date_gmt":"2017-02-10T10:20:46","guid":{"rendered":"http:\/\/www.camioliba.cat\/de-vilanova-de-sau-a-tavertet\/"},"modified":"2018-03-15T13:43:00","modified_gmt":"2018-03-15T13:43:00","slug":"de-vilanova-de-sau-a-tavertet","status":"publish","type":"page","link":"https:\/\/www.camioliba.cat\/fr\/vic-sant-joan-de-les-abadesses\/de-vilanova-de-sau-a-tavertet\/","title":{"rendered":"De Vilanova de Sau \u00e0 Tavertet"},"content":{"rendered":"<div class=\"wpb-content-wrapper\"><p>[vc_row el_class=\u00a0\u00bbdetall\u00a0\u00bb][vc_column el_class=\u00a0\u00bbcolumna\u00a0\u00bb][vc_row_inner css=\u00a0\u00bb.vc_custom_1487588772808{border-top-width: 1px !important;border-right-width: 1px !important;border-bottom-width: 1px !important;border-left-width: 1px !important;padding-top: 0px !important;padding-right: 15px !important;padding-bottom: 15px !important;padding-left: 15px !important;border-left-color: #b5b5b5 !important;border-left-style: solid !important;border-right-color: #b5b5b5 !important;border-right-style: solid !important;border-top-color: #b5b5b5 !important;border-top-style: solid !important;border-bottom-color: #b5b5b5 !important;border-bottom-style: solid !important;}\u00a0\u00bb][vc_column_inner width=\u00a0\u00bb1\/2&Prime;][vc_column_text]<\/p>\n<h3>R\u00c9SUM\u00c9 DE L\u2019\u00c9TAPE<\/h3>\n<p><b>Distance parcourue:<\/b> 10.008m<br \/>\n<b>Hauteur maximale:<\/b> 881m<br \/>\n<b>Hauteur minimale:<\/b> 398m<br \/>\n<b>Ascension accumul\u00e9e:<\/b> 663m<br \/>\n<b>D\u00e9nivellation sortie-arriv\u00e9e:<\/b> 297m[\/vc_column_text][\/vc_column_inner][vc_column_inner width=\u00a0\u00bb1\/2&Prime;][vc_column_text]<\/p>\n<h3>FICHE TECHNIQUE<\/h3>\n<ul>\n<li><a href=\"https:\/\/www.camioliba.cat\/tracks\/etapa2\/T9Vilanova-Tavertet.gpx\" target=\"_blank\" rel=\"noopener noreferrer\">D\u00e9charge-toi le track<\/a><\/li>\n<li><a href=\"https:\/\/www.camioliba.cat\/guies-ruta\/etapa2\/etapa2-4-fr.pdf\" target=\"_blank\" rel=\"noopener noreferrer\">D\u00e9charge-toi le guide de route<\/a><\/li>\n<\/ul>\n<p>[\/vc_column_text][\/vc_column_inner][\/vc_row_inner][vc_empty_space][vc_column_text]<\/p>\n<h3>DESCRIPTION G\u00c9N\u00c9RAL<\/h3>\n<div id=\"descripcio\">\n<p>La route de Vilanova de Sau \u00e0 Tavertet, est d\u2019une beaut\u00e9 extraordinaire, puisqu\u2019elle nous offre l\u2019opportunit\u00e9 d\u2019admirer un paysage\u00a0 tr\u00e8s sp\u00e9cial de deux formes diff\u00e9rentes. D\u2019un c\u00f4t\u00e9 en traversant la vall\u00e9e, on sera surpris par la vision d\u2019un grand rocher escarp\u00e9 qui s\u00e9pare Collsacabra de les Guilleries, comme s\u2019il s\u2019agissait d\u2019un grand monument naturel. De l\u2019autre, apr\u00e8s une ascension par le rocher escarp\u00e9, vous pourrez admirer depuis le sommet du monument, la vall\u00e9e et le marais de Sau, enclav\u00e9s au beau milieu de la r\u00e9gion. Pour finir, Travertet ne vous laissera pas indiff\u00e9rent\u2026<\/p>\n<\/div>\n<p>[\/vc_column_text][vc_separator][vc_empty_space][\/vc_column][\/vc_row][vc_row][vc_column width=\u00a0\u00bb1\/2&Prime;][vc_column_text]<\/p>\n<h3>ITIN\u00c9RAIRE<\/h3>\n<div id=\"descripcio\"><\/div>\n<p>[\/vc_column_text][vc_gmaps link=\u00a0\u00bb#E-8_JTNDaWZyYW1lJTIwc3JjJTNEJTIyaHR0cHMlM0ElMkYlMkZ3d3cuZ29vZ2xlLmNvbSUyRm1hcHMlMkZkJTJGZW1iZWQlM0ZtaWQlM0QxRkZLZ0V6RXpQaVRFaTBfdzQtWUpIbzA1OWljLV8xUEElMjIlMjB3aWR0aCUzRCUyMjY0MCUyMiUyMGhlaWdodCUzRCUyMjQ4MCUyMiUzRSUzQyUyRmlmcmFtZSUzRQ==\u00a0\u00bb][\/vc_column][vc_column width=\u00a0\u00bb1\/2&Prime;][vc_column_text]<\/p>\n<h3>D\u00c9NIVELLATION<\/h3>\n<div id=\"descripcio\"><\/div>\n<p>[\/vc_column_text][vc_single_image image=\u00a0\u00bb10500&Prime; img_size=\u00a0\u00bb907 \u00d7 529&Prime; onclick=\u00a0\u00bblink_image\u00a0\u00bb][\/vc_column][\/vc_row][vc_row][vc_column][vc_empty_space][vc_separator][vc_empty_space][vc_column_text]<\/p>\n<h3>IMAGES DE L\u2019\u00c9TAPE<\/h3>\n<div id=\"descripcio\"><\/div>\n<p>[\/vc_column_text][vc_gallery type=\u00a0\u00bbimage_grid\u00a0\u00bb images=\u00a0\u00bb10523,10524&Prime; img_size=\u00a0\u00bb100X100&Prime;][\/vc_column][\/vc_row]<\/p>\n<\/div>","protected":false},"excerpt":{"rendered":"<p>[vc_row el_class=\u00a0\u00bbdetall\u00a0\u00bb][vc_column el_class=\u00a0\u00bbcolumna\u00a0\u00bb][vc_row_inner css=\u00a0\u00bb.vc_custom_1487588772808{border-top-width: 1px !important;border-right-width: 1px !important;border-bottom-width: 1px !important;border-left-width: 1px !important;padding-top: 0px !important;padding-right: 15px !important;padding-bottom: 15px !important;padding-left: 15px !important;border-left-color: #b5b5b5 !important;border-left-style: solid !important;border-right-color: #b5b5b5 !important;border-right-style: solid !important;border-top-color: #b5b5b5 !important;border-top-style: solid !important;border-bottom-color: #b5b5b5 !important;border-bottom-style: solid !important;}\u00a0\u00bb][vc_column_inner width=\u00a0\u00bb1\/2&Prime;][vc_column_text] R\u00c9SUM\u00c9 DE L\u2019\u00c9TAPE Distance parcourue: 10.008m Hauteur maximale: 881m Hauteur minimale: 398m Ascension accumul\u00e9e: 663m D\u00e9nivellation sortie-arriv\u00e9e: 297m[\/vc_column_text][\/vc_column_inner][vc_column_inner&hellip;<\/p>\n","protected":false},"author":2,"featured_media":0,"parent":12219,"menu_order":0,"comment_status":"closed","ping_status":"closed","template":"ruta2.php","meta":{"_acf_changed":false,"footnotes":""},"class_list":["post-11944","page","type-page","status-publish","hentry"],"acf":[],"_links":{"self":[{"href":"https:\/\/www.camioliba.cat\/fr\/wp-json\/wp\/v2\/pages\/11944","targetHints":{"allow":["GET"]}}],"collection":[{"href":"https:\/\/www.camioliba.cat\/fr\/wp-json\/wp\/v2\/pages"}],"about":[{"href":"https:\/\/www.camioliba.cat\/fr\/wp-json\/wp\/v2\/types\/page"}],"author":[{"embeddable":true,"href":"https:\/\/www.camioliba.cat\/fr\/wp-json\/wp\/v2\/users\/2"}],"replies":[{"embeddable":true,"href":"https:\/\/www.camioliba.cat\/fr\/wp-json\/wp\/v2\/comments?post=11944"}],"version-history":[{"count":4,"href":"https:\/\/www.camioliba.cat\/fr\/wp-json\/wp\/v2\/pages\/11944\/revisions"}],"predecessor-version":[{"id":13078,"href":"https:\/\/www.camioliba.cat\/fr\/wp-json\/wp\/v2\/pages\/11944\/revisions\/13078"}],"up":[{"embeddable":true,"href":"https:\/\/www.camioliba.cat\/fr\/wp-json\/wp\/v2\/pages\/12219"}],"wp:attachment":[{"href":"https:\/\/www.camioliba.cat\/fr\/wp-json\/wp\/v2\/media?parent=11944"}],"curies":[{"name":"wp","href":"https:\/\/api.w.org\/{rel}","templated":true}]}}