{"id":11903,"date":"2017-02-10T10:19:42","date_gmt":"2017-02-10T10:19:42","guid":{"rendered":"http:\/\/www.camioliba.cat\/de-vic-a-folgueroles\/"},"modified":"2018-03-15T13:31:59","modified_gmt":"2018-03-15T13:31:59","slug":"de-vic-a-folgueroles","status":"publish","type":"page","link":"https:\/\/www.camioliba.cat\/fr\/vic-sant-joan-de-les-abadesses\/de-vic-a-folgueroles\/","title":{"rendered":"De Vic \u00e0 Folgueroles"},"content":{"rendered":"<div class=\"wpb-content-wrapper\"><p>[vc_row el_class=\u00a0\u00bbdetall\u00a0\u00bb][vc_column el_class=\u00a0\u00bbcolumna\u00a0\u00bb][vc_row_inner css=\u00a0\u00bb.vc_custom_1487588772808{border-top-width: 1px !important;border-right-width: 1px !important;border-bottom-width: 1px !important;border-left-width: 1px !important;padding-top: 0px !important;padding-right: 15px !important;padding-bottom: 15px !important;padding-left: 15px !important;border-left-color: #b5b5b5 !important;border-left-style: solid !important;border-right-color: #b5b5b5 !important;border-right-style: solid !important;border-top-color: #b5b5b5 !important;border-top-style: solid !important;border-bottom-color: #b5b5b5 !important;border-bottom-style: solid !important;}\u00a0\u00bb][vc_column_inner width=\u00a0\u00bb1\/2&Prime;][vc_column_text]<\/p>\n<h3>R\u00c9SUM\u00c9 DE L&rsquo;\u00c9TAPE<\/h3>\n<p><b>Distance parcourue:<\/b> 10.710m<br \/>\n<b>Hauteur maximale:<\/b> 601m<br \/>\n<b>Hauteur minimale:<\/b> 466m<br \/>\n<b>Ascension accumul\u00e9e:<\/b> 128m<br \/>\n<b>D\u00e9nivellation sortie-arriv\u00e9e:<\/b> 65m<\/p>\n<p>[\/vc_column_text][\/vc_column_inner][vc_column_inner width=\u00a0\u00bb1\/2&Prime;][vc_column_text]<\/p>\n<h3>FICHE TECHNIQUE<\/h3>\n<ul>\n<li><a href=\"https:\/\/www.camioliba.cat\/tracks\/etapa2\/T6Vic-Folgueroles.gpx\" target=\"_blank\" rel=\"noopener noreferrer\">D\u00e9charge-toi le track<\/a><\/li>\n<li><a href=\"https:\/\/www.camioliba.cat\/guies-ruta\/etapa2\/etapa2-1-fr.pdf\" target=\"_blank\" rel=\"noopener noreferrer\">D\u00e9charge-toi le guide de route<\/a><\/li>\n<\/ul>\n<p>[\/vc_column_text][\/vc_column_inner][\/vc_row_inner][vc_empty_space][vc_column_text]<\/p>\n<h3 class=\"titol2\">DESCRIPTION G\u00c9N\u00c9RAL<\/h3>\n<div id=\"descripcio\">\n<p>De la ville contemporaine de Vic au village de Verdaguer, une \u00e9tape farcie d\u2019histoire, o\u00f9 l\u2019on peut appr\u00e9cier la transition du monde urbain au monde rural des mas, des anciens moulins et des cultures.<\/p>\n<p>Vic est un r\u00e9f\u00e9rent dans le monde des foires catalanes, avec des \u00e9v\u00e9nements tels ceux du March\u00e9 de la Musique Vivante, du March\u00e9 du Go\u00fbt,\u00a0 du Salon de la Montagne, de la Foire d\u2019Antiquit\u00e9s de Vic, du March\u00e9 M\u00e9di\u00e9val et n\u2019oublions pas les march\u00e9s populaires hebdomadaires, les mardis, les samedis et le nouveau march\u00e9 du dimanche.<\/p>\n<p>Vic r\u00e9unit un grand \u00e9chantillon d\u2019immeubles embl\u00e9matiques, qui vont de l\u2019\u00e9poque du roman, en passant par le baroque, au modernisme. Vic est une des villes catalanes qui repr\u00e9sente le mieux le pass\u00e9 et l\u2019histoire de notre pays.<\/p>\n<p>Celle-ci est donc une \u00e9tape pour savourer l\u2019histoire et la culture de la Plana et jouir en m\u00eame temps des paysages et des traditions paysannes.<\/p>\n<\/div>\n<p>[\/vc_column_text][vc_separator][vc_empty_space][\/vc_column][\/vc_row][vc_row][vc_column width=\u00a0\u00bb1\/2&Prime;][vc_column_text]<\/p>\n<h3 class=\"titol2\">ITIN\u00c9RAIRE<\/h3>\n<div id=\"descripcio\"><\/div>\n<p>[\/vc_column_text][vc_gmaps link=\u00a0\u00bb#E-8_JTNDaWZyYW1lJTIwc3JjJTNEJTIyaHR0cHMlM0ElMkYlMkZ3d3cuZ29vZ2xlLmNvbSUyRm1hcHMlMkZkJTJGZW1iZWQlM0ZtaWQlM0QxYlE5VExQSmVFOFZhZVZ1YUJhenVmaFhxcHVUTXd5NmolMjIlMjB3aWR0aCUzRCUyMjY0MCUyMiUyMGhlaWdodCUzRCUyMjQ4MCUyMiUzRSUzQyUyRmlmcmFtZSUzRQ==\u00a0\u00bb][\/vc_column][vc_column width=\u00a0\u00bb1\/2&Prime;][vc_column_text]<\/p>\n<h3 class=\"titol2\">D\u00c9NIVELLATION<\/h3>\n<div id=\"descripcio\"><\/div>\n<p>[\/vc_column_text][vc_single_image image=\u00a0\u00bb10486&Prime; img_size=\u00a0\u00bb907 \u00d7 529&Prime; onclick=\u00a0\u00bblink_image\u00a0\u00bb][\/vc_column][\/vc_row][vc_row][vc_column][vc_empty_space][vc_separator][vc_empty_space][vc_column_text]<\/p>\n<h3 class=\"titol2\">IMAGES DE L&rsquo;\u00c9TAPE<\/h3>\n<div id=\"descripcio\"><\/div>\n<p>[\/vc_column_text][vc_gallery type=\u00a0\u00bbimage_grid\u00a0\u00bb images=\u00a0\u00bb10477,10478,10479,10480,10481,10482,10483&Prime; img_size=\u00a0\u00bb100X100&Prime;][\/vc_column][\/vc_row]<\/p>\n<\/div>","protected":false},"excerpt":{"rendered":"<p>[vc_row el_class=\u00a0\u00bbdetall\u00a0\u00bb][vc_column el_class=\u00a0\u00bbcolumna\u00a0\u00bb][vc_row_inner css=\u00a0\u00bb.vc_custom_1487588772808{border-top-width: 1px !important;border-right-width: 1px !important;border-bottom-width: 1px !important;border-left-width: 1px !important;padding-top: 0px !important;padding-right: 15px !important;padding-bottom: 15px !important;padding-left: 15px !important;border-left-color: #b5b5b5 !important;border-left-style: solid !important;border-right-color: #b5b5b5 !important;border-right-style: solid !important;border-top-color: #b5b5b5 !important;border-top-style: solid !important;border-bottom-color: #b5b5b5 !important;border-bottom-style: solid !important;}\u00a0\u00bb][vc_column_inner width=\u00a0\u00bb1\/2&Prime;][vc_column_text] R\u00c9SUM\u00c9 DE L&rsquo;\u00c9TAPE Distance parcourue: 10.710m Hauteur maximale: 601m Hauteur minimale: 466m Ascension accumul\u00e9e: 128m D\u00e9nivellation sortie-arriv\u00e9e: 65m&hellip;<\/p>\n","protected":false},"author":2,"featured_media":0,"parent":12219,"menu_order":0,"comment_status":"closed","ping_status":"closed","template":"ruta2.php","meta":{"_acf_changed":false,"footnotes":""},"class_list":["post-11903","page","type-page","status-publish","hentry"],"acf":[],"_links":{"self":[{"href":"https:\/\/www.camioliba.cat\/fr\/wp-json\/wp\/v2\/pages\/11903","targetHints":{"allow":["GET"]}}],"collection":[{"href":"https:\/\/www.camioliba.cat\/fr\/wp-json\/wp\/v2\/pages"}],"about":[{"href":"https:\/\/www.camioliba.cat\/fr\/wp-json\/wp\/v2\/types\/page"}],"author":[{"embeddable":true,"href":"https:\/\/www.camioliba.cat\/fr\/wp-json\/wp\/v2\/users\/2"}],"replies":[{"embeddable":true,"href":"https:\/\/www.camioliba.cat\/fr\/wp-json\/wp\/v2\/comments?post=11903"}],"version-history":[{"count":5,"href":"https:\/\/www.camioliba.cat\/fr\/wp-json\/wp\/v2\/pages\/11903\/revisions"}],"predecessor-version":[{"id":13067,"href":"https:\/\/www.camioliba.cat\/fr\/wp-json\/wp\/v2\/pages\/11903\/revisions\/13067"}],"up":[{"embeddable":true,"href":"https:\/\/www.camioliba.cat\/fr\/wp-json\/wp\/v2\/pages\/12219"}],"wp:attachment":[{"href":"https:\/\/www.camioliba.cat\/fr\/wp-json\/wp\/v2\/media?parent=11903"}],"curies":[{"name":"wp","href":"https:\/\/api.w.org\/{rel}","templated":true}]}}