{"id":11544,"date":"2017-02-10T10:05:58","date_gmt":"2017-02-10T10:05:58","guid":{"rendered":"http:\/\/www.camioliba.cat\/montserrat-bages-vic-osona\/del-monestir-de-montserrat-a-manresa\/"},"modified":"2018-03-15T12:26:59","modified_gmt":"2018-03-15T12:26:59","slug":"du-monastere-de-montserrat-a-manresa","status":"publish","type":"page","link":"https:\/\/www.camioliba.cat\/fr\/montserrat-bages-vic-osona\/du-monastere-de-montserrat-a-manresa\/","title":{"rendered":"Du Monast\u00e8re de Montserrat \u00e0 Manresa"},"content":{"rendered":"<div class=\"wpb-content-wrapper\"><p>[vc_row el_class=\u00a0\u00bbdetall\u00a0\u00bb][vc_column el_class=\u00a0\u00bbcolumna\u00a0\u00bb][vc_row_inner css=\u00a0\u00bb.vc_custom_1487588772808{border-top-width: 1px !important;border-right-width: 1px !important;border-bottom-width: 1px !important;border-left-width: 1px !important;padding-top: 0px !important;padding-right: 15px !important;padding-bottom: 15px !important;padding-left: 15px !important;border-left-color: #b5b5b5 !important;border-left-style: solid !important;border-right-color: #b5b5b5 !important;border-right-style: solid !important;border-top-color: #b5b5b5 !important;border-top-style: solid !important;border-bottom-color: #b5b5b5 !important;border-bottom-style: solid !important;}\u00a0\u00bb][vc_column_inner width=\u00a0\u00bb1\/2&Prime;][vc_column_text]<\/p>\n<h3>R\u00c9SUM\u00c9 DE L&rsquo;\u00c9TAPE<\/h3>\n<p><b>Distance parcourue:<\/b> 20,53 km<br \/>\n<b>Hauteur maximale:<\/b> 761m<br \/>\n<b>Hauteur minimale:<\/b> 202m<br \/>\n<b>Ascension accumul\u00e9e:<\/b> 602m<br \/>\n<b>D\u00e9nivellation sortie-arriv\u00e9e:<\/b> -513m<\/p>\n<p>[\/vc_column_text][\/vc_column_inner][vc_column_inner width=\u00a0\u00bb1\/2&Prime;][vc_column_text]<\/p>\n<h3>FICHE TECHNIQUE<\/h3>\n<ul>\n<li><a href=\"https:\/\/www.camioliba.cat\/tracks\/etapa1\/T1Montserrat-Manresa.gpx\" target=\"_blank\" rel=\"noopener noreferrer\">D\u00e9charge-toi le track<\/a><\/li>\n<li><a href=\"https:\/\/www.camioliba.cat\/guies-ruta\/etapa1\/etapa1-1-fr.pdf\" target=\"_blank\" rel=\"noopener noreferrer\">D\u00e9charge-toi le guide de route<\/a><\/li>\n<\/ul>\n<h3><\/h3>\n<p>[\/vc_column_text][\/vc_column_inner][\/vc_row_inner][vc_empty_space][vc_column_text]<\/p>\n<h3 class=\"titol2\">DESCRIPTION G\u00c9N\u00c9RAL<\/h3>\n<div id=\"descripcio\">\n<p>Le d\u00e9part depuis le Monast\u00e8re de Montserrat est r\u00e9ellement splendide, non seulement pour son emplacement au beau milieu du Parc Naturel du m\u00eame nom, mais aussi parce qu\u2019il nous fournit une cote haute de d\u00e9part, ce qui fait que le chemin soit exclusivement en descente. Bien que le paysage soit assez sec et parfois un peu trop urbanis\u00e9, l\u2019arriv\u00e9e \u00e0 pied \u00e0 Manresa est d\u2019une beaut\u00e9 extraordinaire et relie deux toponymes incontournables de ce terroir. On a aussi la possibilit\u00e9 de continuer le chemin et d\u2019emprunter l\u2019\u00e9tape de Navarcles, ce qui demande un effort mais qui vaut bien le d\u00e9tour.<\/p>\n<\/div>\n<p>[\/vc_column_text][vc_separator][vc_empty_space][\/vc_column][\/vc_row][vc_row][vc_column width=\u00a0\u00bb1\/2&Prime;][vc_column_text]<\/p>\n<h3 class=\"titol2\">ITIN\u00c9RAIRE<\/h3>\n<div id=\"descripcio\"><\/div>\n<p>[\/vc_column_text][vc_gmaps link=\u00a0\u00bb#E-8_JTNDaWZyYW1lJTIwc3JjJTNEJTIyaHR0cHMlM0ElMkYlMkZ3d3cuZ29vZ2xlLmNvbSUyRm1hcHMlMkZkJTJGZW1iZWQlM0ZtaWQlM0QxZ2tsdjN2bC1HWk5xT3YySjJmcGQzY0VNNEdnOEpJeFUlMjIlMjB3aWR0aCUzRCUyMjY0MCUyMiUyMGhlaWdodCUzRCUyMjQ4MCUyMiUzRSUzQyUyRmlmcmFtZSUzRQ==\u00a0\u00bb][\/vc_column][vc_column width=\u00a0\u00bb1\/2&Prime;][vc_column_text]<\/p>\n<h3 class=\"titol2\">D\u00c9NIVELLATION<\/h3>\n<div id=\"descripcio\"><\/div>\n<p>[\/vc_column_text][vc_single_image image=\u00a0\u00bb10400&Prime; img_size=\u00a0\u00bb907 \u00d7 529&Prime; onclick=\u00a0\u00bblink_image\u00a0\u00bb][\/vc_column][\/vc_row][vc_row][vc_column][vc_empty_space][vc_separator][vc_empty_space][vc_column_text]<\/p>\n<h3 class=\"titol2\">IMATGES DE L&rsquo;\u00c9TAPE<\/h3>\n<div id=\"descripcio\"><\/div>\n<p>[\/vc_column_text][vc_gallery type=\u00a0\u00bbimage_grid\u00a0\u00bb images=\u00a0\u00bb10424,10426,10427,10428,10429,10430,10431,10432,10433,10434,10435&Prime; img_size=\u00a0\u00bb100X100&Prime;][\/vc_column][\/vc_row]<\/p>\n<\/div>","protected":false},"excerpt":{"rendered":"<p>[vc_row el_class=\u00a0\u00bbdetall\u00a0\u00bb][vc_column el_class=\u00a0\u00bbcolumna\u00a0\u00bb][vc_row_inner css=\u00a0\u00bb.vc_custom_1487588772808{border-top-width: 1px !important;border-right-width: 1px !important;border-bottom-width: 1px !important;border-left-width: 1px !important;padding-top: 0px !important;padding-right: 15px !important;padding-bottom: 15px !important;padding-left: 15px !important;border-left-color: #b5b5b5 !important;border-left-style: solid !important;border-right-color: #b5b5b5 !important;border-right-style: solid !important;border-top-color: #b5b5b5 !important;border-top-style: solid !important;border-bottom-color: #b5b5b5 !important;border-bottom-style: solid !important;}\u00a0\u00bb][vc_column_inner width=\u00a0\u00bb1\/2&Prime;][vc_column_text] R\u00c9SUM\u00c9 DE L&rsquo;\u00c9TAPE Distance parcourue: 20,53 km Hauteur maximale: 761m Hauteur minimale: 202m Ascension accumul\u00e9e: 602m D\u00e9nivellation sortie-arriv\u00e9e:&hellip;<\/p>\n","protected":false},"author":2,"featured_media":0,"parent":11454,"menu_order":0,"comment_status":"closed","ping_status":"closed","template":"","meta":{"_acf_changed":false,"footnotes":""},"class_list":["post-11544","page","type-page","status-publish","hentry"],"acf":[],"_links":{"self":[{"href":"https:\/\/www.camioliba.cat\/fr\/wp-json\/wp\/v2\/pages\/11544","targetHints":{"allow":["GET"]}}],"collection":[{"href":"https:\/\/www.camioliba.cat\/fr\/wp-json\/wp\/v2\/pages"}],"about":[{"href":"https:\/\/www.camioliba.cat\/fr\/wp-json\/wp\/v2\/types\/page"}],"author":[{"embeddable":true,"href":"https:\/\/www.camioliba.cat\/fr\/wp-json\/wp\/v2\/users\/2"}],"replies":[{"embeddable":true,"href":"https:\/\/www.camioliba.cat\/fr\/wp-json\/wp\/v2\/comments?post=11544"}],"version-history":[{"count":5,"href":"https:\/\/www.camioliba.cat\/fr\/wp-json\/wp\/v2\/pages\/11544\/revisions"}],"predecessor-version":[{"id":13046,"href":"https:\/\/www.camioliba.cat\/fr\/wp-json\/wp\/v2\/pages\/11544\/revisions\/13046"}],"up":[{"embeddable":true,"href":"https:\/\/www.camioliba.cat\/fr\/wp-json\/wp\/v2\/pages\/11454"}],"wp:attachment":[{"href":"https:\/\/www.camioliba.cat\/fr\/wp-json\/wp\/v2\/media?parent=11544"}],"curies":[{"name":"wp","href":"https:\/\/api.w.org\/{rel}","templated":true}]}}