{"id":11530,"date":"2017-02-10T10:08:08","date_gmt":"2017-02-10T10:08:08","guid":{"rendered":"http:\/\/www.camioliba.cat\/montserrat-bages-vic-osona\/de-navarcles-a-artes\/"},"modified":"2018-03-15T12:32:39","modified_gmt":"2018-03-15T12:32:39","slug":"de-navarcles-a-artes","status":"publish","type":"page","link":"https:\/\/www.camioliba.cat\/fr\/montserrat-bages-vic-osona\/de-navarcles-a-artes\/","title":{"rendered":"De Navarcles \u00e0 Art\u00e9s"},"content":{"rendered":"<div class=\"wpb-content-wrapper\"><p>[vc_row el_class=\u00a0\u00bbdetall\u00a0\u00bb][vc_column el_class=\u00a0\u00bbcolumna\u00a0\u00bb][vc_row_inner css=\u00a0\u00bb.vc_custom_1487588772808{border-top-width: 1px !important;border-right-width: 1px !important;border-bottom-width: 1px !important;border-left-width: 1px !important;padding-top: 0px !important;padding-right: 15px !important;padding-bottom: 15px !important;padding-left: 15px !important;border-left-color: #b5b5b5 !important;border-left-style: solid !important;border-right-color: #b5b5b5 !important;border-right-style: solid !important;border-top-color: #b5b5b5 !important;border-top-style: solid !important;border-bottom-color: #b5b5b5 !important;border-bottom-style: solid !important;}\u00a0\u00bb][vc_column_inner width=\u00a0\u00bb1\/2&Prime;][vc_column_text]<\/p>\n<h3>R\u00c9SUM\u00c9 DE L&rsquo;\u00c9TAPE<\/h3>\n<p><b>Distance parcourue:<\/b> 9,370 km<br \/>\n<b>Hauteur maximale:<\/b> 365m<br \/>\n<b>Hauteur minimale:<\/b> 223m<br \/>\n<b>Ascension accumul\u00e9e:<\/b> 139m<br \/>\n<b>D\u00e9nivellation sortie-arriv\u00e9e:<\/b> 84m<\/p>\n<p>[\/vc_column_text][\/vc_column_inner][vc_column_inner width=\u00a0\u00bb1\/2&Prime;][vc_column_text]<\/p>\n<h3>FICHE TECHNIQUE<\/h3>\n<ul>\n<li><a href=\"https:\/\/www.camioliba.cat\/tracks\/etapa1\/T3 Navarcles-Artes.gpx\" target=\"_blank\" rel=\"noopener noreferrer\">D\u00e9charge-toi le track<\/a><\/li>\n<li><a href=\"https:\/\/www.camioliba.cat\/guies-ruta\/etapa1\/etapa1-3-fr.pdf\" target=\"_blank\" rel=\"noopener noreferrer\">D\u00e9charge-toi le guide de rute<\/a><\/li>\n<\/ul>\n<h3><\/h3>\n<p>[\/vc_column_text][\/vc_column_inner][\/vc_row_inner][vc_empty_space][vc_column_text]<\/p>\n<h3 class=\"titol2\">DESCRIPTION G\u00c9N\u00c9RAL<\/h3>\n<div id=\"descripcio\">\n<p>De Navarcles, caress\u00e9 par le Llobregat et l\u2019oued de Calders, \u00e0 Art\u00e9s, une population vinicole tr\u00e8s attach\u00e9e aux traditions du terroir et \u00e0 sa culture, nous soulignons les f\u00eates de Sant Joan, la f\u00eate de la Vendange, un chemin plaisant et une randonn\u00e9e tranquille parmi les cultures non irrigu\u00e9es et les zones de pins.<\/p>\n<\/div>\n<p>[\/vc_column_text][vc_separator][vc_empty_space][\/vc_column][\/vc_row][vc_row][vc_column width=\u00a0\u00bb1\/2&Prime;][vc_column_text]<\/p>\n<h3 class=\"titol2\">ITIN\u00c9RAIRE<\/h3>\n<div id=\"descripcio\"><\/div>\n<p>[\/vc_column_text][vc_gmaps link=\u00a0\u00bb#E-8_JTNDaWZyYW1lJTIwc3JjJTNEJTIyaHR0cHMlM0ElMkYlMkZ3d3cuZ29vZ2xlLmNvbSUyRm1hcHMlMkZkJTJGZW1iZWQlM0ZtaWQlM0QxTXc2X19xbzhsM3B4MmJhbHJEUkxFNy0wd1pjRDFyMmwlMjIlMjB3aWR0aCUzRCUyMjY0MCUyMiUyMGhlaWdodCUzRCUyMjQ4MCUyMiUzRSUzQyUyRmlmcmFtZSUzRQ==\u00a0\u00bb][\/vc_column][vc_column width=\u00a0\u00bb1\/2&Prime;][vc_column_text]<\/p>\n<h3 class=\"titol2\">D\u00c9NIVELLATION<\/h3>\n<p>[\/vc_column_text][vc_single_image image=\u00a0\u00bb10787&Prime; img_size=\u00a0\u00bb907 \u00d7 529&Prime; onclick=\u00a0\u00bblink_image\u00a0\u00bb][\/vc_column][\/vc_row][vc_row][vc_column][vc_empty_space][vc_separator][vc_empty_space][vc_column_text]<\/p>\n<h3 class=\"titol2\">IMAGES DE L&rsquo;\u00c9TAPE<\/h3>\n<div id=\"descripcio\"><\/div>\n<p>[\/vc_column_text][vc_gallery type=\u00a0\u00bbimage_grid\u00a0\u00bb images=\u00a0\u00bb10449,10450&Prime; img_size=\u00a0\u00bb100X100&Prime;][\/vc_column][\/vc_row]<\/p>\n<\/div>","protected":false},"excerpt":{"rendered":"<p>[vc_row el_class=\u00a0\u00bbdetall\u00a0\u00bb][vc_column el_class=\u00a0\u00bbcolumna\u00a0\u00bb][vc_row_inner css=\u00a0\u00bb.vc_custom_1487588772808{border-top-width: 1px !important;border-right-width: 1px !important;border-bottom-width: 1px !important;border-left-width: 1px !important;padding-top: 0px !important;padding-right: 15px !important;padding-bottom: 15px !important;padding-left: 15px !important;border-left-color: #b5b5b5 !important;border-left-style: solid !important;border-right-color: #b5b5b5 !important;border-right-style: solid !important;border-top-color: #b5b5b5 !important;border-top-style: solid !important;border-bottom-color: #b5b5b5 !important;border-bottom-style: solid !important;}\u00a0\u00bb][vc_column_inner width=\u00a0\u00bb1\/2&Prime;][vc_column_text] R\u00c9SUM\u00c9 DE L&rsquo;\u00c9TAPE Distance parcourue: 9,370 km Hauteur maximale: 365m Hauteur minimale: 223m Ascension accumul\u00e9e: 139m D\u00e9nivellation sortie-arriv\u00e9e:&hellip;<\/p>\n","protected":false},"author":2,"featured_media":0,"parent":11454,"menu_order":0,"comment_status":"closed","ping_status":"closed","template":"","meta":{"_acf_changed":false,"footnotes":""},"class_list":["post-11530","page","type-page","status-publish","hentry"],"acf":[],"_links":{"self":[{"href":"https:\/\/www.camioliba.cat\/fr\/wp-json\/wp\/v2\/pages\/11530","targetHints":{"allow":["GET"]}}],"collection":[{"href":"https:\/\/www.camioliba.cat\/fr\/wp-json\/wp\/v2\/pages"}],"about":[{"href":"https:\/\/www.camioliba.cat\/fr\/wp-json\/wp\/v2\/types\/page"}],"author":[{"embeddable":true,"href":"https:\/\/www.camioliba.cat\/fr\/wp-json\/wp\/v2\/users\/2"}],"replies":[{"embeddable":true,"href":"https:\/\/www.camioliba.cat\/fr\/wp-json\/wp\/v2\/comments?post=11530"}],"version-history":[{"count":6,"href":"https:\/\/www.camioliba.cat\/fr\/wp-json\/wp\/v2\/pages\/11530\/revisions"}],"predecessor-version":[{"id":13054,"href":"https:\/\/www.camioliba.cat\/fr\/wp-json\/wp\/v2\/pages\/11530\/revisions\/13054"}],"up":[{"embeddable":true,"href":"https:\/\/www.camioliba.cat\/fr\/wp-json\/wp\/v2\/pages\/11454"}],"wp:attachment":[{"href":"https:\/\/www.camioliba.cat\/fr\/wp-json\/wp\/v2\/media?parent=11530"}],"curies":[{"name":"wp","href":"https:\/\/api.w.org\/{rel}","templated":true}]}}