{"id":11431,"date":"2017-04-19T08:13:15","date_gmt":"2017-04-19T08:13:15","guid":{"rendered":"http:\/\/www.camioliba.cat\/el-cami\/"},"modified":"2020-12-14T14:11:03","modified_gmt":"2020-12-14T14:11:03","slug":"le-sentier","status":"publish","type":"page","link":"https:\/\/www.camioliba.cat\/fr\/le-sentier\/","title":{"rendered":"Le sentier"},"content":{"rendered":"<div class=\"wpb-content-wrapper\"><p>[vc_row][vc_column][vc_empty_space][vc_column_text]Le chemin Oliba est un long parcours (GR-151) qui relie certaines \u0153uvres les plus embl\u00e9matiques de l\u2019art roman catalan. Il relie Montserrat et les Pyr\u00e9n\u00e9es et passe par certains villages avec la plus importante histoire de l\u2019ancienne Catalogne, comme Manresa, Ripoll et Sant Joan de les Abadesses. Il traverse le paysage int\u00e9rieur et de moyenne montagne des r\u00e9gions del Bages, Osona et Ripoll\u00e8s, un parcours peu difficile, entour\u00e9e des services touristiques et commercials avec une grande valeur ajout\u00e9e.<\/p>\n<p>Le chemin Oliba\u00a0est un v\u00e9ritable mus\u00e9e en pleine nature. L\u2019essence de l\u2019art et la culture se rejoignent dans des espaces pratiquement intactes depuis leurs cr\u00e9ations. C\u2019est un retour aux origines de Catalogne, quand des personnages comme l&rsquo;\u00e9v\u00eaque et abb\u00e9 Oliba ont d\u00e9cid\u00e9 de reconqu\u00e9rir et christianiser ces terres en les semant d\u2019\u00e9glises et monast\u00e8res.<\/p>\n<p>Aujourd\u2019hui, ce sentier<span style=\"text-decoration: line-through;\">,<\/span> d\u00e9j\u00e0 utilis\u00e9 par nos anc\u00eatres, est parcouru par des visiteurs\u00a0: promeneurs, randonneurs, ou coureurs avec le but de parachever plus de 200km de parcours. Du nord au sud, ou du sud au nord, aussi bien en sa totalit\u00e9 ou par \u00e9tapes de quelques jours ou bien en une journ\u00e9e&#8230; Ce qui contribue \u00e0 augmenter la renomm\u00e9e de <span style=\"text-decoration: line-through;\">ses<\/span> ces \u0153uvres mill\u00e9naires.[\/vc_column_text][vc_empty_space][vc_row_inner][vc_column_inner width=\u00a0\u00bb1\/4&Prime;][\/vc_column_inner][vc_column_inner width=\u00a0\u00bb1\/2&Prime;][vc_single_image image=\u00a0\u00bb11106&Prime; img_size=\u00a0\u00bb2000 \u00d7 2249&Prime; onclick=\u00a0\u00bblink_image\u00a0\u00bb][vc_empty_space][vc_btn title=\u00a0\u00bbD\u00e9charger la carte &#8211; LE CHEMIN \u00c0 PIE (fichier pdf)\u00a0\u00bb style=\u00a0\u00bbclassic\u00a0\u00bb shape=\u00a0\u00bbsquare\u00a0\u00bb color=\u00a0\u00bbdanger\u00a0\u00bb align=\u00a0\u00bbcenter\u00a0\u00bb link=\u00a0\u00bburl:http%3A%2F%2Fwww.camioliba.cat%2Fwp-content%2Fuploads%2F2020%2F12%2FMapa-Cami-Oliba-a-peu-FR_baixaressolucio.pdf|target:_blank\u00a0\u00bb][vc_btn title=\u00a0\u00bbD\u00e9charger la carte &#8211; LE CHEMIN EN VTT (fichier pdf)\u00a0\u00bb style=\u00a0\u00bbclassic\u00a0\u00bb shape=\u00a0\u00bbsquare\u00a0\u00bb color=\u00a0\u00bbdanger\u00a0\u00bb align=\u00a0\u00bbcenter\u00a0\u00bb link=\u00a0\u00bburl:http%3A%2F%2Fwww.camioliba.cat%2Fwp-content%2Fuploads%2F2020%2F12%2FMapa-Cami-Oliba-A-BICI-2020-FR_baixaressolucio.pdf|target:_blank\u00a0\u00bb][\/vc_column_inner][vc_column_inner width=\u00a0\u00bb1\/4&Prime;][\/vc_column_inner][\/vc_row_inner][\/vc_column][\/vc_row]<\/p>\n<\/div>","protected":false},"excerpt":{"rendered":"<p>[vc_row][vc_column][vc_empty_space][vc_column_text]Le chemin Oliba est un long parcours (GR-151) qui relie certaines \u0153uvres les plus embl\u00e9matiques de l\u2019art roman catalan. Il relie Montserrat et les Pyr\u00e9n\u00e9es et passe par certains villages avec la plus importante histoire de l\u2019ancienne Catalogne, comme Manresa, Ripoll et Sant Joan de les Abadesses. Il traverse le paysage int\u00e9rieur et de moyenne&hellip;<\/p>\n","protected":false},"author":2,"featured_media":0,"parent":0,"menu_order":0,"comment_status":"closed","ping_status":"closed","template":"template-full-width.php","meta":{"_acf_changed":false,"footnotes":""},"class_list":["post-11431","page","type-page","status-publish","hentry"],"acf":[],"_links":{"self":[{"href":"https:\/\/www.camioliba.cat\/fr\/wp-json\/wp\/v2\/pages\/11431","targetHints":{"allow":["GET"]}}],"collection":[{"href":"https:\/\/www.camioliba.cat\/fr\/wp-json\/wp\/v2\/pages"}],"about":[{"href":"https:\/\/www.camioliba.cat\/fr\/wp-json\/wp\/v2\/types\/page"}],"author":[{"embeddable":true,"href":"https:\/\/www.camioliba.cat\/fr\/wp-json\/wp\/v2\/users\/2"}],"replies":[{"embeddable":true,"href":"https:\/\/www.camioliba.cat\/fr\/wp-json\/wp\/v2\/comments?post=11431"}],"version-history":[{"count":7,"href":"https:\/\/www.camioliba.cat\/fr\/wp-json\/wp\/v2\/pages\/11431\/revisions"}],"predecessor-version":[{"id":19065,"href":"https:\/\/www.camioliba.cat\/fr\/wp-json\/wp\/v2\/pages\/11431\/revisions\/19065"}],"wp:attachment":[{"href":"https:\/\/www.camioliba.cat\/fr\/wp-json\/wp\/v2\/media?parent=11431"}],"curies":[{"name":"wp","href":"https:\/\/api.w.org\/{rel}","templated":true}]}}