{"id":11415,"date":"2017-03-28T10:49:27","date_gmt":"2017-03-28T10:49:27","guid":{"rendered":"http:\/\/www.camioliba.cat\/el-bisbe\/"},"modified":"2022-04-20T09:45:24","modified_gmt":"2022-04-20T09:45:24","slug":"eveque","status":"publish","type":"page","link":"https:\/\/www.camioliba.cat\/fr\/eveque\/","title":{"rendered":"L&rsquo;\u00c9v\u00eaque"},"content":{"rendered":"<div class=\"wpb-content-wrapper\"><p>[vc_row][vc_column][vc_empty_space][vc_tta_accordion style=\u00a0\u00bbflat\u00a0\u00bb active_section=\u00a0\u00bb1&Prime;][vc_tta_section title=\u00a0\u00bbL\u2019\u00c9v\u00eaque et Abb\u00e9 Oliba\u00a0\u00bb tab_id=\u00a0\u00bb1490698921453-53d2b4bd-21a9&Prime;][vc_row_inner][vc_column_inner width=\u00a0\u00bb2\/3&Prime;][vc_column_text]L\u2019abb\u00e9 Oliba (Besal\u00fa 971 &#8211; Sant Miquel de Cuix\u00e0, Conflent 1046), b\u00e9n\u00e9dictin, \u00e9v\u00eaque et comte de Berga et Ripoll (998-1003). Troisi\u00e8me fils du comte Oliba Cabreta de Cerdanya i Besalu et de sa femme Ermengarda et arri\u00e8re-petit-fils du comte de Barcelone Guifr\u00e9 el Pil\u00f3s.<\/p>\n<p>A la mort de son p\u00e8re, en 988, Oliba exerce avec ses fr\u00e8res et sa m\u00e8re les fonctions de comte sur la totalit\u00e9 du patrimoine familial. Ainsi, pendant que son fr\u00e8re Bernat h\u00e9rite de Besalu et Guifre de la Cerdagne, Oliba re\u00e7oit Berga et Ripoll.<\/p>\n<p>Il renonce aux comt\u00e9s en 1002 et entre au monast\u00e8re de Santa Maria de Ripoll. Il est choisi abb\u00e9 du monast\u00e8re en 1008, entre le 29 juillet et le 8 ao\u00fbt, devenant ainsi le 7\u00e8me abb\u00e9 du monast\u00e8re. La m\u00eame ann\u00e9e, en 1008, quelques jours avant Ripoll, il fut choisi abb\u00e9 du Monast\u00e8re de Sant Miquel de Cuixa, abbaye appartenant au patrimoine familial, comme celle de Ripoll. De cette fa\u00e7on, Oliba devenait abb\u00e9 des deux monast\u00e8res les plus importants de Catalogne de l\u2019\u00e9poque.<\/p>\n<p>Certainement sur la demande de la comtesse Ermessenda de Carcassone, comtesse de Barcelone, G\u00e9rone et Osona, il fut nomm\u00e9 \u00e9v\u00eaque de Vic en 1018.[\/vc_column_text][\/vc_column_inner][vc_column_inner width=\u00a0\u00bb1\/3&Prime;][vc_single_image image=\u00a0\u00bb11116&Prime; img_size=\u00a0\u00bb800 \u00d7 421&Prime;][vc_empty_space height=\u00a0\u00bb8px\u00a0\u00bb][vc_single_image image=\u00a0\u00bb11115&Prime; img_size=\u00a0\u00bb800 \u00d7 527&Prime;][\/vc_column_inner][\/vc_row_inner][\/vc_tta_section][vc_tta_section title=\u00a0\u00bbContexte historique\u00a0\u00bb tab_id=\u00a0\u00bb1490698921498-99e2b867-1176&Prime;][vc_row_inner][vc_column_inner][vc_column_text]Pour comprendre l\u2019\u0153uvre de l\u2019abb\u00e9 Oliba, il faut bien situer le contexte historique, en survolant l\u2019histoire. L\u2019abb\u00e9 Oliba \u00e9tait l\u2019arri\u00e8re-petit-fils du comte Guifr\u00e9 el Pil\u00f3s et c\u2019est pr\u00e9cis\u00e9ment \u00e0 partir de ce personnage que le territoire a commenc\u00e9 \u00e0 changer et est devenu celui que l\u2019abb\u00e9 a trouv\u00e9. Nous allons analyser les trois piliers de la soci\u00e9t\u00e9 m\u00e9di\u00e9vale : organisation politique, eccl\u00e9siastique et les monast\u00e8res.<\/p>\n<p>Quand Guifr\u00e9 re\u00e7oit \u00e0 sa charge les nouveaux territoires de Catalogne, il se heurte au fait que ses domaines sont dispos\u00e9s de fa\u00e7on \u00e0 encercler un \u00e9norme territoire central devenu \u201cterre de personne\u201d, les cantons d\u2019Osona et du Bages.<\/p>\n<p>Auparavant, ce territoire n\u2019avait pas beaucoup d\u2019importance, mais il fallait d\u00e9sormais \u00e9tablir une voie de communication directe entre Barcelone et la Cerdagne et assurer une fronti\u00e8re solide pour se d\u00e9fendre des musulmans, qui est celle form\u00e9e par le Llobregat, le Cardener et le Segre moyen, pr\u00e9sente depuis des si\u00e8cles.<\/p>\n<p>La zone permet le repeuplement puisqu\u2019il y a une grande \u00e9tendue d\u00e9peupl\u00e9e avant d\u2019arriver \u00e0 la fronti\u00e8re sarrasine. Et cela \u00e0 cause de la R\u00e9volte d\u2019Aisso survenue entre 826 et 827, dans la Plaine de Vic. Une fois la r\u00e9volte contr\u00f4l\u00e9e, la zone est d\u00e9vast\u00e9e et d\u00e9peupl\u00e9e. D\u00e9j\u00e0 en tant que comte de Barcelone \u2013 G\u00e9rone, Guifr\u00e9 se charge de repeupler le Ripolles, la Plaine de Vic, les Guilleries et le Llu\u00e7anes \u00e0 partir de 879. Tr\u00e8s vite, des structures hi\u00e9rarchiques civiles et eccl\u00e9siastiques (tribunaux juridiques, paroisses, ch\u00e2teaux) sont install\u00e9es dans le Ripolles et dans la Plaine de Vic.<\/p>\n<p>Le second pilier est l\u2019organisation eccl\u00e9siastique. Pendant le repeuplement, plusieurs \u00e9glises et monast\u00e8res sont consacr\u00e9s et un nouvel \u00e9v\u00each\u00e9 s\u2019installe \u00e0 Vic, d\u00e9pendant de l\u2019archev\u00eaque de Narbonne jusqu\u2019\u00e0 ce qu\u2019il acqui\u00e8re prosp\u00e9rit\u00e9 et autonomie pour avoir son propre \u00e9v\u00eaque vers 887.<\/p>\n<p>Finalement, le troisi\u00e8me pilier, les monast\u00e8res. \u00c0 la suite du renforcement du pouvoir comtal, la fondation de divers monast\u00e8res a lieu : Eixalada-Cuix\u00e0, Ripoll et Sant Joan de les Abadesses. Deux de ces monast\u00e8res, Cuixa et Ripoll, seront sous la direction de l\u2019abb\u00e9 Oliba.[\/vc_column_text][\/vc_column_inner][\/vc_row_inner][\/vc_tta_section][vc_tta_section title=\u00a0\u00bbTravaux de l\u2019Ev\u00eaque et Abb\u00e9 Oliba\u00a0\u00bb tab_id=\u00a0\u00bb1490699196538-4b521afb-4801&Prime;][vc_row_inner][vc_column_inner width=\u00a0\u00bb2\/3&Prime;][vc_column_text]La personnalit\u00e9 de l\u2019abb\u00e9 Oliba a travers\u00e9 les si\u00e8cles de par son r\u00f4le primordial pour la culture catalane. C\u2019est parce qu\u2019il a \u00e9t\u00e9 l\u2019une des personnes les plus influentes et importantes de son temps. En utilisant le poste qui fut le sien, il fera de nombreux voyages, pas seulement dans la Catalogne de l\u2019\u00e9poque, mais aussi en Europe, \u00e0 Narbonne, \u00e0 Rome ou en Lombardie. Ce contact avec diff\u00e9rentes parties de l\u2019Europe permettra qu\u2019au travers de l\u2019abb\u00e9 Oliba, de nouveaux courants et id\u00e9es repr\u00e9sent\u00e9s surtout par le roman, style architectonique qui sera un grand impulseur pour le territoire catalan, s\u2019imposent. De plus, l\u2019accompagnaient lors de son retour des artistes, techniciens et ma\u00eetres d\u2019oeuvre lombards qu\u2019il utilisait pour ses constructions.<\/p>\n<p>Par cons\u00e9quent, l\u2019abb\u00e9 Oliba est consid\u00e9r\u00e9 comme celui qui a introduit l\u2019architecture romane en Catalogne. Sous sa direction, les ma\u00eetres d\u2019\u0153uvre qui l\u2019accompagnaient lors de ses voyages de retour ont apport\u00e9 des \u00e9l\u00e9ments tels les vo\u00fbtes de canon, les coupoles, les arcs lombards ou les clochers, qu\u2019il a introduits comme nouveaut\u00e9s architectoniques de l\u2019\u00e9poque. Voici quelques-unes des \u0153uvres les plus remarquables dont il a \u00e9t\u00e9 le promoteur:<\/p>\n<p>\u2022 De 1025 \u00e0 1035, l\u2019abb\u00e9 Oliba fonde le monast\u00e8re de Montserrat. Il a annex\u00e9 Ripoll et envoie des moines de Ripoll \u00e0 Montserrat.<\/p>\n<p>\u2022 Il a dirig\u00e9 les travaux de la basilique de Santa Maria de Ripoll, consid\u00e9r\u00e9e comme l\u2019un des joyaux du roman et consacr\u00e9e en 1032.<\/p>\n<p>\u2022 Il a \u00e9galement particip\u00e9 au remaniement du Prieur\u00e9 de Manresa en 1020 ; Casserres en 1039 et Cardona en 1040.<\/p>\n<p>\u2022 Il a \u00e9galement apport\u00e9 \u00e0 plusieurs constructions romanes des \u00e9l\u00e9ments tels les vo\u00fbtes de canon d\u00e9j\u00e0 mentionn\u00e9es, les coupoles, les arcs lombards ou les clochers pr\u00e9sents \u00e0 Vic, Ripoll, Cuixa, Sant Miquel de Fluvia, Casserres ou les cryptes de Cuixa, Cardona, etc.[\/vc_column_text][\/vc_column_inner][vc_column_inner width=\u00a0\u00bb1\/3&Prime;][vc_single_image image=\u00a0\u00bb11119&Prime; img_size=\u00a0\u00bb800 \u00d7 1195&Prime;][\/vc_column_inner][\/vc_row_inner][\/vc_tta_section][vc_tta_section title=\u00a0\u00bbL\u2019Ev\u00eaque et Abb\u00e9 Oliba et le Monast\u00e8re de Ripoll\u00a0\u00bb tab_id=\u00a0\u00bb1490699243227-023256ea-39ab\u00a0\u00bb][vc_row_inner][vc_column_inner width=\u00a0\u00bb2\/3&Prime;][vc_column_text]L\u2019importance de l\u2019abb\u00e9 Oliba dans le monast\u00e8re de Ripoll est r\u00e9ellement remarquable. Il a transform\u00e9 le monast\u00e8re de Santa Maria de Ripoll en un centre intellectuel de premier ordre.<\/p>\n<p>Sa grande t\u00e2che culturelle a signifi\u00e9 qu\u2019\u00e0 sa mort en 1046 le nombre de codex que comptait le bureau des copistes avait atteint 982. On y copiait des livres de toutes sortes : musique, math\u00e9matiques, hom\u00e9lies, etc. et, \u00e9l\u00e9ment supr\u00eame, les trois grandes Bibles.[\/vc_column_text][\/vc_column_inner][vc_column_inner width=\u00a0\u00bb1\/3&Prime;][vc_single_image image=\u00a0\u00bb11122&Prime; img_size=\u00a0\u00bb800 \u00d7 1058&Prime;][\/vc_column_inner][\/vc_row_inner][\/vc_tta_section][vc_tta_section title=\u00a0\u00bbL\u2019Ev\u00eaque et Abb\u00e9 Oliba et le Monast\u00e8re de Sant Joan de les Abadesses\u00a0\u00bb tab_id=\u00a0\u00bb1490699274907-454ca3e4-4510&Prime;][vc_row_inner][vc_column_inner width=\u00a0\u00bb2\/3&Prime;][vc_column_text]La relation de l\u2019abb\u00e9 Oliba avec le Monast\u00e8re de Sant Joan de las Abadesses n\u2019a pas \u00e9t\u00e9 directe, car il appartenait \u00e0 un ordre f\u00e9minin mais cela est tr\u00e8s important pour les faits qui en d\u00e9coulent : la disparition de la communaut\u00e9 f\u00e9minine de Sant Joan et la cr\u00e9ation de l\u2019archev\u00each\u00e9 \u00e9ph\u00e9m\u00e8re de Besalu.<\/p>\n<p>En 1017, la communaut\u00e9 f\u00e9minine de Sant Joan des les Abadesses dispara\u00eet. L\u2019abb\u00e9 Oliba a \u00e9t\u00e9 l\u2019un des personnages qui pr\u00e9senta une accusation au Pape Beno\u00eet VIII en disant que l\u2019abbesse et les religieuses avaient une conduite immorale et scandaleuse.[\/vc_column_text][\/vc_column_inner][vc_column_inner width=\u00a0\u00bb1\/3&Prime;][vc_single_image image=\u00a0\u00bb11124&Prime; img_size=\u00a0\u00bb800 \u00d7 534&Prime;][\/vc_column_inner][\/vc_row_inner][\/vc_tta_section][vc_tta_section title=\u00a0\u00bbL\u2019Ev\u00eaque et Abb\u00e9 Oliba et Vic\u00a0\u00bb tab_id=\u00a0\u00bb1490699336236-46992765-daa8&Prime;][vc_row_inner][vc_column_inner width=\u00a0\u00bb2\/3&Prime;][vc_column_text]Une fois reconquis Osona et l\u2019\u00e9v\u00each\u00e9 r\u00e9\u00e9tabli, la nomination de l\u2019\u00e9v\u00eaque Oliba le place en neuvi\u00e8me position, et si on fait le calcul, l\u2019abb\u00e9 Oliba est le 15e \u00e9v\u00eaque de Vic. Le poste qu\u2019il occupait en tant qu\u2019\u00e9v\u00eaque lui permettait d\u2019exercer l\u2019autorit\u00e9 religieuse au-del\u00e0 du domaine d\u2019influence du monast\u00e8re.<\/p>\n<p>Une chose est \u00e0 remarquer de son passage comme \u00e9v\u00eaque de Vic : les nombreux b\u00e2timents religieux qu\u2019il a \u00e9rig\u00e9s sur le territoire de son \u00e9v\u00each\u00e9, comme en tant qu\u2019abb\u00e9. C\u2019est pour cette raison que l\u2019art roman du Ripolles est \u00e9troitement li\u00e9 \u00e0 celui d\u2019Osona.[\/vc_column_text][\/vc_column_inner][vc_column_inner width=\u00a0\u00bb1\/3&Prime;][vc_single_image image=\u00a0\u00bb11126&Prime; img_size=\u00a0\u00bb800 \u00d7 1195&Prime;][\/vc_column_inner][\/vc_row_inner][\/vc_tta_section][vc_tta_section title=\u00a0\u00bbRelation entre Manresa et l\u2019Abb\u00e9 Oliba \u00a0\u00bb tab_id=\u00a0\u00bb1490699304443-d9408183-e37f\u00a0\u00bb][vc_row_inner][vc_column_inner width=\u00a0\u00bb2\/3&Prime;][vc_column_text]Du IXe au XIIe s., la ville de Manresa et le canton du Bages ont subi les attaques d\u00e9vastatrices intermittentes des Sarrasins.<\/p>\n<p>Ce qui \u00e9tait donc n\u00e9cessaire, c\u2019\u00e9tait de restituer la ville, chose qu\u2019il fit par l\u2019interm\u00e9diaire de la comtesse Ermesenda, veuve du comte Borrell et m\u00e8re de Berenguer Ramon I, et qui, apr\u00e8s \u00eatre arriv\u00e9e \u00e0 Manresa accompagn\u00e9e de son fils et de l\u2019Abb\u00e9 Oliba, confirme avec ses accompagnants la dotation de l\u2019\u00e9glise de Santa Maria de Manresa, la r\u00e9cup\u00e9ration de la ville et le repeuplement de la municipalit\u00e9.[\/vc_column_text][\/vc_column_inner][vc_column_inner width=\u00a0\u00bb1\/3&Prime;][vc_single_image image=\u00a0\u00bb11127&Prime; img_size=\u00a0\u00bb 800 \u00d7 533&Prime;][\/vc_column_inner][\/vc_row_inner][\/vc_tta_section][\/vc_tta_accordion][\/vc_column][\/vc_row]<\/p>\n<\/div>","protected":false},"excerpt":{"rendered":"<p>[vc_row][vc_column][vc_empty_space][vc_tta_accordion style=\u00a0\u00bbflat\u00a0\u00bb active_section=\u00a0\u00bb1&Prime;][vc_tta_section title=\u00a0\u00bbL\u2019\u00c9v\u00eaque et Abb\u00e9 Oliba\u00a0\u00bb tab_id=\u00a0\u00bb1490698921453-53d2b4bd-21a9&Prime;][vc_row_inner][vc_column_inner width=\u00a0\u00bb2\/3&Prime;][vc_column_text]L\u2019abb\u00e9 Oliba (Besal\u00fa 971 &#8211; Sant Miquel de Cuix\u00e0, Conflent 1046), b\u00e9n\u00e9dictin, \u00e9v\u00eaque et comte de Berga et Ripoll (998-1003). Troisi\u00e8me fils du comte Oliba Cabreta de Cerdanya i Besalu et de sa femme Ermengarda et arri\u00e8re-petit-fils du comte de Barcelone Guifr\u00e9 el Pil\u00f3s. A la mort&hellip;<\/p>\n","protected":false},"author":2,"featured_media":0,"parent":0,"menu_order":0,"comment_status":"closed","ping_status":"closed","template":"template-full-width.php","meta":{"_acf_changed":false,"footnotes":""},"class_list":["post-11415","page","type-page","status-publish","hentry"],"acf":[],"_links":{"self":[{"href":"https:\/\/www.camioliba.cat\/fr\/wp-json\/wp\/v2\/pages\/11415","targetHints":{"allow":["GET"]}}],"collection":[{"href":"https:\/\/www.camioliba.cat\/fr\/wp-json\/wp\/v2\/pages"}],"about":[{"href":"https:\/\/www.camioliba.cat\/fr\/wp-json\/wp\/v2\/types\/page"}],"author":[{"embeddable":true,"href":"https:\/\/www.camioliba.cat\/fr\/wp-json\/wp\/v2\/users\/2"}],"replies":[{"embeddable":true,"href":"https:\/\/www.camioliba.cat\/fr\/wp-json\/wp\/v2\/comments?post=11415"}],"version-history":[{"count":6,"href":"https:\/\/www.camioliba.cat\/fr\/wp-json\/wp\/v2\/pages\/11415\/revisions"}],"predecessor-version":[{"id":11416,"href":"https:\/\/www.camioliba.cat\/fr\/wp-json\/wp\/v2\/pages\/11415\/revisions\/11416"}],"wp:attachment":[{"href":"https:\/\/www.camioliba.cat\/fr\/wp-json\/wp\/v2\/media?parent=11415"}],"curies":[{"name":"wp","href":"https:\/\/api.w.org\/{rel}","templated":true}]}}