{"id":23963,"date":"2021-03-16T14:06:05","date_gmt":"2021-03-16T14:06:05","guid":{"rendered":"https:\/\/www.camioliba.cat\/les-maisons-oliba\/"},"modified":"2025-10-09T17:48:55","modified_gmt":"2025-10-09T17:48:55","slug":"casas-de-oliba","status":"publish","type":"page","link":"https:\/\/www.camioliba.cat\/es\/casas-de-oliba\/","title":{"rendered":"Casas de Oliba"},"content":{"rendered":"<div class=\"wpb-content-wrapper\"><p>[vc_row][vc_column][vc_empty_space][vc_tta_accordion style=\u00bbflat\u00bb active_section=\u00bb1&#8243;][vc_tta_section title=\u00bbCases d&#8217;Oliba\u00bb tab_id=\u00bb1490698921453-53d2b4bd-21a9&#8243;][vc_row_inner][vc_column_inner width=\u00bb2\/3&#8243;][vc_column_text css=\u00bb\u00bb]\u00bbCases d&#8217;Oliba\u00bb es un proyecto que re\u00fane los principales equipamientos patrimoniales de car\u00e1cter religioso del territorio del obispado de Vic, todos ellos con ra\u00edces milenarias que guardan la huella del obispo y abad Oliba (971-1046), una personalidad hist\u00f3rica fundamental en la configuraci\u00f3n del pa\u00eds.<\/p>\n<p>&nbsp;<\/p>\n<p>Impulsado por el obispado de Vic, Casas de Oliba quiere hacer m\u00e1s f\u00e1cil y satisfactoria la visita a una serie de iglesias medievales de las comarcas del Ripoll\u00e8s, Osona, Bages, Moian\u00e8s y Anoia. Porque m\u00e1s all\u00e1 de su funci\u00f3n como espacios para el culto, las \u201cCasas de Oliba\u201d son aut\u00e9nticos tesoros patrimoniales: guardan los mejores ejemplos del arte de cada \u00e9poca, son testigo de la vivencia espiritual de personas y comunidades a lo largo de los siglos, y son lugares placenteros de reposo y silencio.<\/p>\n<p>&nbsp;<\/p>\n<p>Si bien Casas de Oliba puede incluir cualquier iglesia de nuestro territorio, las iglesias esenciales del proyecto son San Juan de las Abadesas, Santa Mar\u00eda de Ripoll, la Catedral de San Pedro de Vic, el Museo Episcopal de Vic, Santa Mar\u00eda del Estany y la Seu de Manresa. Tambi\u00e9n forma parte San Pedro de Casserres, equipamiento de titularidad del Consejo Comarcal de Osona. Todas ellas son declaradas Bien Cultural de Inter\u00e9s Nacional (BCIN).<\/p>\n<p>&nbsp;<\/p>\n<p>La iniciativa ofrece diferentes tipos de entradas conjuntas para visitar estos grandes monumentos a unos precios muy favorables (venta online. Enlazar aqu\u00ed https:\/\/www.casesdoliba.cat). Tambi\u00e9n programa actividades culturales y tur\u00edsticas y visualiza sus acciones en las redes sociales para ayudar a su conocimiento y difusi\u00f3n de este patrimonio y de sus actividades.<\/p>\n<p>&nbsp;<\/p>\n<p>El proyecto se vehicula a trav\u00e9s del portal web <a href=\"http:\/\/www.casesdoliba.cat\/\">www.casesdoliba.cat<\/a>.<\/p>\n<p>[\/vc_column_text][\/vc_column_inner][vc_column_inner width=\u00bb1\/3&#8243;][vc_single_image image=\u00bb20244&#8243; img_size=\u00bb800 \u00d7 421&#8243;][vc_empty_space height=\u00bb8px\u00bb][vc_single_image image=\u00bb20248&#8243; img_size=\u00bb800 \u00d7 527&#8243;][vc_empty_space height=\u00bb8px\u00bb][vc_single_image image=\u00bb20252&#8243; img_size=\u00bb800 \u00d7 527&#8243;][\/vc_column_inner][\/vc_row_inner][\/vc_tta_section][vc_tta_section title=\u00bbLes Cases d&#8217;Oliba de la Muntanya\u00bb tab_id=\u00bb1490699243227-023256ea-39ab\u00bb][vc_row_inner][vc_column_inner width=\u00bb2\/3&#8243;][vc_column_text css=\u00bb\u00bb]La entrada incluye el acceso al monasterio de San Juan de las Abadesas, el monasterio de Santa Mar\u00eda de Ripoll, el Museo Episcopal de Vic, la catedral de San Pedro de Vic y el monasterio de San Pedro de Casserres.<\/p>\n<p>La visita es libre y la entrada tiene una validez de un mes desde su compra.<\/p>\n<p><a href=\"https:\/\/www.casesdoliba.cat\/les-cases-de-la-muntanya\/\">+ info aqu\u00ed<\/a>[\/vc_column_text][\/vc_column_inner][vc_column_inner width=\u00bb1\/3&#8243;][vc_single_image image=\u00bb20240&#8243; img_size=\u00bb800 \u00d7 1058&#8243;][\/vc_column_inner][\/vc_row_inner][\/vc_tta_section][vc_tta_section title=\u00bbLes Cases d&#8217;Oliba de la Plana\u00bb tab_id=\u00bb1490699274907-454ca3e4-4510&#8243;][vc_row_inner][vc_column_inner width=\u00bb2\/3&#8243;][vc_column_text css=\u00bb\u00bb]La entrada incluye el acceso al Museo Episcopal de Vic, la catedral de San Pedro de Vic, el monasterio de San Pedro de Casserres, el monasterio de Santa Mar\u00eda del Estany y la bas\u00edlica de la Seo de Manresa.<\/p>\n<p>La visita es libre y la entrada tiene una validez de un mes desde su compra.<\/p>\n<p><a href=\"https:\/\/www.casesdoliba.cat\/les-cases-de-la-plana\/\">+ info aqu\u00ed<\/a>[\/vc_column_text][\/vc_column_inner][vc_column_inner width=\u00bb1\/3&#8243;][vc_single_image image=\u00bb20236&#8243; img_size=\u00bb800 \u00d7 534&#8243;][\/vc_column_inner][\/vc_row_inner][\/vc_tta_section][\/vc_tta_accordion][\/vc_column][\/vc_row]<\/p>\n<\/div>","protected":false},"excerpt":{"rendered":"<p>[vc_row][vc_column][vc_empty_space][vc_tta_accordion style=\u00bbflat\u00bb active_section=\u00bb1&#8243;][vc_tta_section title=\u00bbCases d&#8217;Oliba\u00bb tab_id=\u00bb1490698921453-53d2b4bd-21a9&#8243;][vc_row_inner][vc_column_inner width=\u00bb2\/3&#8243;][vc_column_text css=\u00bb\u00bb]\u00bbCases d&#8217;Oliba\u00bb es un proyecto que re\u00fane los principales equipamientos patrimoniales de car\u00e1cter religioso del territorio del obispado de Vic, todos ellos con ra\u00edces milenarias que guardan la huella del obispo y abad Oliba (971-1046), una personalidad hist\u00f3rica fundamental en la configuraci\u00f3n del pa\u00eds. &nbsp; Impulsado por el&hellip;<\/p>\n","protected":false},"author":2,"featured_media":0,"parent":0,"menu_order":0,"comment_status":"closed","ping_status":"closed","template":"template-full-width.php","meta":{"_acf_changed":false,"footnotes":""},"class_list":["post-23963","page","type-page","status-publish","hentry"],"acf":[],"_links":{"self":[{"href":"https:\/\/www.camioliba.cat\/es\/wp-json\/wp\/v2\/pages\/23963","targetHints":{"allow":["GET"]}}],"collection":[{"href":"https:\/\/www.camioliba.cat\/es\/wp-json\/wp\/v2\/pages"}],"about":[{"href":"https:\/\/www.camioliba.cat\/es\/wp-json\/wp\/v2\/types\/page"}],"author":[{"embeddable":true,"href":"https:\/\/www.camioliba.cat\/es\/wp-json\/wp\/v2\/users\/2"}],"replies":[{"embeddable":true,"href":"https:\/\/www.camioliba.cat\/es\/wp-json\/wp\/v2\/comments?post=23963"}],"version-history":[{"count":3,"href":"https:\/\/www.camioliba.cat\/es\/wp-json\/wp\/v2\/pages\/23963\/revisions"}],"predecessor-version":[{"id":23966,"href":"https:\/\/www.camioliba.cat\/es\/wp-json\/wp\/v2\/pages\/23963\/revisions\/23966"}],"wp:attachment":[{"href":"https:\/\/www.camioliba.cat\/es\/wp-json\/wp\/v2\/media?parent=23963"}],"curies":[{"name":"wp","href":"https:\/\/api.w.org\/{rel}","templated":true}]}}