{"id":21223,"date":"2023-01-13T10:39:27","date_gmt":"2023-01-13T10:39:27","guid":{"rendered":"https:\/\/www.camioliba.cat\/opinio\/"},"modified":"2023-02-21T10:41:28","modified_gmt":"2023-02-21T10:41:28","slug":"opinio","status":"publish","type":"page","link":"https:\/\/www.camioliba.cat\/es\/opinio\/","title":{"rendered":"Opini\u00f3n"},"content":{"rendered":"<div class=\"wpb-content-wrapper\"><p>[vc_row][vc_column][vc_row_inner][vc_column_inner][vc_column_text]<\/p>\n<h3><strong>OPINI\u00d3N DE LOS USUARIOS DEL CAM\u00cd OLIBA<\/strong><\/h3>\n<p>[\/vc_column_text][vc_empty_space height=\u00bb40px\u00bb][vc_column_text css=\u00bb.vc_custom_1675760770842{border-top-width: 1px !important;border-right-width: 1px !important;border-bottom-width: 1px !important;border-left-width: 1px !important;padding-top: 20px !important;padding-right: 20px !important;padding-bottom: 20px !important;padding-left: 20px !important;border-left-color: #e0e0e0 !important;border-left-style: s\u00f2lid !important;border-right-color: #e0e0e0 !important;border-right-style: s\u00f2lid !important;border-top-color: #e0e0e0 !important;border-top-style: s\u00f2lid !important;border-bottom-color: #e0e0e0 !important;border-bottom-style: s\u00f2lid !important;}\u00bb el_class=\u00bbmarge\u00bb]<div class=\"strong-rating-wrapper average\"><span class=\"strong-rating-title\">Average Rating:<\/span> \t\t<span class=\"strong-rating\">\n\t\t\t<span class=\"star0 star\"><\/span>\n\t\t\t<span class=\"star\" style=\"display: inline-block\"><svg class=\"star_solid\" aria-hidden=\"true\" role=\"img\" xmlns=\"http:\/\/www.w3.org\/2000\/svg\" viewBox=\"-8 -8 584 520\"><path d=\"M259.3 17.8L194 150.2 47.9 171.5c-26.2 3.8-36.7 36.1-17.7 54.6l105.7 103-25 145.5c-4.5 26.3 23.2 46 46.4 33.7L288 439.6l130.7 68.7c23.2 12.2 50.9-7.4 46.4-33.7l-25-145.5 105.7-103c19-18.5 8.5-50.8-17.7-54.6L382 150.2 316.7 17.8c-11.7-23.6-45.6-23.9-57.4 0z\"><\/path><\/svg><\/span><span class=\"star\" style=\"display: inline-block\"><svg class=\"star_solid\" aria-hidden=\"true\" role=\"img\" xmlns=\"http:\/\/www.w3.org\/2000\/svg\" viewBox=\"-8 -8 584 520\"><path d=\"M259.3 17.8L194 150.2 47.9 171.5c-26.2 3.8-36.7 36.1-17.7 54.6l105.7 103-25 145.5c-4.5 26.3 23.2 46 46.4 33.7L288 439.6l130.7 68.7c23.2 12.2 50.9-7.4 46.4-33.7l-25-145.5 105.7-103c19-18.5 8.5-50.8-17.7-54.6L382 150.2 316.7 17.8c-11.7-23.6-45.6-23.9-57.4 0z\"><\/path><\/svg><\/span><span class=\"star\" style=\"display: inline-block\"><svg class=\"star_solid\" aria-hidden=\"true\" role=\"img\" xmlns=\"http:\/\/www.w3.org\/2000\/svg\" viewBox=\"-8 -8 584 520\"><path d=\"M259.3 17.8L194 150.2 47.9 171.5c-26.2 3.8-36.7 36.1-17.7 54.6l105.7 103-25 145.5c-4.5 26.3 23.2 46 46.4 33.7L288 439.6l130.7 68.7c23.2 12.2 50.9-7.4 46.4-33.7l-25-145.5 105.7-103c19-18.5 8.5-50.8-17.7-54.6L382 150.2 316.7 17.8c-11.7-23.6-45.6-23.9-57.4 0z\"><\/path><\/svg><\/span><span class=\"star\" style=\"display: inline-block\"><svg class=\"star_solid\" aria-hidden=\"true\" role=\"img\" xmlns=\"http:\/\/www.w3.org\/2000\/svg\" viewBox=\"-8 -8 584 520\"><path d=\"M259.3 17.8L194 150.2 47.9 171.5c-26.2 3.8-36.7 36.1-17.7 54.6l105.7 103-25 145.5c-4.5 26.3 23.2 46 46.4 33.7L288 439.6l130.7 68.7c23.2 12.2 50.9-7.4 46.4-33.7l-25-145.5 105.7-103c19-18.5 8.5-50.8-17.7-54.6L382 150.2 316.7 17.8c-11.7-23.6-45.6-23.9-57.4 0z\"><\/path><\/svg><\/span><span class=\"star\" style=\"display: inline-block\"><svg class=\"star_solid\" aria-hidden=\"true\" role=\"img\" xmlns=\"http:\/\/www.w3.org\/2000\/svg\" viewBox=\"-8 -8 584 520\"><path d=\"M259.3 17.8L194 150.2 47.9 171.5c-26.2 3.8-36.7 36.1-17.7 54.6l105.7 103-25 145.5c-4.5 26.3 23.2 46 46.4 33.7L288 439.6l130.7 68.7c23.2 12.2 50.9-7.4 46.4-33.7l-25-145.5 105.7-103c19-18.5 8.5-50.8-17.7-54.6L382 150.2 316.7 17.8c-11.7-23.6-45.6-23.9-57.4 0z\"><\/path><\/svg><\/span>\t\t<\/span>\n\t\t <span class=\"strong-rating-summary\">5.0 stars (based on 1 rating)<\/span><\/div>[\/vc_column_text][vc_empty_space height=\u00bb12px\u00bb][vc_column_text]<\/p>\n<h3><strong>Vuestras opiniones<\/strong><\/h3>\n<p>[\/vc_column_text][vc_empty_space height=\u00bb12px\u00bb][vc_column_text]<div class=\"strong-view strong-view-id-2 simple wpmtst-simple\" data-count=1><div class=\"strong-content strong-normal columns-1\"><div class=\"wpmtst-testimonial testimonial post-21239\"><div class=\"wpmtst-testimonial-inner testimonial-inner\"><h3 class=\"wpmtst-testimonial-heading testimonial-heading\">Joaquim A.<\/h3><div   class=\"wpmtst-testimonial-content testimonial-content\"><div class=\"maybe-clear\"><\/div><p>El cam\u00ed Oliba, de Montserrat a la frontera de Catalunya del Nord, prop del Canig\u00f3, ens va semblar un idea molt maca de con\u00e8ixer la Catalunya interior. Els pobles i poblets de una Catalunya aut\u00e8ntica, la Catalunya Vella dels nobles, ducs i pagesos que formaven un m\u00f3n medieval quan encara es viatjava a peu o a cavall i tot era lluny.<\/p><p>We love travelling on foot, &#8216;to Travel&#8217;, verb en angl\u00e8s vol dir viatjar, i ve de l&#8217;arrel llatina que comparteix amb el catal\u00e0 per a fer feina, treballar. I \u00e9s que viatjar, per a les persones a l&#8217;edat mitjana, era una feina. Una feina incerta, llarga, d&#8217;esfor\u00e7 i de possibles ensurts i molts perills. Calia trobar on dormir, on menjar abans no baix\u00e9s el sol i sort\u00edssin els llops i bandolers. Calia anar per l&#8217;esquerra del cam\u00ed per deixar lliure la banda dreta i poder-se defendre amb la ma dreta. D&#8217;aqu\u00ed a que les antigues nacions condueixen per l&#8217;esquerra basat en lleis antiquissims que va fer canviar Napole\u00f3 imposant viatjar per la dreta. Calia caminar de pressa i amb el dest\u00ed ben clar, que no sempre es tenia. Ara ens perdem unes hores i ens desesperem. Abans podria significar la mort i ning\u00fa s&#8217;adonaria fins passat dies i de vegades setmanes de la teva desgr\u00e0cia. El m\u00f3n era precari i complicat. Els moments quan menjaves o arribaves eren moments per celebrar, moments de deliri. EL cam\u00ed Oliba tamb\u00e9 cel.lebra tot aquesta hist\u00f2ria que tenim a l&#8217;ADN, aquest va i ve i aquesta exploraci\u00f3.<\/p><p>Hem caminat de Montserrat a Vallfogona de moment i hem vist racons que mai haur\u00edem descobert d&#8217;altre manera. \u00c9s m\u00e9s, quan camines tot sembla diferent, m\u00e9s intens, m\u00e9s important i m\u00e9s proper. Les olors, els colors, la hist\u00f2ria dels llocs que passes, pensant que altres ho han trepitjat durant segles, i l&#8217;esfor\u00e7 f\u00edsic constant fan que l&#8217;experi\u00e8ncia sigui molt m\u00e9s que una simple excursi\u00f3.<\/p><p>Ens falta continuar fins el Pirineu, tant de bo aviat, i esperem que el cam\u00ed arribi fins a Sant Miquel de Canig\u00f3 en el futur proper, i que les nostres cames encara ens portin. Feu aquest cam\u00ed i s&#8217;obrir\u00e0 una Catalunya misteriosa i solit\u00e0ria davant vostra que no coneixerieu si no fos aix\u00ed.<\/p><\/div><div class=\"wpmtst-testimonial-field testimonial-field testimonial-name\">Joaquim A.  <\/div><div class=\"wpmtst-testimonial-field testimonial-field \">7 febrero, 2023<\/div><div class=\"clear\"><\/div><\/div><\/div><\/div><\/div>[\/vc_column_text][\/vc_column_inner][\/vc_row_inner][vc_empty_space height=\"62px\"][vc_column_text]<\/p>\n<h3><strong>Formulario opini\u00f3n<\/strong><\/h3>\n<p>[\/vc_column_text][vc_empty_space height=\"42px\"][\/vc_column][\/vc_row][vc_row el_class=\"marge\" css=\".vc_custom_1675761006558{padding-top: 60px !important;padding-right: 60px !important;padding-bottom: 60px !important;padding-left: 60px !important;}\"][vc_column][vc_column_text]Le estaremos muy agradecidos si nos deja su opini\u00f3n, comentarios, consejos, etc para poder ofrecerle un mejor servicio.[\/vc_column_text][vc_column_text]<div class=\"strong-view strong-form strong-view-id-1 default-form wpmtst-default-form\" data-state=idle><div class=\"strong-form-wait\" data-formid=\"1\"><div class=\"message\"><img decoding=\"async\" src=\"https:\/\/www.camioliba.cat\/wp-content\/plugins\/strong-testimonials\/assets\/public\/svg\/spinner-solid.svg\" alt=\"Strong Testimonials form submission spinner.\"><\/div><\/div><div class=\"wpmtst-form wpmtst-form-id-1\"><div class=\"strong-form-inner\"><p class=\"required-notice\"><span class=\"required symbol\"><\/span>Obligatorio\t\t<\/p><form class=\"wpmtst-submission-form\" method=\"post\" enctype=\"multipart\/form-data\" autocomplete=\"off\" data-config=\"{&quot;scroll&quot;:{&quot;onError&quot;:true,&quot;onErrorOffset&quot;:80,&quot;onSuccess&quot;:true,&quot;onSuccessOffset&quot;:80},&quot;fields&quot;:[{&quot;name&quot;:&quot;client_name&quot;,&quot;type&quot;:&quot;text&quot;,&quot;required&quot;:1},{&quot;name&quot;:&quot;email&quot;,&quot;type&quot;:&quot;email&quot;,&quot;required&quot;:1},{&quot;name&quot;:&quot;lloc_de_resid_ncia&quot;,&quot;type&quot;:&quot;text&quot;,&quot;required&quot;:0},{&quot;name&quot;:&quot;post_content&quot;,&quot;type&quot;:&quot;textarea&quot;,&quot;required&quot;:1},{&quot;name&quot;:&quot;valoraci_&quot;,&quot;type&quot;:&quot;rating&quot;,&quot;required&quot;:0}]}\" data-formid = \"1\"><div style=\"display: none;\"><input type=\"hidden\" id=\"wpmtst_form_nonce\" name=\"wpmtst_form_nonce\" value=\"766bd17010\" \/><input type=\"hidden\" name=\"_wp_http_referer\" value=\"\/es\/wp-json\/wp\/v2\/pages\/21223\" \/><input type=\"hidden\" name=\"action\" value=\"wpmtst_form\"><input type=\"hidden\" name=\"form_id\" value=\"1\"><input type=\"hidden\" name=\"default_category\" value=\"\"><input type=\"hidden\" name=\"view_id\" value=\"1\"><input type=\"hidden\" name=\"category\" value=\"\"><\/div><div class=\"form-field field-client_name\"><label for=\"wpmtst_client_name\" class=\"field-client_name\">Nombre y apellidos<\/label><span class=\"required symbol\"><\/span><input id=\"wpmtst_client_name\" type=\"text\" class=\"text\" name=\"client_name\"  value=\"\" placeholder=\"\"   required tabindex=\"0\"><span class=\"after\"><\/span><\/div><div class=\"form-field field-email\"><label for=\"wpmtst_email\" class=\"field-email\">Correo electr\u00f3nico<\/label><span class=\"required symbol\"><\/span><input id=\"wpmtst_email\" type=\"email\" class=\"text email\" name=\"email\"  value=\"\" placeholder=\"\"   required tabindex=\"0\"><span class=\"after\"><\/span><\/div><div class=\"form-field field-lloc_de_resid_ncia\"><label for=\"wpmtst_lloc_de_resid_ncia\" class=\"field-lloc_de_resid_ncia\">Lugar de residencia<\/label><input id=\"wpmtst_lloc_de_resid_ncia\" type=\"text\" class=\"text\" name=\"lloc_de_resid_ncia\"  value=\"\" placeholder=\"\"   tabindex=\"0\"><span class=\"after\"><\/span><\/div><div class=\"form-field field-post_content\"><label for=\"wpmtst_post_content\" class=\"field-post_content\">Comentario y\/o opini\u00f3n<\/label><span class=\"required symbol\"><\/span><textarea id=\"wpmtst_post_content\" name=\"post_content\" class=\"textarea\"  required placeholder=\"\"  tabindex=\"0\"><\/textarea><span class=\"after\"><\/span><\/div><div class=\"form-field field-valoraci_\"><label for=\"wpmtst_valoraci_\" class=\"field-valoraci_\">Puntuaci\u00f3n global<\/label><div class=\"strong-rating-wrapper field-wrap in-form\"><fieldset contenteditable=false\n\t\t\t\t\tid=\"wpmtst_valoraci_\"\n\t\t\t\t\tname=\"valoraci_\"\n\t\t\t\t\tclass=\"strong-rating\"\n\t\t\t\t\tdata-field-type=\"rating\"\n\t\t\t\t\ttabindex=\"0\"><legend>rating fields<\/legend><input type=\"radio\" id=\"valoraci_-star0-844\" name=\"valoraci_\" value=\"0\"  checked='checked' \/><label for=\"valoraci_-star0-844\" title=\"No stars\"><\/label><input type=\"radio\" id=\"valoraci_-star1-844\" name=\"valoraci_\" value=\"1\"  \/><label for=\"valoraci_-star1-844\" class=\"star\" title=\"1 star\"><svg aria-hidden=\"true\" role=\"img\" xmlns=\"http:\/\/www.w3.org\/2000\/svg\" viewBox=\"-12 -12 590 526\"><path class=\"star_regular\" d=\"M528.1 171.5L382 150.2 316.7 17.8c-11.7-23.6-45.6-23.9-57.4 0L194 150.2 47.9 171.5c-26.2 3.8-36.7 36.1-17.7 54.6l105.7 103-25 145.5c-4.5 26.3 23.2 46 46.4 33.7L288 439.6l130.7 68.7c23.2 12.2 50.9-7.4 46.4-33.7l-25-145.5 105.7-103c19-18.5 8.5-50.8-17.7-54.6zM388.6 312.3l23.7 138.4L288 385.4l-124.3 65.3 23.7-138.4-100.6-98 139-20.2 62.2-126 62.2 126 139 20.2-100.6 98z\"><\/path><path class=\"star_solid\" d=\"M259.3 17.8L194 150.2 47.9 171.5c-26.2 3.8-36.7 36.1-17.7 54.6l105.7 103-25 145.5c-4.5 26.3 23.2 46 46.4 33.7L288 439.6l130.7 68.7c23.2 12.2 50.9-7.4 46.4-33.7l-25-145.5 105.7-103c19-18.5 8.5-50.8-17.7-54.6L382 150.2 316.7 17.8c-11.7-23.6-45.6-23.9-57.4 0z\"><\/path><\/svg><\/label><input type=\"radio\" id=\"valoraci_-star2-844\" name=\"valoraci_\" value=\"2\"  \/><label for=\"valoraci_-star2-844\" class=\"star\" title=\"2 stars\"><svg aria-hidden=\"true\" role=\"img\" xmlns=\"http:\/\/www.w3.org\/2000\/svg\" viewBox=\"-12 -12 590 526\"><path class=\"star_regular\" d=\"M528.1 171.5L382 150.2 316.7 17.8c-11.7-23.6-45.6-23.9-57.4 0L194 150.2 47.9 171.5c-26.2 3.8-36.7 36.1-17.7 54.6l105.7 103-25 145.5c-4.5 26.3 23.2 46 46.4 33.7L288 439.6l130.7 68.7c23.2 12.2 50.9-7.4 46.4-33.7l-25-145.5 105.7-103c19-18.5 8.5-50.8-17.7-54.6zM388.6 312.3l23.7 138.4L288 385.4l-124.3 65.3 23.7-138.4-100.6-98 139-20.2 62.2-126 62.2 126 139 20.2-100.6 98z\"><\/path><path class=\"star_solid\" d=\"M259.3 17.8L194 150.2 47.9 171.5c-26.2 3.8-36.7 36.1-17.7 54.6l105.7 103-25 145.5c-4.5 26.3 23.2 46 46.4 33.7L288 439.6l130.7 68.7c23.2 12.2 50.9-7.4 46.4-33.7l-25-145.5 105.7-103c19-18.5 8.5-50.8-17.7-54.6L382 150.2 316.7 17.8c-11.7-23.6-45.6-23.9-57.4 0z\"><\/path><\/svg><\/label><input type=\"radio\" id=\"valoraci_-star3-844\" name=\"valoraci_\" value=\"3\"  \/><label for=\"valoraci_-star3-844\" class=\"star\" title=\"3 stars\"><svg aria-hidden=\"true\" role=\"img\" xmlns=\"http:\/\/www.w3.org\/2000\/svg\" viewBox=\"-12 -12 590 526\"><path class=\"star_regular\" d=\"M528.1 171.5L382 150.2 316.7 17.8c-11.7-23.6-45.6-23.9-57.4 0L194 150.2 47.9 171.5c-26.2 3.8-36.7 36.1-17.7 54.6l105.7 103-25 145.5c-4.5 26.3 23.2 46 46.4 33.7L288 439.6l130.7 68.7c23.2 12.2 50.9-7.4 46.4-33.7l-25-145.5 105.7-103c19-18.5 8.5-50.8-17.7-54.6zM388.6 312.3l23.7 138.4L288 385.4l-124.3 65.3 23.7-138.4-100.6-98 139-20.2 62.2-126 62.2 126 139 20.2-100.6 98z\"><\/path><path class=\"star_solid\" d=\"M259.3 17.8L194 150.2 47.9 171.5c-26.2 3.8-36.7 36.1-17.7 54.6l105.7 103-25 145.5c-4.5 26.3 23.2 46 46.4 33.7L288 439.6l130.7 68.7c23.2 12.2 50.9-7.4 46.4-33.7l-25-145.5 105.7-103c19-18.5 8.5-50.8-17.7-54.6L382 150.2 316.7 17.8c-11.7-23.6-45.6-23.9-57.4 0z\"><\/path><\/svg><\/label><input type=\"radio\" id=\"valoraci_-star4-844\" name=\"valoraci_\" value=\"4\"  \/><label for=\"valoraci_-star4-844\" class=\"star\" title=\"4 stars\"><svg aria-hidden=\"true\" role=\"img\" xmlns=\"http:\/\/www.w3.org\/2000\/svg\" viewBox=\"-12 -12 590 526\"><path class=\"star_regular\" d=\"M528.1 171.5L382 150.2 316.7 17.8c-11.7-23.6-45.6-23.9-57.4 0L194 150.2 47.9 171.5c-26.2 3.8-36.7 36.1-17.7 54.6l105.7 103-25 145.5c-4.5 26.3 23.2 46 46.4 33.7L288 439.6l130.7 68.7c23.2 12.2 50.9-7.4 46.4-33.7l-25-145.5 105.7-103c19-18.5 8.5-50.8-17.7-54.6zM388.6 312.3l23.7 138.4L288 385.4l-124.3 65.3 23.7-138.4-100.6-98 139-20.2 62.2-126 62.2 126 139 20.2-100.6 98z\"><\/path><path class=\"star_solid\" d=\"M259.3 17.8L194 150.2 47.9 171.5c-26.2 3.8-36.7 36.1-17.7 54.6l105.7 103-25 145.5c-4.5 26.3 23.2 46 46.4 33.7L288 439.6l130.7 68.7c23.2 12.2 50.9-7.4 46.4-33.7l-25-145.5 105.7-103c19-18.5 8.5-50.8-17.7-54.6L382 150.2 316.7 17.8c-11.7-23.6-45.6-23.9-57.4 0z\"><\/path><\/svg><\/label><input type=\"radio\" id=\"valoraci_-star5-844\" name=\"valoraci_\" value=\"5\"  \/><label for=\"valoraci_-star5-844\" class=\"star\" title=\"5 stars\"><svg aria-hidden=\"true\" role=\"img\" xmlns=\"http:\/\/www.w3.org\/2000\/svg\" viewBox=\"-12 -12 590 526\"><path class=\"star_regular\" d=\"M528.1 171.5L382 150.2 316.7 17.8c-11.7-23.6-45.6-23.9-57.4 0L194 150.2 47.9 171.5c-26.2 3.8-36.7 36.1-17.7 54.6l105.7 103-25 145.5c-4.5 26.3 23.2 46 46.4 33.7L288 439.6l130.7 68.7c23.2 12.2 50.9-7.4 46.4-33.7l-25-145.5 105.7-103c19-18.5 8.5-50.8-17.7-54.6zM388.6 312.3l23.7 138.4L288 385.4l-124.3 65.3 23.7-138.4-100.6-98 139-20.2 62.2-126 62.2 126 139 20.2-100.6 98z\"><\/path><path class=\"star_solid\" d=\"M259.3 17.8L194 150.2 47.9 171.5c-26.2 3.8-36.7 36.1-17.7 54.6l105.7 103-25 145.5c-4.5 26.3 23.2 46 46.4 33.7L288 439.6l130.7 68.7c23.2 12.2 50.9-7.4 46.4-33.7l-25-145.5 105.7-103c19-18.5 8.5-50.8-17.7-54.6L382 150.2 316.7 17.8c-11.7-23.6-45.6-23.9-57.4 0z\"><\/path><\/svg><\/label><\/fieldset><\/div><span class=\"after\"><\/span><\/div><div class=\"form-field wpmtst-submit\"><label><input type=\"submit\" class=\"wpmtst_submit_testimonial\" name=\"wpmtst_submit_testimonial\" value=\"Enviar\" class=\"button\" tabindex=\"0\"><\/label><\/div><\/form><\/div><\/div><\/div>[\/vc_column_text][\/vc_column][\/vc_row]<\/p>\n<\/div>","protected":false},"excerpt":{"rendered":"<p>[vc_row][vc_column][vc_row_inner][vc_column_inner][vc_column_text] OPINI\u00d3N DE LOS USUARIOS DEL CAM\u00cd OLIBA [\/vc_column_text][vc_empty_space height=\u00bb40px\u00bb][vc_column_text css=\u00bb.vc_custom_1675760770842{border-top-width: 1px !important;border-right-width: 1px !important;border-bottom-width: 1px !important;border-left-width: 1px !important;padding-top: 20px !important;padding-right: 20px !important;padding-bottom: 20px !important;padding-left: 20px !important;border-left-color: #e0e0e0 !important;border-left-style: s\u00f2lid !important;border-right-color: #e0e0e0 !important;border-right-style: s\u00f2lid !important;border-top-color: #e0e0e0 !important;border-top-style: s\u00f2lid !important;border-bottom-color: #e0e0e0 !important;border-bottom-style: s\u00f2lid !important;}\u00bb el_class=\u00bbmarge\u00bb][\/vc_column_text][vc_empty_space height=\u00bb12px\u00bb][vc_column_text] Vuestras opiniones [\/vc_column_text][vc_empty_space height=\u00bb12px\u00bb][vc_column_text][\/vc_column_text][\/vc_column_inner][\/vc_row_inner][vc_empty_space height=\u00bb62px\u00bb][vc_column_text] Formulario opini\u00f3n [\/vc_column_text][vc_empty_space height=\u00bb42px\u00bb][\/vc_column][\/vc_row][vc_row el_class=\u00bbmarge\u00bb&hellip;<\/p>\n","protected":false},"author":2,"featured_media":0,"parent":0,"menu_order":0,"comment_status":"closed","ping_status":"closed","template":"","meta":{"_acf_changed":false,"footnotes":""},"class_list":["post-21223","page","type-page","status-publish","hentry"],"acf":[],"_links":{"self":[{"href":"https:\/\/www.camioliba.cat\/es\/wp-json\/wp\/v2\/pages\/21223","targetHints":{"allow":["GET"]}}],"collection":[{"href":"https:\/\/www.camioliba.cat\/es\/wp-json\/wp\/v2\/pages"}],"about":[{"href":"https:\/\/www.camioliba.cat\/es\/wp-json\/wp\/v2\/types\/page"}],"author":[{"embeddable":true,"href":"https:\/\/www.camioliba.cat\/es\/wp-json\/wp\/v2\/users\/2"}],"replies":[{"embeddable":true,"href":"https:\/\/www.camioliba.cat\/es\/wp-json\/wp\/v2\/comments?post=21223"}],"version-history":[{"count":2,"href":"https:\/\/www.camioliba.cat\/es\/wp-json\/wp\/v2\/pages\/21223\/revisions"}],"predecessor-version":[{"id":21230,"href":"https:\/\/www.camioliba.cat\/es\/wp-json\/wp\/v2\/pages\/21223\/revisions\/21230"}],"wp:attachment":[{"href":"https:\/\/www.camioliba.cat\/es\/wp-json\/wp\/v2\/media?parent=21223"}],"curies":[{"name":"wp","href":"https:\/\/api.w.org\/{rel}","templated":true}]}}