{"id":14702,"date":"2019-11-15T17:45:11","date_gmt":"2019-11-15T17:45:11","guid":{"rendered":"http:\/\/www.camioliba.cat\/en-bicicleta\/etapa1\/"},"modified":"2019-12-09T12:49:17","modified_gmt":"2019-12-09T12:49:17","slug":"etapa1","status":"publish","type":"page","link":"https:\/\/www.camioliba.cat\/es\/en-bicicleta\/etapa1\/","title":{"rendered":"Etapa1: MONASTERIO DE MONTSERRAT-ART\u00c9S"},"content":{"rendered":"<div class=\"wpb-content-wrapper\"><p>[vc_row][vc_column][vc_empty_space height=\u00bb52px\u00bb][\/vc_column][\/vc_row][vc_row][vc_column width=\u00bb1\/4&#8243;][vc_empty_space][vc_column_text]<\/p>\n<h3><strong>EN BICICLETA<\/strong><\/h3>\n<p>[\/vc_column_text][vc_wp_custommenu nav_menu=\u00bb92&#8243;][\/vc_column][vc_column width=\u00bb3\/4&#8243;][vc_row_inner css=\u00bb.vc_custom_1487588772808{border-top-width: 1px !important;border-right-width: 1px !important;border-bottom-width: 1px !important;border-left-width: 1px !important;padding-top: 0px !important;padding-right: 15px !important;padding-bottom: 15px !important;padding-left: 15px !important;border-left-color: #b5b5b5 !important;border-left-style: solid !important;border-right-color: #b5b5b5 !important;border-right-style: solid !important;border-top-color: #b5b5b5 !important;border-top-style: solid !important;border-bottom-color: #b5b5b5 !important;border-bottom-style: solid !important;}\u00bb][vc_column_inner width=\u00bb1\/2&#8243;][vc_column_text]<\/p>\n<h3>RESUMEN DE LA ETAPA<\/h3>\n<p><b>Distancia recorrida:<\/b>\u00a039 km<br \/>\n<b>Altura m\u00e1xima:<\/b>\u00a0682m<br \/>\n<b>Ascenci\u00f3n acumulada:<\/b>\u00a01300m<\/p>\n<h3><\/h3>\n<p>[\/vc_column_text][\/vc_column_inner][vc_column_inner width=\u00bb1\/2&#8243;][vc_column_text]<\/p>\n<h3>FICHA T\u00c9CNICA<\/h3>\n<ul>\n<li><a href=\"https:\/\/www.camioliba.cat\/tracks\/enbicicleta\/ETAPA 1 MONTSERRAT - ARTES.GPX\" target=\"_blank\" rel=\"noopener noreferrer\">Desc\u00e1rgate el track<\/a><\/li>\n<\/ul>\n<h3><\/h3>\n<p>[\/vc_column_text][\/vc_column_inner][\/vc_row_inner][vc_empty_space][vc_column_text]<\/p>\n<h3 class=\"titol2\">DESCRIPCI\u00d3N GENERAL<\/h3>\n<div id=\"descripcio\">\n<p>Salida del Monasterio de Montserrat descendiendo por carretera hasta Santa Cec\u00edlia de Montserrat. A continuaci\u00f3n se sigue por una pista a trav\u00e9s del GR4, hasta entrar en Castellgal\u00ed. Se siguen distintas pistas para llegar a la ciudad de Manresa y posteriormente subir hasta la Virgen de la Salud, siguiendo la ruta hacia las Brucardes, Navarcles y acabando por pistas hasta llegar a Art\u00e9s.<\/p>\n<\/div>\n<h2 class=\"titol2\"><\/h2>\n<p>[\/vc_column_text][vc_row_inner][vc_column_inner width=\u00bb1\/2&#8243;][vc_column_text]<\/p>\n<h3 class=\"titol2\">RECORRIDO<\/h3>\n<div id=\"descripcio\"><\/div>\n<p>[\/vc_column_text][vc_gmaps link=\u00bb#E-8_JTNDaWZyYW1lJTIwc3JjJTNEJTIyaHR0cHMlM0ElMkYlMkZ3d3cuZ29vZ2xlLmNvbSUyRm1hcHMlMkZkJTJGZW1iZWQlM0ZtaWQlM0QxaXVCY1ctUlBoREdNSVpLUXVNdW5FcTZ1X0pLZHNCdVUlMjIlMjB3aWR0aCUzRCUyMjY0MCUyMiUyMGhlaWdodCUzRCUyMjQ4MCUyMiUzRSUzQyUyRmlmcmFtZSUzRQ==\u00bb][\/vc_column_inner][\/vc_row_inner][vc_separator][vc_column_text]<\/p>\n<h3 class=\"titol2\">PERFIL<\/h3>\n<div id=\"descripcio\"><\/div>\n<p>[\/vc_column_text][vc_single_image image=\u00bb14775&#8243; img_size=\u00bb907 \u00d7 529&#8243; onclick=\u00bblink_image\u00bb][vc_empty_space][vc_column_text]<\/p>\n<h3 class=\"titol2\">GALER\u00cdA DE IM\u00c1GENES<\/h3>\n<div id=\"descripcio\"><\/div>\n<p>[\/vc_column_text][vc_gallery type=\u00bbimage_grid\u00bb images=\u00bb10424,10426,10427,10428,10429,10430,10431,10432,10433,10434,10435&#8243; img_size=\u00bb100X100&#8243;][\/vc_column][\/vc_row]<\/p>\n<\/div>","protected":false},"excerpt":{"rendered":"<p>[vc_row][vc_column][vc_empty_space height=\u00bb52px\u00bb][\/vc_column][\/vc_row][vc_row][vc_column width=\u00bb1\/4&#8243;][vc_empty_space][vc_column_text] EN BICICLETA [\/vc_column_text][vc_wp_custommenu nav_menu=\u00bb92&#8243;][\/vc_column][vc_column width=\u00bb3\/4&#8243;][vc_row_inner css=\u00bb.vc_custom_1487588772808{border-top-width: 1px !important;border-right-width: 1px !important;border-bottom-width: 1px !important;border-left-width: 1px !important;padding-top: 0px !important;padding-right: 15px !important;padding-bottom: 15px !important;padding-left: 15px !important;border-left-color: #b5b5b5 !important;border-left-style: solid !important;border-right-color: #b5b5b5 !important;border-right-style: solid !important;border-top-color: #b5b5b5 !important;border-top-style: solid !important;border-bottom-color: #b5b5b5 !important;border-bottom-style: solid !important;}\u00bb][vc_column_inner width=\u00bb1\/2&#8243;][vc_column_text] RESUMEN DE LA ETAPA Distancia recorrida:\u00a039 km Altura m\u00e1xima:\u00a0682m Ascenci\u00f3n acumulada:\u00a01300m [\/vc_column_text][\/vc_column_inner][vc_column_inner width=\u00bb1\/2&#8243;][vc_column_text]&hellip;<\/p>\n","protected":false},"author":2,"featured_media":0,"parent":14612,"menu_order":0,"comment_status":"closed","ping_status":"closed","template":"template-full-width.php","meta":{"_acf_changed":false,"footnotes":""},"class_list":["post-14702","page","type-page","status-publish","hentry"],"acf":[],"_links":{"self":[{"href":"https:\/\/www.camioliba.cat\/es\/wp-json\/wp\/v2\/pages\/14702","targetHints":{"allow":["GET"]}}],"collection":[{"href":"https:\/\/www.camioliba.cat\/es\/wp-json\/wp\/v2\/pages"}],"about":[{"href":"https:\/\/www.camioliba.cat\/es\/wp-json\/wp\/v2\/types\/page"}],"author":[{"embeddable":true,"href":"https:\/\/www.camioliba.cat\/es\/wp-json\/wp\/v2\/users\/2"}],"replies":[{"embeddable":true,"href":"https:\/\/www.camioliba.cat\/es\/wp-json\/wp\/v2\/comments?post=14702"}],"version-history":[{"count":6,"href":"https:\/\/www.camioliba.cat\/es\/wp-json\/wp\/v2\/pages\/14702\/revisions"}],"predecessor-version":[{"id":14910,"href":"https:\/\/www.camioliba.cat\/es\/wp-json\/wp\/v2\/pages\/14702\/revisions\/14910"}],"up":[{"embeddable":true,"href":"https:\/\/www.camioliba.cat\/es\/wp-json\/wp\/v2\/pages\/14612"}],"wp:attachment":[{"href":"https:\/\/www.camioliba.cat\/es\/wp-json\/wp\/v2\/media?parent=14702"}],"curies":[{"name":"wp","href":"https:\/\/api.w.org\/{rel}","templated":true}]}}