{"id":14606,"date":"2019-11-03T15:29:47","date_gmt":"2019-11-03T15:29:47","guid":{"rendered":"http:\/\/www.camioliba.cat\/en-cotxe\/etapa3\/"},"modified":"2019-11-17T15:43:30","modified_gmt":"2019-11-17T15:43:30","slug":"etapa3","status":"publish","type":"page","link":"https:\/\/www.camioliba.cat\/es\/en-coche\/etapa3\/","title":{"rendered":"Etapa3"},"content":{"rendered":"<div class=\"wpb-content-wrapper\"><p>[vc_row][vc_column width=\u00bb1\/6&#8243;][vc_empty_space][vc_wp_custommenu nav_menu=\u00bb91&#8243;][vc_empty_space][\/vc_column][vc_column width=\u00bb5\/6&#8243;][vc_empty_space][vc_single_image image=\u00bb10465&#8243; img_size=\u00bbfull\u00bb][vc_empty_space][vc_column_text]<strong>Distancia y tiempo:<\/strong> Sant Joan de les Abadesses-Camprodon (15,7km-18min) | Camprodon-Moll\u00f3 (7,5km \u2013 10min)[\/vc_column_text][vc_empty_space][\/vc_column][\/vc_row][vc_row][vc_column width=\u00bb1\/6&#8243;][\/vc_column][vc_column width=\u00bb5\/6&#8243;][vc_row_inner][vc_column_inner width=\u00bb2\/3&#8243;][vc_column_text]<\/p>\n<h2><strong>MONASTERIO DE SANT JOAN DE LES ABADESSES<\/strong><\/h2>\n<p>[\/vc_column_text][vc_empty_space][vc_column_text]<\/p>\n<ul>\n<li><strong>Direcci\u00f3n:<\/strong> Pl. de l\u2019Abadia, s\/n \u2013 17860 Sant Joan de les Abadesses, Girona<\/li>\n<li><strong>Contacto:<\/strong> 972 722 353 | <a href=\"mailto:info@monestirsantjoanabadesses.cat\">info@monestirsantjoanabadesses.cat<\/a> | <a href=\"http:\/\/www.monestirsantjoanabadesses.cat\">www.monestirsantjoanabadesses.cat<\/a><\/li>\n<li><strong>Coordenadas GPS: <\/strong>N 42\u00ba 13\u2019 57.591\u201d\u00a0\u00a0 E 2\u00ba 17\u2019 9.941\u201d<\/li>\n<\/ul>\n<p>[\/vc_column_text][\/vc_column_inner][vc_column_inner width=\u00bb1\/3&#8243;][vc_single_image image=\u00bb13162&#8243; img_size=\u00bb500 \u00d7 332&#8243;][\/vc_column_inner][\/vc_row_inner][vc_tta_tabs][vc_tta_section title=\u00bbDescripci\u00f3n\u00bb tab_id=\u00bb1572867300050-ecf084b9-c62e44da-aebc\u00bb][vc_row_inner][vc_column_inner][vc_column_text]Su iglesia es una de las joyas del rom\u00e1nico catal\u00e1n, y el Sant\u00edsimo Misterio, un motivo hist\u00f3rico de peregrinaje. Fundado en 885 por Guifr\u00e9 el Peloso y dirigido por su propia hija, Emma, el abad Oliba influy\u00f3 porque el cenobio dejara de ser femenino en acusar las monjas de llevar una vida deshonesta.[\/vc_column_text][\/vc_column_inner][\/vc_row_inner][\/vc_tta_section][vc_tta_section title=\u00bbInformaci\u00f3n pr\u00e1ctica\u00bb tab_id=\u00bb1572867300194-5c57fed2-49d544da-aebc\u00bb][vc_row_inner][vc_column_inner][vc_column_text]<u>Aparcamiento:<\/u> P\u00e1rquing gratuito.<\/p>\n<p><u>Servicios cercanos<\/u>: El monasterio est\u00e1 ubicado en el centro del pueblo, por lo que se pueden encontrar alojamientos, restaurantes y comercios cercanos al recurso.<\/p>\n<p><u>Precio entrada:<\/u><\/p>\n<p>Entrada general: 3\u20ac<\/p>\n<p>Entrada reducida (grupos, escolares y jubilados) : 2\u20ac<\/p>\n<p>Entrada gratuita por los ni\u00f1os menores de 12 a\u00f1os<\/p>\n<p><u>Horarios<\/u>:<\/p>\n<p>Noviembre, diciembre, enero y febrero: Laborables de 10 a 2. S\u00e1bados y festivos de 10 a 2 y de 4 a 6<br \/>\nMarzo, abril y octubre: Laborables, s\u00e1bados y festivos de 10 a 2 y de 4 a 6<br \/>\nMayo, junio y septiembre: Laborables, s\u00e1bados y festivos de 10 a 2 y de 4 a 7<br \/>\nJulio y agosto: Laborables, s\u00e1bados y festivos de 10 a 7<\/p>\n<p><u>Otros:<\/u><\/p>\n<p>En Sant Joan de les Abadesses, adem\u00e1s, podr\u00e1s descubrir el Palacio de la Abad\u00eda, la Poza de Malatosca&#8230; Para m\u00e1s informaci\u00f3n visita <a href=\"http:\/\/www.santjoandelesabadesses.cat\">www.santjoandelesabadesses.cat<\/a><\/p>\n<p>Para las visitas en grupo es necesaria la reserva previa.[\/vc_column_text][vc_empty_space height=\u00bb16px\u00bb][\/vc_column_inner][\/vc_row_inner][\/vc_tta_section][\/vc_tta_tabs][vc_empty_space][\/vc_column][\/vc_row][vc_row][vc_column width=\u00bb1\/6&#8243;][\/vc_column][vc_column width=\u00bb5\/6&#8243;][vc_row_inner][vc_column_inner width=\u00bb2\/3&#8243;][vc_column_text]<\/p>\n<h2><strong>MONASTERIO DE SANT PERE DE CAMPRODON<\/strong><\/h2>\n<p>[\/vc_column_text][vc_empty_space][vc_column_text]<\/p>\n<ul>\n<li><strong>Direcci\u00f3n:<\/strong> Carrer Monestir, 2, 17867 Camprodon, Girona<\/li>\n<li><strong>Contacto:<\/strong> <a href=\"http:\/\/www.valldecamprodon.cat\">www.valldecamprodon.cat<\/a><\/li>\n<li><strong>Coordenadas GPS: <\/strong>N 42\u00ba 18\u2019 52.637\u201d\u00a0\u00a0 E 2\u00ba 22\u2019 3.941\u201d<\/li>\n<\/ul>\n<p>[\/vc_column_text][\/vc_column_inner][vc_column_inner width=\u00bb1\/3&#8243;][vc_single_image image=\u00bb14572&#8243; img_size=\u00bb500 \u00d7 332&#8243;][\/vc_column_inner][\/vc_row_inner][vc_tta_tabs][vc_tta_section title=\u00bbDescripci\u00f3n\u00bb tab_id=\u00bb1572951629893-38b807e6-a08f44da-aebc\u00bb][vc_row_inner][vc_column_inner][vc_column_text]Fue un monasterio benedictino activo desde el siglo X hasta 1835. Fue el centro religioso m\u00e1s influyente del Valle de Camprodon, y uno de los m\u00e1s activos del Pirineo de Gerona.<\/p>\n<p>Fue declarado Bien Cultural de Inter\u00e9s Nacional (BCNI), catalogado en el Inventario de Patrimonio Arquitect\u00f3nico Catal\u00e1n.<\/p>\n<p>[\/vc_column_text][\/vc_column_inner][\/vc_row_inner][\/vc_tta_section][vc_tta_section title=\u00bbInformaci\u00f3n pr\u00e1ctica\u00bb tab_id=\u00bb1572951630020-9ad99fa4-4b6744da-aebc\u00bb][vc_row_inner][vc_column_inner][vc_column_text]<u>Aparcamiento:<\/u> P\u00e1rquing gratuito cercano<\/p>\n<p><u>Horarios<\/u>:<\/p>\n<p>Iglesia cerrada al p\u00fablico[\/vc_column_text][vc_empty_space height=\u00bb16px\u00bb][\/vc_column_inner][\/vc_row_inner][\/vc_tta_section][\/vc_tta_tabs][vc_empty_space][\/vc_column][\/vc_row][vc_row][vc_column width=\u00bb1\/6&#8243;][\/vc_column][vc_column width=\u00bb5\/6&#8243;][vc_row_inner][vc_column_inner width=\u00bb2\/3&#8243;][vc_column_text]<\/p>\n<h2><strong>IGLESIA DE SANTA CEC\u00cdLIA DE MOLL\u00d3<\/strong><\/h2>\n<p>[\/vc_column_text][vc_empty_space][vc_column_text]<\/p>\n<ul>\n<li><strong>Direcci\u00f3n:<\/strong> Carrer de l&#8217;Esgl\u00e9sia, 9, 17868 Moll\u00f3, Girona<\/li>\n<li><strong>Contacto:<\/strong> 649 563 321<\/li>\n<li><strong>Coordenadas GPS: <\/strong>N 42\u00ba 20\u2019 55.458\u201d\u00a0\u00a0 E 2\u00ba 24\u2019 10.661\u201d<\/li>\n<\/ul>\n<p>[\/vc_column_text][\/vc_column_inner][vc_column_inner width=\u00bb1\/3&#8243;][vc_single_image image=\u00bb14576&#8243; img_size=\u00bb500 \u00d7 332&#8243;][\/vc_column_inner][\/vc_row_inner][vc_tta_tabs][vc_tta_section title=\u00bbDescripci\u00f3n\u00bb tab_id=\u00bb1572951628084-49e4e48b-3bc044da-aebc\u00bb][vc_row_inner][vc_column_inner][vc_column_text]Iglesia ya documentada en el siglo X. Cabe destacar la puerta de entrada a la iglesia, as\u00ed como el portal de influencia de la escuela rosellonesa.[\/vc_column_text][\/vc_column_inner][\/vc_row_inner][\/vc_tta_section][vc_tta_section title=\u00bbInformaci\u00f3n pr\u00e1ctica\u00bb tab_id=\u00bb1572951628185-f9c1d810-a01944da-aebc\u00bb][vc_row_inner][vc_column_inner][vc_column_text]<u>Aparcamiento:<\/u> P\u00e1rquing gratuito cercano<\/p>\n<p><u>Servicios cercanos<\/u>: El monasterio est\u00e1 ubicado en el centro del pueblo, por lo que se pueden encontrar alojamientos, restaurantes y comercios cercanos al recurso.[\/vc_column_text][vc_empty_space height=\u00bb16px\u00bb][\/vc_column_inner][\/vc_row_inner][\/vc_tta_section][\/vc_tta_tabs][vc_empty_space][\/vc_column][\/vc_row]<\/p>\n<\/div>","protected":false},"excerpt":{"rendered":"<p>[vc_row][vc_column width=\u00bb1\/6&#8243;][vc_empty_space][vc_wp_custommenu nav_menu=\u00bb91&#8243;][vc_empty_space][\/vc_column][vc_column width=\u00bb5\/6&#8243;][vc_empty_space][vc_single_image image=\u00bb10465&#8243; img_size=\u00bbfull\u00bb][vc_empty_space][vc_column_text]Distancia y tiempo: Sant Joan de les Abadesses-Camprodon (15,7km-18min) | Camprodon-Moll\u00f3 (7,5km \u2013 10min)[\/vc_column_text][vc_empty_space][\/vc_column][\/vc_row][vc_row][vc_column width=\u00bb1\/6&#8243;][\/vc_column][vc_column width=\u00bb5\/6&#8243;][vc_row_inner][vc_column_inner width=\u00bb2\/3&#8243;][vc_column_text] MONASTERIO DE SANT JOAN DE LES ABADESSES [\/vc_column_text][vc_empty_space][vc_column_text] Direcci\u00f3n: Pl. de l\u2019Abadia, s\/n \u2013 17860 Sant Joan de les Abadesses, Girona Contacto: 972 722 353 | info@monestirsantjoanabadesses.cat | www.monestirsantjoanabadesses.cat Coordenadas GPS: N 42\u00ba&hellip;<\/p>\n","protected":false},"author":2,"featured_media":0,"parent":14594,"menu_order":0,"comment_status":"closed","ping_status":"closed","template":"template-full-width.php","meta":{"_acf_changed":false,"footnotes":""},"class_list":["post-14606","page","type-page","status-publish","hentry"],"acf":[],"_links":{"self":[{"href":"https:\/\/www.camioliba.cat\/es\/wp-json\/wp\/v2\/pages\/14606","targetHints":{"allow":["GET"]}}],"collection":[{"href":"https:\/\/www.camioliba.cat\/es\/wp-json\/wp\/v2\/pages"}],"about":[{"href":"https:\/\/www.camioliba.cat\/es\/wp-json\/wp\/v2\/types\/page"}],"author":[{"embeddable":true,"href":"https:\/\/www.camioliba.cat\/es\/wp-json\/wp\/v2\/users\/2"}],"replies":[{"embeddable":true,"href":"https:\/\/www.camioliba.cat\/es\/wp-json\/wp\/v2\/comments?post=14606"}],"version-history":[{"count":3,"href":"https:\/\/www.camioliba.cat\/es\/wp-json\/wp\/v2\/pages\/14606\/revisions"}],"predecessor-version":[{"id":14765,"href":"https:\/\/www.camioliba.cat\/es\/wp-json\/wp\/v2\/pages\/14606\/revisions\/14765"}],"up":[{"embeddable":true,"href":"https:\/\/www.camioliba.cat\/es\/wp-json\/wp\/v2\/pages\/14594"}],"wp:attachment":[{"href":"https:\/\/www.camioliba.cat\/es\/wp-json\/wp\/v2\/media?parent=14606"}],"curies":[{"name":"wp","href":"https:\/\/api.w.org\/{rel}","templated":true}]}}