{"id":14246,"date":"2019-06-21T16:52:45","date_gmt":"2019-06-21T16:52:45","guid":{"rendered":"http:\/\/www.camioliba.cat\/home2019\/"},"modified":"2025-02-12T08:44:31","modified_gmt":"2025-02-12T08:44:31","slug":"home2019","status":"publish","type":"page","link":"https:\/\/www.camioliba.cat\/es\/","title":{"rendered":"Inicio"},"content":{"rendered":"<div class=\"wpb-content-wrapper\"><p>[vc_row full_width=\u00bbstretch_row_content_no_spaces\u00bb][vc_column][rev_slider_vc alias=\u00bbesp\u00bb][vc_empty_space height=\u00bb62px\u00bb][\/vc_column][\/vc_row][vc_row][vc_column width=\u00bb1\/3&#8243;][vc_single_image image=\u00bb14845&#8243; img_size=\u00bb463 per 322 p\u00edxels\u00bb onclick=\u00bbcustom_link\u00bb link=\u00bbhttps:\/\/www.camioliba.cat\/es\/a-pie\/\u00bb][vc_column_text]<\/p>\n<h3><a href=\"https:\/\/www.camioliba.cat\/es\/a-pie\/\"><b>El Cam\u00ed Oliba a pi\u00e9<\/b><\/a><\/h3>\n<p>[\/vc_column_text][\/vc_column][vc_column width=\u00bb1\/3&#8243;][vc_single_image image=\u00bb14849&#8243; img_size=\u00bb463 per 322 p\u00edxels\u00bb onclick=\u00bbcustom_link\u00bb link=\u00bbhttps:\/\/www.camioliba.cat\/es\/en-bicicleta\/etapa1&#8243;][vc_column_text]<\/p>\n<h3><a href=\"https:\/\/www.camioliba.cat\/es\/en-bicicleta\/etapa1\"><b>El Cam\u00ed Oliba en bicicleta<\/b><\/a><\/h3>\n<p>[\/vc_column_text][\/vc_column][vc_column width=\u00bb1\/3&#8243;][vc_single_image image=\u00bb14853&#8243; img_size=\u00bb463 per 322 p\u00edxels\u00bb onclick=\u00bbcustom_link\u00bb link=\u00bbhttps:\/\/www.camioliba.cat\/es\/en-coche\/\u00bb][vc_column_text]<\/p>\n<h3><a href=\"https:\/\/www.camioliba.cat\/es\/en-coche\/\"><b>El Cam\u00ed Oliba en coche<\/b><\/a><\/h3>\n<p>[\/vc_column_text][\/vc_column][\/vc_row][vc_row][vc_column width=\u00bb1\/2&#8243;][vc_empty_space height=\u00bb62px\u00bb][vc_single_image image=\u00bb14219&#8243; img_size=\u00bbfull\u00bb onclick=\u00bbcustom_link\u00bb link=\u00bbhttps:\/\/www.camioliba.cat\/es\/carnet-de-ruta\/\u00bb][vc_column_text]<\/p>\n<h3><a href=\"https:\/\/www.camioliba.cat\/es\/carnet-de-ruta\/\"><b>Carn\u00e9 de ruta Cam\u00ed Oliba<\/b><\/a><\/h3>\n<p>Recorre los caminos del obispo Abad Oliba y benef\u00edciate de todas las ventajas de este carn\u00e9.[\/vc_column_text][vc_empty_space height=\u00bb62px\u00bb][\/vc_column][vc_column width=\u00bb1\/2&#8243;][vc_empty_space height=\u00bb62px\u00bb][vc_single_image image=\u00bb22710&#8243; img_size=\u00bbfull\u00bb onclick=\u00bbcustom_link\u00bb css=\u00bb\u00bb link=\u00bbhttps:\/\/www.camioliba.cat\/es\/decaleg-del-bon-excursionista\/\u00bb][vc_column_text css=\u00bb\u00bb]<\/p>\n<h3><a href=\"https:\/\/www.camioliba.cat\/es\/decaleg-del-bon-excursionista\/\"><b>Gu\u00eda de Buenas Pr\u00e1cticas entorno al Camino Oliba<\/b><\/a><\/h3>\n<p>Acomp\u00e1\u00f1anos a hacer el Camino Oliba de una manera sostenible y respetuosa. Te esperamos![\/vc_column_text][vc_empty_space height=\u00bb62px\u00bb][\/vc_column][\/vc_row][vc_row css=\u00bb.vc_custom_1561137039332{padding-top: 100px !important;padding-bottom: 100px !important;background-image: url(https:\/\/www.camioliba.cat\/wp-content\/uploads\/2017\/02\/tram12.jpg?id=10463) !important;background-position: center !important;background-repeat: no-repeat !important;background-size: cover !important;}\u00bb][vc_column][vc_empty_space height=\u00bb40px\u00bb][\/vc_column][\/vc_row][vc_row][vc_column width=\u00bb1\/2&#8243;][vc_empty_space height=\u00bb82px\u00bb][vc_empty_space][vc_column_text]\u201cEl Cam\u00ed Oliba\u201d es una ruta de arte rom\u00e1nico que une las comarca del Bages, del Moian\u00e8s, de Osona y la del Ripoll\u00e8s utilizando como hilo conductor el Obispo y Abad Oliba.<\/p>\n<p>De todas las tendencias arquitect\u00f3nicas y art\u00edsticas que han existido hasta el d\u00eda de hoy, la m\u00e1s extendida es sin lugar a duda la rom\u00e1nica. Las comarcas de Osona, el Moian\u00e8s, el Bages y el Ripoll\u00e8s son la muestra indiscutible de este basto patrimonio. Cualquiera de los pueblos y ciudades que forman parte de nuestras comarcas tiene o ha tenido alguna iglesia o edificio construido con este estilo.<\/p>\n<p>El arte rom\u00e1nico nos une y da sentido a este proyecto.El arte rom\u00e1nico se presenta pues, como un elemento integrador de la Catalunya Central, y constituye el argumento id\u00f3neo para fomentar el reequilibrio territorial y para dar a conocer el paisaje, la gastronom\u00eda, la tradici\u00f3n y toda la oferta tur\u00edstica complementaria de la Catalunya interior.[\/vc_column_text][vc_empty_space height=\u00bb62px\u00bb][\/vc_column][vc_column width=\u00bb1\/2&#8243;][vc_empty_space height=\u00bb122px\u00bb][vc_video link=\u00bbhttps:\/\/youtu.be\/hyyGqmiXgwc\u00bb][vc_empty_space height=\u00bb62px\u00bb][\/vc_column][\/vc_row][vc_row css=\u00bb.vc_custom_1485256355659{padding-top: 100px !important;padding-bottom: 100px !important;background-image: url(https:\/\/www.camioliba.cat\/wp-content\/uploads\/2016\/11\/fons.jpg?id=10138) !important;background-position: center !important;background-repeat: no-repeat !important;background-size: cover !important;}\u00bb][vc_column][vc_column_text]<\/p>\n<h3 style=\"text-align: center;\"><strong>El Cam\u00ed Oliba es un autentico museu en medio de la naaturaleza. Es arte, cultura e historia en su esencia que permite la visita a bellos parajes naturales, pueblos con encanto o ciudades con un patrimonio incre\u00edble<\/strong><\/h3>\n<p>[\/vc_column_text][vc_empty_space][\/vc_column][\/vc_row][vc_row css=\u00bb.vc_custom_1480318387944{padding-top: 100px !important;padding-bottom: 100px !important;background-image: url(http:\/\/creative-wp.com\/demos\/amwal\/wp-content\/uploads\/2016\/11\/home-7-about-bg.jpg?id=9536) !important;background-position: center !important;background-repeat: no-repeat !important;background-size: cover !important;}\u00bb][vc_column][vc_column_text]<div class=\"section-title title-block title-style-1 light-skin text-center\"><span class=\"top-title\"><\/span><h2 class=\"title\">El sendero<\/h2><div class=\"sub-title\">Diferentes opciones<\/div><span class=\"bottom-title\"><\/span><div class=\"desc\"><p>La ruta se ha planteado con el fin de que pueda ser accesible para la gran mayor\u00eda de visitantes. Es por este motivo que se propone una doble ruta. La ruta principal pasa por m\u00e1s n\u00facleos de poblaci\u00f3n y por lo tanto, las etapas son m\u00e1s cortas y se encuentran m\u00e1s servicios. En una parte de la ruta principal se propone una bifurcaci\u00f3n con un tramo de ruta secundaria para gente m\u00e1s experta que, transcurre por un paisaje de gran belleza.<\/p>\n<\/div><\/div>[vc_row_inner css=\u00bb.vc_custom_1485257771465{padding-top: 20px !important;}\u00bb el_class=\u00bbetapa\u00bb][vc_column_inner width=\u00bb1\/4&#8243; css=\u00bb.vc_custom_1482822061755{padding-top: 40px !important;}\u00bb]<div class=\"amwal-about-2  light-text\">\n\t\t\t\t<div class=\"about-head\"><img decoding=\"async\" class=\"\" src=\"https:\/\/www.camioliba.cat\/wp-content\/uploads\/2016\/11\/etapa1.jpg\" width=\"400\" height=\"265\" alt=\"etapa1\" title=\"etapa1\" loading=\"lazy\" \/> <\/div><div class=\"title\">Etapa1<\/div><div class=\"desc\"><h4>TRAMO 1:<br \/>\nMONASTERIO DE MONTSERRAT &#8211; MANRESA &#8211; VIC<\/h4>\n<p><em>85,14 Km \/ 1.791 m positivos \/ 2.051 m negativos \/ 5 etapas<br \/>\n<\/em><br \/>\nCoincide con el camino de Santiago y est\u00e1 planteado en cinco etapas de media jornada (consultad el mapa). La llegada en Manresa es excepcional, con el Puente Viejo, la Cueva de San Ignasio y la Bas\u00edlica de la Sede. Contin\u00faa hacia Navarcles despu\u00e9s de pasar por el monasterio de Sant Benet de Bages. Cruza por los vi\u00f1edos de Pla de Bages hasta Art\u00e9s y el monasterio del Estany; llega en Vic, una ciudad que tiene una estructura medieval y conserva varios testimonios de esta \u00e9poca: el campanario de la catedral el puente de Queralt o los restos del castillo de los Montcada, un interesante ejemplo del rom\u00e1nico construido alrededor de un templo romano.<\/p>\n<\/div>\n\t\t\t<\/div>[\/vc_column_inner][vc_column_inner width=\u00bb1\/4&#8243; css=\u00bb.vc_custom_1482822066764{padding-top: 40px !important;}\u00bb]<div class=\"amwal-about-2  light-text\">\n\t\t\t\t<div class=\"about-head\"><img decoding=\"async\" class=\"\" src=\"https:\/\/www.camioliba.cat\/wp-content\/uploads\/2016\/11\/etapa2.png\" width=\"400\" height=\"265\" alt=\"etapa2\" title=\"etapa2\" loading=\"lazy\" \/> <\/div><div class=\"title\">Etapa 2<\/div><div class=\"desc\"><h4>TRAMO 2<br \/>\nVIC &#8211; RIPOLL &#8211; SANT JOAN DE LES ABADESSES<\/h4>\n<p><em>115,2 Km \/ 5.011 m positivos \/ 4.701 m negativos \/ 10 etapas<br \/>\n<\/em><br \/>\nSe trata del tramo m\u00e1s largo y exigente del Cami Oliba y est\u00e1 dividido en 10 etapas de medio d\u00eda. Cruza Folgueroles, el pueblo natal del poeta Verdaguer, antes de llegar al emblem\u00e1tico monasterio de Sant Pere de Casserres. Contin\u00faa hacia los monasterios de Santa Maria de Ripoll y Sant Joan de les Abadesses en un itinerario de media monta\u00f1a con bastante desnivel, pero con vistas privilegiadas: Collsacabra, el Montseny, el pantano de Sau, las Guilleries, el Castillo de Montesquiu, los riscos de Tavertet y una lista interminable.<\/p>\n<\/div>\n\t\t\t<\/div>[\/vc_column_inner][vc_column_inner width=\u00bb1\/4&#8243; css=\u00bb.vc_custom_1491412523322{padding-top: 40px !important;}\u00bb]<div class=\"amwal-about-2  light-text\">\n\t\t\t\t<div class=\"about-head\"><img decoding=\"async\" class=\"\" src=\"https:\/\/www.camioliba.cat\/wp-content\/uploads\/2016\/11\/etapa3-1.png\" width=\"400\" height=\"265\" alt=\"etapa3\" title=\"etapa3\" loading=\"lazy\" \/> <\/div><div class=\"title\">Etapa 3<\/div><div class=\"desc\"><h4>TRAMO 3<br \/>\nSANT JOAN DE LES ABADESSES &#8211; LES BASSES DE PUIG SEC<\/h4>\n<p><em>39,19 Km \/ 1.912 m positivos \/ 1.042 m negativos \/ 2 jornadas<\/em><\/p>\n<p>&nbsp;<\/p>\n<p>Este tramo est\u00e1 pensado para hacer en tres etapas de medio d\u00eda. Cruza los municipios de Camprodon y Moll\u00f3 y llega hasta las basses de Puig Sec, un regalo de la naturaleza en el mirador del Canig\u00f3, en la frontera con Francia. Est\u00e1 proyectado alargar el Cam\u00ed Oliba unos 50 km hasta el monasterio de Sant Miquel de Cuix\u00e0 y, posteriormente, hasta Toluges (lugar d\u00f3nde Oliba celebr\u00f3 la primera asamblea de Paz y Tregua).<\/p>\n<\/div>\n\t\t\t<\/div>[\/vc_column_inner][vc_column_inner width=\u00bb1\/4&#8243; css=\u00bb.vc_custom_1491412518611{padding-top: 40px !important;}\u00bb]<div class=\"amwal-about-2  light-text\">\n\t\t\t\t<div class=\"about-head\"><img decoding=\"async\" class=\"\" src=\"https:\/\/www.camioliba.cat\/wp-content\/uploads\/2016\/11\/etapa-variant.png\" width=\"400\" height=\"265\" alt=\"etapa-variant\" title=\"etapa-variant\" loading=\"lazy\" \/> <\/div><div class=\"title\">Etapa2. Ruta alternativa<\/div><div class=\"desc\"><h4>TRAMO VARIANTE GR-151.1<br \/>\nTAVERTET (ENLACE GR-151) \u2013\u00a0 SANT JOAN DE LES ABADESSES<\/h4>\n<p><em>53,89 Km \/ 1.870 m positivos \/ 1.970 m negativos \/ 3 jornadas<br \/>\n<\/em><br \/>\nEs una alternativa m\u00e1s asequible al segundo tramo a partir de Tavertet. Desde Rupit, uno de los pueblos con m\u00e1s belleza del territorio, se dirige a Vidr\u00e0 a trav\u00e9s del Coll de Bracons, hasta Vallfogona del Ripoll\u00e8s y se une de nueve al camino principal (GR151) en Sant Joan de les Abadesses.<\/p>\n<\/div>\n\t\t\t<\/div>[\/vc_column_inner][\/vc_row_inner][vc_empty_space height=\u00bb22px\u00bb][vc_btn title=\u00bbM\u00e1s informaci\u00f3n etapas\u00bb style=\u00bbclassic\u00bb color=\u00bbmulled-wine\u00bb align=\u00bbcenter\u00bb][\/vc_column_text][\/vc_column][\/vc_row][vc_row css=\u00bb.vc_custom_1485260626612{padding-top: 100px !important;padding-bottom: 100px !important;background-image: url(https:\/\/www.camioliba.cat\/wp-content\/uploads\/2016\/11\/fons3-1.jpg?id=10187) !important;background-position: center !important;background-repeat: no-repeat !important;background-size: cover !important;}\u00bb][vc_column][vc_column_text]<div class=\"section-title title-block title-style-1 text-center\"><span class=\"top-title\"><\/span><h2 class=\"title\">Alojamientos y servicios<\/h2><div class=\"sub-title\">A lo largo del camino encontrar\u00e1s restaurantes, alojamientos y todo tipo de actividades<\/div><span class=\"bottom-title\"><\/span><\/div>[vc_empty_space][vc_empty_space][vc_btn title=\u00bbM\u00e1s informaci\u00f3n\u00bb style=\u00bbclassic\u00bb color=\u00bbwhite\u00bb align=\u00bbcenter\u00bb][\/vc_column_text][\/vc_column][\/vc_row][vc_row][vc_column][vc_empty_space height=\u00bb62px\u00bb][vc_empty_space height=\u00bb62px\u00bb][\/vc_column][\/vc_row][vc_row][vc_column][vc_empty_space][vc_row_inner][vc_column_inner width=\u00bb1\/4&#8243;][\/vc_column_inner][vc_column_inner width=\u00bb1\/2&#8243;][vc_empty_space][vc_raw_html]JTNDZGl2JTIwYWxpZ24lM0QlMjJjZW50ZXIlMjIlM0UlM0NpZnJhbWUlMjBzcmMlM0QlMjJodHRwcyUzQSUyRiUyRnN0YXRpYy1tLm1ldGVvLmNhdCUyRmdpbnlzJTJGbWFwYVByZWRpY2NpbyUzRmxhbmd1YWdlJTNEY2ElMjZjb2xvciUzRDJjM2U1MCUyNnRhcmdldCUzRF9ibGFuayUyMiUyMHRpdGxlJTNEJTIyUHJlZGljY2klQzMlQjMlMjBnZW5lcmFsJTIwZGUlMjBDYXRhbHVueWElMjIlMjBmcmFtZWJvcmRlciUzRCUyMjAlMjIlMjBzdHlsZSUzRCUyMmJvcmRlciUzQTAlMjIlMjBzY3JvbGxpbmclM0QlMjJubyUyMiUyMHdpZHRoJTNEJTIyNTY1JTIyJTIwaGVpZ2h0JTNEJTIyMzg4JTIyJTNFJTNDJTJGaWZyYW1lJTNFJTNDJTJGZGl2JTNF[\/vc_raw_html][vc_empty_space][\/vc_column_inner][vc_column_inner width=\u00bb1\/4&#8243;][\/vc_column_inner][\/vc_row_inner][\/vc_column][\/vc_row]<\/p>\n<\/div>","protected":false},"excerpt":{"rendered":"<p>[vc_row full_width=\u00bbstretch_row_content_no_spaces\u00bb][vc_column][rev_slider_vc alias=\u00bbesp\u00bb][vc_empty_space height=\u00bb62px\u00bb][\/vc_column][\/vc_row][vc_row][vc_column width=\u00bb1\/3&#8243;][vc_single_image image=\u00bb14845&#8243; img_size=\u00bb463 per 322 p\u00edxels\u00bb onclick=\u00bbcustom_link\u00bb link=\u00bbhttps:\/\/www.camioliba.cat\/es\/a-pie\/\u00bb][vc_column_text] El Cam\u00ed Oliba a pi\u00e9 [\/vc_column_text][\/vc_column][vc_column width=\u00bb1\/3&#8243;][vc_single_image image=\u00bb14849&#8243; img_size=\u00bb463 per 322 p\u00edxels\u00bb onclick=\u00bbcustom_link\u00bb link=\u00bbhttps:\/\/www.camioliba.cat\/es\/en-bicicleta\/etapa1&#8243;][vc_column_text] El Cam\u00ed Oliba en bicicleta [\/vc_column_text][\/vc_column][vc_column width=\u00bb1\/3&#8243;][vc_single_image image=\u00bb14853&#8243; img_size=\u00bb463 per 322 p\u00edxels\u00bb onclick=\u00bbcustom_link\u00bb link=\u00bbhttps:\/\/www.camioliba.cat\/es\/en-coche\/\u00bb][vc_column_text] El Cam\u00ed Oliba en coche [\/vc_column_text][\/vc_column][\/vc_row][vc_row][vc_column width=\u00bb1\/2&#8243;][vc_empty_space height=\u00bb62px\u00bb][vc_single_image image=\u00bb14219&#8243; img_size=\u00bbfull\u00bb onclick=\u00bbcustom_link\u00bb link=\u00bbhttps:\/\/www.camioliba.cat\/es\/carnet-de-ruta\/\u00bb][vc_column_text] Carn\u00e9 de ruta&hellip;<\/p>\n","protected":false},"author":2,"featured_media":0,"parent":0,"menu_order":0,"comment_status":"closed","ping_status":"closed","template":"template-full-width.php","meta":{"_acf_changed":false,"footnotes":""},"class_list":["post-14246","page","type-page","status-publish","hentry"],"acf":[],"_links":{"self":[{"href":"https:\/\/www.camioliba.cat\/es\/wp-json\/wp\/v2\/pages\/14246","targetHints":{"allow":["GET"]}}],"collection":[{"href":"https:\/\/www.camioliba.cat\/es\/wp-json\/wp\/v2\/pages"}],"about":[{"href":"https:\/\/www.camioliba.cat\/es\/wp-json\/wp\/v2\/types\/page"}],"author":[{"embeddable":true,"href":"https:\/\/www.camioliba.cat\/es\/wp-json\/wp\/v2\/users\/2"}],"replies":[{"embeddable":true,"href":"https:\/\/www.camioliba.cat\/es\/wp-json\/wp\/v2\/comments?post=14246"}],"version-history":[{"count":16,"href":"https:\/\/www.camioliba.cat\/es\/wp-json\/wp\/v2\/pages\/14246\/revisions"}],"predecessor-version":[{"id":22715,"href":"https:\/\/www.camioliba.cat\/es\/wp-json\/wp\/v2\/pages\/14246\/revisions\/22715"}],"wp:attachment":[{"href":"https:\/\/www.camioliba.cat\/es\/wp-json\/wp\/v2\/media?parent=14246"}],"curies":[{"name":"wp","href":"https:\/\/api.w.org\/{rel}","templated":true}]}}