{"id":14237,"date":"2019-06-21T09:08:38","date_gmt":"2019-06-21T09:08:38","guid":{"rendered":"http:\/\/www.camioliba.cat\/carnet-de-ruta\/"},"modified":"2023-04-24T15:16:53","modified_gmt":"2023-04-24T15:16:53","slug":"carnet-de-ruta","status":"publish","type":"page","link":"https:\/\/www.camioliba.cat\/es\/carnet-de-ruta\/","title":{"rendered":"Carn\u00e9 de ruta"},"content":{"rendered":"<div class=\"wpb-content-wrapper\"><p>[vc_row][vc_column width=\u00bb1\/3&#8243;][vc_empty_space height=\u00bb82px\u00bb][vc_single_image image=\u00bb14193&#8243; img_size=\u00bbfull\u00bb][vc_empty_space height=\u00bb52px\u00bb][vc_column_text el_class=\u00bbmenu-carnet\u00bb]<\/p>\n<ul>\n<li><a href=\"https:\/\/www.camioliba.cat\/pdf\/carnet-aconseguir-es.pdf\" target=\"_blank\" rel=\"noopener noreferrer\">Puntos donde conseguir el carn\u00e9\u00a0(pdf)<\/a><\/li>\n<li><a href=\"https:\/\/www.camioliba.cat\/pdf\/carnet-segellatge-es.pdf\" target=\"_blank\" rel=\"noopener noreferrer\">Puntos donde sellar el carn\u00e9 (pdf)<\/a><\/li>\n<li><a href=\"https:\/\/www.camioliba.cat\/wp-content\/uploads\/2021\/02\/relacio-avantatges-i-descomptes-carnet-de-ruta_CAST.pdf\">Ventajas y descuentos del carn\u00e9 de ruta (pdf)<\/a><\/li>\n<\/ul>\n<p>[\/vc_column_text][\/vc_column][vc_column width=\u00bb2\/3&#8243; css=\u00bb.vc_custom_1561126437522{padding-left: 30px !important;}\u00bb][vc_empty_space height=\u00bb52px\u00bb][vc_column_text]<\/p>\n<h3>\u00bfQu\u00e9 es y d\u00f3nde lo puedo conseguir?<\/h3>\n<p>Se trata de una tarjeta de paso de car\u00e1cter personal e intransferible que podr\u00e1s conseguir <strong>gratuitamente<\/strong> en las principales oficina de turismo e instalaciones municipales que vas a encontrar a lo largo del Cam\u00ed Oliba. Podr\u00e1s consultarlas en este enlace.[\/vc_column_text][vc_empty_space][vc_btn title=\u00bbPuntos donde conseguir el carn\u00e9\u00bb color=\u00bbdanger\u00bb align=\u00bbleft\u00bb link=\u00bburl:http%3A%2F%2Fwww.camioliba.cat%2Fpdf%2Fcarnet-aconseguir-es.pdf||target:%20_blank|\u00bb][vc_empty_space height=\u00bb30px\u00bb][vc_column_text]<\/p>\n<h3>\u00bfDonde lo puedo sellar y como funciona?<\/h3>\n<p>Ser\u00e1 necesario que lo selles en un m\u00ednimo de 5 municipios en cada etapa, a excepci\u00f3n de la \u00faltima, que podran ser s\u00f3lo tres.[\/vc_column_text][vc_empty_space][vc_btn title=\u00bbPuntos de sellaje\u00bb color=\u00bbdanger\u00bb align=\u00bbleft\u00bb link=\u00bburl:http%3A%2F%2Fwww.camioliba.cat%2Fpdf%2Fcarnet-segellatge-es.pdf||target:%20_blank|\u00bb][vc_empty_space height=\u00bb30px\u00bb][vc_column_text]<\/p>\n<h3>\u00bfC\u00faales son sus beneficios?<\/h3>\n<p>Con el sello del carn\u00e9 de ruta podr\u00e1s disponer del diploma que certifica que has realizado el Cam\u00ed Oliba. S\u00f3lo es necesario que nos lo envies escaneado en el mail camioliba@gmail.com . Una vez lo tengas finalizado te enviaremos el diploma, junto a un peque\u00f1o obsequio. A su vez, participar\u00e1s en un sorteo de un fin de semana que organizaremos en algun punto de la ruta.<br \/>\nTambi\u00e9n podr\u00e1s disfrutar de varios descuentos en diferentes servicios que podr\u00e1s encontrar a lo largo de la ruta: visites guiadas, alojamiento, restauraci\u00f3n, actividades en la naturaleza&#8230;Cons\u00faltalos en el siguiente enlace<\/p>\n<h4><\/h4>\n<p>[\/vc_column_text][vc_empty_space][vc_btn title=\u00bbBeneficios\u00bb color=\u00bbdanger\u00bb align=\u00bbleft\u00bb link=\u00bburl:http%3A%2F%2Fwww.camioliba.cat%2Fpdf%2Fcarnet-avantatges-es.pdf||target:%20_blank|\u00bb][vc_empty_space height=\u00bb30px\u00bb][vc_column_text]<\/p>\n<h4>Este a\u00f1o, an\u00edmate y acomp\u00e1\u00f1anos en el Cam\u00ed Oliba!<\/h4>\n<p>[\/vc_column_text][\/vc_column][\/vc_row][vc_row][vc_column][vc_empty_space height=\u00bb52px\u00bb][\/vc_column][\/vc_row][vc_row][vc_column][\/vc_column][\/vc_row]<\/p>\n<\/div>","protected":false},"excerpt":{"rendered":"<p>[vc_row][vc_column width=\u00bb1\/3&#8243;][vc_empty_space height=\u00bb82px\u00bb][vc_single_image image=\u00bb14193&#8243; img_size=\u00bbfull\u00bb][vc_empty_space height=\u00bb52px\u00bb][vc_column_text el_class=\u00bbmenu-carnet\u00bb] Puntos donde conseguir el carn\u00e9\u00a0(pdf) Puntos donde sellar el carn\u00e9 (pdf) Ventajas y descuentos del carn\u00e9 de ruta (pdf) [\/vc_column_text][\/vc_column][vc_column width=\u00bb2\/3&#8243; css=\u00bb.vc_custom_1561126437522{padding-left: 30px !important;}\u00bb][vc_empty_space height=\u00bb52px\u00bb][vc_column_text] \u00bfQu\u00e9 es y d\u00f3nde lo puedo conseguir? Se trata de una tarjeta de paso de car\u00e1cter personal e intransferible que podr\u00e1s conseguir gratuitamente&hellip;<\/p>\n","protected":false},"author":2,"featured_media":0,"parent":0,"menu_order":0,"comment_status":"closed","ping_status":"closed","template":"template-full-width.php","meta":{"_acf_changed":false,"footnotes":""},"class_list":["post-14237","page","type-page","status-publish","hentry"],"acf":[],"_links":{"self":[{"href":"https:\/\/www.camioliba.cat\/es\/wp-json\/wp\/v2\/pages\/14237","targetHints":{"allow":["GET"]}}],"collection":[{"href":"https:\/\/www.camioliba.cat\/es\/wp-json\/wp\/v2\/pages"}],"about":[{"href":"https:\/\/www.camioliba.cat\/es\/wp-json\/wp\/v2\/types\/page"}],"author":[{"embeddable":true,"href":"https:\/\/www.camioliba.cat\/es\/wp-json\/wp\/v2\/users\/2"}],"replies":[{"embeddable":true,"href":"https:\/\/www.camioliba.cat\/es\/wp-json\/wp\/v2\/comments?post=14237"}],"version-history":[{"count":11,"href":"https:\/\/www.camioliba.cat\/es\/wp-json\/wp\/v2\/pages\/14237\/revisions"}],"predecessor-version":[{"id":21359,"href":"https:\/\/www.camioliba.cat\/es\/wp-json\/wp\/v2\/pages\/14237\/revisions\/21359"}],"wp:attachment":[{"href":"https:\/\/www.camioliba.cat\/es\/wp-json\/wp\/v2\/media?parent=14237"}],"curies":[{"name":"wp","href":"https:\/\/api.w.org\/{rel}","templated":true}]}}