{"id":12373,"date":"2017-02-10T10:47:48","date_gmt":"2017-02-10T10:47:48","guid":{"rendered":"http:\/\/www.camioliba.cat\/vic-osona-st-joan-de-les-abadesses-ripolles\/variant-de-vidra-a-vallfogona\/"},"modified":"2018-03-20T22:39:25","modified_gmt":"2018-03-20T22:39:25","slug":"de-vidra-a-vallfogona","status":"publish","type":"page","link":"https:\/\/www.camioliba.cat\/es\/vic-sant-joan-de-les-abadesses\/de-vidra-a-vallfogona\/","title":{"rendered":"Variante: De Vidr\u00e0 a Vallfogona"},"content":{"rendered":"<div class=\"wpb-content-wrapper\"><p>[vc_row el_class=\u00bbdetall\u00bb][vc_column el_class=\u00bbcolumna\u00bb][vc_row_inner css=\u00bb.vc_custom_1487588772808{border-top-width: 1px !important;border-right-width: 1px !important;border-bottom-width: 1px !important;border-left-width: 1px !important;padding-top: 0px !important;padding-right: 15px !important;padding-bottom: 15px !important;padding-left: 15px !important;border-left-color: #b5b5b5 !important;border-left-style: solid !important;border-right-color: #b5b5b5 !important;border-right-style: solid !important;border-top-color: #b5b5b5 !important;border-top-style: solid !important;border-bottom-color: #b5b5b5 !important;border-bottom-style: solid !important;}\u00bb][vc_column_inner width=\u00bb1\/2&#8243;][vc_column_text]<\/p>\n<h3>RESUMEN DE LA ETAPA<\/h3>\n<p><b>Distancia recorrida:<\/b> 11.910m<br \/>\n<b>Altura m\u00e1xima:<\/b> 1.530m<br \/>\n<b>Altura m\u00ednima:<\/b> 880m<br \/>\n<b>Ascenci\u00f3n acumulada:<\/b> 902m<br \/>\n<b>Desnivel salida-llegada:<\/b> -39m[\/vc_column_text][\/vc_column_inner][vc_column_inner width=\u00bb1\/2&#8243;][vc_column_text]<\/p>\n<h3>FICHA T\u00c9CNICA<\/h3>\n<ul>\n<li><a href=\"https:\/\/www.camioliba.cat\/tracks\/variant\/V4Vidra-Vallfogona.gpx\" target=\"_blank\" rel=\"noopener noreferrer\">Desc\u00e1rgate el track<\/a><\/li>\n<li><a href=\"https:\/\/www.camioliba.cat\/guies-ruta\/variant\/variant4.pdf\" target=\"_blank\" rel=\"noopener noreferrer\">Desc\u00e1rgate la gu\u00eda de ruta<\/a><\/li>\n<\/ul>\n<h3><\/h3>\n<p>[\/vc_column_text][\/vc_column_inner][\/vc_row_inner][vc_empty_space][vc_column_text]<\/p>\n<h3 class=\"titol2\">DESCRIPCI\u00d3N GENERAL<\/h3>\n<div id=\"descripcio\">\n<div id=\"descripcio\">\n<p>La etapa que se presenta como un aut\u00e9ntico camino de monta\u00f1a, llegando a la cota m\u00e1xima de toda la ruta desde Vic, est\u00e1 cargada de paisajes verdes y grandes vistas pero, tambi\u00e9n de historia. Vidr\u00e0 y Vallfogona estuvieron bajo los dominios de los se\u00f1ores de Milany toda una eternidad y, el territorio est\u00e1 repleto de caminos antiguos, mas\u00edas, puentes medievales y torres. En esta etapa, cambiamos de comarca y de provincia, pero continuamos en la misma tierra, compartiendo la historia y admirando este bello paisaje escenario de nobles leyendas.<\/p>\n<\/div>\n<\/div>\n<p>[\/vc_column_text][vc_separator][vc_empty_space][\/vc_column][\/vc_row][vc_row][vc_column width=\u00bb1\/2&#8243;][vc_column_text]<\/p>\n<h3>ITINERARIO<\/h3>\n<p>[\/vc_column_text][vc_gmaps link=\u00bb#E-8_JTNDaWZyYW1lJTIwc3JjJTNEJTIyaHR0cHMlM0ElMkYlMkZ3d3cuZ29vZ2xlLmNvbSUyRm1hcHMlMkZkJTJGZW1iZWQlM0ZtaWQlM0QxNkJrLXdRUE5INUNEbjhOYkJfZ1Fvel93cUdhUGo5OFAlMjIlMjB3aWR0aCUzRCUyMjY0MCUyMiUyMGhlaWdodCUzRCUyMjQ4MCUyMiUzRSUzQyUyRmlmcmFtZSUzRQ==\u00bb][\/vc_column][vc_column width=\u00bb1\/2&#8243;][vc_column_text]<\/p>\n<h3>DESNIVEL<\/h3>\n<div id=\"descripcio\"><\/div>\n<p>[\/vc_column_text][vc_single_image image=\u00bb10567&#8243; img_size=\u00bb907 \u00d7 529&#8243; onclick=\u00bblink_image\u00bb][\/vc_column][\/vc_row][vc_row][vc_column][vc_empty_space][vc_separator][vc_empty_space][vc_column_text]<\/p>\n<h3>IM\u00c1GENES DE LA ETAPA<\/h3>\n<div id=\"descripcio\"><\/div>\n<p>[\/vc_column_text][vc_gallery type=\u00bbimage_grid\u00bb images=\u00bb10588,10589&#8243; img_size=\u00bb100X100&#8243;][\/vc_column][\/vc_row]<\/p>\n<\/div>","protected":false},"excerpt":{"rendered":"<p>[vc_row el_class=\u00bbdetall\u00bb][vc_column el_class=\u00bbcolumna\u00bb][vc_row_inner css=\u00bb.vc_custom_1487588772808{border-top-width: 1px !important;border-right-width: 1px !important;border-bottom-width: 1px !important;border-left-width: 1px !important;padding-top: 0px !important;padding-right: 15px !important;padding-bottom: 15px !important;padding-left: 15px !important;border-left-color: #b5b5b5 !important;border-left-style: solid !important;border-right-color: #b5b5b5 !important;border-right-style: solid !important;border-top-color: #b5b5b5 !important;border-top-style: solid !important;border-bottom-color: #b5b5b5 !important;border-bottom-style: solid !important;}\u00bb][vc_column_inner width=\u00bb1\/2&#8243;][vc_column_text] RESUMEN DE LA ETAPA Distancia recorrida: 11.910m Altura m\u00e1xima: 1.530m Altura m\u00ednima: 880m Ascenci\u00f3n acumulada: 902m Desnivel salida-llegada:&hellip;<\/p>\n","protected":false},"author":2,"featured_media":0,"parent":12220,"menu_order":0,"comment_status":"closed","ping_status":"closed","template":"ruta2.php","meta":{"_acf_changed":false,"footnotes":""},"class_list":["post-12373","page","type-page","status-publish","hentry"],"acf":[],"_links":{"self":[{"href":"https:\/\/www.camioliba.cat\/es\/wp-json\/wp\/v2\/pages\/12373","targetHints":{"allow":["GET"]}}],"collection":[{"href":"https:\/\/www.camioliba.cat\/es\/wp-json\/wp\/v2\/pages"}],"about":[{"href":"https:\/\/www.camioliba.cat\/es\/wp-json\/wp\/v2\/types\/page"}],"author":[{"embeddable":true,"href":"https:\/\/www.camioliba.cat\/es\/wp-json\/wp\/v2\/users\/2"}],"replies":[{"embeddable":true,"href":"https:\/\/www.camioliba.cat\/es\/wp-json\/wp\/v2\/comments?post=12373"}],"version-history":[{"count":4,"href":"https:\/\/www.camioliba.cat\/es\/wp-json\/wp\/v2\/pages\/12373\/revisions"}],"predecessor-version":[{"id":13130,"href":"https:\/\/www.camioliba.cat\/es\/wp-json\/wp\/v2\/pages\/12373\/revisions\/13130"}],"up":[{"embeddable":true,"href":"https:\/\/www.camioliba.cat\/es\/wp-json\/wp\/v2\/pages\/12220"}],"wp:attachment":[{"href":"https:\/\/www.camioliba.cat\/es\/wp-json\/wp\/v2\/media?parent=12373"}],"curies":[{"name":"wp","href":"https:\/\/api.w.org\/{rel}","templated":true}]}}