{"id":12342,"date":"2017-02-10T10:46:42","date_gmt":"2017-02-10T10:46:42","guid":{"rendered":"http:\/\/www.camioliba.cat\/vic-osona-st-joan-de-les-abadesses-ripolles\/variant-de-tavertet-a-rupit-des-de-letapa-5\/"},"modified":"2018-03-20T22:30:37","modified_gmt":"2018-03-20T22:30:37","slug":"de-tavertet-a-rupit","status":"publish","type":"page","link":"https:\/\/www.camioliba.cat\/es\/vic-sant-joan-de-les-abadesses\/de-tavertet-a-rupit\/","title":{"rendered":"Variante: De Tavertet a Rupit (desde la etapa 5)"},"content":{"rendered":"<div class=\"wpb-content-wrapper\"><p>[vc_row el_class=\u00bbdetall\u00bb][vc_column el_class=\u00bbcolumna\u00bb][vc_row_inner css=\u00bb.vc_custom_1487588772808{border-top-width: 1px !important;border-right-width: 1px !important;border-bottom-width: 1px !important;border-left-width: 1px !important;padding-top: 0px !important;padding-right: 15px !important;padding-bottom: 15px !important;padding-left: 15px !important;border-left-color: #b5b5b5 !important;border-left-style: solid !important;border-right-color: #b5b5b5 !important;border-right-style: solid !important;border-top-color: #b5b5b5 !important;border-top-style: solid !important;border-bottom-color: #b5b5b5 !important;border-bottom-style: solid !important;}\u00bb][vc_column_inner width=\u00bb1\/2&#8243;][vc_column_text]<\/p>\n<h3>RESUMEN DE LA ETAPA<\/h3>\n<p><b>Distancia recorrida:<\/b> 7.764m<br \/>\n<b>Altura m\u00e1xima:<\/b> 1.105m<br \/>\n<b>Altura m\u00ednima:<\/b> 846m<br \/>\n<b>Ascenci\u00f3n acumulada:<\/b> 402m<br \/>\n<b>Desnivel salida-llegada:<\/b> -18m<\/p>\n<p>[\/vc_column_text][\/vc_column_inner][vc_column_inner width=\u00bb1\/2&#8243;][vc_column_text]<\/p>\n<h3>FICHA T\u00c9CNICA<\/h3>\n<ul>\n<li><a href=\"https:\/\/www.camioliba.cat\/tracks\/variant\/V1Tavertet-Rupit.gpx\" target=\"_blank\" rel=\"noopener noreferrer\">Desc\u00e1rgate el track<\/a><\/li>\n<li><a href=\"https:\/\/www.camioliba.cat\/guies-ruta\/variant\/variant1.pdf\" target=\"_blank\" rel=\"noopener noreferrer\">Desc\u00e1rgate la gu\u00eda de ruta<\/a><\/li>\n<\/ul>\n<h3><\/h3>\n<p>[\/vc_column_text][\/vc_column_inner][\/vc_row_inner][vc_empty_space][vc_column_text]<\/p>\n<h3 class=\"titol2\">DESCRIPCI\u00d3N GENERAL<\/h3>\n<div id=\"descripcio\">\n<p>La ruta que une Tavertet y Rupit, es un cl\u00e1sico de los cl\u00e1sicos, una etapa perfecta con todos los ingredientes para seducir a caminantes y a excursionistas. Las incre\u00edbles vistas que ofrece el riscal no tienen comparaci\u00f3n, las mas\u00edas que descubrimos al paso son \u00fanicas y de gran antig\u00fcedad, la vegetaci\u00f3n variada y ufana, de robles milenarios y hayedos exquisitos. Finalmente Rupit, un aut\u00e9ntico pesebre 365 d\u00edas al a\u00f1o, un representante perfecto de la arquitectura de pueblo de monta\u00f1a catal\u00e1n con una gastronom\u00eda conocida y unos productos locales del suelo rico y aut\u00e9ntico.<\/p>\n<\/div>\n<p>[\/vc_column_text][vc_separator][vc_empty_space][\/vc_column][\/vc_row][vc_row][vc_column width=\u00bb1\/2&#8243;][vc_column_text]<\/p>\n<h3>ITINERARIO<\/h3>\n<div id=\"descripcio\"><\/div>\n<p>[\/vc_column_text][vc_gmaps link=\u00bb#E-8_JTNDaWZyYW1lJTIwc3JjJTNEJTIyaHR0cHMlM0ElMkYlMkZ3d3cuZ29vZ2xlLmNvbSUyRm1hcHMlMkZkJTJGZW1iZWQlM0ZtaWQlM0QxbnNPY1U0RzQ4UnFSTUdFUGJFMW43cW5NUlFLMWE5NFYlMjIlMjB3aWR0aCUzRCUyMjY0MCUyMiUyMGhlaWdodCUzRCUyMjQ4MCUyMiUzRSUzQyUyRmlmcmFtZSUzRQ==\u00bb][\/vc_column][vc_column width=\u00bb1\/2&#8243;][vc_column_text]<\/p>\n<h3>DESNIVEL<\/h3>\n<div id=\"descripcio\"><\/div>\n<p>[\/vc_column_text][vc_single_image image=\u00bb10564&#8243; img_size=\u00bb907 \u00d7 529&#8243; onclick=\u00bblink_image\u00bb][\/vc_column][\/vc_row][vc_row][vc_column][vc_empty_space][vc_separator][vc_empty_space][vc_column_text]<\/p>\n<h3>IM\u00c1GENES DE LA ETAPA<\/h3>\n<div id=\"descripcio\"><\/div>\n<p>[\/vc_column_text][vc_gallery type=\u00bbimage_grid\u00bb images=\u00bb10569,10570,10571,10572,10573&#8243; img_size=\u00bb100X100&#8243;][\/vc_column][\/vc_row]<\/p>\n<\/div>","protected":false},"excerpt":{"rendered":"<p>[vc_row el_class=\u00bbdetall\u00bb][vc_column el_class=\u00bbcolumna\u00bb][vc_row_inner css=\u00bb.vc_custom_1487588772808{border-top-width: 1px !important;border-right-width: 1px !important;border-bottom-width: 1px !important;border-left-width: 1px !important;padding-top: 0px !important;padding-right: 15px !important;padding-bottom: 15px !important;padding-left: 15px !important;border-left-color: #b5b5b5 !important;border-left-style: solid !important;border-right-color: #b5b5b5 !important;border-right-style: solid !important;border-top-color: #b5b5b5 !important;border-top-style: solid !important;border-bottom-color: #b5b5b5 !important;border-bottom-style: solid !important;}\u00bb][vc_column_inner width=\u00bb1\/2&#8243;][vc_column_text] RESUMEN DE LA ETAPA Distancia recorrida: 7.764m Altura m\u00e1xima: 1.105m Altura m\u00ednima: 846m Ascenci\u00f3n acumulada: 402m Desnivel salida-llegada:&hellip;<\/p>\n","protected":false},"author":2,"featured_media":0,"parent":12220,"menu_order":0,"comment_status":"closed","ping_status":"closed","template":"ruta2.php","meta":{"_acf_changed":false,"footnotes":""},"class_list":["post-12342","page","type-page","status-publish","hentry"],"acf":[],"_links":{"self":[{"href":"https:\/\/www.camioliba.cat\/es\/wp-json\/wp\/v2\/pages\/12342","targetHints":{"allow":["GET"]}}],"collection":[{"href":"https:\/\/www.camioliba.cat\/es\/wp-json\/wp\/v2\/pages"}],"about":[{"href":"https:\/\/www.camioliba.cat\/es\/wp-json\/wp\/v2\/types\/page"}],"author":[{"embeddable":true,"href":"https:\/\/www.camioliba.cat\/es\/wp-json\/wp\/v2\/users\/2"}],"replies":[{"embeddable":true,"href":"https:\/\/www.camioliba.cat\/es\/wp-json\/wp\/v2\/comments?post=12342"}],"version-history":[{"count":4,"href":"https:\/\/www.camioliba.cat\/es\/wp-json\/wp\/v2\/pages\/12342\/revisions"}],"predecessor-version":[{"id":13118,"href":"https:\/\/www.camioliba.cat\/es\/wp-json\/wp\/v2\/pages\/12342\/revisions\/13118"}],"up":[{"embeddable":true,"href":"https:\/\/www.camioliba.cat\/es\/wp-json\/wp\/v2\/pages\/12220"}],"wp:attachment":[{"href":"https:\/\/www.camioliba.cat\/es\/wp-json\/wp\/v2\/media?parent=12342"}],"curies":[{"name":"wp","href":"https:\/\/api.w.org\/{rel}","templated":true}]}}