{"id":12205,"date":"2017-04-12T15:31:58","date_gmt":"2017-04-12T15:31:58","guid":{"rendered":"http:\/\/www.camioliba.cat\/rutes-complementaries-al-moianes\/"},"modified":"2017-09-07T15:00:12","modified_gmt":"2017-09-07T15:00:12","slug":"rutas-complementarias-en-el-moianes","status":"publish","type":"page","link":"https:\/\/www.camioliba.cat\/es\/rutas-complementarias-en-el-moianes\/","title":{"rendered":"Rutas complementarias en el Moian\u00e8s"},"content":{"rendered":"<div class=\"wpb-content-wrapper\"><p>[vc_row][vc_column width=\u00bb1\/3&#8243;][vc_empty_space][vc_wp_custommenu nav_menu=\u00bb36&#8243;][\/vc_column][vc_column width=\u00bb2\/3&#8243;][vc_empty_space][vc_row_inner][vc_column_inner width=\u00bb2\/3&#8243;][vc_column_text]El Moian\u00e8s<br \/>\nEntre los valles, remontando hacia el Moian\u00e8s, descubriremos en la ruta Santa Eug\u00e8nia del Gomar, una peque\u00f1a iglesia prerrom\u00e1nica que nos permite conocer perfectamente como eran estos sencillos edificios en torno el a\u00f1o 1000.<\/p>\n<p>Entre los valles d\u2019Ol\u00f3 y la Gavarresa<br \/>\nCerca de Santa Maria d&#8217;Ol\u00f3, los peque\u00f1os templos rom\u00e1nicos de Sant Vicen\u00e7 de Vilarasau, Santa Maria d&#8217;Art\u00e9s, y Santa Creu de la Plana conforman un rico patrimonio medieval situado entre ambos valles fluviales.<\/p>\n<p>L\u2019Estany<br \/>\nEl monasterio de Santa Maria de l&#8217;Estany contiene un rico trabajo escult\u00f3rico en los capiteles del claustro. Cercanos al municipio, Sant Jaume de Vilanova y Sant Feliu de Terrassola ofrecen al visitante, en su descubrimiento, agradables sorpresas.[\/vc_column_text][\/vc_column_inner][vc_column_inner width=\u00bb1\/3&#8243;][vc_empty_space][vc_single_image image=\u00bb11177&#8243; img_size=\u00bb800&#215;532&#8243;][vc_column_text]L&#8217;Estany[\/vc_column_text][\/vc_column_inner][\/vc_row_inner][vc_empty_space][\/vc_column][\/vc_row]<\/p>\n<\/div>","protected":false},"excerpt":{"rendered":"<p>[vc_row][vc_column width=\u00bb1\/3&#8243;][vc_empty_space][vc_wp_custommenu nav_menu=\u00bb36&#8243;][\/vc_column][vc_column width=\u00bb2\/3&#8243;][vc_empty_space][vc_row_inner][vc_column_inner width=\u00bb2\/3&#8243;][vc_column_text]El Moian\u00e8s Entre los valles, remontando hacia el Moian\u00e8s, descubriremos en la ruta Santa Eug\u00e8nia del Gomar, una peque\u00f1a iglesia prerrom\u00e1nica que nos permite conocer perfectamente como eran estos sencillos edificios en torno el a\u00f1o 1000. Entre los valles d\u2019Ol\u00f3 y la Gavarresa Cerca de Santa Maria d&#8217;Ol\u00f3, los peque\u00f1os templos&hellip;<\/p>\n","protected":false},"author":2,"featured_media":0,"parent":0,"menu_order":0,"comment_status":"closed","ping_status":"closed","template":"template-full-width.php","meta":{"_acf_changed":false,"footnotes":""},"class_list":["post-12205","page","type-page","status-publish","hentry"],"acf":[],"_links":{"self":[{"href":"https:\/\/www.camioliba.cat\/es\/wp-json\/wp\/v2\/pages\/12205","targetHints":{"allow":["GET"]}}],"collection":[{"href":"https:\/\/www.camioliba.cat\/es\/wp-json\/wp\/v2\/pages"}],"about":[{"href":"https:\/\/www.camioliba.cat\/es\/wp-json\/wp\/v2\/types\/page"}],"author":[{"embeddable":true,"href":"https:\/\/www.camioliba.cat\/es\/wp-json\/wp\/v2\/users\/2"}],"replies":[{"embeddable":true,"href":"https:\/\/www.camioliba.cat\/es\/wp-json\/wp\/v2\/comments?post=12205"}],"version-history":[{"count":2,"href":"https:\/\/www.camioliba.cat\/es\/wp-json\/wp\/v2\/pages\/12205\/revisions"}],"predecessor-version":[{"id":12207,"href":"https:\/\/www.camioliba.cat\/es\/wp-json\/wp\/v2\/pages\/12205\/revisions\/12207"}],"wp:attachment":[{"href":"https:\/\/www.camioliba.cat\/es\/wp-json\/wp\/v2\/media?parent=12205"}],"curies":[{"name":"wp","href":"https:\/\/api.w.org\/{rel}","templated":true}]}}