{"id":12194,"date":"2017-04-12T15:31:47","date_gmt":"2017-04-12T15:31:47","guid":{"rendered":"http:\/\/www.camioliba.cat\/rutes-complementaries-al-bages\/"},"modified":"2017-09-07T14:59:41","modified_gmt":"2017-09-07T14:59:41","slug":"rutas-complementarias-en-el-bages","status":"publish","type":"page","link":"https:\/\/www.camioliba.cat\/es\/rutas-complementarias-en-el-bages\/","title":{"rendered":"Rutas complementarias en el Bages"},"content":{"rendered":"<div class=\"wpb-content-wrapper\"><p>[vc_row][vc_column width=\u00bb1\/3&#8243;][vc_empty_space][vc_wp_custommenu nav_menu=\u00bb36&#8243;][\/vc_column][vc_column width=\u00bb2\/3&#8243;][vc_empty_space][vc_row_inner][vc_column_inner width=\u00bb2\/3&#8243;][vc_column_text]<u><strong>RUTAS DEL ROM\u00c1NICO EN LA COMARCA DEL BAGES<\/strong><\/u><\/p>\n<p>Hay un total de 13 rutas se\u00f1alizadas que recorren los puntos de inter\u00e9s rom\u00e1nico en el interior de la comarca central.<\/p>\n<p>1- Por el antiguo t\u00e9rmino medieval de Manresa<br \/>\nDentro de la antigua demarcaci\u00f3n de la Manresa medieval, la ciudad monumental ofrece al visitante la descubierta del Museo Comarcal y la Seu de Manresa. Recorriendo el r\u00edo Cardener, hay los notables monumentos de Matadars, Sant Pere de Vallhonesta, los Comdals y el conjunto de Castellet<\/p>\n<p>2- Bordeando Montserrat<br \/>\nCamino de Manresa en Montserrat por el Coll del Bruc, se pueden visitar las peque\u00f1as iglesias rom\u00e1nicas de Sant Pere del Brunet y la capilla de la Mare de D\u00e9u de Gr\u00e0cia, Sant Jaume de Marganell &#8230;<\/p>\n<p>3- Montserrat<br \/>\nAdem\u00e1s del atractivo espiritual del monasterio y el valor paisaj\u00edstico del Parque Natural de la monta\u00f1a de Montserrat, el macizo atesora el antiguo monasterio de Santa Cec\u00edlia de Montserrat y la antigua ermita de Sant Iscle i Victoria.<\/p>\n<p>4- Sant Benet de Bages<br \/>\nSant Benet de Bages, una joya del rom\u00e1nico catal\u00e1n, conserva en el claustro capiteles de una gran riqueza escult\u00f3rica. Las dependencias y espacios incluyen vestigios de \u00e9poca romana, prerrom\u00e1nica, rom\u00e1nica, g\u00f3tica y de \u00e9pocas posteriores.<\/p>\n<p>5- Del Pla de Bages a Castellnou<br \/>\nEn esta ruta visitaremos Sant Andreu de Castellnou de Bages, el conjunto rom\u00e1nico de planta basilical mejor edificado de este estilo que se conserva en el Bages, las peque\u00f1as capillas de Santa Maria de Claret y Sant Iscle y Santa Vict\u00f2ria de Bages, y la portada rom\u00e1nica del maestro Cadell en Sant Pere d&#8217;Or.<\/p>\n<p>6- De Nav\u00e0s a Sallent por las carenas<br \/>\nUna variada ruta que permite conocer la iglesia de planta redonda de Sant Esteve del Castell de Sallent y Santa Maria de Cornet, una de las m\u00e1s bellas construcciones rom\u00e1nicas del interior de la comarca.<\/p>\n<p>7- Les Valls del Montcau<br \/>\nLa iglesia de Sant Mart\u00ed de Mura permite una manera did\u00e1ctica de ver la evoluci\u00f3n de un edificio rom\u00e1nico. Las iglesias de Santa Maria de Talamanca, Sta. Maria de Rocafort, S. Esteve de Vila-rasa, y Santa Creu de Palou completan esta interesante ruta que discurre por la vertiente del Parque Natural de S. Lloren\u00e7 del Munt y sierra de l\u2019Obac.<\/p>\n<p>8- De camino hacia la Catalunya Nova<br \/>\nLas torres de Fals conservan la apariencia medieval que cautivar\u00e1 al visitante. En el entorno, entre bosques y colinas, Sant Aman\u00e7 de Vilad\u00e9s y Santa Maria del Grau conservan restos del estilo prerrom\u00e1nico. Encaramado encima de una colina, el conjunto del castillo g\u00f3tico de Castellar.<\/p>\n<p>9- Castellfollit del Boix<br \/>\nEl conjunto monumental de Sant Pere de Castellfollit es el objetivo fundamental de esta ruta. Los restos del peque\u00f1o priorato de Sant Pere del Mont y Sant Miquel de Grevalosa completan la visita.<\/p>\n<p>10- El Cardener<br \/>\nPerfilando el Cardener, encontramos Santa Maria de Cererols, el pueblo viejo de S\u00faria, la torre de defensa de la Pobla y la iglesia de Sant Salvador del Quer.<\/p>\n<p>11- Entre Balsareny y Gai\u00e0<br \/>\nSanta Maria de Ferrans, de dos naves, una excepci\u00f3n dentro del rom\u00e1nico en la comarca, el conjunto del Castell de Balsareny y la peque\u00f1a capilla de Sant Iscle y Santa Vict\u00f2ria se pueden admirar en esta ruta, cerca de donde empieza la monumental obra de ingenier\u00eda medieval de la acequia de Manresa.<\/p>\n<p>12- Sant Cugat del Rac\u00f3<br \/>\nEn esta ruta destaca, indiscutiblemente, la joya del rom\u00e1nico en la comarca del Bages: la iglesia de Sant Cugat del Rac\u00f3, la \u00fanica iglesia de planta de cruz griega que se conserva entera en Catalunya, con profusa decoraci\u00f3n lombarda, y con un cimborio circular atrevido que parte de una planta cuadrada.<\/p>\n<p>13- Sant Mateu de Bages<br \/>\nPor tierras de antiguos castillos, esta ruta transcurre por el t\u00e9rmino municipal m\u00e1s grande del Bages y uno de los m\u00e1s grandes de Catalunya que, adem\u00e1s, acoge el mayor n\u00famero de iglesias rom\u00e1nicas en un solo municipio.<\/p>\n<p>14- Por los dominios de los se\u00f1ores de Cardona<br \/>\nSant Vicen\u00e7 de Cardona es el hito indiscutible de esta ruta. Se trata de una monumental colegiata, la primera gran iglesia consagrada en Catalunya por el abad Oliba. Visitaremos tambi\u00e9n la excepcional torre y la iglesia de Sant Juli\u00e0 de Coaner.<\/p>\n<p>Para m\u00e1s informaci\u00f3n y para el servicio de visitas guiadas contactar con:<\/p>\n<p>Oficina de Turismo de Manresa<br \/>\nVia de Sant Ignasi, 40 baixos<br \/>\n08241 Manresa<br \/>\nTel. 93 878\u00a040 90<br \/>\n<a href=\"mailto:turisme@ajmanresa.org\"><span class=\"colortaronja\">turisme@ajmanresa.org<\/span><\/a><br \/>\n<a href=\"http:\/\/www.manresaturisme.cat\/\"><span class=\"colortaronja\">www.manresaturisme.cat<\/span><\/a><\/p>\n<h2 class=\"titol2\"><\/h2>\n<p>[\/vc_column_text][\/vc_column_inner][vc_column_inner width=\u00bb1\/3&#8243;][vc_empty_space height=\u00bb52px\u00bb][vc_single_image image=\u00bb11171&#8243; img_size=\u00bb800&#215;532&#8243;][vc_column_text]Canal de la S\u00e8quia (Manresa)[\/vc_column_text][vc_empty_space][vc_single_image image=\u00bb11172&#8243; img_size=\u00bb800&#215;532&#8243;][vc_column_text]Cueva de San Ignacio (Manresa)[\/vc_column_text][vc_empty_space][vc_single_image image=\u00bb11173&#8243; img_size=\u00bb800&#215;532&#8243;][vc_column_text]Montserrat[\/vc_column_text][\/vc_column_inner][\/vc_row_inner][vc_column_text]<\/p>\n<h1 class=\"titol1\">Itinerarios por el interior de la ciudad de Manresa<\/h1>\n<p><strong>ITINERARIO MEDIEVAL<\/strong><\/p>\n<p>Adentrarse por el n\u00facleo antiguo de la ciudad siguiendo las huellas medievales. Descubrir la trama urbana medieval, como ejemplo de configuraci\u00f3n de las ciudades amuralladas; visita a la Seu de Manresa, uno de los m\u00e1ximos exponentes del g\u00f3tico catal\u00e1n y a la calle del Bal\u00e7, un callej\u00f3n estrecho cubierto bajo los porxos de las casas, que conserva todo el aire medieval.<\/p>\n<p><strong>VISITAS GUIADAS<\/strong><\/p>\n<p>\u201cLa Manresa medieval: una ciutat d\u2019esgl\u00e9sies i artesans\u201d, Manresa medieval: una ciudad de iglesias y artesanos<\/p>\n<p>Adentraos por el n\u00facleo antiguo de la ciudad siguiendo las huellas medievales. Recorred la trama urbana medieval, como ejemplo de configuraci\u00f3n de las ciudades amuralladas.<br \/>\nVisitad la Seu de Manresa, uno de los m\u00e1ximos exponentes del g\u00f3tico catal\u00e1n y la Torre de Sobrerroca, la \u00fanica de las ocho torres de vig\u00eda, situadas en las entradas de la ciudad, que ha perdurado en el tiempo.<\/p>\n<p><strong>Dirigida a<\/strong>: P\u00fablico en general<br \/>\n<strong>Duraci\u00f3n<\/strong>: 1 hora 30 minutos<\/p>\n<p><u><strong>PARC DE LA S\u00c8QUIA. La magia de un canal medieval (parque de la acequia)<\/strong><\/u><\/p>\n<p>La S\u00e8quia de Manresa es un canal construido en el siglo XIV que lleva el agua del r\u00edo Llobregat, desde Balsareny, hasta la capital del Bages. A lo largo de su trayecto, la acequia atraviesa el llano de Bages y pasa por bosques, campos de secano y regad\u00edo, espacios naturales y lugares hist\u00f3ricos de un gran inter\u00e9s. El Parc de la S\u00e8quia nace con la voluntad de convertir este recurso \u00fanico en un gran espacio de ocio, cultura y turismo. Quiere ser una manera diferente de descubrir un territorio con un rico patrimonio y con tradiciones legendarias asociadas a este canal medieval. Por eso se han instalado unos equipamientos b\u00e1sicos a lo largo del canal que facilitan la visita y la interpretaci\u00f3n de los lugares m\u00e1s interesantes, a la vez que se trabaja en la creaci\u00f3n de una serie de actividades l\u00fadicas en torno a la acequia.<\/p>\n<p>A lo largo de la acequia hay un camino que bordea todo el canal. Es ideal para pasear, especialmente en aquellos tramos que tienen un mayor inter\u00e9s paisaj\u00edstico, como Sant Iscle de Bages, los bosques de la Sala de Sant Pon\u00e7 o el bosque de ribera en la zona de la Reclosa dels manresans (esclusa de los manresanos). El Parc de l\u2019Agulla, uno de los puntos m\u00e1s visitados del Bages, es un lugar muy aconsejable para pasar el d\u00eda en un entorno muy tranquilo, con vistas a Montserrat, al lado del estanque que recoge las aguas de la acequia. En torno a la acequia tambi\u00e9n se puede visitar el castillo de Balsareny, el poblado ib\u00e9rico del Cogull\u00f3 y un conjunto de iglesias y otros elementos de un patrimonio milenario, como son los acueductos de la acequia. Para completar la jornada encontramos diferentes actividades l\u00fadicas, como uno de los mejores circuitos de karts de Catalu\u00f1a, en la zona de la Sala.<\/p>\n<p>Encontrar\u00e9is m\u00e1s informaci\u00f3n y un plano del recorrido a: <a href=\"http:\/\/www.parcdelasequia.cat\/\"><span class=\"colortaronja\">www.parcdelasequia.cat<\/span><\/a><\/p>\n<p>[\/vc_column_text][vc_empty_space][\/vc_column][\/vc_row]<\/p>\n<\/div>","protected":false},"excerpt":{"rendered":"<p>[vc_row][vc_column width=\u00bb1\/3&#8243;][vc_empty_space][vc_wp_custommenu nav_menu=\u00bb36&#8243;][\/vc_column][vc_column width=\u00bb2\/3&#8243;][vc_empty_space][vc_row_inner][vc_column_inner width=\u00bb2\/3&#8243;][vc_column_text]RUTAS DEL ROM\u00c1NICO EN LA COMARCA DEL BAGES Hay un total de 13 rutas se\u00f1alizadas que recorren los puntos de inter\u00e9s rom\u00e1nico en el interior de la comarca central. 1- Por el antiguo t\u00e9rmino medieval de Manresa Dentro de la antigua demarcaci\u00f3n de la Manresa medieval, la ciudad monumental ofrece al&hellip;<\/p>\n","protected":false},"author":2,"featured_media":0,"parent":0,"menu_order":0,"comment_status":"closed","ping_status":"closed","template":"template-full-width.php","meta":{"_acf_changed":false,"footnotes":""},"class_list":["post-12194","page","type-page","status-publish","hentry"],"acf":[],"_links":{"self":[{"href":"https:\/\/www.camioliba.cat\/es\/wp-json\/wp\/v2\/pages\/12194","targetHints":{"allow":["GET"]}}],"collection":[{"href":"https:\/\/www.camioliba.cat\/es\/wp-json\/wp\/v2\/pages"}],"about":[{"href":"https:\/\/www.camioliba.cat\/es\/wp-json\/wp\/v2\/types\/page"}],"author":[{"embeddable":true,"href":"https:\/\/www.camioliba.cat\/es\/wp-json\/wp\/v2\/users\/2"}],"replies":[{"embeddable":true,"href":"https:\/\/www.camioliba.cat\/es\/wp-json\/wp\/v2\/comments?post=12194"}],"version-history":[{"count":4,"href":"https:\/\/www.camioliba.cat\/es\/wp-json\/wp\/v2\/pages\/12194\/revisions"}],"predecessor-version":[{"id":12198,"href":"https:\/\/www.camioliba.cat\/es\/wp-json\/wp\/v2\/pages\/12194\/revisions\/12198"}],"wp:attachment":[{"href":"https:\/\/www.camioliba.cat\/es\/wp-json\/wp\/v2\/media?parent=12194"}],"curies":[{"name":"wp","href":"https:\/\/api.w.org\/{rel}","templated":true}]}}