{"id":12118,"date":"2017-04-12T15:18:51","date_gmt":"2017-04-12T15:18:51","guid":{"rendered":"http:\/\/www.camioliba.cat\/recursos-turistics-romanics-a-manresa\/"},"modified":"2023-04-04T09:45:25","modified_gmt":"2023-04-04T09:45:25","slug":"romanico-region-bages","status":"publish","type":"page","link":"https:\/\/www.camioliba.cat\/es\/romanico-region-bages\/","title":{"rendered":"El rom\u00e1nico en la regi\u00f3n del Bages"},"content":{"rendered":"<div class=\"wpb-content-wrapper\"><p>[vc_row][vc_column width=\u00bb1\/3&#8243;][vc_empty_space][vc_wp_custommenu nav_menu=\u00bb35&#8243;][\/vc_column][vc_column width=\u00bb2\/3&#8243;][vc_empty_space][vc_row_inner][vc_column_inner width=\u00bb2\/3&#8243;][vc_column_text]<strong>CONSTRUCCIONES Y MUESTRAS DE ARTE RELIGIOSO DEL PERIODO ROM\u00c1NICO<\/strong><\/p>\n<p><strong>El capitel prerrom\u00e1nico procedente de la iglesia de Santa Maria de Manresa (s. X) actualmente en el Museo Hist\u00f3rico de la Seu (se puede visitar los domingos de 12h a 14h)<\/strong><\/p>\n<p>Del conjunto de construcciones prerrom\u00e1nicas levantadas en el Puigcardener, despu\u00e9s de las destrucciones y restauraciones que experiment\u00f3 el primitivo n\u00facleo urbano, actualmente ya no queda ning\u00fan rastro. El \u00fanico vestigio que se ha conservado es un capitel, guardado en el Museo Hist\u00f3rico de la Seu, proveniente seguramente de la antigua iglesia de Santa Maria de Manresa, consagrada por el obispo Jordi de Vic, en presencia del conde Sunyer, durante la primera mitad del siglo X, en una fecha comprendida entre los a\u00f1os 914 y 947.<\/p>\n<p><strong>Las galer\u00edas rom\u00e1nicas de la can\u00f3nica de Manresa (s. XI) en el interior del conjunto monumental de la Seu. (se puede visitar los domingos de 12h a 14h)<\/strong><\/p>\n<p>Dentro del espacio de la Seu, donde se hab\u00edan desplegado las dependencias del monasterio canonical, adjunto a la iglesia, siguen unas galer\u00edas sobrepuestas, la superior de las cuales est\u00e1 dispuesta como un p\u00f3rtico claustral y las inferiores se desdoblan en dos paredes orientadas a ponente y a mediod\u00eda. Atendida la estructura arquitect\u00f3nica de las arcadas y valorando tambi\u00e9n la composici\u00f3n de las bases y la decoraci\u00f3n de los capiteles, parece coherente situarlas cronol\u00f3gicamente dentro la primera mitad del s. XI.<\/p>\n<p><strong>Vestigios de la iglesia rom\u00e1nica de Santa Maria de Manresa (s. XII) que se encuentran embebidos en los paramentos del actual edificio de la Seu. (Hace falta acceder a los bajos del claustro que se atraviesa actualmente al acceder a la Bas\u00edlica. Se puede visitar los domingos de 12h a 14h)<\/strong><\/p>\n<p>Cuando se construy\u00f3 el templo g\u00f3tico aprovecharon algunos elementos de la iglesia rom\u00e1nica erigida en la segunda mitad del siglo XII, los cuales ahora siguen integrados dentro el muro norte y parte del campanario del actual edificio. Aunque estos restos son m\u00ednimos en relaci\u00f3n con la totalidad del templo, si a\u00f1adimos tambi\u00e9n los fundamentos que se han podido explorar, son en realidad muy significativos, puesto que nos permiten seguir la planta y hacer una reconstrucci\u00f3n hipot\u00e9tica de la iglesia bastante fidedigna.<\/p>\n<p><strong>El Portal rom\u00e1nico de la Seu (s. XII) emplazado junto al portal norte o de Santa Maria de la actual iglesia g\u00f3tica por delante del parque de la Seu.<br \/>\n<\/strong>Se trata del elemento m\u00e1s interesante que se ha conservado de la antigua iglesia rom\u00e1nica. Antiguamente era denominado de la Abad\u00eda y ahora, por su situaci\u00f3n, es conocido por portal de los Claustros. Este portal mantiene una estrecha relaci\u00f3n con los obradores de Sant Cugat del Vall\u00e8s, representado por Arnau Cadell, a quien se ha atribuido la autor\u00eda. Hay que situarlo cronol\u00f3gicamente a finales del siglo XII.<\/p>\n<p><strong>Crist de Manresa (siglo XII). Emplazado en el Museo de Tesoros de la Seu (se abre seg\u00fan demanda del visitante. Hace falta pedirlo a la recepci\u00f3n de la Bas\u00edlica). <\/strong>Es una talla policromada del Santo Cristo. Se trata de una imagen que representa un Cristo sufriente, muerto, tal y como parecen evidenciar la cabeza ca\u00edda y la posici\u00f3n del cuerpo colgando que, aun as\u00ed, contrastan con la horizontalidad de los brazos. El cuerpo del crucificado aparece s\u00f3lo cubierto con una pa\u00f1o plisado, con barras blancas y azules y salpicada con tr\u00e9boles.[\/vc_column_text][vc_empty_space height=\u00bb22px\u00bb][vc_column_text]<strong>Portal de Santa Clara de Manresa (s. XIII) en la calle Nou de Santa Clara, 62<\/strong><\/p>\n<p>Es un portal de estructura plenamente rom\u00e1nica y su origen hace falta buscarlo en la capilla de Sant Blai, documentada a partir de 1.292 a ra\u00edz de los primeros legados hechos para esta capilla, a la cual se a\u00f1adi\u00f3 posteriormente Sant Ll\u00e0tzer. Se considera que se cre\u00f3 entre finales del s. XIII y principios del s. XIV, atendiendo\u00a0 los rasgos estil\u00edsticos de los capiteles que postran unas formas g\u00f3ticas incipientes.[\/vc_column_text][vc_empty_space height=\u00bb22px\u00bb][vc_column_text]<strong>Iglesia de Santa Maria de Viladordis (s. X al XIII) en el barrio de Viladordis, a unos 2 km de Manresa hacia levante (horario de abertura: de 8h a 20h. t. 93 874 13 01)<\/strong><\/p>\n<p>Viladordis aparece mencionado a partir del 970, alternando en la documentaci\u00f3n con el de Vilamajor (982), hecho que tambi\u00e9n se produce con el nombre de la iglesia, documentada desde 1020, hasta que se impuso el de Viladordis.<br \/>\nEl edificio responde b\u00e1sicamente a una construcci\u00f3n rom\u00e1nica compuesta por una nave rectangular, completada por levante, por un \u00e1bside semicircular liso, centrado por una ventana de doble arranque monol\u00edtica. La nave es cubierta con una b\u00f3veda de ca\u00f1\u00f3n de medio punto, reforzada con arcos torales, mientras que el \u00e1bside es cobijado por una vuelta de un cuarto de esfera.[\/vc_column_text][vc_empty_space height=\u00bb22px\u00bb][vc_column_text]<strong>CONSTRUCCIONES CIVILES DESTACADAS<\/strong><\/p>\n<p><strong>El Pont Vell (s XII-XIII-XX), levantado sobre el Cardener, est\u00e1 situado en el acceso a Manresa viniendo de Barcelona, bajo los edificios de la Cova.<\/strong><\/p>\n<p>Es un puente de caracter\u00edsticas medievales que se llama Vell (viejo) en contraposici\u00f3n con el Nou (nuevo), construido posteriormente, en el s. XIV. Este puente, tal como se desprende de su estructura actual, es una obra compleja, fruto de una serie de destrucciones y restauraciones que sumadas, determinan la configuraci\u00f3n actual. El hecho de haber sido declarado monumento nacional el a\u00f1o 1931, no lo liber\u00f3 de un \u00faltimo hundimiento por parte de las fuerzas republicanas el 24 de enero de 1939, cosa que oblig\u00f3 a hacer una radical reconstrucci\u00f3n entre los a\u00f1os 1960 y 1962.<br \/>\nPerfilado por una t\u00edpica silueta \u201cd\u2019esquena d\u2019ase\u201d, de tradici\u00f3n romana, esta compuesto por\u00a0 ocho arcos de medio punto dintelados que empeque\u00f1ecen a partir del arco mayor, seg\u00fan se acercan a ambas orillas.<br \/>\nTradicionalmente muchos historiadores han considerado que este puente es de origen romano (Bajo Imperio), bas\u00e1ndose en los restos de un pilar situado, corriente abajo, en el lado izquierdo del arco central, basamentos que, sin embargo, se atribuye a un puente levantado en la segunda mitad del s. X.<br \/>\nLa reconstrucci\u00f3n fue llevada a cabo por la Direcci\u00f3 General d\u2019Arquitectura, seg\u00fan un proyecto de Pons i Sorolla, que tambi\u00e9n cuid\u00f3 la restauraci\u00f3n de la cruz que le apoya.[\/vc_column_text][vc_empty_space height=\u00bb22px\u00bb][vc_column_text]<strong>La S\u00e8quia (s .XIV), es una construcci\u00f3n de 26km que va de la poblaci\u00f3n de Balsareny en Manresa que trae el agua proveniente del r\u00edo Llobregat (Si el visitante se dirije al Centre de Visitants del Parc de la S\u00e8quia situado dentro del Parc de l\u2019Agulla de Manresa puede ampliar la informaci\u00f3n). <\/strong>La S\u00e8quia es un canal que nace en Balsareny y pasa, antes de llegar a Manresa, por las demarcaciones de Sallent, Santpedor y Sant Fruit\u00f3s de Bages. Con un desnivel de s\u00f3lo unos 10m, tiene una largada de unos 26 km, desde el castillo de Balsareny hasta l\u2019Agulla, donde se divide en dos ramales que acontecen las gu\u00edas principales de toda la red de regueros que se infiltran en los campos desperdigados por los contornos de la ciudad y el t\u00e9rmino. Fu\u00e9 un proyecto del barcelon\u00e9s Guillem de Cat\u00f3, presentado al rey Pere el Ceremoni\u00f3s, el cual concedi\u00f3 el permiso de construcci\u00f3n el 23 de agosto del mismo a\u00f1o. Las obras quedaron terminadas el a\u00f1o 1383.<\/p>\n<p><em>*Nota: todas las visitas que impliquen entrar dentro la Bas\u00edlica de la Seu se realizar\u00e1n dentro del horario de la parroquia: de lunes a viernes de 9,30h a 13,30h y de 16h a 19,45h. S\u00e1bados de 9,30h a 14h y de 16h a 20h. Domingos y festivos de 9,30h a 14h y de 17h a 20h<\/em><\/p>\n<p><strong>\u00a0<\/strong>[\/vc_column_text][\/vc_column_inner][vc_column_inner width=\u00bb1\/3&#8243;][vc_single_image image=\u00bb11158&#8243; img_size=\u00bb 800 \u00d7 532&#8243;][vc_column_text]Portal de Santa Clara de Manresa[\/vc_column_text][vc_empty_space height=\u00bb22px\u00bb][vc_single_image image=\u00bb11161&#8243; img_size=\u00bb 800 \u00d7 532&#8243;][vc_column_text]Esgl\u00e9sia de Santa Maria de Viladordis[\/vc_column_text][vc_empty_space height=\u00bb22px\u00bb][vc_single_image image=\u00bb11162&#8243; img_size=\u00bb 800 \u00d7 532&#8243;][vc_column_text]El Pont Vell a Manresa[\/vc_column_text][\/vc_column_inner][\/vc_row_inner][vc_row_inner][vc_column_inner width=\u00bb2\/3&#8243;][\/vc_column_inner][vc_column_inner width=\u00bb1\/3&#8243;][vc_empty_space height=\u00bb40px\u00bb][\/vc_column_inner][\/vc_row_inner][vc_empty_space height=\u00bb22px\u00bb][vc_empty_space height=\u00bb22px\u00bb][\/vc_column][\/vc_row]<\/p>\n<\/div>","protected":false},"excerpt":{"rendered":"<p>[vc_row][vc_column width=\u00bb1\/3&#8243;][vc_empty_space][vc_wp_custommenu nav_menu=\u00bb35&#8243;][\/vc_column][vc_column width=\u00bb2\/3&#8243;][vc_empty_space][vc_row_inner][vc_column_inner width=\u00bb2\/3&#8243;][vc_column_text]CONSTRUCCIONES Y MUESTRAS DE ARTE RELIGIOSO DEL PERIODO ROM\u00c1NICO El capitel prerrom\u00e1nico procedente de la iglesia de Santa Maria de Manresa (s. X) actualmente en el Museo Hist\u00f3rico de la Seu (se puede visitar los domingos de 12h a 14h) Del conjunto de construcciones prerrom\u00e1nicas levantadas en el Puigcardener, despu\u00e9s de&hellip;<\/p>\n","protected":false},"author":2,"featured_media":0,"parent":0,"menu_order":0,"comment_status":"closed","ping_status":"closed","template":"template-full-width.php","meta":{"_acf_changed":false,"footnotes":""},"class_list":["post-12118","page","type-page","status-publish","hentry"],"acf":[],"_links":{"self":[{"href":"https:\/\/www.camioliba.cat\/es\/wp-json\/wp\/v2\/pages\/12118","targetHints":{"allow":["GET"]}}],"collection":[{"href":"https:\/\/www.camioliba.cat\/es\/wp-json\/wp\/v2\/pages"}],"about":[{"href":"https:\/\/www.camioliba.cat\/es\/wp-json\/wp\/v2\/types\/page"}],"author":[{"embeddable":true,"href":"https:\/\/www.camioliba.cat\/es\/wp-json\/wp\/v2\/users\/2"}],"replies":[{"embeddable":true,"href":"https:\/\/www.camioliba.cat\/es\/wp-json\/wp\/v2\/comments?post=12118"}],"version-history":[{"count":3,"href":"https:\/\/www.camioliba.cat\/es\/wp-json\/wp\/v2\/pages\/12118\/revisions"}],"predecessor-version":[{"id":21322,"href":"https:\/\/www.camioliba.cat\/es\/wp-json\/wp\/v2\/pages\/12118\/revisions\/21322"}],"wp:attachment":[{"href":"https:\/\/www.camioliba.cat\/es\/wp-json\/wp\/v2\/media?parent=12118"}],"curies":[{"name":"wp","href":"https:\/\/api.w.org\/{rel}","templated":true}]}}