{"id":12030,"date":"2017-02-10T10:21:15","date_gmt":"2017-02-10T10:21:15","guid":{"rendered":"http:\/\/www.camioliba.cat\/de-lesquirol-a-sant-pere-de-torello\/"},"modified":"2020-03-09T11:34:23","modified_gmt":"2020-03-09T11:34:23","slug":"de-lesquirol-a-sant-pere-de-torello","status":"publish","type":"page","link":"https:\/\/www.camioliba.cat\/es\/vic-sant-joan-de-les-abadesses\/de-lesquirol-a-sant-pere-de-torello\/","title":{"rendered":"Del Esquirol a Sant Pere de Torell\u00f3"},"content":{"rendered":"<div class=\"wpb-content-wrapper\"><p>[vc_row el_class=\u00bbdetall\u00bb][vc_column el_class=\u00bbcolumna\u00bb][vc_row_inner css=\u00bb.vc_custom_1487588772808{border-top-width: 1px !important;border-right-width: 1px !important;border-bottom-width: 1px !important;border-left-width: 1px !important;padding-top: 0px !important;padding-right: 15px !important;padding-bottom: 15px !important;padding-left: 15px !important;border-left-color: #b5b5b5 !important;border-left-style: solid !important;border-right-color: #b5b5b5 !important;border-right-style: solid !important;border-top-color: #b5b5b5 !important;border-top-style: solid !important;border-bottom-color: #b5b5b5 !important;border-bottom-style: solid !important;}\u00bb][vc_column_inner width=\u00bb1\/2&#8243;][vc_column_text]<\/p>\n<h3>RESUMEN DE LA ETAPA<\/h3>\n<p><b>Distancia recorrida:<\/b> 11.286m<br \/>\n<b>Altura m\u00e1xima:<\/b> 813m<br \/>\n<b>Altura m\u00ednima:<\/b> 560m<br \/>\n<b>Ascenci\u00f3n acumulada:<\/b> 240m<br \/>\n<b>Desnivel salida-llegada:<\/b> -85m[\/vc_column_text][\/vc_column_inner][vc_column_inner width=\u00bb1\/2&#8243;][vc_column_text]<\/p>\n<h3>FICHA T\u00c9CNICA<\/h3>\n<ul>\n<li><a href=\"https:\/\/www.camioliba.cat\/tracks\/etapa2\/T11lEsquirol-St.PereTorello.gpx\" target=\"_blank\" rel=\"noopener noreferrer\">Desc\u00e1rgate el track<\/a><\/li>\n<li><a href=\"https:\/\/www.camioliba.cat\/guies-ruta\/etapa2\/etapa2-6.pdf\" target=\"_blank\" rel=\"noopener noreferrer\">Desc\u00e1rgate la gu\u00eda de ruta<\/a><\/li>\n<\/ul>\n<h3><\/h3>\n<p>[\/vc_column_text][\/vc_column_inner][\/vc_row_inner][vc_empty_space][vc_column_text]<\/p>\n<h3 class=\"titol2\">DESCRIPCI\u00d3N GENERAL<\/h3>\n<div id=\"descripcio\">\n<div id=\"descripcio\">\n<p>La etapa 6 de la ruta principal une dos regiones bien diferenciadas y al mismo tiempo hermanadas por la comarca. En una descubriremos la riqueza de bosques de roble y encina y en la otra, abrigada en la umbr\u00eda, descubriremos la vegetaci\u00f3n m\u00e1s pr\u00f3xima a la ribera. Cruzaremos r\u00edos y arroyos hasta llegar a Sant Pere de Torell\u00f3 capital comarcal de la torner\u00eda, antes artesanal y hoy m\u00e1s industrializada.<\/p>\n<\/div>\n<\/div>\n<p>[\/vc_column_text][vc_separator][vc_empty_space][\/vc_column][\/vc_row][vc_row][vc_column width=\u00bb1\/2&#8243;][vc_column_text]<\/p>\n<h3>ITINERARIO<\/h3>\n<div id=\"descripcio\"><\/div>\n<p>[\/vc_column_text][vc_gmaps link=\u00bb#E-8_JTNDaWZyYW1lJTIwc3JjJTNEJTIyaHR0cHMlM0ElMkYlMkZ3d3cuZ29vZ2xlLmNvbSUyRm1hcHMlMkZkJTJGdSUyRjElMkZlbWJlZCUzRm1pZCUzRDFkcndYN2RzSVdkYURPQVNOMDJHWUw0WVE0YTNZZmpqUyUyMiUyMHdpZHRoJTNEJTIyNjQwJTIyJTIwaGVpZ2h0JTNEJTIyNDgwJTIyJTNFJTNDJTJGaWZyYW1lJTNF\u00bb][\/vc_column][vc_column width=\u00bb1\/2&#8243;][vc_column_text]<\/p>\n<h3>DESNIVEL<\/h3>\n<div id=\"descripcio\"><\/div>\n<p>[\/vc_column_text][vc_single_image image=\u00bb11249&#8243; img_size=\u00bb959 \u00d7 516&#8243; onclick=\u00bblink_image\u00bb][\/vc_column][\/vc_row][vc_row][vc_column][vc_empty_space][vc_separator][vc_empty_space][vc_column_text]<\/p>\n<h3>IM\u00c1GENES DE LA ETAPA<\/h3>\n<div id=\"descripcio\"><\/div>\n<p>[\/vc_column_text][vc_gallery type=\u00bbimage_grid\u00bb images=\u00bb10531&#8243; img_size=\u00bb100X100&#8243;][\/vc_column][\/vc_row]<\/p>\n<\/div>","protected":false},"excerpt":{"rendered":"<p>[vc_row el_class=\u00bbdetall\u00bb][vc_column el_class=\u00bbcolumna\u00bb][vc_row_inner css=\u00bb.vc_custom_1487588772808{border-top-width: 1px !important;border-right-width: 1px !important;border-bottom-width: 1px !important;border-left-width: 1px !important;padding-top: 0px !important;padding-right: 15px !important;padding-bottom: 15px !important;padding-left: 15px !important;border-left-color: #b5b5b5 !important;border-left-style: solid !important;border-right-color: #b5b5b5 !important;border-right-style: solid !important;border-top-color: #b5b5b5 !important;border-top-style: solid !important;border-bottom-color: #b5b5b5 !important;border-bottom-style: solid !important;}\u00bb][vc_column_inner width=\u00bb1\/2&#8243;][vc_column_text] RESUMEN DE LA ETAPA Distancia recorrida: 11.286m Altura m\u00e1xima: 813m Altura m\u00ednima: 560m Ascenci\u00f3n acumulada: 240m Desnivel salida-llegada:&hellip;<\/p>\n","protected":false},"author":2,"featured_media":0,"parent":12220,"menu_order":0,"comment_status":"closed","ping_status":"closed","template":"ruta2.php","meta":{"_acf_changed":false,"footnotes":""},"class_list":["post-12030","page","type-page","status-publish","hentry"],"acf":[],"_links":{"self":[{"href":"https:\/\/www.camioliba.cat\/es\/wp-json\/wp\/v2\/pages\/12030","targetHints":{"allow":["GET"]}}],"collection":[{"href":"https:\/\/www.camioliba.cat\/es\/wp-json\/wp\/v2\/pages"}],"about":[{"href":"https:\/\/www.camioliba.cat\/es\/wp-json\/wp\/v2\/types\/page"}],"author":[{"embeddable":true,"href":"https:\/\/www.camioliba.cat\/es\/wp-json\/wp\/v2\/users\/2"}],"replies":[{"embeddable":true,"href":"https:\/\/www.camioliba.cat\/es\/wp-json\/wp\/v2\/comments?post=12030"}],"version-history":[{"count":10,"href":"https:\/\/www.camioliba.cat\/es\/wp-json\/wp\/v2\/pages\/12030\/revisions"}],"predecessor-version":[{"id":15739,"href":"https:\/\/www.camioliba.cat\/es\/wp-json\/wp\/v2\/pages\/12030\/revisions\/15739"}],"up":[{"embeddable":true,"href":"https:\/\/www.camioliba.cat\/es\/wp-json\/wp\/v2\/pages\/12220"}],"wp:attachment":[{"href":"https:\/\/www.camioliba.cat\/es\/wp-json\/wp\/v2\/media?parent=12030"}],"curies":[{"name":"wp","href":"https:\/\/api.w.org\/{rel}","templated":true}]}}