{"id":11936,"date":"2017-02-10T10:20:46","date_gmt":"2017-02-10T10:20:46","guid":{"rendered":"http:\/\/www.camioliba.cat\/de-vilanova-de-sau-a-tavertet\/"},"modified":"2018-03-15T13:42:37","modified_gmt":"2018-03-15T13:42:37","slug":"de-vilanova-de-sau-a-tavertet","status":"publish","type":"page","link":"https:\/\/www.camioliba.cat\/es\/vic-sant-joan-de-les-abadesses\/de-vilanova-de-sau-a-tavertet\/","title":{"rendered":"De Vilanova de Sau a Tavertet"},"content":{"rendered":"<div class=\"wpb-content-wrapper\"><p>[vc_row el_class=\u00bbdetall\u00bb][vc_column el_class=\u00bbcolumna\u00bb][vc_row_inner css=\u00bb.vc_custom_1487588772808{border-top-width: 1px !important;border-right-width: 1px !important;border-bottom-width: 1px !important;border-left-width: 1px !important;padding-top: 0px !important;padding-right: 15px !important;padding-bottom: 15px !important;padding-left: 15px !important;border-left-color: #b5b5b5 !important;border-left-style: solid !important;border-right-color: #b5b5b5 !important;border-right-style: solid !important;border-top-color: #b5b5b5 !important;border-top-style: solid !important;border-bottom-color: #b5b5b5 !important;border-bottom-style: solid !important;}\u00bb][vc_column_inner width=\u00bb1\/2&#8243;][vc_column_text]<\/p>\n<h3>RESUMEN DE LA ETAPA<\/h3>\n<p><b>Distancia recorrida:<\/b> 10.008m<br \/>\n<b>Altura m\u00e1xima:<\/b> 881m<br \/>\n<b>Altura m\u00ednima:<\/b> 398m<br \/>\n<b>Ascenci\u00f3n acumulada:<\/b> 663m<br \/>\n<b>Desnivel salida-llegada:<\/b> 297m<\/p>\n<p>[\/vc_column_text][\/vc_column_inner][vc_column_inner width=\u00bb1\/2&#8243;][vc_column_text]<\/p>\n<h3>FICHA T\u00c9CNICA<\/h3>\n<ul>\n<li><a href=\"https:\/\/www.camioliba.cat\/tracks\/etapa2\/T9Vilanova-Tavertet.gpx\" target=\"_blank\" rel=\"noopener noreferrer\">Desc\u00e1rgate el track<\/a><\/li>\n<li><a href=\"https:\/\/www.camioliba.cat\/guies-ruta\/etapa2\/etapa2-4.pdf\" target=\"_blank\" rel=\"noopener noreferrer\">Desc\u00e1rgate la gu\u00eda de ruta<\/a><\/li>\n<\/ul>\n<h3><\/h3>\n<p>[\/vc_column_text][\/vc_column_inner][\/vc_row_inner][vc_empty_space][vc_column_text]<\/p>\n<h3 class=\"titol2\">DESCRIPCI\u00d3N GENERAL<\/h3>\n<div id=\"descripcio\">\n<p>La ruta de Vilanova de Sau en Tavertet, es de una belleza extraordinaria, ya que combina dos formas de admirar un paisaje muy especial. Por una parte al cruzar el valle nos sorprender\u00e1 la visi\u00f3n del gran riscal que separa el Collsacabra de les Guilleries como si de un gran monumento natural se tratara. Del otro, despu\u00e9s de una ascensi\u00f3n por el riscal del todo monta\u00f1\u00e9s, admiraremos el valle y el pantano de Sau enclavados en el ombligo de la regi\u00f3n desde la cima del monumento mismo. Para acabar, Tavertet no dejar\u00e1 indiferente a nadie \u2026<\/p>\n<\/div>\n<p>[\/vc_column_text][vc_separator][vc_empty_space][\/vc_column][\/vc_row][vc_row][vc_column width=\u00bb1\/2&#8243;][vc_column_text]<\/p>\n<h3>ITINERARIO<\/h3>\n<div id=\"descripcio\"><\/div>\n<p>[\/vc_column_text][vc_gmaps link=\u00bb#E-8_JTNDaWZyYW1lJTIwc3JjJTNEJTIyaHR0cHMlM0ElMkYlMkZ3d3cuZ29vZ2xlLmNvbSUyRm1hcHMlMkZkJTJGZW1iZWQlM0ZtaWQlM0QxRkZLZ0V6RXpQaVRFaTBfdzQtWUpIbzA1OWljLV8xUEElMjIlMjB3aWR0aCUzRCUyMjY0MCUyMiUyMGhlaWdodCUzRCUyMjQ4MCUyMiUzRSUzQyUyRmlmcmFtZSUzRQ==\u00bb][\/vc_column][vc_column width=\u00bb1\/2&#8243;][vc_column_text]<\/p>\n<h3>DESNIVEL<\/h3>\n<div id=\"descripcio\"><\/div>\n<p>[\/vc_column_text][vc_single_image image=\u00bb10500&#8243; img_size=\u00bb907 \u00d7 529&#8243; onclick=\u00bblink_image\u00bb][\/vc_column][\/vc_row][vc_row][vc_column][vc_empty_space][vc_separator][vc_empty_space][vc_column_text]<\/p>\n<h3 class=\"titol2\">IM\u00c1GENES DE LA ETAPA<\/h3>\n<div id=\"descripcio\"><\/div>\n<p>[\/vc_column_text][vc_gallery type=\u00bbimage_grid\u00bb images=\u00bb10523,10524&#8243; img_size=\u00bb100X100&#8243;][\/vc_column][\/vc_row]<\/p>\n<\/div>","protected":false},"excerpt":{"rendered":"<p>[vc_row el_class=\u00bbdetall\u00bb][vc_column el_class=\u00bbcolumna\u00bb][vc_row_inner css=\u00bb.vc_custom_1487588772808{border-top-width: 1px !important;border-right-width: 1px !important;border-bottom-width: 1px !important;border-left-width: 1px !important;padding-top: 0px !important;padding-right: 15px !important;padding-bottom: 15px !important;padding-left: 15px !important;border-left-color: #b5b5b5 !important;border-left-style: solid !important;border-right-color: #b5b5b5 !important;border-right-style: solid !important;border-top-color: #b5b5b5 !important;border-top-style: solid !important;border-bottom-color: #b5b5b5 !important;border-bottom-style: solid !important;}\u00bb][vc_column_inner width=\u00bb1\/2&#8243;][vc_column_text] RESUMEN DE LA ETAPA Distancia recorrida: 10.008m Altura m\u00e1xima: 881m Altura m\u00ednima: 398m Ascenci\u00f3n acumulada: 663m Desnivel salida-llegada:&hellip;<\/p>\n","protected":false},"author":2,"featured_media":0,"parent":12220,"menu_order":0,"comment_status":"closed","ping_status":"closed","template":"ruta2.php","meta":{"_acf_changed":false,"footnotes":""},"class_list":["post-11936","page","type-page","status-publish","hentry"],"acf":[],"_links":{"self":[{"href":"https:\/\/www.camioliba.cat\/es\/wp-json\/wp\/v2\/pages\/11936","targetHints":{"allow":["GET"]}}],"collection":[{"href":"https:\/\/www.camioliba.cat\/es\/wp-json\/wp\/v2\/pages"}],"about":[{"href":"https:\/\/www.camioliba.cat\/es\/wp-json\/wp\/v2\/types\/page"}],"author":[{"embeddable":true,"href":"https:\/\/www.camioliba.cat\/es\/wp-json\/wp\/v2\/users\/2"}],"replies":[{"embeddable":true,"href":"https:\/\/www.camioliba.cat\/es\/wp-json\/wp\/v2\/comments?post=11936"}],"version-history":[{"count":2,"href":"https:\/\/www.camioliba.cat\/es\/wp-json\/wp\/v2\/pages\/11936\/revisions"}],"predecessor-version":[{"id":13077,"href":"https:\/\/www.camioliba.cat\/es\/wp-json\/wp\/v2\/pages\/11936\/revisions\/13077"}],"up":[{"embeddable":true,"href":"https:\/\/www.camioliba.cat\/es\/wp-json\/wp\/v2\/pages\/12220"}],"wp:attachment":[{"href":"https:\/\/www.camioliba.cat\/es\/wp-json\/wp\/v2\/media?parent=11936"}],"curies":[{"name":"wp","href":"https:\/\/api.w.org\/{rel}","templated":true}]}}