{"id":11921,"date":"2017-02-10T10:20:28","date_gmt":"2017-02-10T10:20:28","guid":{"rendered":"http:\/\/www.camioliba.cat\/de-casserres-a-vilanova-de-sau\/"},"modified":"2018-03-15T13:39:58","modified_gmt":"2018-03-15T13:39:58","slug":"de-casserres-a-vilanova-de-sau","status":"publish","type":"page","link":"https:\/\/www.camioliba.cat\/es\/vic-sant-joan-de-les-abadesses\/de-casserres-a-vilanova-de-sau\/","title":{"rendered":"De Casserres a Vilanova de Sau"},"content":{"rendered":"<div class=\"wpb-content-wrapper\"><p>[vc_row el_class=\u00bbdetall\u00bb][vc_column el_class=\u00bbcolumna\u00bb][vc_row_inner css=\u00bb.vc_custom_1487588772808{border-top-width: 1px !important;border-right-width: 1px !important;border-bottom-width: 1px !important;border-left-width: 1px !important;padding-top: 0px !important;padding-right: 15px !important;padding-bottom: 15px !important;padding-left: 15px !important;border-left-color: #b5b5b5 !important;border-left-style: solid !important;border-right-color: #b5b5b5 !important;border-right-style: solid !important;border-top-color: #b5b5b5 !important;border-top-style: solid !important;border-bottom-color: #b5b5b5 !important;border-bottom-style: solid !important;}\u00bb][vc_column_inner width=\u00bb1\/2&#8243;][vc_column_text]<\/p>\n<h3>RESUMEN DE LA ETAPA<\/h3>\n<p><b>Distancia recorrida:<\/b> 9.365m<br \/>\n<b>Altura m\u00e1xima:<\/b> 771m<br \/>\n<b>Altura m\u00ednima:<\/b> 483m<br \/>\n<b>Ascenci\u00f3n acumulada:<\/b> 490m<br \/>\n<b>Desnivel salida-llegada:<\/b> 86m<\/p>\n<h3><\/h3>\n<p>[\/vc_column_text][\/vc_column_inner][vc_column_inner width=\u00bb1\/2&#8243;][vc_column_text]<\/p>\n<h3>FICHA T\u00c9CNICA<\/h3>\n<ul>\n<li><a href=\"https:\/\/www.camioliba.cat\/tracks\/etapa2\/T8Casserres-Vilanova.gpx\" target=\"_blank\" rel=\"noopener noreferrer\">Desc\u00e1rgate el track<\/a><\/li>\n<li><a href=\"https:\/\/www.camioliba.cat\/tracks\/etapa2\/T8Casserres-Vilanova.gpx\" target=\"_blank\" rel=\"noopener noreferrer\">Desc\u00e1rgate<\/a><a href=\"https:\/\/www.camioliba.cat\/guies-ruta\/etapa2\/etapa2-3.pdf\" target=\"_blank\" rel=\"noopener noreferrer\"> la gu\u00eda de ruta<\/a><\/li>\n<\/ul>\n<h3><\/h3>\n<p>[\/vc_column_text][\/vc_column_inner][\/vc_row_inner][vc_empty_space][vc_column_text]<\/p>\n<h3 class=\"titol2\">DESCRIPCI\u00d3N GENERAL<\/h3>\n<div id=\"descripcio\">\n<p>La etapa de Sant Pere de Casserres a Vilanova de Sau, es una etapa sinceramente bella. La belleza y espectacularidad de los paisajes que de ahora en adelante acompa\u00f1aran el camino por la zona de Sau y el Collsacabra, captiva intimamente.<\/p>\n<p>Es una etapa con un buen desnivel, de subida suave y descenso vertical, pero con el a\u00f1adido del precipicio en estado puro. El recorrido transcurre por caminos antiguos que desprenden un sentimiento de territorio, de cultura y de permanencia.<\/p>\n<\/div>\n<p>[\/vc_column_text][vc_separator][vc_empty_space][\/vc_column][\/vc_row][vc_row][vc_column width=\u00bb1\/2&#8243;][vc_column_text]<\/p>\n<h3>ITINERARIO<\/h3>\n<div id=\"descripcio\"><\/div>\n<p>[\/vc_column_text][vc_gmaps link=\u00bb#E-8_JTNDaWZyYW1lJTIwc3JjJTNEJTIyaHR0cHMlM0ElMkYlMkZ3d3cuZ29vZ2xlLmNvbSUyRm1hcHMlMkZkJTJGZW1iZWQlM0ZtaWQlM0Qxbk4ySWVmV1FVRzlQWUYtWVQ3WGFERHBMR0FrbmVjMXUlMjIlMjB3aWR0aCUzRCUyMjY0MCUyMiUyMGhlaWdodCUzRCUyMjQ4MCUyMiUzRSUzQyUyRmlmcmFtZSUzRQ==\u00bb][\/vc_column][vc_column width=\u00bb1\/2&#8243;][vc_column_text]<\/p>\n<h3>DESNIVEL<\/h3>\n<div id=\"descripcio\"><\/div>\n<p>[\/vc_column_text][vc_single_image image=\u00bb10499&#8243; img_size=\u00bb907 \u00d7 529&#8243; onclick=\u00bblink_image\u00bb][\/vc_column][\/vc_row][vc_row][vc_column][vc_empty_space][vc_separator][vc_empty_space][vc_column_text]<\/p>\n<h3>IM\u00c1GENES DE LA ETAPA<\/h3>\n<p>[\/vc_column_text][vc_gallery type=\u00bbimage_grid\u00bb images=\u00bb10515,10516,10517,10518,10519,10520&#8243; img_size=\u00bb100X100&#8243;][\/vc_column][\/vc_row]<\/p>\n<\/div>","protected":false},"excerpt":{"rendered":"<p>[vc_row el_class=\u00bbdetall\u00bb][vc_column el_class=\u00bbcolumna\u00bb][vc_row_inner css=\u00bb.vc_custom_1487588772808{border-top-width: 1px !important;border-right-width: 1px !important;border-bottom-width: 1px !important;border-left-width: 1px !important;padding-top: 0px !important;padding-right: 15px !important;padding-bottom: 15px !important;padding-left: 15px !important;border-left-color: #b5b5b5 !important;border-left-style: solid !important;border-right-color: #b5b5b5 !important;border-right-style: solid !important;border-top-color: #b5b5b5 !important;border-top-style: solid !important;border-bottom-color: #b5b5b5 !important;border-bottom-style: solid !important;}\u00bb][vc_column_inner width=\u00bb1\/2&#8243;][vc_column_text] RESUMEN DE LA ETAPA Distancia recorrida: 9.365m Altura m\u00e1xima: 771m Altura m\u00ednima: 483m Ascenci\u00f3n acumulada: 490m Desnivel salida-llegada:&hellip;<\/p>\n","protected":false},"author":2,"featured_media":0,"parent":12220,"menu_order":0,"comment_status":"closed","ping_status":"closed","template":"ruta2.php","meta":{"_acf_changed":false,"footnotes":""},"class_list":["post-11921","page","type-page","status-publish","hentry"],"acf":[],"_links":{"self":[{"href":"https:\/\/www.camioliba.cat\/es\/wp-json\/wp\/v2\/pages\/11921","targetHints":{"allow":["GET"]}}],"collection":[{"href":"https:\/\/www.camioliba.cat\/es\/wp-json\/wp\/v2\/pages"}],"about":[{"href":"https:\/\/www.camioliba.cat\/es\/wp-json\/wp\/v2\/types\/page"}],"author":[{"embeddable":true,"href":"https:\/\/www.camioliba.cat\/es\/wp-json\/wp\/v2\/users\/2"}],"replies":[{"embeddable":true,"href":"https:\/\/www.camioliba.cat\/es\/wp-json\/wp\/v2\/comments?post=11921"}],"version-history":[{"count":2,"href":"https:\/\/www.camioliba.cat\/es\/wp-json\/wp\/v2\/pages\/11921\/revisions"}],"predecessor-version":[{"id":13073,"href":"https:\/\/www.camioliba.cat\/es\/wp-json\/wp\/v2\/pages\/11921\/revisions\/13073"}],"up":[{"embeddable":true,"href":"https:\/\/www.camioliba.cat\/es\/wp-json\/wp\/v2\/pages\/12220"}],"wp:attachment":[{"href":"https:\/\/www.camioliba.cat\/es\/wp-json\/wp\/v2\/media?parent=11921"}],"curies":[{"name":"wp","href":"https:\/\/api.w.org\/{rel}","templated":true}]}}