{"id":11426,"date":"2017-04-19T08:13:15","date_gmt":"2017-04-19T08:13:15","guid":{"rendered":"http:\/\/www.camioliba.cat\/el-cami\/"},"modified":"2020-12-14T14:07:57","modified_gmt":"2020-12-14T14:07:57","slug":"el-camino","status":"publish","type":"page","link":"https:\/\/www.camioliba.cat\/es\/el-camino\/","title":{"rendered":"El camino"},"content":{"rendered":"<div class=\"wpb-content-wrapper\"><p>[vc_row][vc_column][vc_empty_space][vc_column_text]El Cam\u00ed Oliba es un sendero de gran recorrido (GR-151) que conecta algunas de las obras m\u00e1s emblem\u00e1ticas del arte rom\u00e1nico catal\u00e1n. Transcurre entre Montserrat y los Pirineos y pasa por algunas de las ciudades y pueblos con m\u00e1s historia de la Vieja Catalu\u00f1a, como Manresa, Vic, Ripoll y Sant Joan de les Abadesses. Cruza el paisaje de interior y de media monta\u00f1a de las comarcas del Bages, Osona y el Ripoll\u00e8s en un itinerario poco exigente y rodeado de servicios tur\u00edsticos y comerciales de gran valor a\u00f1adido.<\/p>\n<p>El Cam\u00ed Oliba es un aut\u00e9ntico museo en medio de la naturaleza. Es arte, cultura y historia en su esencia, en espacios poco alterados a lo largo del tiempo. Es un recorrido por los or\u00edgenes de Catalu\u00f1a, cuando personajes como el obispo y abad Oliba decidieron repoblar y cristianizar estas tierras sembr\u00e1ndolas de iglesias y monasterios.<\/p>\n<p>Hoy en d\u00eda, este camino ya transitado por nuestros antecesores acoge caminadores, excursionistas y atletas que se proponen cubrir sus m\u00e1s de 200 quil\u00f3metros, de norte a sur o de sur a norte; \u00edntegramente, por etapas de pocos d\u00edas o por tramos de una sola jornada. Sus pasas o pedaleos contribuyen a difundir, a\u00fan m\u00e1s, el conocimiento de estas obras milenarias.[\/vc_column_text][vc_empty_space][vc_row_inner][vc_column_inner width=\u00bb1\/4&#8243;][\/vc_column_inner][vc_column_inner width=\u00bb1\/2&#8243;][vc_single_image image=\u00bb11106&#8243; img_size=\u00bb2000 \u00d7 2249&#8243; onclick=\u00bblink_image\u00bb][vc_empty_space][vc_btn title=\u00bbDescargar el folleto A PIE (archivo pdf)\u00bb style=\u00bbclassic\u00bb shape=\u00bbsquare\u00bb color=\u00bbdanger\u00bb align=\u00bbcenter\u00bb link=\u00bburl:http%3A%2F%2Fwww.camioliba.cat%2Fwp-content%2Fuploads%2F2020%2F12%2FMapa-Cami-Oliba-a-peu-ESP_baixaressolucio.pdf|target:_blank\u00bb][vc_btn title=\u00bbDescargar el folleto EN BTT (archivo pdf)\u00bb style=\u00bbclassic\u00bb shape=\u00bbsquare\u00bb color=\u00bbdanger\u00bb align=\u00bbcenter\u00bb link=\u00bburl:http%3A%2F%2Fwww.camioliba.cat%2Fwp-content%2Fuploads%2F2020%2F12%2FMapa-Cami-Oliba-A-BICI-2020-ESP_baixaressolucio.pdf|target:_blank\u00bb][\/vc_column_inner][vc_column_inner width=\u00bb1\/4&#8243;][\/vc_column_inner][\/vc_row_inner][\/vc_column][\/vc_row]<\/p>\n<\/div>","protected":false},"excerpt":{"rendered":"<p>[vc_row][vc_column][vc_empty_space][vc_column_text]El Cam\u00ed Oliba es un sendero de gran recorrido (GR-151) que conecta algunas de las obras m\u00e1s emblem\u00e1ticas del arte rom\u00e1nico catal\u00e1n. Transcurre entre Montserrat y los Pirineos y pasa por algunas de las ciudades y pueblos con m\u00e1s historia de la Vieja Catalu\u00f1a, como Manresa, Vic, Ripoll y Sant Joan de les Abadesses. Cruza&hellip;<\/p>\n","protected":false},"author":2,"featured_media":0,"parent":0,"menu_order":0,"comment_status":"closed","ping_status":"closed","template":"template-full-width.php","meta":{"_acf_changed":false,"footnotes":""},"class_list":["post-11426","page","type-page","status-publish","hentry"],"acf":[],"_links":{"self":[{"href":"https:\/\/www.camioliba.cat\/es\/wp-json\/wp\/v2\/pages\/11426","targetHints":{"allow":["GET"]}}],"collection":[{"href":"https:\/\/www.camioliba.cat\/es\/wp-json\/wp\/v2\/pages"}],"about":[{"href":"https:\/\/www.camioliba.cat\/es\/wp-json\/wp\/v2\/types\/page"}],"author":[{"embeddable":true,"href":"https:\/\/www.camioliba.cat\/es\/wp-json\/wp\/v2\/users\/2"}],"replies":[{"embeddable":true,"href":"https:\/\/www.camioliba.cat\/es\/wp-json\/wp\/v2\/comments?post=11426"}],"version-history":[{"count":6,"href":"https:\/\/www.camioliba.cat\/es\/wp-json\/wp\/v2\/pages\/11426\/revisions"}],"predecessor-version":[{"id":19061,"href":"https:\/\/www.camioliba.cat\/es\/wp-json\/wp\/v2\/pages\/11426\/revisions\/19061"}],"wp:attachment":[{"href":"https:\/\/www.camioliba.cat\/es\/wp-json\/wp\/v2\/media?parent=11426"}],"curies":[{"name":"wp","href":"https:\/\/api.w.org\/{rel}","templated":true}]}}