{"id":23953,"date":"2021-03-16T14:06:05","date_gmt":"2021-03-16T14:06:05","guid":{"rendered":"https:\/\/www.camioliba.cat\/cases-oliba\/"},"modified":"2025-10-09T16:44:15","modified_gmt":"2025-10-09T16:44:15","slug":"oliba-houses","status":"publish","type":"page","link":"https:\/\/www.camioliba.cat\/en\/oliba-houses\/","title":{"rendered":"Oliba Houses"},"content":{"rendered":"<div class=\"wpb-content-wrapper\"><p>[vc_row][vc_column][vc_empty_space][vc_tta_accordion style=&#8221;flat&#8221; active_section=&#8221;1&#8243;][vc_tta_section title=&#8221;Cases d&#8217;Oliba&#8221; tab_id=&#8221;1490698921453-53d2b4bd-21a9&#8243;][vc_row_inner][vc_column_inner width=&#8221;2\/3&#8243;][vc_column_text css=&#8221;&#8221;]&#8221;Cases d&#8217;Oliba&#8221; is a project that brings together the main religious heritage facilities in the territory of the diocese of Vic, all of them with millennial roots that bear the imprint of the bishop and abbot Oliba (971-1046), a fundamental historical figure in the configuration of the country.<\/p>\n<p>&nbsp;<\/p>\n<p>Promoted by the diocese of Vic, Cases d&#8217;Oliba wants to make it easier and more satisfying to visit a series of medieval churches in the regions of Ripoll\u00e8s, Osona, Bages, Moian\u00e8s and Anoia. Because beyond their function as spaces for worship, the &#8220;Cases d&#8217;Oliba&#8221; are authentic heritage treasures: they preserve the best examples of the art of each era, they are a witness to the spiritual experience of people and communities throughout the centuries, and they are pleasant places of rest and silence.<\/p>\n<p>&nbsp;<\/p>\n<p>Although Cases d\u2019Oliba can include any church in our territory, the essential churches of the project are Sant Joan de les Abadesses, Santa Maria de Ripoll, the Cathedral of Sant Pere de Vic, the Episcopal Museum of Vic, Santa Maria de l\u2019Estany and the Cathedral of Manresa. Sant Pere de Casserres, a facility owned by the Osona Regional Council, is also part of it. All of them have been declared Cultural Assets of National Interest (BCIN).<\/p>\n<p>&nbsp;<\/p>\n<p>The initiative offers different types of joint tickets to visit these great monuments at very favorable prices (online sales. Link here https:\/\/www.casesdoliba.cat). It also programs cultural and tourist activities and visualizes its actions on social networks to help its knowledge and the dissemination of this heritage and its activities.<\/p>\n<p>&nbsp;<\/p>\n<p>The project is carried out through the web portal <a href=\"http:\/\/www.casesdoliba.cat\/\">www.casesdoliba.cat<\/a>.[\/vc_column_text][\/vc_column_inner][vc_column_inner width=&#8221;1\/3&#8243;][vc_single_image image=&#8221;20242&#8243; img_size=&#8221;800 \u00d7 421&#8243;][vc_empty_space height=&#8221;8px&#8221;][vc_single_image image=&#8221;20246&#8243; img_size=&#8221;800 \u00d7 527&#8243;][vc_empty_space height=&#8221;8px&#8221;][vc_single_image image=&#8221;20250&#8243; img_size=&#8221;800 \u00d7 527&#8243;][\/vc_column_inner][\/vc_row_inner][\/vc_tta_section][vc_tta_section title=&#8221;Les Cases d&#8217;Oliba de la Muntanya&#8221; tab_id=&#8221;1490699243227-023256ea-39ab&#8221;][vc_row_inner][vc_column_inner width=&#8221;2\/3&#8243;][vc_column_text css=&#8221;&#8221;]The ticket includes access to the monastery of Sant Joan de les Abadesses, the monastery of Santa Maria de Ripoll, the Episcopal Museum of Vic, the cathedral of Sant Pere de Vic and the monastery of Sant Pere de Casserres.<\/p>\n<p>The visit is free and the ticket is valid for one month from its purchase.<\/p>\n<p><a href=\"https:\/\/www.casesdoliba.cat\/les-cases-de-la-muntanya\/\">+ info here<\/a>[\/vc_column_text][\/vc_column_inner][vc_column_inner width=&#8221;1\/3&#8243;][vc_single_image image=&#8221;20238&#8243; img_size=&#8221;800 \u00d7 1058&#8243;][\/vc_column_inner][\/vc_row_inner][\/vc_tta_section][vc_tta_section title=&#8221;Les Cases d&#8217;Oliba de la Plana&#8221; tab_id=&#8221;1490699274907-454ca3e4-4510&#8243;][vc_row_inner][vc_column_inner width=&#8221;2\/3&#8243;][vc_column_text css=&#8221;&#8221;]The ticket includes access to the Episcopal Museum of Vic, the Cathedral of Sant Pere de Vic, the Monastery of Sant Pere de Casserres, the Monastery of Santa Maria de l\u2019Estany and the Basilica of the Cathedral of Manresa.<\/p>\n<p>The visit is free and the ticket is valid for one month from its purchase.<\/p>\n<p><a href=\"https:\/\/www.casesdoliba.cat\/les-cases-de-la-plana\/\">+ info here<\/a>[\/vc_column_text][\/vc_column_inner][vc_column_inner width=&#8221;1\/3&#8243;][vc_single_image image=&#8221;20234&#8243; img_size=&#8221;800 \u00d7 534&#8243;][\/vc_column_inner][\/vc_row_inner][\/vc_tta_section][\/vc_tta_accordion][\/vc_column][\/vc_row]<\/p>\n<\/div>","protected":false},"excerpt":{"rendered":"<p>[vc_row][vc_column][vc_empty_space][vc_tta_accordion style=&#8221;flat&#8221; active_section=&#8221;1&#8243;][vc_tta_section title=&#8221;Cases d&#8217;Oliba&#8221; tab_id=&#8221;1490698921453-53d2b4bd-21a9&#8243;][vc_row_inner][vc_column_inner width=&#8221;2\/3&#8243;][vc_column_text css=&#8221;&#8221;]&#8221;Cases d&#8217;Oliba&#8221; is a project that brings together the main religious heritage facilities in the territory of the diocese of Vic, all of them with millennial roots that bear the imprint of the bishop and abbot Oliba (971-1046), a fundamental historical figure in the configuration of the country.&hellip;<\/p>\n","protected":false},"author":2,"featured_media":0,"parent":0,"menu_order":0,"comment_status":"closed","ping_status":"closed","template":"template-full-width.php","meta":{"_acf_changed":false,"footnotes":""},"class_list":["post-23953","page","type-page","status-publish","hentry"],"acf":[],"_links":{"self":[{"href":"https:\/\/www.camioliba.cat\/en\/wp-json\/wp\/v2\/pages\/23953","targetHints":{"allow":["GET"]}}],"collection":[{"href":"https:\/\/www.camioliba.cat\/en\/wp-json\/wp\/v2\/pages"}],"about":[{"href":"https:\/\/www.camioliba.cat\/en\/wp-json\/wp\/v2\/types\/page"}],"author":[{"embeddable":true,"href":"https:\/\/www.camioliba.cat\/en\/wp-json\/wp\/v2\/users\/2"}],"replies":[{"embeddable":true,"href":"https:\/\/www.camioliba.cat\/en\/wp-json\/wp\/v2\/comments?post=23953"}],"version-history":[{"count":3,"href":"https:\/\/www.camioliba.cat\/en\/wp-json\/wp\/v2\/pages\/23953\/revisions"}],"predecessor-version":[{"id":23956,"href":"https:\/\/www.camioliba.cat\/en\/wp-json\/wp\/v2\/pages\/23953\/revisions\/23956"}],"wp:attachment":[{"href":"https:\/\/www.camioliba.cat\/en\/wp-json\/wp\/v2\/media?parent=23953"}],"curies":[{"name":"wp","href":"https:\/\/api.w.org\/{rel}","templated":true}]}}