{"id":15939,"date":"2020-04-16T16:26:40","date_gmt":"2020-04-16T16:26:40","guid":{"rendered":"http:\/\/www.camioliba.cat\/recursos-dart-romanic-a-la-comarca-dosona-copy\/"},"modified":"2023-04-04T09:41:27","modified_gmt":"2023-04-04T09:41:27","slug":"recursos-dart-romanic-osona","status":"publish","type":"page","link":"https:\/\/www.camioliba.cat\/en\/recursos-dart-romanic-osona\/","title":{"rendered":"Romanesque features in Osona"},"content":{"rendered":"<div class=\"wpb-content-wrapper\"><p>[vc_row][vc_column width=&#8221;1\/3&#8243;][vc_empty_space][vc_wp_custommenu nav_menu=&#8221;35&#8243;][\/vc_column][vc_column width=&#8221;2\/3&#8243;][vc_empty_space][vc_row_inner][vc_column_inner width=&#8221;2\/3&#8243;][vc_empty_space][vc_column_text]<strong>Esgl\u00e9sia Parroquial de Santa Eul\u00e0lia de Riuprimer<br \/>\n<\/strong>Consagrada l&#8217;any 1041 pel mateix Abat Oliba es pot veure la coberta de lloses de pedra rom\u00e0nica, oculta des del segle XVII sota una teulada. Per poder visitar la coberta de lloses de pedra es va construir una lleguera escala met\u00e0l.lica i una sala d&#8217;exposicions en qu\u00e8 es pot veura la coberta, una maqueta de l&#8217;esgl\u00e9sia i tamb\u00e9 l&#8217;antic rellotge original del segle XVIII i de fabricaci\u00f3 catalana. Al cos de campanes s&#8217;ha conservat una antiga matraca, que \u00e9s un instrument de fusta que substitu\u00efa les campanes durant la Setmana Santa, la qual s&#8217;ha fet restaurar ja que \u00e9s un dels pocs exemplas d&#8217;aquesta mena que es conserven en bon estat a Catalunya.<br \/>\n<em>Horari museu:<\/em> Festius de 11h. a 13h<br \/>\n<a href=\"http:\/\/www.santaeulaliariuprimer.cat\/\">www.santaulaliariuprimer.cat<\/a>[\/vc_column_text][vc_empty_space][vc_empty_space][vc_column_text]<strong>Esgl\u00e9sia rom\u00e0nica de Sant Mart\u00ed de Riudeperes<br \/>\n<\/strong>L\u2019esgl\u00e9sia rom\u00e0nica de Sant Mart\u00ed documentada el 1050, va patir reformes ja en \u00e8poca rom\u00e0nica, quan al segle XII es constru\u00ed una portada al mur de ponent i un atri, actualment integrat a l\u2019edifici. Als segles XVI i XVII, hi foren afegides dues capelles laterals. Cal destacar el capitell i el fragment d\u2019arquivolta de la portada del segle XII.<br \/>\n<em>Visites:<\/em> en horari de missa els diumenges de 10 a 11 h. Per visites en altres horaris contactar amb la masia Nogu\u00e9 al tel\u00e8fon 938 887 024 o amb l\u2019Ajuntament de Calldetenes, tel\u00e8fon 938 863 105.<br \/>\n<span class=\"colortaronja\"><a href=\"http:\/\/www.calldetenes.cat\/\" target=\"_blank\" rel=\"external noopener noreferrer\">www.calldetenes.cat<\/a><\/span>[\/vc_column_text][vc_empty_space][vc_empty_space][vc_column_text]<strong>Sant Juli\u00e0 de Vilatorta<\/strong><br \/>\nA partir del segle XII comen\u00e7aren a fer-se ampliacions i modificacions. Les reformes m\u00e9s importants es portaren a terme l\u2019any 1592 quan la nau central fou perforada per dos arcs, un a cada banda, per donar pas a les dues naus laterals afegides.<br \/>\nVisites: contactar amb el despatx parroquial (obert els dilluns i els dijous de 17.30 a 18.30 h) o a l\u2019Ajuntament de Sant Juli\u00e0 de Vilatorta, tel\u00e8fon 938 122 179.<br \/>\nCom arribar: des de Sant Mart\u00ed de Riudeperes continuar direcci\u00f3 Sant Juli\u00e0 de Vilatorta (carretera BV-5201). Un cop al poble l\u2019esgl\u00e9sia es troba al nucli.<\/p>\n<p><strong>Santa Maria de Vilalleons<\/strong><br \/>\nAl segle XIII s\u2019hi afeg\u00ed un atri a causa de la destrucci\u00f3 de la portalada rom\u00e0nica, de la qual es conserven encara les arquivoltes, que emmarquen el roset\u00f3 de la fa\u00e7ana de ponent.<br \/>\nVisites: per a m\u00e9s informaci\u00f3 contactar amb l\u2019Ajuntament de Sant Juli\u00e0 de Vilatorta, tel\u00e8fon 938 122 179.<br \/>\nCom arribar: s\u2019ha de seguir una carretera local que surt des de Sant Juli\u00e0 de Vilatorta direcci\u00f3 Vilalleons (carretera BV-5202) i a uns 4 km trobem el nucli de cases i l\u2019esgl\u00e9sia.[\/vc_column_text][vc_empty_space][vc_empty_space][vc_column_text]<strong>Esgl\u00e9sia rom\u00e0nica de Sant Esteve de Tav\u00e8rnoles<br \/>\n<\/strong>Aquesta esgl\u00e9sia documentada al 981, \u00e9s un magn\u00edfic exemplar rom\u00e0nic, erigit cap al 1083 i modificat el 1728 amb una niva fa\u00e7ana. S\u2019ha de destacar el bonic campanar i la decoraci\u00f3 externa de l\u2019absis.<br \/>\n<em>Visites: <\/em>missa el diumenge a les 11.15h. Fora d\u2019aquest horari contactar amb l\u2019<a href=\"http:\/\/osonaturisme.cat\/descobreix-osona\/tavernoles\/\">oficina de turisme de Tav\u00e8rnoles<\/a>\u00a0al 938 123 036.<\/p>\n<p><strong>Sant Pere de Savassona<\/strong><br \/>\nEdifici d\u2019una nau constru\u00eft cap al 1060. Al segle XVII fou constru\u00eft una golfa per protegir la volta, un portal nou al costat de ponent i es tanc\u00e0 el de migdia. A l\u2019exterior presenta les fa\u00e7anes ornamentades amb els cl\u00e0ssics motius llombards d\u2019arcuacions cegues entre lesenes.Visites: contactar amb el moss\u00e8n de Tav\u00e8rnoles al 938 122 317. Com arribar-hi: des de Tav\u00e8rnoles continuar la carretera BV-5213 direcci\u00f3 a Sant Pere de Casserres fins que es troba un trencant a la dreta que indica l\u2019esgl\u00e9sia.<\/p>\n<p><strong>Sant Feliuet de Savassona<\/strong><br \/>\nSituada dalt d\u2019un roquissar es troba al centre de l\u2019\u00e0mbit ocupat per un antic poblat ib\u00e8ric. Coneguda des de 1035 t\u00e9 el santuari prerom\u00e0nic del segle X i la nau refeta al segle XI. El 1962 fou restaurada per la Uni\u00f3 Excursionista de Vic.<br \/>\nVisites: contactar amb la <a href=\"http:\/\/www.unioexcursionistavic.org\/%E2%80%8E\" target=\"_blank\" rel=\"noopener noreferrer\">Uni\u00f3 Excursionista de Vic<\/a>\u00a0al 938 855 120 o\u00a0<a href=\"mailto:secretaria@unioexcursionistavic.org\">secretaria@unioexcursionistavic.org<\/a>.<br \/>\nCom arribar-hi: des de Tav\u00e8rnoles continuar la carretera BV-5213 direcci\u00f3 a Sant Pere de Casserres fins que es troba un trencall a l\u2019esquerra. S\u2019ha de deixar el cotxe i seguir la ruta marcada a peu.<\/p>\n<p><a href=\"http:\/\/www.tavernoles.cat\/\" target=\"_blank\" rel=\"external noopener noreferrer\"><span class=\"colortaronja\">www.tavernoles.cat<\/span><\/a>[\/vc_column_text][vc_empty_space][vc_empty_space][vc_column_text]<strong>Santa Maria de Vilanova de Sau<\/strong><br \/>\nApareix documentada en una llista de parr\u00f2quies entre els anys 1025 i 1050. L\u2019edifici antic fou substitu\u00eft per un altre a finals del segle XI.<br \/>\nVisites: la missa se celebra el diumenge a les 10 h. Fora d\u2019aquest horari consultar al tel\u00e8fon 938 847 093.<br \/>\nCom arribar: seguir la carretera N-141 direcci\u00f3 Vilanova de Sau \u2013 Pant\u00e0 de Sau. L\u2019esgl\u00e9sia es troba al mig del poble.<\/p>\n<p><strong>Sant Rom\u00e0 de Sau<\/strong><br \/>\nDe l\u2019edifici nom\u00e9s es pot veure emergir la punta del campanar, ja que es troba\u00a0inundat pel pant\u00e0 de Sau. Sant Rom\u00e0 apareix documentat entre els anys 1025 i 1050.<br \/>\nVisites: dep\u00e8n del nivell de l\u2019aigua del pant\u00e0.<br \/>\nCom arribar: des de Vilanova de Sau seguir el desviament que indica Embassament de Sau (N-141 D). Arribats a la presa, s\u2019ha de travessar i seguir el cam\u00ed que porta a la Riba fins a arribar al Club n\u00e0utic des d\u2019on segons el nivell de les aig\u00fces del pant\u00e0, ja pot ser visible l\u2019esgl\u00e9sia.<\/p>\n<p><a href=\"http:\/\/www.vilanovadesau.cat\/\" target=\"_blank\" rel=\"external noopener noreferrer\"><span class=\"colortaronja\">www.vilanovadesau.cat<\/span><\/a>[\/vc_column_text][vc_empty_space][vc_empty_space][vc_column_text]<strong>Sant Bartomeu Sesgorgues<\/strong><br \/>\nApareix documentada entre els anys 1025 i 1050. El campanar situat sobre la porta d\u2019entrada \u00e9s posterior al segle XI.<br \/>\nVisites: cal contactar amb el moss\u00e8n de l\u2019Esquirol al tel\u00e8fon 938 568 203.<br \/>\nCom arribar: continuar per la carretera direcci\u00f3 Santa Maria de Corc\u00f3-l\u2019Esquirol (C-153). Un cop a l\u2019Esquirol entrar al poble i seguir la carretera cap a Tavertet (BV-5207). A uns 5 km s\u2019arriba a un collet anomenat el Pla de can Codina d\u2019on surt un caminet, a m\u00e0 dreta, que uns 3 quil\u00f2metres despr\u00e9s arriba a l\u2019esgl\u00e9sia de Sant Bartomeu Sesgorgues.<\/p>\n<p><strong>Sant Miquel de Sorerols<\/strong><br \/>\nOriginal del segle XI i consagrada el 1095, l\u2019esgl\u00e9sia de Sant Miquel \u00e9s un edifici d\u2019una sola nau cap\u00e7ada a llevant per un absis semicircular.<br \/>\nVisites: demanar les claus a una casa de pag\u00e8s propera al tel\u00e8fon 937 447 009.<br \/>\nCom arribar: des de Sant Bartomeu Sesgorgues s\u2019ha de tornar a la carretera que va de l\u2019Esquirol direcci\u00f3 Tavertet (BV-5207). A uns 5 km hi ha un trencall a m\u00e0 dreta que porta a la casa Tresserra. Abans d\u2019arribar a la casa hi ha un cam\u00ed que segueix paral\u2022lel a la carretera de Tavertet que en uns 3,5 quil\u00f2metres arriba a la casa de Sobiranes. Des d\u2019aquest punt, fins al tur\u00f3 on hi ha l\u2019esgl\u00e9sia hi ha un quart caminant.<\/p>\n<p><strong>Sant Crist\u00f2fol de Tavertet<\/strong><br \/>\nL\u2019edifici existent el segle XI va comen\u00e7ar a sofrir reformes ja al final del segle XII o a principis del XIII amb l\u2019aixecament d\u2019un campanar amb caire de fortalesa.<br \/>\nVisites: l\u2019esgl\u00e9sia est\u00e0 oberta els dissabtes i diumenges de les 9.30 a les 20.30 h.<br \/>\nM\u00e9s informaci\u00f3 trucar a\u00a0l\u2019Ajuntament\u00a0938 565 079.<br \/>\nCom arribar: des de Sant Miquel de Sorerols, tornar a agafar la carretera principal (BV-5207) que porta directament al municipi de Tavertet. L\u2019esgl\u00e9sia es troba al centre del poble.<\/p>\n<p><a href=\"http:\/\/www.tavertet.cat\/\" target=\"_blank\" rel=\"external noopener noreferrer\"><span class=\"colortaronja\">www.tavertet.cat<\/span><\/a>[\/vc_column_text][vc_empty_space][vc_empty_space][vc_column_text]<strong>Sant Mart\u00ed Sescorts<\/strong><br \/>\nApareix documentada a partir de l\u2019any 934 encara que va ser reedificada l\u2019any 1068 amb motiu de la destrucci\u00f3 de l\u2019antiga. Esgl\u00e9sia de planta en forma de creu llatina amb una nau amb transsepte, rematat amb un absis central i una absidiola.<br \/>\nVisites: diumenge missa a les 11 h del mat\u00ed. Fora d\u2019aquest horari demanar la clau al tel\u00e8fon 938 512 779.<br \/>\nCom arribar: des de l\u2019esgl\u00e9sia de Sant Pere de Roda \u2013 L\u2019Esquerda hi ha uns 8 quil\u00f2metres. Seguir per la mateixa carretera (C-153) direcci\u00f3 Santa Maria de Corc\u00f3-l\u2019Esquirol fins a trobar un trencall a l\u2019esquerra que indica Manlleu (B-522) i al cap de pocs quil\u00f2metres s\u2019arriba a<br \/>\nSant Mart\u00ed Sescorts on ja es veu l\u2019esgl\u00e9sia.<\/p>\n<p><strong>Sant Juli\u00e0 de Cabrera<\/strong><br \/>\nL\u2019edifici rom\u00e0nic va resultar seriosament damnificat pels terratr\u00e8mols de 1425-1427. Malgrat haver sofert moltes modificacions, conserva una part de la seva estructura original.<br \/>\nVisites: s\u2019hi fa missa el diumenge de Rams a les 13 h. Per altres visites contactar amb el moss\u00e8n de Rupit al 630 116 954.<br \/>\nCom arribar: carretera C-25 (Eix transversal) i sortir a Roda de Ter. Seguiu per la carretera C-153 direcci\u00f3 Rupit. Despr\u00e9s de l\u2019Esquirol i un cop passat el pont de les Perxes hi ha un trencall a m\u00e0 esquerra que en uns 3 quil\u00f2metres porta a l\u2019esgl\u00e9sia.<\/p>\n<p><a href=\"http:\/\/www.lesquirol.cat\"><span class=\"colortaronja\">www.lesquirol.cat<\/span><\/a>[\/vc_column_text][vc_empty_space][vc_empty_space][vc_column_text]<strong>Sant Lloren\u00e7 Dosmunts<\/strong><br \/>\nDatada del segle XII, l\u2019edifici original es conserva en gran part, ja que \u00fanicament fou suprimit l\u2019absis rom\u00e0nic per un presbiteri rectangular al segle XVII.<br \/>\nVisites: nom\u00e9s s\u2019hi fa missa el dia de Sant Lloren\u00e7, el 10 d\u2019agost. Per altres visites contactar amb el moss\u00e8n de Rupit al 630 116 954.<br \/>\nCom arribar: des de Sant Juli\u00e0 de Cabrera seguir per la C-153 direcci\u00f3 Rupit. L\u2019esgl\u00e9sia es troba abans d\u2019arribar a Rupit i s\u2019hi va per un caminet que surt a l\u2019esquerra abans de la casa de les Viles. S\u2019arriba amb cotxe fins al trencall de l\u2019esgl\u00e9sia, per\u00f2 una vegada s\u2019agafa el cam\u00ed que hi porta ha de ser un 4X4 o b\u00e9 fer-ho a peu.<\/p>\n<p><strong>Sant Joan de F\u00e0bregues<\/strong><br \/>\nEdifici rom\u00e0nic d\u2019una nau, tres absis i cimbori. Fou refet el segle XI i modificat despr\u00e9s dels terratr\u00e8mols del 1427.<br \/>\nVisites: nom\u00e9s s\u2019hi fa missa el dia de Sant Joan, el 24 de juny a les 12 h. Per altres visites contactar amb l\u2019empresa\u00a0<a href=\"http:\/\/www.anigami.cat\/\" target=\"_blank\" rel=\"noopener noreferrer\">Anigami<\/a>\u00a0(tamb\u00e9 gestionen l\u2019allotjament del costat de l\u2019esgl\u00e9sia) al 937 447 295.<br \/>\nCom arribar: des de Sant Lloren\u00e7 Dosmunts direcci\u00f3 Rupit, hi ha uns 3 quil\u00f2metres. S\u2019ha de passar pel poble de Rupit i seguir una carretera asfaltada que porta fins a l\u2019esgl\u00e9sia de Sant Joan de F\u00e0bregues.<\/p>\n<p><a href=\"http:\/\/www.rupitipruit.cat\">www.rupitipruit.cat<\/a>[\/vc_column_text][vc_empty_space][vc_empty_space][vc_column_text]<strong>Ermita rom\u00e0nica de Sant Bartomeu de Covildases<br \/>\n<\/strong>Aquesta ermita que \u00e9s de gran bellesa i situada al mig dels prats, \u00e9s d\u2019estil rom\u00e0nic del segle XII, t\u00e9 una sola nau de volta de can\u00f3 amb una absis semicircular ornamentat per arcs llombards. L&#8217;edificaci\u00f3 actual ha rebut notables canvis i reformes, sobretot per haver-li caigut la volta en els terratr\u00e8mols de l&#8217;any 1425.<br \/>\n<a href=\"http:\/\/www.vilanovadesau.cat\/\" target=\"_blank\" rel=\"external noopener noreferrer\"><span class=\"colortaronja\">www.vidra.cat<\/span><\/a>[\/vc_column_text][vc_empty_space][vc_empty_space][\/vc_column_inner][vc_column_inner width=&#8221;1\/3&#8243;][vc_empty_space][vc_empty_space][vc_single_image image=&#8221;15805&#8243; img_size=&#8221;800 \u00d7 537&#8243;][vc_column_text]<\/p>\n<h6>Esgl\u00e9sia Parroquial \u00a9Ajuntament Santa Eul\u00e0lia de Riuprimer<\/h6>\n<p>[\/vc_column_text][vc_empty_space height=&#8221;75px&#8221;][vc_empty_space][vc_empty_space][vc_single_image image=&#8221;15855&#8243; img_size=&#8221;800 \u00d7 537&#8243;][vc_column_text]<\/p>\n<h6>Sant Mart\u00ed de Riudeperes \u00a9ElCam\u00ed<\/h6>\n<p>[\/vc_column_text][vc_empty_space height=&#8221;75px&#8221;][vc_empty_space height=&#8221;20px&#8221;][vc_single_image image=&#8221;15860&#8243; img_size=&#8221;800 \u00d7 537&#8243;][vc_column_text]<\/p>\n<h6>Santa Maria de Vilalleons \u00a9NaturaLocal<\/h6>\n<p>[\/vc_column_text][vc_empty_space height=&#8221;150px&#8221;][vc_empty_space height=&#8221;170px&#8221;][vc_single_image image=&#8221;15865&#8243; img_size=&#8221;800 \u00d7 537&#8243;][vc_column_text]<\/p>\n<h6>Sant Esteve de Tav\u00e8rnoles \u00a9OsonaTurisme<\/h6>\n<p>[\/vc_column_text][vc_empty_space height=&#8221;450px&#8221;][vc_single_image image=&#8221;13709&#8243; img_size=&#8221;800 \u00d7 537&#8243;][vc_column_text]<\/p>\n<h6>Campanar Sant Rom\u00e0 de Sau \u00a9OsonaTurisme<\/h6>\n<p>[\/vc_column_text][vc_empty_space height=&#8221;250px&#8221;][vc_single_image image=&#8221;14643&#8243; img_size=&#8221;800 \u00d7 537&#8243;][vc_column_text]<\/p>\n<h6>Sant Crist\u00f2fol de Tavertet \u00a9OsonaTurisme<\/h6>\n<p>[\/vc_column_text][vc_empty_space height=&#8221;585px&#8221;][vc_single_image image=&#8221;15873&#8243; img_size=&#8221;800 \u00d7 537&#8243;][vc_column_text]<\/p>\n<h6>Sant Juli\u00e0 de Cabrera \u00a9OsonaTurisme<\/h6>\n<p>[\/vc_column_text][vc_empty_space height=&#8221;400px&#8221;][vc_single_image image=&#8221;15878&#8243; img_size=&#8221;800 \u00d7 537&#8243;][vc_column_text]<\/p>\n<h6>Sant Joan de F\u00e0bregas \u00a9Herv\u00e9 Bois<\/h6>\n<p>[\/vc_column_text][vc_empty_space height=&#8221;315px&#8221;][vc_single_image image=&#8221;15883&#8243; img_size=&#8221;800 \u00d7 537&#8243;][vc_column_text]<\/p>\n<h6>Sant Bartomeu de Covidalses \u00a9SantiMB Photos<\/h6>\n<p>[\/vc_column_text][\/vc_column_inner][\/vc_row_inner][\/vc_column][\/vc_row]<\/p>\n<\/div>","protected":false},"excerpt":{"rendered":"<p>[vc_row][vc_column width=&#8221;1\/3&#8243;][vc_empty_space][vc_wp_custommenu nav_menu=&#8221;35&#8243;][\/vc_column][vc_column width=&#8221;2\/3&#8243;][vc_empty_space][vc_row_inner][vc_column_inner width=&#8221;2\/3&#8243;][vc_empty_space][vc_column_text]Esgl\u00e9sia Parroquial de Santa Eul\u00e0lia de Riuprimer Consagrada l&#8217;any 1041 pel mateix Abat Oliba es pot veure la coberta de lloses de pedra rom\u00e0nica, oculta des del segle XVII sota una teulada. Per poder visitar la coberta de lloses de pedra es va construir una lleguera escala met\u00e0l.lica i una sala&hellip;<\/p>\n","protected":false},"author":2,"featured_media":0,"parent":0,"menu_order":0,"comment_status":"closed","ping_status":"closed","template":"template-full-width.php","meta":{"_acf_changed":false,"footnotes":""},"class_list":["post-15939","page","type-page","status-publish","hentry"],"acf":[],"_links":{"self":[{"href":"https:\/\/www.camioliba.cat\/en\/wp-json\/wp\/v2\/pages\/15939","targetHints":{"allow":["GET"]}}],"collection":[{"href":"https:\/\/www.camioliba.cat\/en\/wp-json\/wp\/v2\/pages"}],"about":[{"href":"https:\/\/www.camioliba.cat\/en\/wp-json\/wp\/v2\/types\/page"}],"author":[{"embeddable":true,"href":"https:\/\/www.camioliba.cat\/en\/wp-json\/wp\/v2\/users\/2"}],"replies":[{"embeddable":true,"href":"https:\/\/www.camioliba.cat\/en\/wp-json\/wp\/v2\/comments?post=15939"}],"version-history":[{"count":3,"href":"https:\/\/www.camioliba.cat\/en\/wp-json\/wp\/v2\/pages\/15939\/revisions"}],"predecessor-version":[{"id":21316,"href":"https:\/\/www.camioliba.cat\/en\/wp-json\/wp\/v2\/pages\/15939\/revisions\/21316"}],"wp:attachment":[{"href":"https:\/\/www.camioliba.cat\/en\/wp-json\/wp\/v2\/media?parent=15939"}],"curies":[{"name":"wp","href":"https:\/\/api.w.org\/{rel}","templated":true}]}}