{"id":12203,"date":"2017-04-12T15:31:58","date_gmt":"2017-04-12T15:31:58","guid":{"rendered":"http:\/\/www.camioliba.cat\/rutes-complementaries-al-moianes\/"},"modified":"2020-01-13T22:06:40","modified_gmt":"2020-01-13T22:06:40","slug":"alternative-routes-in-moianes","status":"publish","type":"page","link":"https:\/\/www.camioliba.cat\/en\/alternative-routes-in-moianes\/","title":{"rendered":"Alternative routes in Moian\u00e8s"},"content":{"rendered":"<div class=\"wpb-content-wrapper\"><p>[vc_row][vc_column width=&#8221;1\/3&#8243;][vc_empty_space][vc_wp_custommenu nav_menu=&#8221;36&#8243;][\/vc_column][vc_column width=&#8221;2\/3&#8243;][vc_empty_space][vc_row_inner][vc_column_inner width=&#8221;2\/3&#8243;][vc_column_text]El Moian\u00e8s<br \/>\nSet in the valleys, going towards el Moian\u00e8s we can find by the path the little pre-Romanesque church of Santa Eug\u00e8nia del Gomar. It shows what these simple buildings were like around the year 1000 A.D.<\/p>\n<p>Between the valleys of Ol\u00f3 and la Gavarresa<br \/>\nAround Santa Maria d\u2019Ol\u00f3 the small Romanesque temples of Sant Vicen\u00e7 de Vilarasau, Santa Maria d\u2019Art\u00e9s and Santa Creu de la Plana make up a rich medieval heritage between the valleys of the two rivers.<\/p>\n<p>L\u2019Estany<br \/>\nThe monastery of Santa Maria de l\u2019Estany boasts intricate sculptural work on the cloister columns. Near to the village the temples of Sant Jaume de Vilanova and Sant Feliu de Terrassola are pleasant surprises for the visitor.[\/vc_column_text][\/vc_column_inner][vc_column_inner width=&#8221;1\/3&#8243;][vc_empty_space][vc_single_image image=&#8221;11177&#8243; img_size=&#8221;800&#215;532&#8243;][vc_column_text]L&#8217;Estany[\/vc_column_text][\/vc_column_inner][\/vc_row_inner][vc_empty_space][\/vc_column][\/vc_row]<\/p>\n<\/div>","protected":false},"excerpt":{"rendered":"<p>[vc_row][vc_column width=&#8221;1\/3&#8243;][vc_empty_space][vc_wp_custommenu nav_menu=&#8221;36&#8243;][\/vc_column][vc_column width=&#8221;2\/3&#8243;][vc_empty_space][vc_row_inner][vc_column_inner width=&#8221;2\/3&#8243;][vc_column_text]El Moian\u00e8s Set in the valleys, going towards el Moian\u00e8s we can find by the path the little pre-Romanesque church of Santa Eug\u00e8nia del Gomar. It shows what these simple buildings were like around the year 1000 A.D. Between the valleys of Ol\u00f3 and la Gavarresa Around Santa Maria d\u2019Ol\u00f3 the&hellip;<\/p>\n","protected":false},"author":2,"featured_media":0,"parent":0,"menu_order":0,"comment_status":"closed","ping_status":"closed","template":"template-full-width.php","meta":{"_acf_changed":false,"footnotes":""},"class_list":["post-12203","page","type-page","status-publish","hentry"],"acf":[],"_links":{"self":[{"href":"https:\/\/www.camioliba.cat\/en\/wp-json\/wp\/v2\/pages\/12203","targetHints":{"allow":["GET"]}}],"collection":[{"href":"https:\/\/www.camioliba.cat\/en\/wp-json\/wp\/v2\/pages"}],"about":[{"href":"https:\/\/www.camioliba.cat\/en\/wp-json\/wp\/v2\/types\/page"}],"author":[{"embeddable":true,"href":"https:\/\/www.camioliba.cat\/en\/wp-json\/wp\/v2\/users\/2"}],"replies":[{"embeddable":true,"href":"https:\/\/www.camioliba.cat\/en\/wp-json\/wp\/v2\/comments?post=12203"}],"version-history":[{"count":2,"href":"https:\/\/www.camioliba.cat\/en\/wp-json\/wp\/v2\/pages\/12203\/revisions"}],"predecessor-version":[{"id":15051,"href":"https:\/\/www.camioliba.cat\/en\/wp-json\/wp\/v2\/pages\/12203\/revisions\/15051"}],"wp:attachment":[{"href":"https:\/\/www.camioliba.cat\/en\/wp-json\/wp\/v2\/media?parent=12203"}],"curies":[{"name":"wp","href":"https:\/\/api.w.org\/{rel}","templated":true}]}}