{"id":12192,"date":"2017-04-12T15:31:47","date_gmt":"2017-04-12T15:31:47","guid":{"rendered":"http:\/\/www.camioliba.cat\/rutes-complementaries-al-bages\/"},"modified":"2020-01-13T22:06:06","modified_gmt":"2020-01-13T22:06:06","slug":"alternative-routes-in-bages","status":"publish","type":"page","link":"https:\/\/www.camioliba.cat\/en\/alternative-routes-in-bages\/","title":{"rendered":"Alternative routes in Bages"},"content":{"rendered":"<div class=\"wpb-content-wrapper\"><p>[vc_row][vc_column width=&#8221;1\/3&#8243;][vc_empty_space][vc_wp_custommenu nav_menu=&#8221;36&#8243;][\/vc_column][vc_column width=&#8221;2\/3&#8243;][vc_empty_space][vc_row_inner][vc_column_inner width=&#8221;2\/3&#8243;][vc_column_text]<u><strong>EXCURSIONS TO VISIT THE ROMANESQUE ART IN THE COUNTY OF BAGES<\/strong><\/u><\/p>\n<p>There are a total of 13 signposted routes through the points of Romanesque interest in the county.<\/p>\n<p>1- In the medieval part of Manresa<br \/>\nInside the medieval part of the town of Manresa you can visit the County Museum and the church la seu de Manresa. Going along the river Cardener you come to the noteworthy constructions: Matadars, Sant Pere de Vallhonesta, els Comdals and Castellet.<\/p>\n<p>2- Near Montserrat<br \/>\nOn the way from Manresa a Montserrat passing through Bruc pass you can visit the splendid, small Romanesque churches of Sant Pere del Brunet, Mare de D\u00e9u de Gr\u00e0cia chapel and the Sant Jaume de Marganell church.<\/p>\n<p>3- Montserrat<br \/>\nIn addition to the attraction of the monastery and the beauty of the landscape of the Parc Natural of Montserrat mountain, the massif is home to the old monastery of Santa Cec\u00edlia de Montserrat and the old hermitage of Sant Iscle and Vict\u00f2ria.<\/p>\n<p>4- Sant Benet de Bages<br \/>\nSant Benet de Bages is a jewel; an example of Romanesque architecture in Catalunya. It has preserved the cloister and the sculptured columns. The rooms and spaces still conserve features from the Roman, pre-roman, gothic and even earlier epochs.<\/p>\n<p>5- From Pla de Bages to Castellnou<br \/>\nOn this excursion you will visit Sant Andreu de Castellnou de Bages (a basilica style Romanesque church and the best preserved example in Bages), the small chapels of Santa Maria de Claret, Sant Iscle and Santa Vict\u00f2ria de Bages, and the portal of the Romanesque church in Sant Pere d\u2019Or.<\/p>\n<p>6- From Nav\u00e0s to Sallent passing through les carenes<br \/>\nThis is a varied excursion which enables you to visit the round church of Sant Esteve del Castell de Sallent and Santa Maria de Cornet, one of the most beautiful Romanesque constructions in the county.<\/p>\n<p>7- The Montcau valleys<br \/>\nThe church of Sant Mart\u00ed de Mura gives us the opportunity to see how Romanesque buildings evolved. The churches of Santa Maria de Talamanca, Sta. Maria de Rocafort, St. Esteve de Vila-rasa, and Santa Creu de Palou complete this interesting excursion that runs through the Bages side of the Parc Natural de St. Lloren\u00e7 del Munt and the serra de l\u2019Obac (Obac mountain range).<\/p>\n<p>&nbsp;<\/p>\n<p>8- On the way to the Catalunya Nova (new Catalonia)<br \/>\nThe torres de Fals (towers) have kept the medieval aspect that will doubtlessly captivate the visitor. Around, among woods and hills, Sant Aman\u00e7 de Vilad\u00e9s and Santa Maria del Grau still preserve some remains of the pre-Romanesque style. Standing atop a hill is the gothic castle of Castellar.<\/p>\n<p>9- Castellfollit del Boix<br \/>\nThe Romanesque church of Sant Pere de Castellfollit is the fundamental reason for this excursion. The remains of the small priory of Sant Pere del Mont and Sant Miquel de Grevalosa round off the visit.<\/p>\n<p>10-\u00a0 El Cardener<br \/>\nGoing along the Cardener we come to Santa Maria de Cererols, the old village of S\u00faria, the tower used in defence of the village and the church of Sant Salvador del Quer.<\/p>\n<p>11- Between Balsareny and Gai\u00e0<br \/>\nSanta Maria de Ferrans with its two naves is exceptional even in the context of the county\u2019s Romanesque architecture. Balsareny castle and the little chapel of Sant Iscle and Santa Vict\u00f2ria, both of them on this route, are worthy of admiration. They are near to where the magnificent work of medieval engineering, the Sequia canal of Manresa, begins.<\/p>\n<p>12- Sant Cugat del Rac\u00f3<br \/>\nOn this excursion the undisputed Romanesque jewel which stands out in the county of Bages is the church of Sant Cugat del Rac\u00f3, the unique Greek Cross style church in Catalonia preserved intact. Lombard decoration proliferates and its circular dome, above the square ground floor, is daring architecture.<\/p>\n<p>13- Sant Mateu de Bages<br \/>\nPassing through the grounds of old castles this route runs through the largest municipality of Bages, and one of the biggest in Catalonia. It contains the largest concentration of Romanesque churches in one municipality.<\/p>\n<p>14- Around els senyors de Cardona<br \/>\nSant Vicen\u00e7 de Cardona is the undisputed landmark on this excursion. It was the first church with its own college consecrated in Catalonia by the abbot Oliba. You can also visit the exceptional tower and church of Sant Juli\u00e0 de Coaner.<\/p>\n<p>For more information, and to find out about the guided tours, please contact:<br \/>\nOficina de Turisme de Manresa \/ Tourist Office of Manresa<br \/>\nVia de Sant Ignasi, 40 baixos<br \/>\n08241 Manresa<br \/>\nTel. 93 878\u00a040 90<br \/>\n<a href=\"mailto:turisme@ajmanresa.org\"><span class=\"colortaronja\">turisme@ajmanresa.org<\/span><\/a><br \/>\n<a href=\"http:\/\/www.manresaturisme.cat\/\"><span class=\"colortaronja\">www.manresaturisme.cat<\/span><\/a>[\/vc_column_text][\/vc_column_inner][vc_column_inner width=&#8221;1\/3&#8243;][vc_empty_space height=&#8221;52px&#8221;][vc_single_image image=&#8221;11171&#8243; img_size=&#8221;800&#215;532&#8243;][vc_column_text]S\u00e8quia Canal (Manresa)[\/vc_column_text][vc_empty_space][vc_single_image image=&#8221;11172&#8243; img_size=&#8221;800&#215;532&#8243;][vc_column_text]Cave of St Ignasi (Manresa)[\/vc_column_text][vc_empty_space][vc_single_image image=&#8221;11173&#8243; img_size=&#8221;800&#215;532&#8243;][vc_column_text]Montserrat[\/vc_column_text][\/vc_column_inner][\/vc_row_inner][vc_column_text]<\/p>\n<h1 class=\"titol1\">Routes through the town of Manresa<\/h1>\n<p><strong>MEDIEVAL ROUTE<\/strong><\/p>\n<p>Head into the old part of the town following in the footsteps of the medieval townsfolk. Discover the medieval town, an example of the layout of the walled cities; visit the Seu de Manresa (a church), one of the finest examples of Catalan Gothic architecture, carrer del Bal\u00e7, a semi-underground street with porches conserving all their medieval feel.<\/p>\n<p><strong>GUIED VISITS<\/strong><\/p>\n<p>Medieval Manresa: a city of churches and artisans<br \/>\nMeander through the old part of the town following in the footsteps of the medieval townsfolk. Head into the medieval town, an example of the layout of the walled cities.<br \/>\nVisit the Seu de Manresa, one of the finest examples of Catalan Gothic architecture, and the Sobrerroca tower, the unique watchout tower at the entrances to the town which has survived over the centuries..<\/p>\n<p><strong>Aimed at the general public.<br \/>\nDuration: <\/strong>one hour thirty minutes<\/p>\n<p><u><strong>PARC DE LA S\u00c8QUIA. The magic of a medieval canal<\/strong><\/u><\/p>\n<p>The S\u00e8quia de Manresa is a canal constructed in the fourteenth century. It takes water from the Llobregat river, from Balsareny, right to the capital of Bages county. All along its course the S\u00e8quia canal crosses the Bages plain, through forests, across land without irrigation, irrigated meadows, open nature and sites of great historical interest. The Parc de la S\u00e8quia (literally the dryness park) came into existence with the aim of converting this natural heritage into an extensive area for leisure, culture and tourism. It is designed to be a different way of discovering an area with a rich heritage and legendary traditions related to this medieval waterway. Therefore along the canal there are a series of services to help the visitor, and to enable them to learn about the most interesting places. Also, a range of leisure activities are being made available around la S\u00e8quia.<br \/>\nAlong the S\u00e8quia there is a path running by the canal. This is ideal for walking, especially along those stretches through the more stunning landscape, such as Sant Iscle de Bages, the woods of la Sala de Sant Pon\u00e7 or the forest in the area of the Resclosa dels manresans (Manresa dyke). The Parc de l\u2019Agulla is one of the most visited sites in Bages. It is a wonderful spot for spending a day in tranquil surroundings, with views over Montserrat, next to the pond into which the S\u00e8quia runs. Also near the S\u00e8quia you can visit Balsareny castle, the Iberian town of Cogull\u00f3 and a series of churches and buildings with architectural features going back one thousand years. To round off the day there are different recreational activities, such as one of the best go kart circuits in Catalonia, in la Sala area.<\/p>\n<p>Get more information and see the map of the excursion at:\u00a0<a href=\"http:\/\/www.parcdelasequia.cat\/\"><span class=\"colortaronja\">www.parcdelasequia.cat<\/span><\/a>[\/vc_column_text][vc_empty_space][\/vc_column][\/vc_row]<\/p>\n<\/div>","protected":false},"excerpt":{"rendered":"<p>[vc_row][vc_column width=&#8221;1\/3&#8243;][vc_empty_space][vc_wp_custommenu nav_menu=&#8221;36&#8243;][\/vc_column][vc_column width=&#8221;2\/3&#8243;][vc_empty_space][vc_row_inner][vc_column_inner width=&#8221;2\/3&#8243;][vc_column_text]EXCURSIONS TO VISIT THE ROMANESQUE ART IN THE COUNTY OF BAGES There are a total of 13 signposted routes through the points of Romanesque interest in the county. 1- In the medieval part of Manresa Inside the medieval part of the town of Manresa you can visit the County Museum and&hellip;<\/p>\n","protected":false},"author":2,"featured_media":0,"parent":0,"menu_order":0,"comment_status":"closed","ping_status":"closed","template":"template-full-width.php","meta":{"_acf_changed":false,"footnotes":""},"class_list":["post-12192","page","type-page","status-publish","hentry"],"acf":[],"_links":{"self":[{"href":"https:\/\/www.camioliba.cat\/en\/wp-json\/wp\/v2\/pages\/12192","targetHints":{"allow":["GET"]}}],"collection":[{"href":"https:\/\/www.camioliba.cat\/en\/wp-json\/wp\/v2\/pages"}],"about":[{"href":"https:\/\/www.camioliba.cat\/en\/wp-json\/wp\/v2\/types\/page"}],"author":[{"embeddable":true,"href":"https:\/\/www.camioliba.cat\/en\/wp-json\/wp\/v2\/users\/2"}],"replies":[{"embeddable":true,"href":"https:\/\/www.camioliba.cat\/en\/wp-json\/wp\/v2\/comments?post=12192"}],"version-history":[{"count":3,"href":"https:\/\/www.camioliba.cat\/en\/wp-json\/wp\/v2\/pages\/12192\/revisions"}],"predecessor-version":[{"id":15050,"href":"https:\/\/www.camioliba.cat\/en\/wp-json\/wp\/v2\/pages\/12192\/revisions\/15050"}],"wp:attachment":[{"href":"https:\/\/www.camioliba.cat\/en\/wp-json\/wp\/v2\/media?parent=12192"}],"curies":[{"name":"wp","href":"https:\/\/api.w.org\/{rel}","templated":true}]}}